{"id":105012,"date":"2021-03-25T19:00:05","date_gmt":"2021-03-25T19:00:05","guid":{"rendered":"https:\/\/www.mwm.net\/competencias\/prime-power\/"},"modified":"2025-01-13T15:16:14","modified_gmt":"2025-01-13T13:16:14","slug":"potencia-primaria-nominal","status":"publish","type":"page","link":"https:\/\/www.mwm.net\/es\/excelencia-en-gas\/potencia-primaria-nominal\/","title":{"rendered":"Potencia primaria"},"content":{"rendered":"<h2>Potencia primaria nominal \u2013 Centrales el\u00e9ctricas de carga base descentralizadas de carga base<\/h2>\n<p>La carga base es el rendimiento m\u00ednimo de una red el\u00e9ctrica a lo largo del d\u00eda. Las centrales el\u00e9ctricas de carga base producen exactamente esta cantidad de electricidad y la ponen a disposici\u00f3n de la red. Estas plantas funcionan las 24 horas del d\u00eda para garantizar un suministro constante de energ\u00eda. Estas <a href=\"https:\/\/www.mwm.net\/en\/gas-expertise\/cogeneration-trigeneration-plants\/\">plantas de cogeneraci\u00f3n <\/a> para cubrir la carga base pueden ser peque\u00f1os grupos electr\u00f3genos de biog\u00e1s en Alemania, as\u00ed como grandes centrales el\u00e9ctricas en Asia o \u00c1frica.<\/p>\n<p>Sin embargo, los motores de gas tambi\u00e9n pueden compensar las fluctuaciones en el suministro de energ\u00eda de las centrales e\u00f3licas y solares, y reducir las emisiones de CO<sub>2<\/sub> en comparaci\u00f3n con las centrales convencionales. La posibilidad de arrancar y parar las plantas varias veces al d\u00eda en unos pocos minutos permite cubrir cargas m\u00e1ximas. Otras ventajas de los grupos electr\u00f3genos de gas son la r\u00e1pida disponibilidad y operatividad de las plantas gracias a su estructura modular. De este modo, estas plantas pueden implementarse de una manera m\u00e1s rentable y flexible que otros tipos de centrales el\u00e9ctricas.<\/p>\n<div class=\"pro_grphc\">\n<div class=\"cntct_rght\"><a href=\"https:\/\/www.mwm.net\/es\/contacto\/contacto-con-ventas\/\">Contacto con ventas <strong>Haga clic aqui<\/strong><\/a><\/div>\n<\/div>\n","protected":false},"excerpt":{"rendered":"<p>Competencias de MWM en el suministro de energ\u00eda descentralizada con cogeneraci\u00f3n, plantas de CHP, centrales el\u00e9ctricas con gas natural y biog\u00e1s.<br \/>\nExcerpt: Competencias de MWM en el suministro de energ\u00eda descentralizada con cogeneraci\u00f3n, plantas de CHP, centrales el\u00e9ctricas con gas natural y biog\u00e1s. <\/p>\n","protected":false},"author":1,"featured_media":103157,"parent":107243,"menu_order":0,"comment_status":"closed","ping_status":"closed","template":"page-sidebar-template.php","meta":{"_acf_changed":false,"footnotes":""},"tags":[],"class_list":["post-105012","page","type-page","status-publish","has-post-thumbnail","hentry"],"acf":[],"yoast_head":"<!-- This site is optimized with the Yoast SEO Premium plugin v27.2 (Yoast SEO v27.2) - https:\/\/yoast.com\/product\/yoast-seo-premium-wordpress\/ -->\n<title>Potencia primaria | MWM %<\/title>\n<meta name=\"description\" content=\"Competencias de MWM en el suministro de energ\u00eda descentralizada con cogeneraci\u00f3n, plantas de CHP, centrales el\u00e9ctricas con gas natural y biog\u00e1s. Excerpt: Competencias de MWM en el suministro de energ\u00eda descentralizada con cogeneraci\u00f3n, plantas de CHP, centrales el\u00e9ctricas con gas natural y biog\u00e1s.\" \/>\n<meta name=\"robots\" content=\"index, follow, max-snippet:-1, max-image-preview:large, max-video-preview:-1\" \/>\n<link rel=\"canonical\" href=\"https:\/\/www.mwm.net\/es\/excelencia-en-gas\/potencia-primaria-nominal\/\" \/>\n<meta property=\"og:locale\" content=\"es_ES\" \/>\n<meta property=\"og:type\" content=\"article\" \/>\n<meta property=\"og:title\" content=\"Potencia primaria\" \/>\n<meta property=\"og:description\" content=\"Competencias de MWM en el suministro de energ\u00eda descentralizada con cogeneraci\u00f3n, plantas de CHP, centrales el\u00e9ctricas con gas natural y biog\u00e1s. Excerpt: Competencias de MWM en el suministro de energ\u00eda descentralizada con cogeneraci\u00f3n, plantas de CHP, centrales el\u00e9ctricas con gas natural y biog\u00e1s.\" \/>\n<meta property=\"og:url\" content=\"https:\/\/www.mwm.net\/es\/excelencia-en-gas\/potencia-primaria-nominal\/\" \/>\n<meta property=\"og:site_name\" content=\"MWM\" \/>\n<meta property=\"article:modified_time\" content=\"2025-01-13T13:16:14+00:00\" \/>\n<meta property=\"og:image\" content=\"https:\/\/www.mwm.net\/wp-content\/uploads\/2021\/03\/BHKW-grundlastabdeckung_800.jpg\" \/>\n\t<meta property=\"og:image:width\" content=\"800\" \/>\n\t<meta property=\"og:image:height\" content=\"600\" \/>\n\t<meta property=\"og:image:type\" content=\"image\/jpeg\" \/>\n<meta name=\"twitter:card\" content=\"summary_large_image\" \/>\n<meta name=\"twitter:label1\" content=\"Tiempo de lectura\" \/>\n\t<meta name=\"twitter:data1\" content=\"2 minutos\" \/>\n<script type=\"application\/ld+json\" class=\"yoast-schema-graph\">{\"@context\":\"https:\/\/schema.org\",\"@graph\":[{\"@type\":\"WebPage\",\"@id\":\"https:\/\/www.mwm.net\/es\/excelencia-en-gas\/potencia-primaria-nominal\/\",\"url\":\"https:\/\/www.mwm.net\/es\/excelencia-en-gas\/potencia-primaria-nominal\/\",\"name\":\"Potencia primaria | MWM %\",\"isPartOf\":{\"@id\":\"https:\/\/www.mwm.net\/es\/#website\"},\"primaryImageOfPage\":{\"@id\":\"https:\/\/www.mwm.net\/es\/excelencia-en-gas\/potencia-primaria-nominal\/#primaryimage\"},\"image\":{\"@id\":\"https:\/\/www.mwm.net\/es\/excelencia-en-gas\/potencia-primaria-nominal\/#primaryimage\"},\"thumbnailUrl\":\"https:\/\/www.mwm.net\/wp-content\/uploads\/2021\/03\/BHKW-grundlastabdeckung_800.jpg\",\"datePublished\":\"2021-03-25T19:00:05+00:00\",\"dateModified\":\"2025-01-13T13:16:14+00:00\",\"description\":\"Competencias de MWM en el suministro de energ\u00eda descentralizada con cogeneraci\u00f3n, plantas de CHP, centrales el\u00e9ctricas con gas natural y biog\u00e1s. Excerpt: Competencias de MWM en el suministro de energ\u00eda descentralizada con cogeneraci\u00f3n, plantas de CHP, centrales el\u00e9ctricas con gas natural y biog\u00e1s.\",\"breadcrumb\":{\"@id\":\"https:\/\/www.mwm.net\/es\/excelencia-en-gas\/potencia-primaria-nominal\/#breadcrumb\"},\"inLanguage\":\"es\",\"potentialAction\":[{\"@type\":\"ReadAction\",\"target\":[\"https:\/\/www.mwm.net\/es\/excelencia-en-gas\/potencia-primaria-nominal\/\"]}]},{\"@type\":\"ImageObject\",\"inLanguage\":\"es\",\"@id\":\"https:\/\/www.mwm.net\/es\/excelencia-en-gas\/potencia-primaria-nominal\/#primaryimage\",\"url\":\"https:\/\/www.mwm.net\/wp-content\/uploads\/2021\/03\/BHKW-grundlastabdeckung_800.jpg\",\"contentUrl\":\"https:\/\/www.mwm.net\/wp-content\/uploads\/2021\/03\/BHKW-grundlastabdeckung_800.jpg\",\"width\":800,\"height\":600,\"caption\":\"Potencia primaria\"},{\"@type\":\"BreadcrumbList\",\"@id\":\"https:\/\/www.mwm.net\/es\/excelencia-en-gas\/potencia-primaria-nominal\/#breadcrumb\",\"itemListElement\":[{\"@type\":\"ListItem\",\"position\":1,\"name\":\"Home\",\"item\":\"https:\/\/www.mwm.net\/es\/\"},{\"@type\":\"ListItem\",\"position\":2,\"name\":\"Excelencia en gas\",\"item\":\"https:\/\/www.mwm.net\/es\/excelencia-en-gas\/\"},{\"@type\":\"ListItem\",\"position\":3,\"name\":\"Potencia primaria\"}]},{\"@type\":\"WebSite\",\"@id\":\"https:\/\/www.mwm.net\/es\/#website\",\"url\":\"https:\/\/www.mwm.net\/es\/\",\"name\":\"MWM\",\"description\":\"\",\"publisher\":{\"@id\":\"https:\/\/www.mwm.net\/es\/#organization\"},\"potentialAction\":[{\"@type\":\"SearchAction\",\"target\":{\"@type\":\"EntryPoint\",\"urlTemplate\":\"https:\/\/www.mwm.net\/es\/?s={search_term_string}\"},\"query-input\":{\"@type\":\"PropertyValueSpecification\",\"valueRequired\":true,\"valueName\":\"search_term_string\"}}],\"inLanguage\":\"es\"},{\"@type\":\"Organization\",\"@id\":\"https:\/\/www.mwm.net\/es\/#organization\",\"name\":\"Caterpillar Energy Solutions GmbH\",\"url\":\"https:\/\/www.mwm.net\/es\/\",\"logo\":{\"@type\":\"ImageObject\",\"inLanguage\":\"es\",\"@id\":\"https:\/\/www.mwm.net\/es\/#\/schema\/logo\/image\/\",\"url\":\"https:\/\/www.mwm.net\/wp-content\/uploads\/2022\/02\/logo2.jpg\",\"contentUrl\":\"https:\/\/www.mwm.net\/wp-content\/uploads\/2022\/02\/logo2.jpg\",\"width\":260,\"height\":142,\"caption\":\"Caterpillar Energy Solutions GmbH\"},\"image\":{\"@id\":\"https:\/\/www.mwm.net\/es\/#\/schema\/logo\/image\/\"}}]}<\/script>\n<!-- \/ Yoast SEO Premium plugin. -->","yoast_head_json":{"title":"Potencia primaria | MWM %","description":"Competencias de MWM en el suministro de energ\u00eda descentralizada con cogeneraci\u00f3n, plantas de CHP, centrales el\u00e9ctricas con gas natural y biog\u00e1s. Excerpt: Competencias de MWM en el suministro de energ\u00eda descentralizada con cogeneraci\u00f3n, plantas de CHP, centrales el\u00e9ctricas con gas natural y biog\u00e1s.","robots":{"index":"index","follow":"follow","max-snippet":"max-snippet:-1","max-image-preview":"max-image-preview:large","max-video-preview":"max-video-preview:-1"},"canonical":"https:\/\/www.mwm.net\/es\/excelencia-en-gas\/potencia-primaria-nominal\/","og_locale":"es_ES","og_type":"article","og_title":"Potencia primaria","og_description":"Competencias de MWM en el suministro de energ\u00eda descentralizada con cogeneraci\u00f3n, plantas de CHP, centrales el\u00e9ctricas con gas natural y biog\u00e1s. Excerpt: Competencias de MWM en el suministro de energ\u00eda descentralizada con cogeneraci\u00f3n, plantas de CHP, centrales el\u00e9ctricas con gas natural y biog\u00e1s.","og_url":"https:\/\/www.mwm.net\/es\/excelencia-en-gas\/potencia-primaria-nominal\/","og_site_name":"MWM","article_modified_time":"2025-01-13T13:16:14+00:00","og_image":[{"width":800,"height":600,"url":"https:\/\/www.mwm.net\/wp-content\/uploads\/2021\/03\/BHKW-grundlastabdeckung_800.jpg","type":"image\/jpeg"}],"twitter_card":"summary_large_image","twitter_misc":{"Tiempo de lectura":"2 minutos"},"schema":{"@context":"https:\/\/schema.org","@graph":[{"@type":"WebPage","@id":"https:\/\/www.mwm.net\/es\/excelencia-en-gas\/potencia-primaria-nominal\/","url":"https:\/\/www.mwm.net\/es\/excelencia-en-gas\/potencia-primaria-nominal\/","name":"Potencia primaria | MWM %","isPartOf":{"@id":"https:\/\/www.mwm.net\/es\/#website"},"primaryImageOfPage":{"@id":"https:\/\/www.mwm.net\/es\/excelencia-en-gas\/potencia-primaria-nominal\/#primaryimage"},"image":{"@id":"https:\/\/www.mwm.net\/es\/excelencia-en-gas\/potencia-primaria-nominal\/#primaryimage"},"thumbnailUrl":"https:\/\/www.mwm.net\/wp-content\/uploads\/2021\/03\/BHKW-grundlastabdeckung_800.jpg","datePublished":"2021-03-25T19:00:05+00:00","dateModified":"2025-01-13T13:16:14+00:00","description":"Competencias de MWM en el suministro de energ\u00eda descentralizada con cogeneraci\u00f3n, plantas de CHP, centrales el\u00e9ctricas con gas natural y biog\u00e1s. Excerpt: Competencias de MWM en el suministro de energ\u00eda descentralizada con cogeneraci\u00f3n, plantas de CHP, centrales el\u00e9ctricas con gas natural y biog\u00e1s.","breadcrumb":{"@id":"https:\/\/www.mwm.net\/es\/excelencia-en-gas\/potencia-primaria-nominal\/#breadcrumb"},"inLanguage":"es","potentialAction":[{"@type":"ReadAction","target":["https:\/\/www.mwm.net\/es\/excelencia-en-gas\/potencia-primaria-nominal\/"]}]},{"@type":"ImageObject","inLanguage":"es","@id":"https:\/\/www.mwm.net\/es\/excelencia-en-gas\/potencia-primaria-nominal\/#primaryimage","url":"https:\/\/www.mwm.net\/wp-content\/uploads\/2021\/03\/BHKW-grundlastabdeckung_800.jpg","contentUrl":"https:\/\/www.mwm.net\/wp-content\/uploads\/2021\/03\/BHKW-grundlastabdeckung_800.jpg","width":800,"height":600,"caption":"Potencia primaria"},{"@type":"BreadcrumbList","@id":"https:\/\/www.mwm.net\/es\/excelencia-en-gas\/potencia-primaria-nominal\/#breadcrumb","itemListElement":[{"@type":"ListItem","position":1,"name":"Home","item":"https:\/\/www.mwm.net\/es\/"},{"@type":"ListItem","position":2,"name":"Excelencia en gas","item":"https:\/\/www.mwm.net\/es\/excelencia-en-gas\/"},{"@type":"ListItem","position":3,"name":"Potencia primaria"}]},{"@type":"WebSite","@id":"https:\/\/www.mwm.net\/es\/#website","url":"https:\/\/www.mwm.net\/es\/","name":"MWM","description":"","publisher":{"@id":"https:\/\/www.mwm.net\/es\/#organization"},"potentialAction":[{"@type":"SearchAction","target":{"@type":"EntryPoint","urlTemplate":"https:\/\/www.mwm.net\/es\/?s={search_term_string}"},"query-input":{"@type":"PropertyValueSpecification","valueRequired":true,"valueName":"search_term_string"}}],"inLanguage":"es"},{"@type":"Organization","@id":"https:\/\/www.mwm.net\/es\/#organization","name":"Caterpillar Energy Solutions GmbH","url":"https:\/\/www.mwm.net\/es\/","logo":{"@type":"ImageObject","inLanguage":"es","@id":"https:\/\/www.mwm.net\/es\/#\/schema\/logo\/image\/","url":"https:\/\/www.mwm.net\/wp-content\/uploads\/2022\/02\/logo2.jpg","contentUrl":"https:\/\/www.mwm.net\/wp-content\/uploads\/2022\/02\/logo2.jpg","width":260,"height":142,"caption":"Caterpillar Energy Solutions GmbH"},"image":{"@id":"https:\/\/www.mwm.net\/es\/#\/schema\/logo\/image\/"}}]}},"_links":{"self":[{"href":"https:\/\/www.mwm.net\/es\/wp-json\/wp\/v2\/pages\/105012","targetHints":{"allow":["GET"]}}],"collection":[{"href":"https:\/\/www.mwm.net\/es\/wp-json\/wp\/v2\/pages"}],"about":[{"href":"https:\/\/www.mwm.net\/es\/wp-json\/wp\/v2\/types\/page"}],"author":[{"embeddable":true,"href":"https:\/\/www.mwm.net\/es\/wp-json\/wp\/v2\/users\/1"}],"replies":[{"embeddable":true,"href":"https:\/\/www.mwm.net\/es\/wp-json\/wp\/v2\/comments?post=105012"}],"version-history":[{"count":6,"href":"https:\/\/www.mwm.net\/es\/wp-json\/wp\/v2\/pages\/105012\/revisions"}],"predecessor-version":[{"id":107303,"href":"https:\/\/www.mwm.net\/es\/wp-json\/wp\/v2\/pages\/105012\/revisions\/107303"}],"up":[{"embeddable":true,"href":"https:\/\/www.mwm.net\/es\/wp-json\/wp\/v2\/pages\/107243"}],"wp:featuredmedia":[{"embeddable":true,"href":"https:\/\/www.mwm.net\/es\/wp-json\/wp\/v2\/media\/103157"}],"wp:attachment":[{"href":"https:\/\/www.mwm.net\/es\/wp-json\/wp\/v2\/media?parent=105012"}],"wp:term":[{"taxonomy":"post_tag","embeddable":true,"href":"https:\/\/www.mwm.net\/es\/wp-json\/wp\/v2\/tags?post=105012"}],"curies":[{"name":"wp","href":"https:\/\/api.w.org\/{rel}","templated":true}]}}