{"id":105014,"date":"2021-03-24T18:57:27","date_gmt":"2021-03-24T18:57:27","guid":{"rendered":"https:\/\/www.mwm.net\/competencias\/cogeneration-trigeneration-plants\/"},"modified":"2025-01-13T15:17:34","modified_gmt":"2025-01-13T13:17:34","slug":"cogeneracion-y-trigeneracion","status":"publish","type":"page","link":"https:\/\/www.mwm.net\/es\/excelencia-en-gas\/cogeneracion-y-trigeneracion\/","title":{"rendered":"Cogeneraci\u00f3n y Trigeneraci\u00f3n"},"content":{"rendered":"<h2>Cogeneraci\u00f3n &#8211; Calor, electricidad y refrigeraci\u00f3n combinados (CHP)<\/h2>\n<p>La generaci\u00f3n simultanea de energ\u00eda o el uso de electricidad y calor o fr\u00edo permite un ahorro energ\u00e9tico de hasta el 60% en comparaci\u00f3n con centrales el\u00e9ctricas convencionales con calderas adicionales. La generaci\u00f3n de energ\u00eda es descentralizada, es decir, se produce donde se necesita la electricidad o el calor. A su vez, el calor puede suministrarse a una red de calefacci\u00f3n local o urbana, o utilizarse para generar vapor.<\/p>\n<h2>Plantas de cogeneraci\u00f3n de MWM<\/h2>\n<p>En el margen de su oferta integral, MWM no solo suministra <a href=\"https:\/\/www.mwm.net\/es\/plantas-de-energia-distribuida\/\">plantas de cogeneraci\u00f3n<\/a> y <a href=\"https:\/\/www.mwm.net\/es\/motores-de-gas-grupos-electrogenos\/\">motores de gas<\/a> con una excelente eficiencia a precios atractivos, sino que tambi\u00e9n brinda asesoramiento y servicios para el desarrollo de plantas de cogeneraci\u00f3n integradas y conceptos de centrales el\u00e9ctricas con el fin de explotar toda la cadena de valor de la generaci\u00f3n de energ\u00eda descentralizada.<\/p>\n<p>Las plantas con producci\u00f3n simultanea de calor y electricidad con grupos electr\u00f3genos de gas pueden integrarse f\u00e1cilmente y a bajo costo en plantas existentes.<\/p>\n<figure id=\"attachment_106695\" aria-describedby=\"caption-attachment-106695\" style=\"width: 800px\" class=\"wp-caption alignleft\"><img decoding=\"async\" class=\"wp-image-106695\" src=\"https:\/\/www.mwm.net\/wp-content\/uploads\/2024\/11\/Cogeneracion-y-trigeneration-768x543.jpg\" alt=\"Cogeneraci\u00f3n en comparaci\u00f3n con la producci\u00f3n de energ\u00eda convencional\" width=\"800\" height=\"566\" srcset=\"https:\/\/www.mwm.net\/wp-content\/uploads\/2024\/11\/Cogeneracion-y-trigeneration-768x543.jpg 768w, https:\/\/www.mwm.net\/wp-content\/uploads\/2024\/11\/Cogeneracion-y-trigeneration-920x651.jpg 920w, https:\/\/www.mwm.net\/wp-content\/uploads\/2024\/11\/Cogeneracion-y-trigeneration-1536x1087.jpg 1536w, https:\/\/www.mwm.net\/wp-content\/uploads\/2024\/11\/Cogeneracion-y-trigeneration.jpg 1600w\" sizes=\"(max-width: 767px) 89vw, (max-width: 1000px) 54vw, (max-width: 1071px) 543px, 580px\" \/><figcaption id=\"caption-attachment-106695\" class=\"wp-caption-text\">Fig. Cogeneraci\u00f3n en comparaci\u00f3n con la producci\u00f3n de energ\u00eda convencional<\/figcaption><\/figure>\n<h2>\u00bfC\u00f3mo funciona la cogeneraci\u00f3n \u2013 generaci\u00f3n simultanea de calor y electricidad?<\/h2>\n<p>La combusti\u00f3n de gas libera energ\u00eda mec\u00e1nica que un generador convierte en electricidad. El calor producido en el motor puede utilizarse con la ayuda de intercambiadores de calor.<\/p>\n<p>B\u00e1sicamente, se puede hacer una distinci\u00f3n entre centrales el\u00e9ctricas y plantas de cogeneraci\u00f3n de calor y electricidad. La cogeneraci\u00f3n suele ser t\u00e9rmica. Esto significa que la planta funciona cuando se necesita calor y la energ\u00eda resultante se inyecta a la red nacional.<\/p>\n<h2>Plantas de cogeneraci\u00f3n en invernaderos<\/h2>\n<p>Un campo de aplicaci\u00f3n especial para la generaci\u00f3n simultanea de calor y electricidad es la implementaci\u00f3n en invernaderos. La electricidad producida se utiliza para iluminar el invernadero y el calor se utiliza para el sistema de calefacci\u00f3n. Adem\u00e1s de la cogeneraci\u00f3n cl\u00e1sica, el CO<sub>2<\/sub> de los gases de escape puede utilizarse como fertilizante para las plantas. Una unidad especial de tratamiento de gases purifica los gases de escape de tal manera que el di\u00f3xido de carbono utilizable ingresa a los invernaderos.<\/p>\n<p>La gama de productos y servicios de MWM incluye el dise\u00f1o, la planificaci\u00f3n y la entrega de sistemas de cogeneraci\u00f3n llave en mano.<\/p>\n<p>Como proveedor de sistemas, fabricante de componentes y proveedor de servicios, MWM goza de una excelente reputaci\u00f3n en el campo de las tecnolog\u00edas innovadoras y en el \u00e1mbito de las plantas de cogeneraci\u00f3n.<\/p>\n<p><img decoding=\"async\" class=\"wp-image-106007\" src=\"https:\/\/www.mwm.net\/wp-content\/uploads\/2024\/11\/Aprovechamiento-del-calor-768x543.jpg\" alt=\"Aprovechamiento del calor\" width=\"800\" height=\"565\" srcset=\"https:\/\/www.mwm.net\/wp-content\/uploads\/2024\/11\/Aprovechamiento-del-calor-768x543.jpg 768w, https:\/\/www.mwm.net\/wp-content\/uploads\/2024\/11\/Aprovechamiento-del-calor-920x650.jpg 920w, https:\/\/www.mwm.net\/wp-content\/uploads\/2024\/11\/Aprovechamiento-del-calor-1536x1086.jpg 1536w, https:\/\/www.mwm.net\/wp-content\/uploads\/2024\/11\/Aprovechamiento-del-calor.jpg 1600w\" sizes=\"(max-width: 767px) 89vw, (max-width: 1000px) 54vw, (max-width: 1071px) 543px, 580px\" \/><\/p>\n<div class=\"pro_grphc\">\n<div class=\"cntct_rght\"><a href=\"\/es\/contacto\/contacto-con-ventas\/\">Contacto con ventas <strong>Haga clic aqu\u00ed<\/strong><\/a><\/div>\n<\/div>\n","protected":false},"excerpt":{"rendered":"<p>La cogeneraci\u00f3n y la trigeneraci\u00f3n con motores de gas MWM o el uso de electricidad y calor o fr\u00edo permite un ahorro energ\u00e9tico de hasta el 60%. <\/p>\n","protected":false},"author":1,"featured_media":103233,"parent":107243,"menu_order":0,"comment_status":"closed","ping_status":"closed","template":"page-sidebar-template.php","meta":{"_acf_changed":false,"footnotes":""},"tags":[],"class_list":["post-105014","page","type-page","status-publish","has-post-thumbnail","hentry"],"acf":[],"yoast_head":"<!-- This site is optimized with the Yoast SEO Premium plugin v27.2 (Yoast SEO v27.2) - https:\/\/yoast.com\/product\/yoast-seo-premium-wordpress\/ -->\n<title>Cogeneraci\u00f3n y Trigeneraci\u00f3n<\/title>\n<meta name=\"description\" content=\"La cogeneraci\u00f3n y la trigeneraci\u00f3n con motores de gas MWM o el uso de electricidad y calor o fr\u00edo permite un ahorro energ\u00e9tico de hasta el 60%.\" \/>\n<meta name=\"robots\" content=\"index, follow, max-snippet:-1, max-image-preview:large, max-video-preview:-1\" \/>\n<link rel=\"canonical\" href=\"https:\/\/www.mwm.net\/es\/excelencia-en-gas\/cogeneracion-y-trigeneracion\/\" \/>\n<meta property=\"og:locale\" content=\"es_ES\" \/>\n<meta property=\"og:type\" content=\"article\" \/>\n<meta property=\"og:title\" content=\"Cogeneraci\u00f3n y Trigeneraci\u00f3n\" \/>\n<meta property=\"og:description\" content=\"La cogeneraci\u00f3n y la trigeneraci\u00f3n con motores de gas MWM o el uso de electricidad y calor o fr\u00edo permite un ahorro energ\u00e9tico de hasta el 60%.\" \/>\n<meta property=\"og:url\" content=\"https:\/\/www.mwm.net\/es\/excelencia-en-gas\/cogeneracion-y-trigeneracion\/\" \/>\n<meta property=\"og:site_name\" content=\"MWM\" \/>\n<meta property=\"article:modified_time\" content=\"2025-01-13T13:17:34+00:00\" \/>\n<meta property=\"og:image\" content=\"https:\/\/www.mwm.net\/wp-content\/uploads\/2021\/04\/3464_2_kraft-waerme-kopplung_-kwk_cogeneration-prinzip.jpg\" \/>\n\t<meta property=\"og:image:width\" content=\"2339\" \/>\n\t<meta property=\"og:image:height\" content=\"1654\" \/>\n\t<meta property=\"og:image:type\" content=\"image\/jpeg\" \/>\n<meta name=\"twitter:card\" content=\"summary_large_image\" \/>\n<meta name=\"twitter:label1\" content=\"Tiempo de lectura\" \/>\n\t<meta name=\"twitter:data1\" content=\"3 minutos\" \/>\n<script type=\"application\/ld+json\" class=\"yoast-schema-graph\">{\"@context\":\"https:\/\/schema.org\",\"@graph\":[{\"@type\":\"WebPage\",\"@id\":\"https:\/\/www.mwm.net\/es\/excelencia-en-gas\/cogeneracion-y-trigeneracion\/\",\"url\":\"https:\/\/www.mwm.net\/es\/excelencia-en-gas\/cogeneracion-y-trigeneracion\/\",\"name\":\"Cogeneraci\u00f3n y Trigeneraci\u00f3n\",\"isPartOf\":{\"@id\":\"https:\/\/www.mwm.net\/es\/#website\"},\"primaryImageOfPage\":{\"@id\":\"https:\/\/www.mwm.net\/es\/excelencia-en-gas\/cogeneracion-y-trigeneracion\/#primaryimage\"},\"image\":{\"@id\":\"https:\/\/www.mwm.net\/es\/excelencia-en-gas\/cogeneracion-y-trigeneracion\/#primaryimage\"},\"thumbnailUrl\":\"https:\/\/www.mwm.net\/wp-content\/uploads\/2021\/04\/3464_2_kraft-waerme-kopplung_-kwk_cogeneration-prinzip.jpg\",\"datePublished\":\"2021-03-24T18:57:27+00:00\",\"dateModified\":\"2025-01-13T13:17:34+00:00\",\"description\":\"La cogeneraci\u00f3n y la trigeneraci\u00f3n con motores de gas MWM o el uso de electricidad y calor o fr\u00edo permite un ahorro energ\u00e9tico de hasta el 60%.\",\"breadcrumb\":{\"@id\":\"https:\/\/www.mwm.net\/es\/excelencia-en-gas\/cogeneracion-y-trigeneracion\/#breadcrumb\"},\"inLanguage\":\"es\",\"potentialAction\":[{\"@type\":\"ReadAction\",\"target\":[\"https:\/\/www.mwm.net\/es\/excelencia-en-gas\/cogeneracion-y-trigeneracion\/\"]}]},{\"@type\":\"ImageObject\",\"inLanguage\":\"es\",\"@id\":\"https:\/\/www.mwm.net\/es\/excelencia-en-gas\/cogeneracion-y-trigeneracion\/#primaryimage\",\"url\":\"https:\/\/www.mwm.net\/wp-content\/uploads\/2021\/04\/3464_2_kraft-waerme-kopplung_-kwk_cogeneration-prinzip.jpg\",\"contentUrl\":\"https:\/\/www.mwm.net\/wp-content\/uploads\/2021\/04\/3464_2_kraft-waerme-kopplung_-kwk_cogeneration-prinzip.jpg\",\"width\":2339,\"height\":1654},{\"@type\":\"BreadcrumbList\",\"@id\":\"https:\/\/www.mwm.net\/es\/excelencia-en-gas\/cogeneracion-y-trigeneracion\/#breadcrumb\",\"itemListElement\":[{\"@type\":\"ListItem\",\"position\":1,\"name\":\"Home\",\"item\":\"https:\/\/www.mwm.net\/es\/\"},{\"@type\":\"ListItem\",\"position\":2,\"name\":\"Excelencia en gas\",\"item\":\"https:\/\/www.mwm.net\/es\/excelencia-en-gas\/\"},{\"@type\":\"ListItem\",\"position\":3,\"name\":\"Cogeneraci\u00f3n y Trigeneraci\u00f3n\"}]},{\"@type\":\"WebSite\",\"@id\":\"https:\/\/www.mwm.net\/es\/#website\",\"url\":\"https:\/\/www.mwm.net\/es\/\",\"name\":\"MWM\",\"description\":\"\",\"publisher\":{\"@id\":\"https:\/\/www.mwm.net\/es\/#organization\"},\"potentialAction\":[{\"@type\":\"SearchAction\",\"target\":{\"@type\":\"EntryPoint\",\"urlTemplate\":\"https:\/\/www.mwm.net\/es\/?s={search_term_string}\"},\"query-input\":{\"@type\":\"PropertyValueSpecification\",\"valueRequired\":true,\"valueName\":\"search_term_string\"}}],\"inLanguage\":\"es\"},{\"@type\":\"Organization\",\"@id\":\"https:\/\/www.mwm.net\/es\/#organization\",\"name\":\"Caterpillar Energy Solutions GmbH\",\"url\":\"https:\/\/www.mwm.net\/es\/\",\"logo\":{\"@type\":\"ImageObject\",\"inLanguage\":\"es\",\"@id\":\"https:\/\/www.mwm.net\/es\/#\/schema\/logo\/image\/\",\"url\":\"https:\/\/www.mwm.net\/wp-content\/uploads\/2022\/02\/logo2.jpg\",\"contentUrl\":\"https:\/\/www.mwm.net\/wp-content\/uploads\/2022\/02\/logo2.jpg\",\"width\":260,\"height\":142,\"caption\":\"Caterpillar Energy Solutions GmbH\"},\"image\":{\"@id\":\"https:\/\/www.mwm.net\/es\/#\/schema\/logo\/image\/\"}}]}<\/script>\n<!-- \/ Yoast SEO Premium plugin. -->","yoast_head_json":{"title":"Cogeneraci\u00f3n y Trigeneraci\u00f3n","description":"La cogeneraci\u00f3n y la trigeneraci\u00f3n con motores de gas MWM o el uso de electricidad y calor o fr\u00edo permite un ahorro energ\u00e9tico de hasta el 60%.","robots":{"index":"index","follow":"follow","max-snippet":"max-snippet:-1","max-image-preview":"max-image-preview:large","max-video-preview":"max-video-preview:-1"},"canonical":"https:\/\/www.mwm.net\/es\/excelencia-en-gas\/cogeneracion-y-trigeneracion\/","og_locale":"es_ES","og_type":"article","og_title":"Cogeneraci\u00f3n y Trigeneraci\u00f3n","og_description":"La cogeneraci\u00f3n y la trigeneraci\u00f3n con motores de gas MWM o el uso de electricidad y calor o fr\u00edo permite un ahorro energ\u00e9tico de hasta el 60%.","og_url":"https:\/\/www.mwm.net\/es\/excelencia-en-gas\/cogeneracion-y-trigeneracion\/","og_site_name":"MWM","article_modified_time":"2025-01-13T13:17:34+00:00","og_image":[{"width":2339,"height":1654,"url":"https:\/\/www.mwm.net\/wp-content\/uploads\/2021\/04\/3464_2_kraft-waerme-kopplung_-kwk_cogeneration-prinzip.jpg","type":"image\/jpeg"}],"twitter_card":"summary_large_image","twitter_misc":{"Tiempo de lectura":"3 minutos"},"schema":{"@context":"https:\/\/schema.org","@graph":[{"@type":"WebPage","@id":"https:\/\/www.mwm.net\/es\/excelencia-en-gas\/cogeneracion-y-trigeneracion\/","url":"https:\/\/www.mwm.net\/es\/excelencia-en-gas\/cogeneracion-y-trigeneracion\/","name":"Cogeneraci\u00f3n y Trigeneraci\u00f3n","isPartOf":{"@id":"https:\/\/www.mwm.net\/es\/#website"},"primaryImageOfPage":{"@id":"https:\/\/www.mwm.net\/es\/excelencia-en-gas\/cogeneracion-y-trigeneracion\/#primaryimage"},"image":{"@id":"https:\/\/www.mwm.net\/es\/excelencia-en-gas\/cogeneracion-y-trigeneracion\/#primaryimage"},"thumbnailUrl":"https:\/\/www.mwm.net\/wp-content\/uploads\/2021\/04\/3464_2_kraft-waerme-kopplung_-kwk_cogeneration-prinzip.jpg","datePublished":"2021-03-24T18:57:27+00:00","dateModified":"2025-01-13T13:17:34+00:00","description":"La cogeneraci\u00f3n y la trigeneraci\u00f3n con motores de gas MWM o el uso de electricidad y calor o fr\u00edo permite un ahorro energ\u00e9tico de hasta el 60%.","breadcrumb":{"@id":"https:\/\/www.mwm.net\/es\/excelencia-en-gas\/cogeneracion-y-trigeneracion\/#breadcrumb"},"inLanguage":"es","potentialAction":[{"@type":"ReadAction","target":["https:\/\/www.mwm.net\/es\/excelencia-en-gas\/cogeneracion-y-trigeneracion\/"]}]},{"@type":"ImageObject","inLanguage":"es","@id":"https:\/\/www.mwm.net\/es\/excelencia-en-gas\/cogeneracion-y-trigeneracion\/#primaryimage","url":"https:\/\/www.mwm.net\/wp-content\/uploads\/2021\/04\/3464_2_kraft-waerme-kopplung_-kwk_cogeneration-prinzip.jpg","contentUrl":"https:\/\/www.mwm.net\/wp-content\/uploads\/2021\/04\/3464_2_kraft-waerme-kopplung_-kwk_cogeneration-prinzip.jpg","width":2339,"height":1654},{"@type":"BreadcrumbList","@id":"https:\/\/www.mwm.net\/es\/excelencia-en-gas\/cogeneracion-y-trigeneracion\/#breadcrumb","itemListElement":[{"@type":"ListItem","position":1,"name":"Home","item":"https:\/\/www.mwm.net\/es\/"},{"@type":"ListItem","position":2,"name":"Excelencia en gas","item":"https:\/\/www.mwm.net\/es\/excelencia-en-gas\/"},{"@type":"ListItem","position":3,"name":"Cogeneraci\u00f3n y Trigeneraci\u00f3n"}]},{"@type":"WebSite","@id":"https:\/\/www.mwm.net\/es\/#website","url":"https:\/\/www.mwm.net\/es\/","name":"MWM","description":"","publisher":{"@id":"https:\/\/www.mwm.net\/es\/#organization"},"potentialAction":[{"@type":"SearchAction","target":{"@type":"EntryPoint","urlTemplate":"https:\/\/www.mwm.net\/es\/?s={search_term_string}"},"query-input":{"@type":"PropertyValueSpecification","valueRequired":true,"valueName":"search_term_string"}}],"inLanguage":"es"},{"@type":"Organization","@id":"https:\/\/www.mwm.net\/es\/#organization","name":"Caterpillar Energy Solutions GmbH","url":"https:\/\/www.mwm.net\/es\/","logo":{"@type":"ImageObject","inLanguage":"es","@id":"https:\/\/www.mwm.net\/es\/#\/schema\/logo\/image\/","url":"https:\/\/www.mwm.net\/wp-content\/uploads\/2022\/02\/logo2.jpg","contentUrl":"https:\/\/www.mwm.net\/wp-content\/uploads\/2022\/02\/logo2.jpg","width":260,"height":142,"caption":"Caterpillar Energy Solutions GmbH"},"image":{"@id":"https:\/\/www.mwm.net\/es\/#\/schema\/logo\/image\/"}}]}},"_links":{"self":[{"href":"https:\/\/www.mwm.net\/es\/wp-json\/wp\/v2\/pages\/105014","targetHints":{"allow":["GET"]}}],"collection":[{"href":"https:\/\/www.mwm.net\/es\/wp-json\/wp\/v2\/pages"}],"about":[{"href":"https:\/\/www.mwm.net\/es\/wp-json\/wp\/v2\/types\/page"}],"author":[{"embeddable":true,"href":"https:\/\/www.mwm.net\/es\/wp-json\/wp\/v2\/users\/1"}],"replies":[{"embeddable":true,"href":"https:\/\/www.mwm.net\/es\/wp-json\/wp\/v2\/comments?post=105014"}],"version-history":[{"count":7,"href":"https:\/\/www.mwm.net\/es\/wp-json\/wp\/v2\/pages\/105014\/revisions"}],"predecessor-version":[{"id":107270,"href":"https:\/\/www.mwm.net\/es\/wp-json\/wp\/v2\/pages\/105014\/revisions\/107270"}],"up":[{"embeddable":true,"href":"https:\/\/www.mwm.net\/es\/wp-json\/wp\/v2\/pages\/107243"}],"wp:featuredmedia":[{"embeddable":true,"href":"https:\/\/www.mwm.net\/es\/wp-json\/wp\/v2\/media\/103233"}],"wp:attachment":[{"href":"https:\/\/www.mwm.net\/es\/wp-json\/wp\/v2\/media?parent=105014"}],"wp:term":[{"taxonomy":"post_tag","embeddable":true,"href":"https:\/\/www.mwm.net\/es\/wp-json\/wp\/v2\/tags?post=105014"}],"curies":[{"name":"wp","href":"https:\/\/api.w.org\/{rel}","templated":true}]}}