{"id":105016,"date":"2021-03-25T19:01:56","date_gmt":"2021-03-25T19:01:56","guid":{"rendered":"https:\/\/www.mwm.net\/competencias\/gas-solutions\/"},"modified":"2025-01-13T16:04:46","modified_gmt":"2025-01-13T14:04:46","slug":"soluciones-de-gas","status":"publish","type":"page","link":"https:\/\/www.mwm.net\/es\/excelencia-en-gas\/soluciones-de-gas\/","title":{"rendered":"Soluciones de gas"},"content":{"rendered":"<div class=\"text_sec\">\n<h2>Motores de gas y generadores de energ\u00eda de alta eficiencia para varios tipos de gas<\/h2>\n<p>MWM produce  <a href=\"https:\/\/www.mwm.net\/es\/motores-de-gas-grupos-electrogenos\/\">motores de gas y generadores de energ\u00eda (grupos electr\u00f3genos)<\/a> para varios tipos de gas. Estos gases se utilizan en varias aplicaciones, como la generaci\u00f3n de energ\u00eda combinada.<\/p>\n<h2>Se distingue entre los siguientes tipos de gas:<\/h2>\n<\/div>\n<div class=\"cntct_rght\"><a href=\"https:\/\/www.mwm.net\/es\/contacto\/contacto-con-ventas\/\">Contacto con ventas<br \/>\n<b>Haga clic aqu\u00ed<\/b><\/a><\/div>\n<div class=\"sprtr\"><\/div>\n","protected":false},"excerpt":{"rendered":"<p>Los motores de gas MWM convierten de manera eficiente varios tipos de gas en electricidad, calor y fr\u00edo. Uno de los proveedores l\u00edderes en el mundo de plantas ecol\u00f3gicas de alta eficiencia<br \/>\nExcerpt: Los motores de gas MWM convierten de manera eficiente varios tipos de gas en electricidad, calor y fr\u00edo. Uno de los proveedores l\u00edderes en el mundo de plantas ecol\u00f3gicas de alta eficiencia para la generaci\u00f3n de energ\u00eda descentralizada. Desarrollo y optimizaci\u00f3n de grupos electr\u00f3genos para gas natural <\/p>\n","protected":false},"author":1,"featured_media":103090,"parent":107243,"menu_order":0,"comment_status":"closed","ping_status":"closed","template":"listing-template.php","meta":{"_acf_changed":false,"footnotes":""},"tags":[1432],"class_list":["post-105016","page","type-page","status-publish","has-post-thumbnail","hentry","tag-gas-solutions-es"],"acf":[],"yoast_head":"<!-- This site is optimized with the Yoast SEO Premium plugin v27.2 (Yoast SEO v27.2) - https:\/\/yoast.com\/product\/yoast-seo-premium-wordpress\/ -->\n<title>Soluciones de gas<\/title>\n<meta name=\"description\" content=\"Los motores de gas MWM convierten de manera eficiente varios tipos de gas en electricidad, calor y fr\u00edo. Uno de los proveedores l\u00edderes en el mundo de plantas ecol\u00f3gicas de alta eficiencia Excerpt: Los motores de gas MWM convierten de manera eficiente varios tipos de gas en electricidad, calor y fr\u00edo. Uno de los proveedores l\u00edderes en el mundo de plantas ecol\u00f3gicas de alta eficiencia para la generaci\u00f3n de energ\u00eda descentralizada. Desarrollo y optimizaci\u00f3n de grupos electr\u00f3genos para gas natural\" \/>\n<meta name=\"robots\" content=\"index, follow, max-snippet:-1, max-image-preview:large, max-video-preview:-1\" \/>\n<link rel=\"canonical\" href=\"https:\/\/www.mwm.net\/es\/excelencia-en-gas\/soluciones-de-gas\/\" \/>\n<meta property=\"og:locale\" content=\"es_ES\" \/>\n<meta property=\"og:type\" content=\"article\" \/>\n<meta property=\"og:title\" content=\"Soluciones de gas\" \/>\n<meta property=\"og:description\" content=\"Los motores de gas MWM convierten de manera eficiente varios tipos de gas en electricidad, calor y fr\u00edo. Uno de los proveedores l\u00edderes en el mundo de plantas ecol\u00f3gicas de alta eficiencia Excerpt: Los motores de gas MWM convierten de manera eficiente varios tipos de gas en electricidad, calor y fr\u00edo. Uno de los proveedores l\u00edderes en el mundo de plantas ecol\u00f3gicas de alta eficiencia para la generaci\u00f3n de energ\u00eda descentralizada. Desarrollo y optimizaci\u00f3n de grupos electr\u00f3genos para gas natural\" \/>\n<meta property=\"og:url\" content=\"https:\/\/www.mwm.net\/es\/excelencia-en-gas\/soluciones-de-gas\/\" \/>\n<meta property=\"og:site_name\" content=\"MWM\" \/>\n<meta property=\"article:modified_time\" content=\"2025-01-13T14:04:46+00:00\" \/>\n<meta property=\"og:image\" content=\"https:\/\/www.mwm.net\/wp-content\/uploads\/2021\/04\/gas-loesungen_kraftwerke_600.jpg\" \/>\n\t<meta property=\"og:image:width\" content=\"600\" \/>\n\t<meta property=\"og:image:height\" content=\"450\" \/>\n\t<meta property=\"og:image:type\" content=\"image\/jpeg\" \/>\n<meta name=\"twitter:card\" content=\"summary_large_image\" \/>\n<meta name=\"twitter:label1\" content=\"Tiempo de lectura\" \/>\n\t<meta name=\"twitter:data1\" content=\"1 minuto\" \/>\n<script type=\"application\/ld+json\" class=\"yoast-schema-graph\">{\"@context\":\"https:\/\/schema.org\",\"@graph\":[{\"@type\":\"WebPage\",\"@id\":\"https:\/\/www.mwm.net\/es\/excelencia-en-gas\/soluciones-de-gas\/\",\"url\":\"https:\/\/www.mwm.net\/es\/excelencia-en-gas\/soluciones-de-gas\/\",\"name\":\"Soluciones de gas\",\"isPartOf\":{\"@id\":\"https:\/\/www.mwm.net\/es\/#website\"},\"primaryImageOfPage\":{\"@id\":\"https:\/\/www.mwm.net\/es\/excelencia-en-gas\/soluciones-de-gas\/#primaryimage\"},\"image\":{\"@id\":\"https:\/\/www.mwm.net\/es\/excelencia-en-gas\/soluciones-de-gas\/#primaryimage\"},\"thumbnailUrl\":\"https:\/\/www.mwm.net\/wp-content\/uploads\/2021\/04\/gas-loesungen_kraftwerke_600.jpg\",\"datePublished\":\"2021-03-25T19:01:56+00:00\",\"dateModified\":\"2025-01-13T14:04:46+00:00\",\"description\":\"Los motores de gas MWM convierten de manera eficiente varios tipos de gas en electricidad, calor y fr\u00edo. Uno de los proveedores l\u00edderes en el mundo de plantas ecol\u00f3gicas de alta eficiencia Excerpt: Los motores de gas MWM convierten de manera eficiente varios tipos de gas en electricidad, calor y fr\u00edo. Uno de los proveedores l\u00edderes en el mundo de plantas ecol\u00f3gicas de alta eficiencia para la generaci\u00f3n de energ\u00eda descentralizada. Desarrollo y optimizaci\u00f3n de grupos electr\u00f3genos para gas natural\",\"breadcrumb\":{\"@id\":\"https:\/\/www.mwm.net\/es\/excelencia-en-gas\/soluciones-de-gas\/#breadcrumb\"},\"inLanguage\":\"es\",\"potentialAction\":[{\"@type\":\"ReadAction\",\"target\":[\"https:\/\/www.mwm.net\/es\/excelencia-en-gas\/soluciones-de-gas\/\"]}]},{\"@type\":\"ImageObject\",\"inLanguage\":\"es\",\"@id\":\"https:\/\/www.mwm.net\/es\/excelencia-en-gas\/soluciones-de-gas\/#primaryimage\",\"url\":\"https:\/\/www.mwm.net\/wp-content\/uploads\/2021\/04\/gas-loesungen_kraftwerke_600.jpg\",\"contentUrl\":\"https:\/\/www.mwm.net\/wp-content\/uploads\/2021\/04\/gas-loesungen_kraftwerke_600.jpg\",\"width\":600,\"height\":450},{\"@type\":\"BreadcrumbList\",\"@id\":\"https:\/\/www.mwm.net\/es\/excelencia-en-gas\/soluciones-de-gas\/#breadcrumb\",\"itemListElement\":[{\"@type\":\"ListItem\",\"position\":1,\"name\":\"Home\",\"item\":\"https:\/\/www.mwm.net\/es\/\"},{\"@type\":\"ListItem\",\"position\":2,\"name\":\"Excelencia en gas\",\"item\":\"https:\/\/www.mwm.net\/es\/excelencia-en-gas\/\"},{\"@type\":\"ListItem\",\"position\":3,\"name\":\"Soluciones de gas\"}]},{\"@type\":\"WebSite\",\"@id\":\"https:\/\/www.mwm.net\/es\/#website\",\"url\":\"https:\/\/www.mwm.net\/es\/\",\"name\":\"MWM\",\"description\":\"\",\"publisher\":{\"@id\":\"https:\/\/www.mwm.net\/es\/#organization\"},\"potentialAction\":[{\"@type\":\"SearchAction\",\"target\":{\"@type\":\"EntryPoint\",\"urlTemplate\":\"https:\/\/www.mwm.net\/es\/?s={search_term_string}\"},\"query-input\":{\"@type\":\"PropertyValueSpecification\",\"valueRequired\":true,\"valueName\":\"search_term_string\"}}],\"inLanguage\":\"es\"},{\"@type\":\"Organization\",\"@id\":\"https:\/\/www.mwm.net\/es\/#organization\",\"name\":\"Caterpillar Energy Solutions GmbH\",\"url\":\"https:\/\/www.mwm.net\/es\/\",\"logo\":{\"@type\":\"ImageObject\",\"inLanguage\":\"es\",\"@id\":\"https:\/\/www.mwm.net\/es\/#\/schema\/logo\/image\/\",\"url\":\"https:\/\/www.mwm.net\/wp-content\/uploads\/2022\/02\/logo2.jpg\",\"contentUrl\":\"https:\/\/www.mwm.net\/wp-content\/uploads\/2022\/02\/logo2.jpg\",\"width\":260,\"height\":142,\"caption\":\"Caterpillar Energy Solutions GmbH\"},\"image\":{\"@id\":\"https:\/\/www.mwm.net\/es\/#\/schema\/logo\/image\/\"}}]}<\/script>\n<!-- \/ Yoast SEO Premium plugin. -->","yoast_head_json":{"title":"Soluciones de gas","description":"Los motores de gas MWM convierten de manera eficiente varios tipos de gas en electricidad, calor y fr\u00edo. Uno de los proveedores l\u00edderes en el mundo de plantas ecol\u00f3gicas de alta eficiencia Excerpt: Los motores de gas MWM convierten de manera eficiente varios tipos de gas en electricidad, calor y fr\u00edo. Uno de los proveedores l\u00edderes en el mundo de plantas ecol\u00f3gicas de alta eficiencia para la generaci\u00f3n de energ\u00eda descentralizada. Desarrollo y optimizaci\u00f3n de grupos electr\u00f3genos para gas natural","robots":{"index":"index","follow":"follow","max-snippet":"max-snippet:-1","max-image-preview":"max-image-preview:large","max-video-preview":"max-video-preview:-1"},"canonical":"https:\/\/www.mwm.net\/es\/excelencia-en-gas\/soluciones-de-gas\/","og_locale":"es_ES","og_type":"article","og_title":"Soluciones de gas","og_description":"Los motores de gas MWM convierten de manera eficiente varios tipos de gas en electricidad, calor y fr\u00edo. Uno de los proveedores l\u00edderes en el mundo de plantas ecol\u00f3gicas de alta eficiencia Excerpt: Los motores de gas MWM convierten de manera eficiente varios tipos de gas en electricidad, calor y fr\u00edo. Uno de los proveedores l\u00edderes en el mundo de plantas ecol\u00f3gicas de alta eficiencia para la generaci\u00f3n de energ\u00eda descentralizada. Desarrollo y optimizaci\u00f3n de grupos electr\u00f3genos para gas natural","og_url":"https:\/\/www.mwm.net\/es\/excelencia-en-gas\/soluciones-de-gas\/","og_site_name":"MWM","article_modified_time":"2025-01-13T14:04:46+00:00","og_image":[{"width":600,"height":450,"url":"https:\/\/www.mwm.net\/wp-content\/uploads\/2021\/04\/gas-loesungen_kraftwerke_600.jpg","type":"image\/jpeg"}],"twitter_card":"summary_large_image","twitter_misc":{"Tiempo de lectura":"1 minuto"},"schema":{"@context":"https:\/\/schema.org","@graph":[{"@type":"WebPage","@id":"https:\/\/www.mwm.net\/es\/excelencia-en-gas\/soluciones-de-gas\/","url":"https:\/\/www.mwm.net\/es\/excelencia-en-gas\/soluciones-de-gas\/","name":"Soluciones de gas","isPartOf":{"@id":"https:\/\/www.mwm.net\/es\/#website"},"primaryImageOfPage":{"@id":"https:\/\/www.mwm.net\/es\/excelencia-en-gas\/soluciones-de-gas\/#primaryimage"},"image":{"@id":"https:\/\/www.mwm.net\/es\/excelencia-en-gas\/soluciones-de-gas\/#primaryimage"},"thumbnailUrl":"https:\/\/www.mwm.net\/wp-content\/uploads\/2021\/04\/gas-loesungen_kraftwerke_600.jpg","datePublished":"2021-03-25T19:01:56+00:00","dateModified":"2025-01-13T14:04:46+00:00","description":"Los motores de gas MWM convierten de manera eficiente varios tipos de gas en electricidad, calor y fr\u00edo. Uno de los proveedores l\u00edderes en el mundo de plantas ecol\u00f3gicas de alta eficiencia Excerpt: Los motores de gas MWM convierten de manera eficiente varios tipos de gas en electricidad, calor y fr\u00edo. Uno de los proveedores l\u00edderes en el mundo de plantas ecol\u00f3gicas de alta eficiencia para la generaci\u00f3n de energ\u00eda descentralizada. Desarrollo y optimizaci\u00f3n de grupos electr\u00f3genos para gas natural","breadcrumb":{"@id":"https:\/\/www.mwm.net\/es\/excelencia-en-gas\/soluciones-de-gas\/#breadcrumb"},"inLanguage":"es","potentialAction":[{"@type":"ReadAction","target":["https:\/\/www.mwm.net\/es\/excelencia-en-gas\/soluciones-de-gas\/"]}]},{"@type":"ImageObject","inLanguage":"es","@id":"https:\/\/www.mwm.net\/es\/excelencia-en-gas\/soluciones-de-gas\/#primaryimage","url":"https:\/\/www.mwm.net\/wp-content\/uploads\/2021\/04\/gas-loesungen_kraftwerke_600.jpg","contentUrl":"https:\/\/www.mwm.net\/wp-content\/uploads\/2021\/04\/gas-loesungen_kraftwerke_600.jpg","width":600,"height":450},{"@type":"BreadcrumbList","@id":"https:\/\/www.mwm.net\/es\/excelencia-en-gas\/soluciones-de-gas\/#breadcrumb","itemListElement":[{"@type":"ListItem","position":1,"name":"Home","item":"https:\/\/www.mwm.net\/es\/"},{"@type":"ListItem","position":2,"name":"Excelencia en gas","item":"https:\/\/www.mwm.net\/es\/excelencia-en-gas\/"},{"@type":"ListItem","position":3,"name":"Soluciones de gas"}]},{"@type":"WebSite","@id":"https:\/\/www.mwm.net\/es\/#website","url":"https:\/\/www.mwm.net\/es\/","name":"MWM","description":"","publisher":{"@id":"https:\/\/www.mwm.net\/es\/#organization"},"potentialAction":[{"@type":"SearchAction","target":{"@type":"EntryPoint","urlTemplate":"https:\/\/www.mwm.net\/es\/?s={search_term_string}"},"query-input":{"@type":"PropertyValueSpecification","valueRequired":true,"valueName":"search_term_string"}}],"inLanguage":"es"},{"@type":"Organization","@id":"https:\/\/www.mwm.net\/es\/#organization","name":"Caterpillar Energy Solutions GmbH","url":"https:\/\/www.mwm.net\/es\/","logo":{"@type":"ImageObject","inLanguage":"es","@id":"https:\/\/www.mwm.net\/es\/#\/schema\/logo\/image\/","url":"https:\/\/www.mwm.net\/wp-content\/uploads\/2022\/02\/logo2.jpg","contentUrl":"https:\/\/www.mwm.net\/wp-content\/uploads\/2022\/02\/logo2.jpg","width":260,"height":142,"caption":"Caterpillar Energy Solutions GmbH"},"image":{"@id":"https:\/\/www.mwm.net\/es\/#\/schema\/logo\/image\/"}}]}},"_links":{"self":[{"href":"https:\/\/www.mwm.net\/es\/wp-json\/wp\/v2\/pages\/105016","targetHints":{"allow":["GET"]}}],"collection":[{"href":"https:\/\/www.mwm.net\/es\/wp-json\/wp\/v2\/pages"}],"about":[{"href":"https:\/\/www.mwm.net\/es\/wp-json\/wp\/v2\/types\/page"}],"author":[{"embeddable":true,"href":"https:\/\/www.mwm.net\/es\/wp-json\/wp\/v2\/users\/1"}],"replies":[{"embeddable":true,"href":"https:\/\/www.mwm.net\/es\/wp-json\/wp\/v2\/comments?post=105016"}],"version-history":[{"count":6,"href":"https:\/\/www.mwm.net\/es\/wp-json\/wp\/v2\/pages\/105016\/revisions"}],"predecessor-version":[{"id":107306,"href":"https:\/\/www.mwm.net\/es\/wp-json\/wp\/v2\/pages\/105016\/revisions\/107306"}],"up":[{"embeddable":true,"href":"https:\/\/www.mwm.net\/es\/wp-json\/wp\/v2\/pages\/107243"}],"wp:featuredmedia":[{"embeddable":true,"href":"https:\/\/www.mwm.net\/es\/wp-json\/wp\/v2\/media\/103090"}],"wp:attachment":[{"href":"https:\/\/www.mwm.net\/es\/wp-json\/wp\/v2\/media?parent=105016"}],"wp:term":[{"taxonomy":"post_tag","embeddable":true,"href":"https:\/\/www.mwm.net\/es\/wp-json\/wp\/v2\/tags?post=105016"}],"curies":[{"name":"wp","href":"https:\/\/api.w.org\/{rel}","templated":true}]}}