{"id":105103,"date":"2024-10-31T16:22:24","date_gmt":"2024-10-31T14:22:24","guid":{"rendered":"https:\/\/www.mwm.net\/?page_id=105103"},"modified":"2024-12-13T17:52:01","modified_gmt":"2024-12-13T15:52:01","slug":"gas-de-vertedero","status":"publish","type":"page","link":"https:\/\/www.mwm.net\/es\/excelencia-en-gas\/soluciones-de-gas\/gas-de-vertedero\/","title":{"rendered":"Gas de vertedero"},"content":{"rendered":"<h2>M\u00e1xima eficiencia con gas de vertedero: energ\u00eda el\u00e9ctrica a base de residuos<\/h2>\n<p>El gas de vertedero, un gas de la fase anaer\u00f3bica y estable del metano, est\u00e1 compuesto por un 35-60% de metano y un 20-45% de di\u00f3xido de carbono. La composici\u00f3n del gas cambia con el paso de los a\u00f1os (el contenido de CH<sub>4<\/sub> disminuye). MWM procesa el gas, eliminando los compuestos organosil\u00edcicos del gas. Al recoger el metano (CH<sub>4<\/sub>) de los vertederos, cuyo escape a la atm\u00f3sfera favorecer\u00eda el efecto invernadero, MWM contribuye a la conservaci\u00f3n del medio ambiente. El potencial de efecto invernadero del metano es hasta 25 veces mayor que el del di\u00f3xido de carbono.<\/p>\n<figure id=\"attachment_107075\" aria-describedby=\"caption-attachment-107075\" style=\"width: 800px\" class=\"wp-caption alignleft\"><img decoding=\"async\" class=\"wp-image-107075\" src=\"https:\/\/www.mwm.net\/wp-content\/uploads\/2024\/12\/Gas-de-vertedero-768x423.jpg\" alt=\"Los motores de gas MWM pueden configurarse para su uso en centrales el\u00e9ctricas alimentadas con gas de vertedero\" width=\"800\" height=\"440\" srcset=\"https:\/\/www.mwm.net\/wp-content\/uploads\/2024\/12\/Gas-de-vertedero-768x423.jpg 768w, https:\/\/www.mwm.net\/wp-content\/uploads\/2024\/12\/Gas-de-vertedero-920x506.jpg 920w, https:\/\/www.mwm.net\/wp-content\/uploads\/2024\/12\/Gas-de-vertedero.jpg 1090w\" sizes=\"(max-width: 767px) 89vw, (max-width: 1000px) 54vw, (max-width: 1071px) 543px, 580px\" \/><figcaption id=\"caption-attachment-107075\" class=\"wp-caption-text\">Los motores de gas MWM pueden configurarse para su uso en centrales el\u00e9ctricas alimentadas con gas de vertedero<\/figcaption><\/figure>\n<h2>Componentes especiales para un funcionamiento fluido<\/h2>\n<p>MWM usa pistones con una relaci\u00f3n de compresi\u00f3n modificada para utilizar gas de vertedero u otros gases con un alto contenido de CO<sub>2<\/sub>. Adem\u00e1s, las probadas buj\u00edas de prec\u00e1mara MWM proporcionan una alta eficiencia y una larga vida \u00fatil.<\/p>\n<h2>Profesionales en gas de vertedero<\/h2>\n<p>Con varios centenares de proyectos de referencia internacionales, somos expertos en requisitos especiales para instalaciones de gas de vertedero. Nuestras soluciones altamente eficientes y dise\u00f1adas completamente a medida hacen de MWM un socio s\u00f3lido para los gases de vertedero.<\/p>\n<div class=\"patch-content\">\n<h2>Folleto del segmento Gas de vertedero<\/h2>\n<p>Con varios centenares de proyectos de referencia internacionales, somos expertos en requisitos especiales para instalaciones de gas de vertedero. Nuestras soluciones altamente eficientes y dise\u00f1adas completamente a medida hacen de MWM un socio s\u00f3lido para los gases de vertedero.<\/p>\n<div class=\"issue-image-section\">\n<div class=\"image-issuu\"><a href=\"https:\/\/issuu.com\/mwm_energy\/docs\/ces24028-one-pager_biogas_arten_lan_6419adb1d9c212?fr=sZGMxODY0MDY1NTY\" target=\"_blank\" rel=\"noopener\"><br \/>\n<img decoding=\"async\" title=\"Folleto en issuu.com\" src=\"https:\/\/www.mwm.net\/wp-content\/uploads\/2024\/12\/CES24028-One-Pager-Biogas-Arten_LANDFILL_ES_thumbnail.jpg\" alt=\"Folleto en issuu.com\" \/><br \/>\n<\/a><\/div>\n<div class=\"right-issuu\">\n<p>Haga clic en este folleto para acceder a la plataforma de publicaci\u00f3n digital issuu.com Este sitio web se rige por la <a href=\"https:\/\/issuu.com\/legal\/privacy\" target=\"_blank\" rel=\"noopener nofollow\">Pol\u00edtica de privacidad de issuu<\/a>.<\/p>\n<\/div>\n<\/div>\n<p>Todos los idiomas en issuu: <a title=\"MWM Gas de vertedero Folleto en issuu.com (DE)\" href=\"https:\/\/issuu.com\/mwm_energy\/docs\/ces24028-one-pager-biogas-arten_landfill_210x297mm?fr=sNjI1ZTY0MDY1NTY\" target=\"_blank\" rel=\"noopener\">DE<\/a> | <a title=\"MWM Gas de vertedero Folleto en issuu.com (EN)\" href=\"https:\/\/issuu.com\/mwm_energy\/docs\/ces24028-one-pager_biogas_arten_landfill_210x297mm?fr=sMmU3MTY0MDY1NTY\" target=\"_blank\" rel=\"noopener\">EN<\/a> | <a title=\"MWM Gas de vertedero Folleto en issuu.com (ES)\" href=\"https:\/\/issuu.com\/mwm_energy\/docs\/ces24028-one-pager_biogas_arten_lan_6419adb1d9c212?fr=sZGMxODY0MDY1NTY\" target=\"_blank\" rel=\"noopener\">ES<\/a> | <a title=\"MWM Gas de vertedero Folleto en issuu.com (FR)\" href=\"https:\/\/issuu.com\/mwm_energy\/docs\/ces24028-one-pager_biogas_arten_lan_8fae77a0aa70f9?fr=sYTEzMTY0MDY1NTY\" target=\"_blank\" rel=\"noopener\">FR<\/a> |\u00a0<a title=\"MWM Gas de vertedero Folleto en issuu.com (NL)\" href=\"https:\/\/issuu.com\/mwm_energy\/docs\/ces24028-one-pager_biogas_arten_lan_113580dd26e3ae?fr=sMjI2YzY0MDY1NTY\" target=\"_blank\" rel=\"noopener\">NL<\/a> |\u00a0<a title=\"MWM Gas de vertedero Folleto en issuu.com (CN)\" href=\"https:\/\/issuu.com\/mwm_energy\/docs\/ces24028-one-pager-biogas-arten_lan_cb291b236045b8?fr=sNjI2MjY0MDY1NTY\" target=\"_blank\" rel=\"noopener\">CN<\/a><br \/>\nDescargar PDF: <a title=\"Descargar MWM Gas de vertedero Folleto (DE)\" href=\"\/files\/upload\/mwm\/issuu\/CES24028-One-Pager-Biogas-Arten_LANDFILL_210x297mm_DE_4_0_RZ_sm_screen.pdf\" target=\"_blank\" rel=\"noopener\">DE<\/a> |\u00a0<a title=\"Descargar MWM Gas de vertedero Folleto (EN)\" href=\"\/files\/upload\/mwm\/issuu\/CES24028-One-Pager-Biogas-Arten_LANDFILL_210x297mm_EN_3_0_RZ_sm_screen.pdf\" target=\"_blank\" rel=\"noopener\">EN<\/a> | <a title=\"Descargar MWM Gas de vertedero Folleto (ES)\" href=\"\/files\/upload\/mwm\/issuu\/CES24028-One-Pager-Biogas-Arten_LANDFILL_210x297mm_ES_3_0_RZ_sm_screen.pdf\" target=\"_blank\" rel=\"noopener\">ES<\/a> | <a title=\"Descargar MWM Gas de vertedero Folleto (FR)\" href=\"\/files\/upload\/mwm\/issuu\/CES24028-One-Pager-Biogas-Arten_LANDFILL_210x297mm_FR_1_0_RZ_sm_screen.pdf\" target=\"_blank\" rel=\"noopener\">FR<\/a> | <a title=\"Descargar MWM Gas de vertedero Folleto (NL)\" href=\"\/files\/upload\/mwm\/issuu\/CES24028-One-Pager-Biogas-Arten_LANDFILL_210x297mm_NL_2_0_RZ_sm_screen.pdf\" target=\"_blank\" rel=\"noopener\">NL<\/a> |\u00a0<a title=\"Descargar MWM Gas de vertedero Folleto (CN)\" href=\"\/files\/upload\/mwm\/issuu\/CES24028-One-Pager-Biogas-Arten_LANDFILL_210x297mm_CN_2_0_RZ_sm_screen.pdf\" target=\"_blank\" rel=\"noopener\">CN<\/a><\/p>\n<\/div>\n<div class=\"pro_grphc\">\n<div class=\"cntct_rght\"><a href=\"https:\/\/www.mwm.net\/es\/contacto\/contacto-con-ventas\/\">Contacto con ventas <strong>Haga clic aqui<\/strong><\/a><\/div>\n<\/div>\n","protected":false},"excerpt":{"rendered":"<p>Los motores de gas MWM pueden configurarse para su uso en centrales el\u00e9ctricas alimentadas con gas de vertedero.<br \/>\nExcerpt: Los motores de gas MWM pueden configurarse para su uso en centrales el\u00e9ctricas alimentadas con gas de vertedero.<\/p>\n","protected":false},"author":18,"featured_media":107075,"parent":105016,"menu_order":0,"comment_status":"closed","ping_status":"closed","template":"page-sidebar-template.php","meta":{"_acf_changed":false,"footnotes":""},"tags":[1449],"class_list":["post-105103","page","type-page","status-publish","has-post-thumbnail","hentry","tag-landfill-gas-es"],"acf":[],"yoast_head":"<!-- This site is optimized with the Yoast SEO Premium plugin v27.2 (Yoast SEO v27.2) - https:\/\/yoast.com\/product\/yoast-seo-premium-wordpress\/ -->\n<title>Gas de vertedero - MWM Gas de vertedero<\/title>\n<meta name=\"description\" content=\"Los motores de gas MWM pueden configurarse para su uso en centrales el\u00e9ctricas alimentadas con gas de vertedero.Excerpt: Los motores de gas MWM pueden configurarse para su uso en centrales el\u00e9ctricas alimentadas con gas de vertedero.\" \/>\n<meta name=\"robots\" content=\"index, follow, max-snippet:-1, max-image-preview:large, max-video-preview:-1\" \/>\n<link rel=\"canonical\" href=\"https:\/\/www.mwm.net\/es\/excelencia-en-gas\/soluciones-de-gas\/gas-de-vertedero\/\" \/>\n<meta property=\"og:locale\" content=\"es_ES\" \/>\n<meta property=\"og:type\" content=\"article\" \/>\n<meta property=\"og:title\" content=\"Gas de vertedero\" \/>\n<meta property=\"og:description\" content=\"Los motores de gas MWM pueden configurarse para su uso en centrales el\u00e9ctricas alimentadas con gas de vertedero.Excerpt: Los motores de gas MWM pueden configurarse para su uso en centrales el\u00e9ctricas alimentadas con gas de vertedero.\" \/>\n<meta property=\"og:url\" content=\"https:\/\/www.mwm.net\/es\/excelencia-en-gas\/soluciones-de-gas\/gas-de-vertedero\/\" \/>\n<meta property=\"og:site_name\" content=\"MWM\" \/>\n<meta property=\"article:modified_time\" content=\"2024-12-13T15:52:01+00:00\" \/>\n<meta property=\"og:image\" content=\"https:\/\/www.mwm.net\/wp-content\/uploads\/2024\/12\/Gas-de-vertedero.jpg\" \/>\n\t<meta property=\"og:image:width\" content=\"1090\" \/>\n\t<meta property=\"og:image:height\" content=\"600\" \/>\n\t<meta property=\"og:image:type\" content=\"image\/jpeg\" \/>\n<meta name=\"twitter:card\" content=\"summary_large_image\" \/>\n<meta name=\"twitter:label1\" content=\"Tiempo de lectura\" \/>\n\t<meta name=\"twitter:data1\" content=\"3 minutos\" \/>\n<script type=\"application\/ld+json\" class=\"yoast-schema-graph\">{\"@context\":\"https:\/\/schema.org\",\"@graph\":[{\"@type\":\"WebPage\",\"@id\":\"https:\/\/www.mwm.net\/es\/excelencia-en-gas\/soluciones-de-gas\/gas-de-vertedero\/\",\"url\":\"https:\/\/www.mwm.net\/es\/excelencia-en-gas\/soluciones-de-gas\/gas-de-vertedero\/\",\"name\":\"Gas de vertedero - MWM Gas de vertedero\",\"isPartOf\":{\"@id\":\"https:\/\/www.mwm.net\/es\/#website\"},\"primaryImageOfPage\":{\"@id\":\"https:\/\/www.mwm.net\/es\/excelencia-en-gas\/soluciones-de-gas\/gas-de-vertedero\/#primaryimage\"},\"image\":{\"@id\":\"https:\/\/www.mwm.net\/es\/excelencia-en-gas\/soluciones-de-gas\/gas-de-vertedero\/#primaryimage\"},\"thumbnailUrl\":\"https:\/\/www.mwm.net\/wp-content\/uploads\/2024\/12\/Gas-de-vertedero.jpg\",\"datePublished\":\"2024-10-31T14:22:24+00:00\",\"dateModified\":\"2024-12-13T15:52:01+00:00\",\"description\":\"Los motores de gas MWM pueden configurarse para su uso en centrales el\u00e9ctricas alimentadas con gas de vertedero.Excerpt: Los motores de gas MWM pueden configurarse para su uso en centrales el\u00e9ctricas alimentadas con gas de vertedero.\",\"breadcrumb\":{\"@id\":\"https:\/\/www.mwm.net\/es\/excelencia-en-gas\/soluciones-de-gas\/gas-de-vertedero\/#breadcrumb\"},\"inLanguage\":\"es\",\"potentialAction\":[{\"@type\":\"ReadAction\",\"target\":[\"https:\/\/www.mwm.net\/es\/excelencia-en-gas\/soluciones-de-gas\/gas-de-vertedero\/\"]}]},{\"@type\":\"ImageObject\",\"inLanguage\":\"es\",\"@id\":\"https:\/\/www.mwm.net\/es\/excelencia-en-gas\/soluciones-de-gas\/gas-de-vertedero\/#primaryimage\",\"url\":\"https:\/\/www.mwm.net\/wp-content\/uploads\/2024\/12\/Gas-de-vertedero.jpg\",\"contentUrl\":\"https:\/\/www.mwm.net\/wp-content\/uploads\/2024\/12\/Gas-de-vertedero.jpg\",\"width\":1090,\"height\":600,\"caption\":\"Gas de vertedero\"},{\"@type\":\"BreadcrumbList\",\"@id\":\"https:\/\/www.mwm.net\/es\/excelencia-en-gas\/soluciones-de-gas\/gas-de-vertedero\/#breadcrumb\",\"itemListElement\":[{\"@type\":\"ListItem\",\"position\":1,\"name\":\"Home\",\"item\":\"https:\/\/www.mwm.net\/es\/\"},{\"@type\":\"ListItem\",\"position\":2,\"name\":\"Excelencia en gas\",\"item\":\"https:\/\/www.mwm.net\/es\/excelencia-en-gas\/\"},{\"@type\":\"ListItem\",\"position\":3,\"name\":\"Soluciones de gas\",\"item\":\"https:\/\/www.mwm.net\/es\/excelencia-en-gas\/soluciones-de-gas\/\"},{\"@type\":\"ListItem\",\"position\":4,\"name\":\"Gas de vertedero\"}]},{\"@type\":\"WebSite\",\"@id\":\"https:\/\/www.mwm.net\/es\/#website\",\"url\":\"https:\/\/www.mwm.net\/es\/\",\"name\":\"MWM\",\"description\":\"\",\"publisher\":{\"@id\":\"https:\/\/www.mwm.net\/es\/#organization\"},\"potentialAction\":[{\"@type\":\"SearchAction\",\"target\":{\"@type\":\"EntryPoint\",\"urlTemplate\":\"https:\/\/www.mwm.net\/es\/?s={search_term_string}\"},\"query-input\":{\"@type\":\"PropertyValueSpecification\",\"valueRequired\":true,\"valueName\":\"search_term_string\"}}],\"inLanguage\":\"es\"},{\"@type\":\"Organization\",\"@id\":\"https:\/\/www.mwm.net\/es\/#organization\",\"name\":\"Caterpillar Energy Solutions GmbH\",\"url\":\"https:\/\/www.mwm.net\/es\/\",\"logo\":{\"@type\":\"ImageObject\",\"inLanguage\":\"es\",\"@id\":\"https:\/\/www.mwm.net\/es\/#\/schema\/logo\/image\/\",\"url\":\"https:\/\/www.mwm.net\/wp-content\/uploads\/2022\/02\/logo2.jpg\",\"contentUrl\":\"https:\/\/www.mwm.net\/wp-content\/uploads\/2022\/02\/logo2.jpg\",\"width\":260,\"height\":142,\"caption\":\"Caterpillar Energy Solutions GmbH\"},\"image\":{\"@id\":\"https:\/\/www.mwm.net\/es\/#\/schema\/logo\/image\/\"}}]}<\/script>\n<!-- \/ Yoast SEO Premium plugin. -->","yoast_head_json":{"title":"Gas de vertedero - MWM Gas de vertedero","description":"Los motores de gas MWM pueden configurarse para su uso en centrales el\u00e9ctricas alimentadas con gas de vertedero.Excerpt: Los motores de gas MWM pueden configurarse para su uso en centrales el\u00e9ctricas alimentadas con gas de vertedero.","robots":{"index":"index","follow":"follow","max-snippet":"max-snippet:-1","max-image-preview":"max-image-preview:large","max-video-preview":"max-video-preview:-1"},"canonical":"https:\/\/www.mwm.net\/es\/excelencia-en-gas\/soluciones-de-gas\/gas-de-vertedero\/","og_locale":"es_ES","og_type":"article","og_title":"Gas de vertedero","og_description":"Los motores de gas MWM pueden configurarse para su uso en centrales el\u00e9ctricas alimentadas con gas de vertedero.Excerpt: Los motores de gas MWM pueden configurarse para su uso en centrales el\u00e9ctricas alimentadas con gas de vertedero.","og_url":"https:\/\/www.mwm.net\/es\/excelencia-en-gas\/soluciones-de-gas\/gas-de-vertedero\/","og_site_name":"MWM","article_modified_time":"2024-12-13T15:52:01+00:00","og_image":[{"width":1090,"height":600,"url":"https:\/\/www.mwm.net\/wp-content\/uploads\/2024\/12\/Gas-de-vertedero.jpg","type":"image\/jpeg"}],"twitter_card":"summary_large_image","twitter_misc":{"Tiempo de lectura":"3 minutos"},"schema":{"@context":"https:\/\/schema.org","@graph":[{"@type":"WebPage","@id":"https:\/\/www.mwm.net\/es\/excelencia-en-gas\/soluciones-de-gas\/gas-de-vertedero\/","url":"https:\/\/www.mwm.net\/es\/excelencia-en-gas\/soluciones-de-gas\/gas-de-vertedero\/","name":"Gas de vertedero - MWM Gas de vertedero","isPartOf":{"@id":"https:\/\/www.mwm.net\/es\/#website"},"primaryImageOfPage":{"@id":"https:\/\/www.mwm.net\/es\/excelencia-en-gas\/soluciones-de-gas\/gas-de-vertedero\/#primaryimage"},"image":{"@id":"https:\/\/www.mwm.net\/es\/excelencia-en-gas\/soluciones-de-gas\/gas-de-vertedero\/#primaryimage"},"thumbnailUrl":"https:\/\/www.mwm.net\/wp-content\/uploads\/2024\/12\/Gas-de-vertedero.jpg","datePublished":"2024-10-31T14:22:24+00:00","dateModified":"2024-12-13T15:52:01+00:00","description":"Los motores de gas MWM pueden configurarse para su uso en centrales el\u00e9ctricas alimentadas con gas de vertedero.Excerpt: Los motores de gas MWM pueden configurarse para su uso en centrales el\u00e9ctricas alimentadas con gas de vertedero.","breadcrumb":{"@id":"https:\/\/www.mwm.net\/es\/excelencia-en-gas\/soluciones-de-gas\/gas-de-vertedero\/#breadcrumb"},"inLanguage":"es","potentialAction":[{"@type":"ReadAction","target":["https:\/\/www.mwm.net\/es\/excelencia-en-gas\/soluciones-de-gas\/gas-de-vertedero\/"]}]},{"@type":"ImageObject","inLanguage":"es","@id":"https:\/\/www.mwm.net\/es\/excelencia-en-gas\/soluciones-de-gas\/gas-de-vertedero\/#primaryimage","url":"https:\/\/www.mwm.net\/wp-content\/uploads\/2024\/12\/Gas-de-vertedero.jpg","contentUrl":"https:\/\/www.mwm.net\/wp-content\/uploads\/2024\/12\/Gas-de-vertedero.jpg","width":1090,"height":600,"caption":"Gas de vertedero"},{"@type":"BreadcrumbList","@id":"https:\/\/www.mwm.net\/es\/excelencia-en-gas\/soluciones-de-gas\/gas-de-vertedero\/#breadcrumb","itemListElement":[{"@type":"ListItem","position":1,"name":"Home","item":"https:\/\/www.mwm.net\/es\/"},{"@type":"ListItem","position":2,"name":"Excelencia en gas","item":"https:\/\/www.mwm.net\/es\/excelencia-en-gas\/"},{"@type":"ListItem","position":3,"name":"Soluciones de gas","item":"https:\/\/www.mwm.net\/es\/excelencia-en-gas\/soluciones-de-gas\/"},{"@type":"ListItem","position":4,"name":"Gas de vertedero"}]},{"@type":"WebSite","@id":"https:\/\/www.mwm.net\/es\/#website","url":"https:\/\/www.mwm.net\/es\/","name":"MWM","description":"","publisher":{"@id":"https:\/\/www.mwm.net\/es\/#organization"},"potentialAction":[{"@type":"SearchAction","target":{"@type":"EntryPoint","urlTemplate":"https:\/\/www.mwm.net\/es\/?s={search_term_string}"},"query-input":{"@type":"PropertyValueSpecification","valueRequired":true,"valueName":"search_term_string"}}],"inLanguage":"es"},{"@type":"Organization","@id":"https:\/\/www.mwm.net\/es\/#organization","name":"Caterpillar Energy Solutions GmbH","url":"https:\/\/www.mwm.net\/es\/","logo":{"@type":"ImageObject","inLanguage":"es","@id":"https:\/\/www.mwm.net\/es\/#\/schema\/logo\/image\/","url":"https:\/\/www.mwm.net\/wp-content\/uploads\/2022\/02\/logo2.jpg","contentUrl":"https:\/\/www.mwm.net\/wp-content\/uploads\/2022\/02\/logo2.jpg","width":260,"height":142,"caption":"Caterpillar Energy Solutions GmbH"},"image":{"@id":"https:\/\/www.mwm.net\/es\/#\/schema\/logo\/image\/"}}]}},"_links":{"self":[{"href":"https:\/\/www.mwm.net\/es\/wp-json\/wp\/v2\/pages\/105103","targetHints":{"allow":["GET"]}}],"collection":[{"href":"https:\/\/www.mwm.net\/es\/wp-json\/wp\/v2\/pages"}],"about":[{"href":"https:\/\/www.mwm.net\/es\/wp-json\/wp\/v2\/types\/page"}],"author":[{"embeddable":true,"href":"https:\/\/www.mwm.net\/es\/wp-json\/wp\/v2\/users\/18"}],"replies":[{"embeddable":true,"href":"https:\/\/www.mwm.net\/es\/wp-json\/wp\/v2\/comments?post=105103"}],"version-history":[{"count":5,"href":"https:\/\/www.mwm.net\/es\/wp-json\/wp\/v2\/pages\/105103\/revisions"}],"predecessor-version":[{"id":107078,"href":"https:\/\/www.mwm.net\/es\/wp-json\/wp\/v2\/pages\/105103\/revisions\/107078"}],"up":[{"embeddable":true,"href":"https:\/\/www.mwm.net\/es\/wp-json\/wp\/v2\/pages\/105016"}],"wp:featuredmedia":[{"embeddable":true,"href":"https:\/\/www.mwm.net\/es\/wp-json\/wp\/v2\/media\/107075"}],"wp:attachment":[{"href":"https:\/\/www.mwm.net\/es\/wp-json\/wp\/v2\/media?parent=105103"}],"wp:term":[{"taxonomy":"post_tag","embeddable":true,"href":"https:\/\/www.mwm.net\/es\/wp-json\/wp\/v2\/tags?post=105103"}],"curies":[{"name":"wp","href":"https:\/\/api.w.org\/{rel}","templated":true}]}}