{"id":105105,"date":"2024-10-31T16:29:05","date_gmt":"2024-10-31T14:29:05","guid":{"rendered":"https:\/\/www.mwm.net\/?page_id=105105"},"modified":"2024-11-28T10:56:29","modified_gmt":"2024-11-28T08:56:29","slug":"gas-de-mina-de-carbon","status":"publish","type":"page","link":"https:\/\/www.mwm.net\/es\/excelencia-en-gas\/soluciones-de-gas\/gas-de-mina-de-carbon\/","title":{"rendered":"Gas de mina de carb\u00f3n"},"content":{"rendered":"<h2>Electricidad y calor a base de gas de mina de carb\u00f3n<\/h2>\n<p>El gas de mina de carb\u00f3n se libera de las vetas de carb\u00f3n durante procesos mineros. Distinguimos cuatro tipos de gas de mina de carb\u00f3n:<br \/>\nMetano de yacimientos de carb\u00f3n no explotados (CBM), metano procedente de miner\u00eda subterr\u00e1nea activa (CMM), metano de minas abandonadas (AMM) y gas pobre. Debido al alto contenido de metano del 30 al 95%, el CBM, el CMM y el AMM son especialmente adecuados para su uso en motores de gas. Solo el gas pobre no puede ser utilizado para la generaci\u00f3n de energ\u00eda, debido al bajo contenido de metano del 0,2 al 1,5%.<\/p>\n<figure id=\"attachment_106746\" aria-describedby=\"caption-attachment-106746\" style=\"width: 800px\" class=\"wp-caption alignleft\"><img decoding=\"async\" class=\"wp-image-106746\" src=\"https:\/\/www.mwm.net\/wp-content\/uploads\/2024\/11\/Gas-de-mina-de-carbon-768x512.jpg\" alt=\"Gas de mina de carb\u00f3n\" width=\"800\" height=\"533\" srcset=\"https:\/\/www.mwm.net\/wp-content\/uploads\/2024\/11\/Gas-de-mina-de-carbon-768x512.jpg 768w, https:\/\/www.mwm.net\/wp-content\/uploads\/2024\/11\/Gas-de-mina-de-carbon-920x613.jpg 920w, https:\/\/www.mwm.net\/wp-content\/uploads\/2024\/11\/Gas-de-mina-de-carbon-1536x1023.jpg 1536w, https:\/\/www.mwm.net\/wp-content\/uploads\/2024\/11\/Gas-de-mina-de-carbon.jpg 1600w\" sizes=\"(max-width: 767px) 89vw, (max-width: 1000px) 54vw, (max-width: 1071px) 543px, 580px\" \/><figcaption id=\"caption-attachment-106746\" class=\"wp-caption-text\">Los motores de gas MWM en plantas de cogeneraci\u00f3n que utilizan gas de mina de carb\u00f3n convierten hasta el 90% de la energ\u00eda contenida en el metano en electricidad y calor.<\/figcaption><\/figure>\n<p>Al utilizar gas de mina de carb\u00f3n con un contenido de metano de hasta el 30%, el gas, que perjudica el medio ambiente, se convierte en energ\u00eda.<\/p>\n<p>El uso de gas de mina de carb\u00f3n en un motor de gas tiene dos ventajas: en primer lugar, el metano se convierte en CO<sub>2<\/sub> por combusti\u00f3n. Y el CO<sub>2<\/sub> es hasta 25 veces menos perjudicial para el medio ambiente. En segundo lugar, hasta el 90% de la energ\u00eda contenida en el metano se convierte en electricidad y calor.<\/p>\n<div class=\"pro_grphc\">\n<div class=\"cntct_rght\"><a href=\"https:\/\/www.mwm.net\/es\/contacto\/contacto-con-ventas\/\">Contacto con ventas <strong>Haga clic aqui<\/strong><\/a><\/div>\n<\/div>\n","protected":false},"excerpt":{"rendered":"<p>Los motores de gas MWM en plantas de cogeneraci\u00f3n que utilizan gas de mina de carb\u00f3n convierten hasta el 90% de la energ\u00eda contenida en el metano en electricidad y calor. <\/p>\n","protected":false},"author":18,"featured_media":103709,"parent":105016,"menu_order":0,"comment_status":"closed","ping_status":"closed","template":"page-sidebar-template.php","meta":{"_acf_changed":false,"footnotes":""},"tags":[1450],"class_list":["post-105105","page","type-page","status-publish","has-post-thumbnail","hentry","tag-coal-mine-gas-es"],"acf":[],"yoast_head":"<!-- This site is optimized with the Yoast SEO Premium plugin v27.2 (Yoast SEO v27.2) - https:\/\/yoast.com\/product\/yoast-seo-premium-wordpress\/ -->\n<title>Gas de mina de carb\u00f3n - MWM Gas de mina de carb\u00f3n<\/title>\n<meta name=\"description\" content=\"Los motores de gas MWM en plantas de cogeneraci\u00f3n que utilizan gas de mina de carb\u00f3n convierten hasta el 90% de la energ\u00eda contenida en el metano en electricidad y calor.\" \/>\n<meta name=\"robots\" content=\"index, follow, max-snippet:-1, max-image-preview:large, max-video-preview:-1\" \/>\n<link rel=\"canonical\" href=\"https:\/\/www.mwm.net\/es\/excelencia-en-gas\/soluciones-de-gas\/gas-de-mina-de-carbon\/\" \/>\n<meta property=\"og:locale\" content=\"es_ES\" \/>\n<meta property=\"og:type\" content=\"article\" \/>\n<meta property=\"og:title\" content=\"Gas de mina de carb\u00f3n\" \/>\n<meta property=\"og:description\" content=\"Los motores de gas MWM en plantas de cogeneraci\u00f3n que utilizan gas de mina de carb\u00f3n convierten hasta el 90% de la energ\u00eda contenida en el metano en electricidad y calor.\" \/>\n<meta property=\"og:url\" content=\"https:\/\/www.mwm.net\/es\/excelencia-en-gas\/soluciones-de-gas\/gas-de-mina-de-carbon\/\" \/>\n<meta property=\"og:site_name\" content=\"MWM\" \/>\n<meta property=\"article:modified_time\" content=\"2024-11-28T08:56:29+00:00\" \/>\n<meta property=\"og:image\" content=\"https:\/\/www.mwm.net\/wp-content\/uploads\/2021\/10\/MWM-Grubengas_teaser.jpg\" \/>\n\t<meta property=\"og:image:width\" content=\"1600\" \/>\n\t<meta property=\"og:image:height\" content=\"1067\" \/>\n\t<meta property=\"og:image:type\" content=\"image\/jpeg\" \/>\n<meta name=\"twitter:card\" content=\"summary_large_image\" \/>\n<meta name=\"twitter:label1\" content=\"Tiempo de lectura\" \/>\n\t<meta name=\"twitter:data1\" content=\"2 minutos\" \/>\n<script type=\"application\/ld+json\" class=\"yoast-schema-graph\">{\"@context\":\"https:\/\/schema.org\",\"@graph\":[{\"@type\":\"WebPage\",\"@id\":\"https:\/\/www.mwm.net\/es\/excelencia-en-gas\/soluciones-de-gas\/gas-de-mina-de-carbon\/\",\"url\":\"https:\/\/www.mwm.net\/es\/excelencia-en-gas\/soluciones-de-gas\/gas-de-mina-de-carbon\/\",\"name\":\"Gas de mina de carb\u00f3n - MWM Gas de mina de carb\u00f3n\",\"isPartOf\":{\"@id\":\"https:\/\/www.mwm.net\/es\/#website\"},\"primaryImageOfPage\":{\"@id\":\"https:\/\/www.mwm.net\/es\/excelencia-en-gas\/soluciones-de-gas\/gas-de-mina-de-carbon\/#primaryimage\"},\"image\":{\"@id\":\"https:\/\/www.mwm.net\/es\/excelencia-en-gas\/soluciones-de-gas\/gas-de-mina-de-carbon\/#primaryimage\"},\"thumbnailUrl\":\"https:\/\/www.mwm.net\/wp-content\/uploads\/2021\/10\/MWM-Grubengas_teaser.jpg\",\"datePublished\":\"2024-10-31T14:29:05+00:00\",\"dateModified\":\"2024-11-28T08:56:29+00:00\",\"description\":\"Los motores de gas MWM en plantas de cogeneraci\u00f3n que utilizan gas de mina de carb\u00f3n convierten hasta el 90% de la energ\u00eda contenida en el metano en electricidad y calor.\",\"breadcrumb\":{\"@id\":\"https:\/\/www.mwm.net\/es\/excelencia-en-gas\/soluciones-de-gas\/gas-de-mina-de-carbon\/#breadcrumb\"},\"inLanguage\":\"es\",\"potentialAction\":[{\"@type\":\"ReadAction\",\"target\":[\"https:\/\/www.mwm.net\/es\/excelencia-en-gas\/soluciones-de-gas\/gas-de-mina-de-carbon\/\"]}]},{\"@type\":\"ImageObject\",\"inLanguage\":\"es\",\"@id\":\"https:\/\/www.mwm.net\/es\/excelencia-en-gas\/soluciones-de-gas\/gas-de-mina-de-carbon\/#primaryimage\",\"url\":\"https:\/\/www.mwm.net\/wp-content\/uploads\/2021\/10\/MWM-Grubengas_teaser.jpg\",\"contentUrl\":\"https:\/\/www.mwm.net\/wp-content\/uploads\/2021\/10\/MWM-Grubengas_teaser.jpg\",\"width\":1600,\"height\":1067},{\"@type\":\"BreadcrumbList\",\"@id\":\"https:\/\/www.mwm.net\/es\/excelencia-en-gas\/soluciones-de-gas\/gas-de-mina-de-carbon\/#breadcrumb\",\"itemListElement\":[{\"@type\":\"ListItem\",\"position\":1,\"name\":\"Home\",\"item\":\"https:\/\/www.mwm.net\/es\/\"},{\"@type\":\"ListItem\",\"position\":2,\"name\":\"Excelencia en gas\",\"item\":\"https:\/\/www.mwm.net\/es\/excelencia-en-gas\/\"},{\"@type\":\"ListItem\",\"position\":3,\"name\":\"Soluciones de gas\",\"item\":\"https:\/\/www.mwm.net\/es\/excelencia-en-gas\/soluciones-de-gas\/\"},{\"@type\":\"ListItem\",\"position\":4,\"name\":\"Gas de mina de carb\u00f3n\"}]},{\"@type\":\"WebSite\",\"@id\":\"https:\/\/www.mwm.net\/es\/#website\",\"url\":\"https:\/\/www.mwm.net\/es\/\",\"name\":\"MWM\",\"description\":\"\",\"publisher\":{\"@id\":\"https:\/\/www.mwm.net\/es\/#organization\"},\"potentialAction\":[{\"@type\":\"SearchAction\",\"target\":{\"@type\":\"EntryPoint\",\"urlTemplate\":\"https:\/\/www.mwm.net\/es\/?s={search_term_string}\"},\"query-input\":{\"@type\":\"PropertyValueSpecification\",\"valueRequired\":true,\"valueName\":\"search_term_string\"}}],\"inLanguage\":\"es\"},{\"@type\":\"Organization\",\"@id\":\"https:\/\/www.mwm.net\/es\/#organization\",\"name\":\"Caterpillar Energy Solutions GmbH\",\"url\":\"https:\/\/www.mwm.net\/es\/\",\"logo\":{\"@type\":\"ImageObject\",\"inLanguage\":\"es\",\"@id\":\"https:\/\/www.mwm.net\/es\/#\/schema\/logo\/image\/\",\"url\":\"https:\/\/www.mwm.net\/wp-content\/uploads\/2022\/02\/logo2.jpg\",\"contentUrl\":\"https:\/\/www.mwm.net\/wp-content\/uploads\/2022\/02\/logo2.jpg\",\"width\":260,\"height\":142,\"caption\":\"Caterpillar Energy Solutions GmbH\"},\"image\":{\"@id\":\"https:\/\/www.mwm.net\/es\/#\/schema\/logo\/image\/\"}}]}<\/script>\n<!-- \/ Yoast SEO Premium plugin. -->","yoast_head_json":{"title":"Gas de mina de carb\u00f3n - MWM Gas de mina de carb\u00f3n","description":"Los motores de gas MWM en plantas de cogeneraci\u00f3n que utilizan gas de mina de carb\u00f3n convierten hasta el 90% de la energ\u00eda contenida en el metano en electricidad y calor.","robots":{"index":"index","follow":"follow","max-snippet":"max-snippet:-1","max-image-preview":"max-image-preview:large","max-video-preview":"max-video-preview:-1"},"canonical":"https:\/\/www.mwm.net\/es\/excelencia-en-gas\/soluciones-de-gas\/gas-de-mina-de-carbon\/","og_locale":"es_ES","og_type":"article","og_title":"Gas de mina de carb\u00f3n","og_description":"Los motores de gas MWM en plantas de cogeneraci\u00f3n que utilizan gas de mina de carb\u00f3n convierten hasta el 90% de la energ\u00eda contenida en el metano en electricidad y calor.","og_url":"https:\/\/www.mwm.net\/es\/excelencia-en-gas\/soluciones-de-gas\/gas-de-mina-de-carbon\/","og_site_name":"MWM","article_modified_time":"2024-11-28T08:56:29+00:00","og_image":[{"width":1600,"height":1067,"url":"https:\/\/www.mwm.net\/wp-content\/uploads\/2021\/10\/MWM-Grubengas_teaser.jpg","type":"image\/jpeg"}],"twitter_card":"summary_large_image","twitter_misc":{"Tiempo de lectura":"2 minutos"},"schema":{"@context":"https:\/\/schema.org","@graph":[{"@type":"WebPage","@id":"https:\/\/www.mwm.net\/es\/excelencia-en-gas\/soluciones-de-gas\/gas-de-mina-de-carbon\/","url":"https:\/\/www.mwm.net\/es\/excelencia-en-gas\/soluciones-de-gas\/gas-de-mina-de-carbon\/","name":"Gas de mina de carb\u00f3n - MWM Gas de mina de carb\u00f3n","isPartOf":{"@id":"https:\/\/www.mwm.net\/es\/#website"},"primaryImageOfPage":{"@id":"https:\/\/www.mwm.net\/es\/excelencia-en-gas\/soluciones-de-gas\/gas-de-mina-de-carbon\/#primaryimage"},"image":{"@id":"https:\/\/www.mwm.net\/es\/excelencia-en-gas\/soluciones-de-gas\/gas-de-mina-de-carbon\/#primaryimage"},"thumbnailUrl":"https:\/\/www.mwm.net\/wp-content\/uploads\/2021\/10\/MWM-Grubengas_teaser.jpg","datePublished":"2024-10-31T14:29:05+00:00","dateModified":"2024-11-28T08:56:29+00:00","description":"Los motores de gas MWM en plantas de cogeneraci\u00f3n que utilizan gas de mina de carb\u00f3n convierten hasta el 90% de la energ\u00eda contenida en el metano en electricidad y calor.","breadcrumb":{"@id":"https:\/\/www.mwm.net\/es\/excelencia-en-gas\/soluciones-de-gas\/gas-de-mina-de-carbon\/#breadcrumb"},"inLanguage":"es","potentialAction":[{"@type":"ReadAction","target":["https:\/\/www.mwm.net\/es\/excelencia-en-gas\/soluciones-de-gas\/gas-de-mina-de-carbon\/"]}]},{"@type":"ImageObject","inLanguage":"es","@id":"https:\/\/www.mwm.net\/es\/excelencia-en-gas\/soluciones-de-gas\/gas-de-mina-de-carbon\/#primaryimage","url":"https:\/\/www.mwm.net\/wp-content\/uploads\/2021\/10\/MWM-Grubengas_teaser.jpg","contentUrl":"https:\/\/www.mwm.net\/wp-content\/uploads\/2021\/10\/MWM-Grubengas_teaser.jpg","width":1600,"height":1067},{"@type":"BreadcrumbList","@id":"https:\/\/www.mwm.net\/es\/excelencia-en-gas\/soluciones-de-gas\/gas-de-mina-de-carbon\/#breadcrumb","itemListElement":[{"@type":"ListItem","position":1,"name":"Home","item":"https:\/\/www.mwm.net\/es\/"},{"@type":"ListItem","position":2,"name":"Excelencia en gas","item":"https:\/\/www.mwm.net\/es\/excelencia-en-gas\/"},{"@type":"ListItem","position":3,"name":"Soluciones de gas","item":"https:\/\/www.mwm.net\/es\/excelencia-en-gas\/soluciones-de-gas\/"},{"@type":"ListItem","position":4,"name":"Gas de mina de carb\u00f3n"}]},{"@type":"WebSite","@id":"https:\/\/www.mwm.net\/es\/#website","url":"https:\/\/www.mwm.net\/es\/","name":"MWM","description":"","publisher":{"@id":"https:\/\/www.mwm.net\/es\/#organization"},"potentialAction":[{"@type":"SearchAction","target":{"@type":"EntryPoint","urlTemplate":"https:\/\/www.mwm.net\/es\/?s={search_term_string}"},"query-input":{"@type":"PropertyValueSpecification","valueRequired":true,"valueName":"search_term_string"}}],"inLanguage":"es"},{"@type":"Organization","@id":"https:\/\/www.mwm.net\/es\/#organization","name":"Caterpillar Energy Solutions GmbH","url":"https:\/\/www.mwm.net\/es\/","logo":{"@type":"ImageObject","inLanguage":"es","@id":"https:\/\/www.mwm.net\/es\/#\/schema\/logo\/image\/","url":"https:\/\/www.mwm.net\/wp-content\/uploads\/2022\/02\/logo2.jpg","contentUrl":"https:\/\/www.mwm.net\/wp-content\/uploads\/2022\/02\/logo2.jpg","width":260,"height":142,"caption":"Caterpillar Energy Solutions GmbH"},"image":{"@id":"https:\/\/www.mwm.net\/es\/#\/schema\/logo\/image\/"}}]}},"_links":{"self":[{"href":"https:\/\/www.mwm.net\/es\/wp-json\/wp\/v2\/pages\/105105","targetHints":{"allow":["GET"]}}],"collection":[{"href":"https:\/\/www.mwm.net\/es\/wp-json\/wp\/v2\/pages"}],"about":[{"href":"https:\/\/www.mwm.net\/es\/wp-json\/wp\/v2\/types\/page"}],"author":[{"embeddable":true,"href":"https:\/\/www.mwm.net\/es\/wp-json\/wp\/v2\/users\/18"}],"replies":[{"embeddable":true,"href":"https:\/\/www.mwm.net\/es\/wp-json\/wp\/v2\/comments?post=105105"}],"version-history":[{"count":5,"href":"https:\/\/www.mwm.net\/es\/wp-json\/wp\/v2\/pages\/105105\/revisions"}],"predecessor-version":[{"id":106777,"href":"https:\/\/www.mwm.net\/es\/wp-json\/wp\/v2\/pages\/105105\/revisions\/106777"}],"up":[{"embeddable":true,"href":"https:\/\/www.mwm.net\/es\/wp-json\/wp\/v2\/pages\/105016"}],"wp:featuredmedia":[{"embeddable":true,"href":"https:\/\/www.mwm.net\/es\/wp-json\/wp\/v2\/media\/103709"}],"wp:attachment":[{"href":"https:\/\/www.mwm.net\/es\/wp-json\/wp\/v2\/media?parent=105105"}],"wp:term":[{"taxonomy":"post_tag","embeddable":true,"href":"https:\/\/www.mwm.net\/es\/wp-json\/wp\/v2\/tags?post=105105"}],"curies":[{"name":"wp","href":"https:\/\/api.w.org\/{rel}","templated":true}]}}