{"id":105151,"date":"2024-11-01T13:48:35","date_gmt":"2024-11-01T11:48:35","guid":{"rendered":"https:\/\/www.mwm.net\/?page_id=105151"},"modified":"2025-01-08T13:23:13","modified_gmt":"2025-01-08T11:23:13","slug":"gas-con-contenido-de-hidrogeno","status":"publish","type":"page","link":"https:\/\/www.mwm.net\/es\/excelencia-en-gas\/soluciones-de-gas\/gas-con-contenido-de-hidrogeno\/","title":{"rendered":"Gas con contenido de hidr\u00f3geno"},"content":{"rendered":"<h2>Suministro de energ\u00eda descentralizada con gases que contienen hidr\u00f3geno<\/h2>\n<p>Los gases que contienen hidr\u00f3geno incluyen <a href=\"\/es\/competencias\/soluciones-de-gas\/gas-de-mina-de-carbon\/\">gas de coque, gas de mina de carb\u00f3n <\/a> y <a href=\"\/es\/competencias\/soluciones-de-gas\/biogas\/\">gases procedentes de la gasificaci\u00f3n de biomasa<\/a>.<\/p>\n<figure id=\"attachment_106734\" aria-describedby=\"caption-attachment-106734\" style=\"width: 800px\" class=\"wp-caption alignleft\"><img decoding=\"async\" class=\"wp-image-106734\" src=\"https:\/\/www.mwm.net\/wp-content\/uploads\/2024\/11\/Hidrogeno-768x513.jpg\" alt=\"Los gases que contienen hidr\u00f3geno incluyen gas de coque, gas de mina de carb\u00f3n y gases procedentes de la gasificaci\u00f3n de biomasa.\n\n\" width=\"800\" height=\"535\" srcset=\"https:\/\/www.mwm.net\/wp-content\/uploads\/2024\/11\/Hidrogeno-768x513.jpg 768w, https:\/\/www.mwm.net\/wp-content\/uploads\/2024\/11\/Hidrogeno-920x615.jpg 920w, https:\/\/www.mwm.net\/wp-content\/uploads\/2024\/11\/Hidrogeno-1536x1026.jpg 1536w, https:\/\/www.mwm.net\/wp-content\/uploads\/2024\/11\/Hidrogeno.jpg 1600w\" sizes=\"(max-width: 767px) 89vw, (max-width: 1000px) 54vw, (max-width: 1071px) 543px, 580px\" \/><figcaption id=\"caption-attachment-106734\" class=\"wp-caption-text\">Los motores de gas MWM pueden configurarse para diferentes gases que contienen hidr\u00f3geno como combustible en plantas de cogeneraci\u00f3n<\/figcaption><\/figure>\n<p>Estos gases tienen un contenido de hidr\u00f3geno fluctuante y un contenido de metano (CH<sub>4<\/sub>) relativamente bajo, lo que los convierte en unas fuentes de energ\u00eda ecol\u00f3gicas. Dependiendo de la composici\u00f3n del gas, se requieren diferentes configuraciones de motores de gas MWM para garantizar un rendimiento y una eficiencia ideales. Adem\u00e1s, se requieren instalaciones de seguridad especiales para garantizar un funcionamiento seguro. El hidr\u00f3geno se puede utilizar como <a href=\"https:\/\/www.mwm.net\/es\/excelencia-en-gas\/energia-de-hidrogeno-mwm\/\">fuente de energ\u00eda para la generaci\u00f3n de energ\u00eda distribuida<\/a>, como combustible para veh\u00edculos, como materia prima para procesos qu\u00edmicos y para el almacenamiento a largo plazo.<\/p>\n<h2>Emisiones de carbono menores<\/h2>\n<p>En comparacion con los combustibles f\u00f3siles, las emisiones de carbono del hidr\u00f3geno producido de forma sostenible y econ\u00f3mica son mucho menores. El hidr\u00f3geno es adecuado tanto para la generaci\u00f3n de energ\u00eda centralizada como para el uso en plantas descentrales. No todos los tipos de hidr\u00f3geno provienen de una producci\u00f3n sin emisiones de carbono. Desde el punto de vista de la producci\u00f3n, se distingue entre hidr\u00f3geno verde, azul, turquesa y gris. Alrededor del 96 % del hidr\u00f3geno que se produce en todo el mundo se obtiene a partir de gas natural, petr\u00f3leo y carb\u00f3n.<\/p>\n<p><strong>El hidr\u00f3geno verde<\/strong> se produce mediante electr\u00f3lisis. La electricidad para la electr\u00f3lisis procede exclusivamente de energ\u00edas renovables, p. ej., de energ\u00eda solar y e\u00f3lica o de biomasa. El exceso de energ\u00eda procedente de energ\u00edas renovables se almacena con el proceso power-to-X para poder aprovechar esta energ\u00eda en el momento que sea necesario. La electr\u00f3lisis divide el agua en hidr\u00f3geno y ox\u00edgeno, utilizando energ\u00eda procedente de fuentes sostenibles. Al agregar di\u00f3xido de carbono del aire, el hidr\u00f3geno puede convertirse en un gas combustible neutro para el clima (power to gas) o en combustible sint\u00e9tico (power to liquid). Independientemente de la tecnolog\u00eda de electr\u00f3lisis elegida, la producci\u00f3n de hidr\u00f3geno verde est\u00e1 libre de emisiones de carbono, ya que la electricidad utilizada proviene exclusivamente de fuentes renovables.<br \/>\n<strong>El hidr\u00f3geno azul<\/strong> es el hidr\u00f3geno producido por el reformado del vapor. El CO<sub>2<\/sub> resultante se captura y almacena, por lo que no puede escapar a la atm\u00f3sfera. En consecuencia, el hidr\u00f3geno azul presenta un balance neutro de carbono.<\/p>\n<p><strong>El hidr\u00f3geno turquesa<\/strong>se obtiene mediante la pir\u00f3lisis del metano, es decir, la divisi\u00f3n t\u00e9rmica del metano. En lugar de CO<sub>2<\/sub>, este proceso produce carbono s\u00f3lido.<\/p>\n<p><strong>El hidr\u00f3geno<\/strong> gris se produce utilizando combustibles f\u00f3siles. En el proceso de reformado con vapor, el gas natural se calienta y se divide en CO<sub>2<\/sub> e hidr\u00f3geno. El CO<sub>2<\/sub> se libera a la atm\u00f3sfera.<\/p>\n<p>Para el \u00e9xito de la transici\u00f3n energ\u00e9tica y para cumplir con los objetivos clim\u00e1ticos, el hidr\u00f3geno verde es indispensable como combustible y almacenamiento de energ\u00eda neutro para el clima.<\/p>\n<h2>Mezclas de hidr\u00f3geno en motores de gas MWM<\/h2>\n<p>Los motores de gas MWM est\u00e1n preparados para funcionar con una mezcla de hidr\u00f3geno de hasta el 10%. La mezcla de hidr\u00f3geno no es un problema para los <a href=\"https:\/\/www.mwm.net\/es\/motores-de-gas-grupos-electrogenos\/\">motores de gas MWM <\/a> y puede realizarse sin necesidad de ajustes t\u00e9cnicos. Tambi\u00e9n son posibles mezclas de hidr\u00f3geno superiores, de hasta el 25% en volumen, pero requieren modificaciones t\u00e9cnicas.<br \/>\n<img decoding=\"async\" class=\"aligncenter wp-image-101395\" src=\"https:\/\/www.mwm.net\/wp-content\/uploads\/2024\/04\/Gas-Engine-Gas-Containing-Hydrogen-1.jpg\" alt=\"plantas de cogeneraci\u00f3n \" width=\"800\" height=\"547\" srcset=\"https:\/\/www.mwm.net\/wp-content\/uploads\/2024\/04\/Gas-Engine-Gas-Containing-Hydrogen-1.jpg 1600w, https:\/\/www.mwm.net\/wp-content\/uploads\/2024\/04\/Gas-Engine-Gas-Containing-Hydrogen-1-768x525.jpg 768w, https:\/\/www.mwm.net\/wp-content\/uploads\/2024\/04\/Gas-Engine-Gas-Containing-Hydrogen-1-1536x1049.jpg 1536w\" sizes=\"(max-width: 767px) 89vw, (max-width: 1000px) 54vw, (max-width: 1071px) 543px, 580px\" \/><br \/>\nEl sello \u00ab<a href=\"https:\/\/www.mwm.net\/es\/eventos\/teaser_einzeln-10-2\/\">Hydrogen Power<\/a>\u00bb certifica que los motores de gas MWM pueden operarse con una adici\u00f3n de hidr\u00f3geno de hasta el 25% vol. MWM tambi\u00e9n ofrece kits de retrofit para las <a href=\"https:\/\/www.mwm.net\/es\/plantas-de-energia-distribuida\/\">plantas de cogeneraci\u00f3n<\/a> existentes para permitir la adici\u00f3n de hidr\u00f3geno. Con su gama de <a href=\"https:\/\/www.mwm.net\/es\/motores-de-gas-grupos-electrogenos\/\">motores de gas<\/a> que permiten una mezcla de hidr\u00f3geno de hasta el 25% en volumen, MWM apoya a los operadores de plantas en el cambio gradual a combustibles m\u00e1s ecol\u00f3gicos en la producci\u00f3n de electricidad y calor.<\/p>\n<div class=\"pro_grphc\">\n<div class=\"cntct_rght\"><a href=\"https:\/\/www.mwm.net\/es\/contacto\/contacto-con-ventas\/\">Contacto con ventas <strong>Haga clic aqui<\/strong><\/a><\/div>\n<\/div>\n","protected":false},"excerpt":{"rendered":"<p>Los motores de gas MWM pueden configurarse para diferentes gases que contienen hidr\u00f3geno como combustible en plantas de cogeneraci\u00f3n<br \/>\nExcerpt: Los motores de gas MWM pueden configurarse para diferentes gases que contienen hidr\u00f3geno como combustible en plantas de cogeneraci\u00f3n<\/p>\n","protected":false},"author":18,"featured_media":103708,"parent":105016,"menu_order":0,"comment_status":"closed","ping_status":"closed","template":"page-sidebar-template.php","meta":{"_acf_changed":false,"footnotes":""},"tags":[],"class_list":["post-105151","page","type-page","status-publish","has-post-thumbnail","hentry"],"acf":[],"yoast_head":"<!-- This site is optimized with the Yoast SEO Premium plugin v27.2 (Yoast SEO v27.2) - https:\/\/yoast.com\/product\/yoast-seo-premium-wordpress\/ -->\n<title>Gas con contenido de hidr\u00f3geno - MWM<\/title>\n<meta name=\"description\" content=\"Los motores de gas MWM pueden configurarse para diferentes gases que contienen hidr\u00f3geno como combustible en plantas de cogeneraci\u00f3nExcerpt: Los motores de gas MWM pueden configurarse para diferentes gases que contienen hidr\u00f3geno como combustible en plantas de cogeneraci\u00f3n\" \/>\n<meta name=\"robots\" content=\"index, follow, max-snippet:-1, max-image-preview:large, max-video-preview:-1\" \/>\n<link rel=\"canonical\" href=\"https:\/\/www.mwm.net\/es\/excelencia-en-gas\/soluciones-de-gas\/gas-con-contenido-de-hidrogeno\/\" \/>\n<meta property=\"og:locale\" content=\"es_ES\" \/>\n<meta property=\"og:type\" content=\"article\" \/>\n<meta property=\"og:title\" content=\"Gas con contenido de hidr\u00f3geno\" \/>\n<meta property=\"og:description\" content=\"Los motores de gas MWM pueden configurarse para diferentes gases que contienen hidr\u00f3geno como combustible en plantas de cogeneraci\u00f3nExcerpt: Los motores de gas MWM pueden configurarse para diferentes gases que contienen hidr\u00f3geno como combustible en plantas de cogeneraci\u00f3n\" \/>\n<meta property=\"og:url\" content=\"https:\/\/www.mwm.net\/es\/excelencia-en-gas\/soluciones-de-gas\/gas-con-contenido-de-hidrogeno\/\" \/>\n<meta property=\"og:site_name\" content=\"MWM\" \/>\n<meta property=\"article:modified_time\" content=\"2025-01-08T11:23:13+00:00\" \/>\n<meta property=\"og:image\" content=\"https:\/\/www.mwm.net\/wp-content\/uploads\/2021\/10\/MWM-Wasserstoff_teaser.jpg\" \/>\n\t<meta property=\"og:image:width\" content=\"1600\" \/>\n\t<meta property=\"og:image:height\" content=\"1070\" \/>\n\t<meta property=\"og:image:type\" content=\"image\/jpeg\" \/>\n<meta name=\"twitter:card\" content=\"summary_large_image\" \/>\n<meta name=\"twitter:label1\" content=\"Tiempo de lectura\" \/>\n\t<meta name=\"twitter:data1\" content=\"5 minutos\" \/>\n<script type=\"application\/ld+json\" class=\"yoast-schema-graph\">{\"@context\":\"https:\/\/schema.org\",\"@graph\":[{\"@type\":\"WebPage\",\"@id\":\"https:\/\/www.mwm.net\/es\/excelencia-en-gas\/soluciones-de-gas\/gas-con-contenido-de-hidrogeno\/\",\"url\":\"https:\/\/www.mwm.net\/es\/excelencia-en-gas\/soluciones-de-gas\/gas-con-contenido-de-hidrogeno\/\",\"name\":\"Gas con contenido de hidr\u00f3geno - MWM\",\"isPartOf\":{\"@id\":\"https:\/\/www.mwm.net\/es\/#website\"},\"primaryImageOfPage\":{\"@id\":\"https:\/\/www.mwm.net\/es\/excelencia-en-gas\/soluciones-de-gas\/gas-con-contenido-de-hidrogeno\/#primaryimage\"},\"image\":{\"@id\":\"https:\/\/www.mwm.net\/es\/excelencia-en-gas\/soluciones-de-gas\/gas-con-contenido-de-hidrogeno\/#primaryimage\"},\"thumbnailUrl\":\"https:\/\/www.mwm.net\/wp-content\/uploads\/2021\/10\/MWM-Wasserstoff_teaser.jpg\",\"datePublished\":\"2024-11-01T11:48:35+00:00\",\"dateModified\":\"2025-01-08T11:23:13+00:00\",\"description\":\"Los motores de gas MWM pueden configurarse para diferentes gases que contienen hidr\u00f3geno como combustible en plantas de cogeneraci\u00f3nExcerpt: Los motores de gas MWM pueden configurarse para diferentes gases que contienen hidr\u00f3geno como combustible en plantas de cogeneraci\u00f3n\",\"breadcrumb\":{\"@id\":\"https:\/\/www.mwm.net\/es\/excelencia-en-gas\/soluciones-de-gas\/gas-con-contenido-de-hidrogeno\/#breadcrumb\"},\"inLanguage\":\"es\",\"potentialAction\":[{\"@type\":\"ReadAction\",\"target\":[\"https:\/\/www.mwm.net\/es\/excelencia-en-gas\/soluciones-de-gas\/gas-con-contenido-de-hidrogeno\/\"]}]},{\"@type\":\"ImageObject\",\"inLanguage\":\"es\",\"@id\":\"https:\/\/www.mwm.net\/es\/excelencia-en-gas\/soluciones-de-gas\/gas-con-contenido-de-hidrogeno\/#primaryimage\",\"url\":\"https:\/\/www.mwm.net\/wp-content\/uploads\/2021\/10\/MWM-Wasserstoff_teaser.jpg\",\"contentUrl\":\"https:\/\/www.mwm.net\/wp-content\/uploads\/2021\/10\/MWM-Wasserstoff_teaser.jpg\",\"width\":1600,\"height\":1070},{\"@type\":\"BreadcrumbList\",\"@id\":\"https:\/\/www.mwm.net\/es\/excelencia-en-gas\/soluciones-de-gas\/gas-con-contenido-de-hidrogeno\/#breadcrumb\",\"itemListElement\":[{\"@type\":\"ListItem\",\"position\":1,\"name\":\"Home\",\"item\":\"https:\/\/www.mwm.net\/es\/\"},{\"@type\":\"ListItem\",\"position\":2,\"name\":\"Excelencia en gas\",\"item\":\"https:\/\/www.mwm.net\/es\/excelencia-en-gas\/\"},{\"@type\":\"ListItem\",\"position\":3,\"name\":\"Soluciones de gas\",\"item\":\"https:\/\/www.mwm.net\/es\/excelencia-en-gas\/soluciones-de-gas\/\"},{\"@type\":\"ListItem\",\"position\":4,\"name\":\"Gas con contenido de hidr\u00f3geno\"}]},{\"@type\":\"WebSite\",\"@id\":\"https:\/\/www.mwm.net\/es\/#website\",\"url\":\"https:\/\/www.mwm.net\/es\/\",\"name\":\"MWM\",\"description\":\"\",\"publisher\":{\"@id\":\"https:\/\/www.mwm.net\/es\/#organization\"},\"potentialAction\":[{\"@type\":\"SearchAction\",\"target\":{\"@type\":\"EntryPoint\",\"urlTemplate\":\"https:\/\/www.mwm.net\/es\/?s={search_term_string}\"},\"query-input\":{\"@type\":\"PropertyValueSpecification\",\"valueRequired\":true,\"valueName\":\"search_term_string\"}}],\"inLanguage\":\"es\"},{\"@type\":\"Organization\",\"@id\":\"https:\/\/www.mwm.net\/es\/#organization\",\"name\":\"Caterpillar Energy Solutions GmbH\",\"url\":\"https:\/\/www.mwm.net\/es\/\",\"logo\":{\"@type\":\"ImageObject\",\"inLanguage\":\"es\",\"@id\":\"https:\/\/www.mwm.net\/es\/#\/schema\/logo\/image\/\",\"url\":\"https:\/\/www.mwm.net\/wp-content\/uploads\/2022\/02\/logo2.jpg\",\"contentUrl\":\"https:\/\/www.mwm.net\/wp-content\/uploads\/2022\/02\/logo2.jpg\",\"width\":260,\"height\":142,\"caption\":\"Caterpillar Energy Solutions GmbH\"},\"image\":{\"@id\":\"https:\/\/www.mwm.net\/es\/#\/schema\/logo\/image\/\"}}]}<\/script>\n<!-- \/ Yoast SEO Premium plugin. -->","yoast_head_json":{"title":"Gas con contenido de hidr\u00f3geno - MWM","description":"Los motores de gas MWM pueden configurarse para diferentes gases que contienen hidr\u00f3geno como combustible en plantas de cogeneraci\u00f3nExcerpt: Los motores de gas MWM pueden configurarse para diferentes gases que contienen hidr\u00f3geno como combustible en plantas de cogeneraci\u00f3n","robots":{"index":"index","follow":"follow","max-snippet":"max-snippet:-1","max-image-preview":"max-image-preview:large","max-video-preview":"max-video-preview:-1"},"canonical":"https:\/\/www.mwm.net\/es\/excelencia-en-gas\/soluciones-de-gas\/gas-con-contenido-de-hidrogeno\/","og_locale":"es_ES","og_type":"article","og_title":"Gas con contenido de hidr\u00f3geno","og_description":"Los motores de gas MWM pueden configurarse para diferentes gases que contienen hidr\u00f3geno como combustible en plantas de cogeneraci\u00f3nExcerpt: Los motores de gas MWM pueden configurarse para diferentes gases que contienen hidr\u00f3geno como combustible en plantas de cogeneraci\u00f3n","og_url":"https:\/\/www.mwm.net\/es\/excelencia-en-gas\/soluciones-de-gas\/gas-con-contenido-de-hidrogeno\/","og_site_name":"MWM","article_modified_time":"2025-01-08T11:23:13+00:00","og_image":[{"width":1600,"height":1070,"url":"https:\/\/www.mwm.net\/wp-content\/uploads\/2021\/10\/MWM-Wasserstoff_teaser.jpg","type":"image\/jpeg"}],"twitter_card":"summary_large_image","twitter_misc":{"Tiempo de lectura":"5 minutos"},"schema":{"@context":"https:\/\/schema.org","@graph":[{"@type":"WebPage","@id":"https:\/\/www.mwm.net\/es\/excelencia-en-gas\/soluciones-de-gas\/gas-con-contenido-de-hidrogeno\/","url":"https:\/\/www.mwm.net\/es\/excelencia-en-gas\/soluciones-de-gas\/gas-con-contenido-de-hidrogeno\/","name":"Gas con contenido de hidr\u00f3geno - MWM","isPartOf":{"@id":"https:\/\/www.mwm.net\/es\/#website"},"primaryImageOfPage":{"@id":"https:\/\/www.mwm.net\/es\/excelencia-en-gas\/soluciones-de-gas\/gas-con-contenido-de-hidrogeno\/#primaryimage"},"image":{"@id":"https:\/\/www.mwm.net\/es\/excelencia-en-gas\/soluciones-de-gas\/gas-con-contenido-de-hidrogeno\/#primaryimage"},"thumbnailUrl":"https:\/\/www.mwm.net\/wp-content\/uploads\/2021\/10\/MWM-Wasserstoff_teaser.jpg","datePublished":"2024-11-01T11:48:35+00:00","dateModified":"2025-01-08T11:23:13+00:00","description":"Los motores de gas MWM pueden configurarse para diferentes gases que contienen hidr\u00f3geno como combustible en plantas de cogeneraci\u00f3nExcerpt: Los motores de gas MWM pueden configurarse para diferentes gases que contienen hidr\u00f3geno como combustible en plantas de cogeneraci\u00f3n","breadcrumb":{"@id":"https:\/\/www.mwm.net\/es\/excelencia-en-gas\/soluciones-de-gas\/gas-con-contenido-de-hidrogeno\/#breadcrumb"},"inLanguage":"es","potentialAction":[{"@type":"ReadAction","target":["https:\/\/www.mwm.net\/es\/excelencia-en-gas\/soluciones-de-gas\/gas-con-contenido-de-hidrogeno\/"]}]},{"@type":"ImageObject","inLanguage":"es","@id":"https:\/\/www.mwm.net\/es\/excelencia-en-gas\/soluciones-de-gas\/gas-con-contenido-de-hidrogeno\/#primaryimage","url":"https:\/\/www.mwm.net\/wp-content\/uploads\/2021\/10\/MWM-Wasserstoff_teaser.jpg","contentUrl":"https:\/\/www.mwm.net\/wp-content\/uploads\/2021\/10\/MWM-Wasserstoff_teaser.jpg","width":1600,"height":1070},{"@type":"BreadcrumbList","@id":"https:\/\/www.mwm.net\/es\/excelencia-en-gas\/soluciones-de-gas\/gas-con-contenido-de-hidrogeno\/#breadcrumb","itemListElement":[{"@type":"ListItem","position":1,"name":"Home","item":"https:\/\/www.mwm.net\/es\/"},{"@type":"ListItem","position":2,"name":"Excelencia en gas","item":"https:\/\/www.mwm.net\/es\/excelencia-en-gas\/"},{"@type":"ListItem","position":3,"name":"Soluciones de gas","item":"https:\/\/www.mwm.net\/es\/excelencia-en-gas\/soluciones-de-gas\/"},{"@type":"ListItem","position":4,"name":"Gas con contenido de hidr\u00f3geno"}]},{"@type":"WebSite","@id":"https:\/\/www.mwm.net\/es\/#website","url":"https:\/\/www.mwm.net\/es\/","name":"MWM","description":"","publisher":{"@id":"https:\/\/www.mwm.net\/es\/#organization"},"potentialAction":[{"@type":"SearchAction","target":{"@type":"EntryPoint","urlTemplate":"https:\/\/www.mwm.net\/es\/?s={search_term_string}"},"query-input":{"@type":"PropertyValueSpecification","valueRequired":true,"valueName":"search_term_string"}}],"inLanguage":"es"},{"@type":"Organization","@id":"https:\/\/www.mwm.net\/es\/#organization","name":"Caterpillar Energy Solutions GmbH","url":"https:\/\/www.mwm.net\/es\/","logo":{"@type":"ImageObject","inLanguage":"es","@id":"https:\/\/www.mwm.net\/es\/#\/schema\/logo\/image\/","url":"https:\/\/www.mwm.net\/wp-content\/uploads\/2022\/02\/logo2.jpg","contentUrl":"https:\/\/www.mwm.net\/wp-content\/uploads\/2022\/02\/logo2.jpg","width":260,"height":142,"caption":"Caterpillar Energy Solutions GmbH"},"image":{"@id":"https:\/\/www.mwm.net\/es\/#\/schema\/logo\/image\/"}}]}},"_links":{"self":[{"href":"https:\/\/www.mwm.net\/es\/wp-json\/wp\/v2\/pages\/105151","targetHints":{"allow":["GET"]}}],"collection":[{"href":"https:\/\/www.mwm.net\/es\/wp-json\/wp\/v2\/pages"}],"about":[{"href":"https:\/\/www.mwm.net\/es\/wp-json\/wp\/v2\/types\/page"}],"author":[{"embeddable":true,"href":"https:\/\/www.mwm.net\/es\/wp-json\/wp\/v2\/users\/18"}],"replies":[{"embeddable":true,"href":"https:\/\/www.mwm.net\/es\/wp-json\/wp\/v2\/comments?post=105151"}],"version-history":[{"count":6,"href":"https:\/\/www.mwm.net\/es\/wp-json\/wp\/v2\/pages\/105151\/revisions"}],"predecessor-version":[{"id":107271,"href":"https:\/\/www.mwm.net\/es\/wp-json\/wp\/v2\/pages\/105151\/revisions\/107271"}],"up":[{"embeddable":true,"href":"https:\/\/www.mwm.net\/es\/wp-json\/wp\/v2\/pages\/105016"}],"wp:featuredmedia":[{"embeddable":true,"href":"https:\/\/www.mwm.net\/es\/wp-json\/wp\/v2\/media\/103708"}],"wp:attachment":[{"href":"https:\/\/www.mwm.net\/es\/wp-json\/wp\/v2\/media?parent=105151"}],"wp:term":[{"taxonomy":"post_tag","embeddable":true,"href":"https:\/\/www.mwm.net\/es\/wp-json\/wp\/v2\/tags?post=105151"}],"curies":[{"name":"wp","href":"https:\/\/api.w.org\/{rel}","templated":true}]}}