{"id":105162,"date":"2024-11-01T14:03:26","date_gmt":"2024-11-01T12:03:26","guid":{"rendered":"https:\/\/www.mwm.net\/?page_id=105162"},"modified":"2024-11-28T10:48:41","modified_gmt":"2024-11-28T08:48:41","slug":"gas-asociado-al-petroleo-gap","status":"publish","type":"page","link":"https:\/\/www.mwm.net\/es\/excelencia-en-gas\/soluciones-de-gas\/gas-asociado-al-petroleo-gap\/","title":{"rendered":"Gas asociado al petr\u00f3leo (GAP)"},"content":{"rendered":"<h2>Gas asociado al petr\u00f3leo: energ\u00eda a base de un subproducto para lograr m\u00e1xima eficiencia<\/h2>\n<p>El gas asociado al petr\u00f3leo (GAP) es un gas natural que se obtiene durante la extracci\u00f3n de petr\u00f3leo. Es posible extraer hasta 800 m3 de gas asociado al petr\u00f3leo de los yacimientos de carb\u00f3n por tonelada de petr\u00f3leo. La resistencia al golpeteo, crucial para la combusti\u00f3n, oscila entre un \u00edndice de metano de 25 y 95.<\/p>\n<figure id=\"attachment_106730\" aria-describedby=\"caption-attachment-106730\" style=\"width: 800px\" class=\"wp-caption aligncenter\"><img decoding=\"async\" class=\"wp-image-106730\" src=\"https:\/\/www.mwm.net\/wp-content\/uploads\/2024\/11\/Gas-asociado-al-petroleo-768x519.jpg\" alt=\"Gas asociado al petr\u00f3leo\" width=\"800\" height=\"541\" srcset=\"https:\/\/www.mwm.net\/wp-content\/uploads\/2024\/11\/Gas-asociado-al-petroleo-768x519.jpg 768w, https:\/\/www.mwm.net\/wp-content\/uploads\/2024\/11\/Gas-asociado-al-petroleo-920x622.jpg 920w, https:\/\/www.mwm.net\/wp-content\/uploads\/2024\/11\/Gas-asociado-al-petroleo-1536x1039.jpg 1536w, https:\/\/www.mwm.net\/wp-content\/uploads\/2024\/11\/Gas-asociado-al-petroleo.jpg 1600w\" sizes=\"(max-width: 767px) 89vw, (max-width: 1000px) 54vw, (max-width: 1071px) 543px, 580px\" \/><figcaption id=\"caption-attachment-106730\" class=\"wp-caption-text\">Uso del GAP como combustible para centrales el\u00e9ctricas en plataformas de perforaci\u00f3n. Las plantas de cogeneraci\u00f3n MWM con motores de gas ofrecen soluciones energ\u00e9ticas.<\/figcaption><\/figure>\n<p>El gas asociado al petr\u00f3leo es otro tipo de gas que se puede utilizar con grupos electr\u00f3genos MWM. Este gas es un subproducto obtenido durante la extracci\u00f3n de petr\u00f3leo crudo. Tiene un alto contenido de hidrocarburos l\u00edquidos y, por lo tanto, est\u00e1 sujeto a fluctuaciones extremas en cuanto al comportamiento de combusti\u00f3n. MWM ofrece soluciones para el procesamiento ideal y el uso seguro de este gas, que de otro modo se quemar\u00eda sin ser utilizado.<\/p>\n<p>El gas de esquisto es otro gas similar al gas natural cuyo uso no plantea problemas adicionales.<\/p>\n<div class=\"pro_grphc\">\n<div class=\"cntct_rght\"><a href=\"https:\/\/www.mwm.net\/es\/contacto\/contacto-con-ventas\/\">Contacto con ventas <strong>Haga clic aqui<\/strong><\/a><\/div>\n<\/div>\n","protected":false},"excerpt":{"rendered":"<p>Gas asociado al petr\u00f3leo (GAP)<br \/>\nMeta-Description: Uso del GAP como combustible para centrales el\u00e9ctricas en plataformas de perforaci\u00f3n. Las plantas de cogeneraci\u00f3n MWM con motores de gas ofrecen soluciones energ\u00e9ticas.<br \/>\nExcerpt: Uso del GAP como combustible para centrales el\u00e9ctricas en plataformas de perforaci\u00f3n. Las plantas de cogeneraci\u00f3n MWM con motores de gas ofrecen soluciones energ\u00e9ticas.<\/p>\n","protected":false},"author":18,"featured_media":103710,"parent":105016,"menu_order":0,"comment_status":"closed","ping_status":"closed","template":"page-sidebar-template.php","meta":{"_acf_changed":false,"footnotes":""},"tags":[],"class_list":["post-105162","page","type-page","status-publish","has-post-thumbnail","hentry"],"acf":[],"yoast_head":"<!-- This site is optimized with the Yoast SEO Premium plugin v27.2 (Yoast SEO v27.2) - https:\/\/yoast.com\/product\/yoast-seo-premium-wordpress\/ -->\n<title>Gas asociado al petr\u00f3leo (GAP) - MWM Gas asociado al petr\u00f3leo (GAP)<\/title>\n<meta name=\"description\" content=\"Gas asociado al petr\u00f3leo (GAP)Meta-Description: Uso del GAP como combustible para centrales el\u00e9ctricas en plataformas de perforaci\u00f3n. Las plantas de cogeneraci\u00f3n MWM con motores de gas ofrecen soluciones energ\u00e9ticas. Excerpt: Uso del GAP como combustible para centrales el\u00e9ctricas en plataformas de perforaci\u00f3n. Las plantas de cogeneraci\u00f3n MWM con motores de gas ofrecen soluciones energ\u00e9ticas.\" \/>\n<meta name=\"robots\" content=\"index, follow, max-snippet:-1, max-image-preview:large, max-video-preview:-1\" \/>\n<link rel=\"canonical\" href=\"https:\/\/www.mwm.net\/es\/excelencia-en-gas\/soluciones-de-gas\/gas-asociado-al-petroleo-gap\/\" \/>\n<meta property=\"og:locale\" content=\"es_ES\" \/>\n<meta property=\"og:type\" content=\"article\" \/>\n<meta property=\"og:title\" content=\"Gas asociado al petr\u00f3leo (GAP)\" \/>\n<meta property=\"og:description\" content=\"Gas asociado al petr\u00f3leo (GAP)Meta-Description: Uso del GAP como combustible para centrales el\u00e9ctricas en plataformas de perforaci\u00f3n. Las plantas de cogeneraci\u00f3n MWM con motores de gas ofrecen soluciones energ\u00e9ticas. Excerpt: Uso del GAP como combustible para centrales el\u00e9ctricas en plataformas de perforaci\u00f3n. Las plantas de cogeneraci\u00f3n MWM con motores de gas ofrecen soluciones energ\u00e9ticas.\" \/>\n<meta property=\"og:url\" content=\"https:\/\/www.mwm.net\/es\/excelencia-en-gas\/soluciones-de-gas\/gas-asociado-al-petroleo-gap\/\" \/>\n<meta property=\"og:site_name\" content=\"MWM\" \/>\n<meta property=\"article:modified_time\" content=\"2024-11-28T08:48:41+00:00\" \/>\n<meta property=\"og:image\" content=\"https:\/\/www.mwm.net\/wp-content\/uploads\/2021\/10\/MWM-Erdoelbegleitgas_teaser.jpg\" \/>\n\t<meta property=\"og:image:width\" content=\"1600\" \/>\n\t<meta property=\"og:image:height\" content=\"1082\" \/>\n\t<meta property=\"og:image:type\" content=\"image\/jpeg\" \/>\n<meta name=\"twitter:card\" content=\"summary_large_image\" \/>\n<meta name=\"twitter:label1\" content=\"Tiempo de lectura\" \/>\n\t<meta name=\"twitter:data1\" content=\"2 minutos\" \/>\n<script type=\"application\/ld+json\" class=\"yoast-schema-graph\">{\"@context\":\"https:\/\/schema.org\",\"@graph\":[{\"@type\":\"WebPage\",\"@id\":\"https:\/\/www.mwm.net\/es\/excelencia-en-gas\/soluciones-de-gas\/gas-asociado-al-petroleo-gap\/\",\"url\":\"https:\/\/www.mwm.net\/es\/excelencia-en-gas\/soluciones-de-gas\/gas-asociado-al-petroleo-gap\/\",\"name\":\"Gas asociado al petr\u00f3leo (GAP) - MWM Gas asociado al petr\u00f3leo (GAP)\",\"isPartOf\":{\"@id\":\"https:\/\/www.mwm.net\/es\/#website\"},\"primaryImageOfPage\":{\"@id\":\"https:\/\/www.mwm.net\/es\/excelencia-en-gas\/soluciones-de-gas\/gas-asociado-al-petroleo-gap\/#primaryimage\"},\"image\":{\"@id\":\"https:\/\/www.mwm.net\/es\/excelencia-en-gas\/soluciones-de-gas\/gas-asociado-al-petroleo-gap\/#primaryimage\"},\"thumbnailUrl\":\"https:\/\/www.mwm.net\/wp-content\/uploads\/2021\/10\/MWM-Erdoelbegleitgas_teaser.jpg\",\"datePublished\":\"2024-11-01T12:03:26+00:00\",\"dateModified\":\"2024-11-28T08:48:41+00:00\",\"description\":\"Gas asociado al petr\u00f3leo (GAP)Meta-Description: Uso del GAP como combustible para centrales el\u00e9ctricas en plataformas de perforaci\u00f3n. Las plantas de cogeneraci\u00f3n MWM con motores de gas ofrecen soluciones energ\u00e9ticas. Excerpt: Uso del GAP como combustible para centrales el\u00e9ctricas en plataformas de perforaci\u00f3n. Las plantas de cogeneraci\u00f3n MWM con motores de gas ofrecen soluciones energ\u00e9ticas.\",\"breadcrumb\":{\"@id\":\"https:\/\/www.mwm.net\/es\/excelencia-en-gas\/soluciones-de-gas\/gas-asociado-al-petroleo-gap\/#breadcrumb\"},\"inLanguage\":\"es\",\"potentialAction\":[{\"@type\":\"ReadAction\",\"target\":[\"https:\/\/www.mwm.net\/es\/excelencia-en-gas\/soluciones-de-gas\/gas-asociado-al-petroleo-gap\/\"]}]},{\"@type\":\"ImageObject\",\"inLanguage\":\"es\",\"@id\":\"https:\/\/www.mwm.net\/es\/excelencia-en-gas\/soluciones-de-gas\/gas-asociado-al-petroleo-gap\/#primaryimage\",\"url\":\"https:\/\/www.mwm.net\/wp-content\/uploads\/2021\/10\/MWM-Erdoelbegleitgas_teaser.jpg\",\"contentUrl\":\"https:\/\/www.mwm.net\/wp-content\/uploads\/2021\/10\/MWM-Erdoelbegleitgas_teaser.jpg\",\"width\":1600,\"height\":1082},{\"@type\":\"BreadcrumbList\",\"@id\":\"https:\/\/www.mwm.net\/es\/excelencia-en-gas\/soluciones-de-gas\/gas-asociado-al-petroleo-gap\/#breadcrumb\",\"itemListElement\":[{\"@type\":\"ListItem\",\"position\":1,\"name\":\"Home\",\"item\":\"https:\/\/www.mwm.net\/es\/\"},{\"@type\":\"ListItem\",\"position\":2,\"name\":\"Excelencia en gas\",\"item\":\"https:\/\/www.mwm.net\/es\/excelencia-en-gas\/\"},{\"@type\":\"ListItem\",\"position\":3,\"name\":\"Soluciones de gas\",\"item\":\"https:\/\/www.mwm.net\/es\/excelencia-en-gas\/soluciones-de-gas\/\"},{\"@type\":\"ListItem\",\"position\":4,\"name\":\"Gas asociado al petr\u00f3leo (GAP)\"}]},{\"@type\":\"WebSite\",\"@id\":\"https:\/\/www.mwm.net\/es\/#website\",\"url\":\"https:\/\/www.mwm.net\/es\/\",\"name\":\"MWM\",\"description\":\"\",\"publisher\":{\"@id\":\"https:\/\/www.mwm.net\/es\/#organization\"},\"potentialAction\":[{\"@type\":\"SearchAction\",\"target\":{\"@type\":\"EntryPoint\",\"urlTemplate\":\"https:\/\/www.mwm.net\/es\/?s={search_term_string}\"},\"query-input\":{\"@type\":\"PropertyValueSpecification\",\"valueRequired\":true,\"valueName\":\"search_term_string\"}}],\"inLanguage\":\"es\"},{\"@type\":\"Organization\",\"@id\":\"https:\/\/www.mwm.net\/es\/#organization\",\"name\":\"Caterpillar Energy Solutions GmbH\",\"url\":\"https:\/\/www.mwm.net\/es\/\",\"logo\":{\"@type\":\"ImageObject\",\"inLanguage\":\"es\",\"@id\":\"https:\/\/www.mwm.net\/es\/#\/schema\/logo\/image\/\",\"url\":\"https:\/\/www.mwm.net\/wp-content\/uploads\/2022\/02\/logo2.jpg\",\"contentUrl\":\"https:\/\/www.mwm.net\/wp-content\/uploads\/2022\/02\/logo2.jpg\",\"width\":260,\"height\":142,\"caption\":\"Caterpillar Energy Solutions GmbH\"},\"image\":{\"@id\":\"https:\/\/www.mwm.net\/es\/#\/schema\/logo\/image\/\"}}]}<\/script>\n<!-- \/ Yoast SEO Premium plugin. -->","yoast_head_json":{"title":"Gas asociado al petr\u00f3leo (GAP) - MWM Gas asociado al petr\u00f3leo (GAP)","description":"Gas asociado al petr\u00f3leo (GAP)Meta-Description: Uso del GAP como combustible para centrales el\u00e9ctricas en plataformas de perforaci\u00f3n. Las plantas de cogeneraci\u00f3n MWM con motores de gas ofrecen soluciones energ\u00e9ticas. Excerpt: Uso del GAP como combustible para centrales el\u00e9ctricas en plataformas de perforaci\u00f3n. Las plantas de cogeneraci\u00f3n MWM con motores de gas ofrecen soluciones energ\u00e9ticas.","robots":{"index":"index","follow":"follow","max-snippet":"max-snippet:-1","max-image-preview":"max-image-preview:large","max-video-preview":"max-video-preview:-1"},"canonical":"https:\/\/www.mwm.net\/es\/excelencia-en-gas\/soluciones-de-gas\/gas-asociado-al-petroleo-gap\/","og_locale":"es_ES","og_type":"article","og_title":"Gas asociado al petr\u00f3leo (GAP)","og_description":"Gas asociado al petr\u00f3leo (GAP)Meta-Description: Uso del GAP como combustible para centrales el\u00e9ctricas en plataformas de perforaci\u00f3n. Las plantas de cogeneraci\u00f3n MWM con motores de gas ofrecen soluciones energ\u00e9ticas. Excerpt: Uso del GAP como combustible para centrales el\u00e9ctricas en plataformas de perforaci\u00f3n. Las plantas de cogeneraci\u00f3n MWM con motores de gas ofrecen soluciones energ\u00e9ticas.","og_url":"https:\/\/www.mwm.net\/es\/excelencia-en-gas\/soluciones-de-gas\/gas-asociado-al-petroleo-gap\/","og_site_name":"MWM","article_modified_time":"2024-11-28T08:48:41+00:00","og_image":[{"width":1600,"height":1082,"url":"https:\/\/www.mwm.net\/wp-content\/uploads\/2021\/10\/MWM-Erdoelbegleitgas_teaser.jpg","type":"image\/jpeg"}],"twitter_card":"summary_large_image","twitter_misc":{"Tiempo de lectura":"2 minutos"},"schema":{"@context":"https:\/\/schema.org","@graph":[{"@type":"WebPage","@id":"https:\/\/www.mwm.net\/es\/excelencia-en-gas\/soluciones-de-gas\/gas-asociado-al-petroleo-gap\/","url":"https:\/\/www.mwm.net\/es\/excelencia-en-gas\/soluciones-de-gas\/gas-asociado-al-petroleo-gap\/","name":"Gas asociado al petr\u00f3leo (GAP) - MWM Gas asociado al petr\u00f3leo (GAP)","isPartOf":{"@id":"https:\/\/www.mwm.net\/es\/#website"},"primaryImageOfPage":{"@id":"https:\/\/www.mwm.net\/es\/excelencia-en-gas\/soluciones-de-gas\/gas-asociado-al-petroleo-gap\/#primaryimage"},"image":{"@id":"https:\/\/www.mwm.net\/es\/excelencia-en-gas\/soluciones-de-gas\/gas-asociado-al-petroleo-gap\/#primaryimage"},"thumbnailUrl":"https:\/\/www.mwm.net\/wp-content\/uploads\/2021\/10\/MWM-Erdoelbegleitgas_teaser.jpg","datePublished":"2024-11-01T12:03:26+00:00","dateModified":"2024-11-28T08:48:41+00:00","description":"Gas asociado al petr\u00f3leo (GAP)Meta-Description: Uso del GAP como combustible para centrales el\u00e9ctricas en plataformas de perforaci\u00f3n. Las plantas de cogeneraci\u00f3n MWM con motores de gas ofrecen soluciones energ\u00e9ticas. Excerpt: Uso del GAP como combustible para centrales el\u00e9ctricas en plataformas de perforaci\u00f3n. Las plantas de cogeneraci\u00f3n MWM con motores de gas ofrecen soluciones energ\u00e9ticas.","breadcrumb":{"@id":"https:\/\/www.mwm.net\/es\/excelencia-en-gas\/soluciones-de-gas\/gas-asociado-al-petroleo-gap\/#breadcrumb"},"inLanguage":"es","potentialAction":[{"@type":"ReadAction","target":["https:\/\/www.mwm.net\/es\/excelencia-en-gas\/soluciones-de-gas\/gas-asociado-al-petroleo-gap\/"]}]},{"@type":"ImageObject","inLanguage":"es","@id":"https:\/\/www.mwm.net\/es\/excelencia-en-gas\/soluciones-de-gas\/gas-asociado-al-petroleo-gap\/#primaryimage","url":"https:\/\/www.mwm.net\/wp-content\/uploads\/2021\/10\/MWM-Erdoelbegleitgas_teaser.jpg","contentUrl":"https:\/\/www.mwm.net\/wp-content\/uploads\/2021\/10\/MWM-Erdoelbegleitgas_teaser.jpg","width":1600,"height":1082},{"@type":"BreadcrumbList","@id":"https:\/\/www.mwm.net\/es\/excelencia-en-gas\/soluciones-de-gas\/gas-asociado-al-petroleo-gap\/#breadcrumb","itemListElement":[{"@type":"ListItem","position":1,"name":"Home","item":"https:\/\/www.mwm.net\/es\/"},{"@type":"ListItem","position":2,"name":"Excelencia en gas","item":"https:\/\/www.mwm.net\/es\/excelencia-en-gas\/"},{"@type":"ListItem","position":3,"name":"Soluciones de gas","item":"https:\/\/www.mwm.net\/es\/excelencia-en-gas\/soluciones-de-gas\/"},{"@type":"ListItem","position":4,"name":"Gas asociado al petr\u00f3leo (GAP)"}]},{"@type":"WebSite","@id":"https:\/\/www.mwm.net\/es\/#website","url":"https:\/\/www.mwm.net\/es\/","name":"MWM","description":"","publisher":{"@id":"https:\/\/www.mwm.net\/es\/#organization"},"potentialAction":[{"@type":"SearchAction","target":{"@type":"EntryPoint","urlTemplate":"https:\/\/www.mwm.net\/es\/?s={search_term_string}"},"query-input":{"@type":"PropertyValueSpecification","valueRequired":true,"valueName":"search_term_string"}}],"inLanguage":"es"},{"@type":"Organization","@id":"https:\/\/www.mwm.net\/es\/#organization","name":"Caterpillar Energy Solutions GmbH","url":"https:\/\/www.mwm.net\/es\/","logo":{"@type":"ImageObject","inLanguage":"es","@id":"https:\/\/www.mwm.net\/es\/#\/schema\/logo\/image\/","url":"https:\/\/www.mwm.net\/wp-content\/uploads\/2022\/02\/logo2.jpg","contentUrl":"https:\/\/www.mwm.net\/wp-content\/uploads\/2022\/02\/logo2.jpg","width":260,"height":142,"caption":"Caterpillar Energy Solutions GmbH"},"image":{"@id":"https:\/\/www.mwm.net\/es\/#\/schema\/logo\/image\/"}}]}},"_links":{"self":[{"href":"https:\/\/www.mwm.net\/es\/wp-json\/wp\/v2\/pages\/105162","targetHints":{"allow":["GET"]}}],"collection":[{"href":"https:\/\/www.mwm.net\/es\/wp-json\/wp\/v2\/pages"}],"about":[{"href":"https:\/\/www.mwm.net\/es\/wp-json\/wp\/v2\/types\/page"}],"author":[{"embeddable":true,"href":"https:\/\/www.mwm.net\/es\/wp-json\/wp\/v2\/users\/18"}],"replies":[{"embeddable":true,"href":"https:\/\/www.mwm.net\/es\/wp-json\/wp\/v2\/comments?post=105162"}],"version-history":[{"count":4,"href":"https:\/\/www.mwm.net\/es\/wp-json\/wp\/v2\/pages\/105162\/revisions"}],"predecessor-version":[{"id":106776,"href":"https:\/\/www.mwm.net\/es\/wp-json\/wp\/v2\/pages\/105162\/revisions\/106776"}],"up":[{"embeddable":true,"href":"https:\/\/www.mwm.net\/es\/wp-json\/wp\/v2\/pages\/105016"}],"wp:featuredmedia":[{"embeddable":true,"href":"https:\/\/www.mwm.net\/es\/wp-json\/wp\/v2\/media\/103710"}],"wp:attachment":[{"href":"https:\/\/www.mwm.net\/es\/wp-json\/wp\/v2\/media?parent=105162"}],"wp:term":[{"taxonomy":"post_tag","embeddable":true,"href":"https:\/\/www.mwm.net\/es\/wp-json\/wp\/v2\/tags?post=105162"}],"curies":[{"name":"wp","href":"https:\/\/api.w.org\/{rel}","templated":true}]}}