{"id":105437,"date":"2024-11-06T17:25:52","date_gmt":"2024-11-06T15:25:52","guid":{"rendered":"https:\/\/www.mwm.net\/?page_id=105437"},"modified":"2024-11-27T14:42:13","modified_gmt":"2024-11-27T12:42:13","slug":"deposito-de-aceite-externo-para-el-motor-de-gas-tcg-2020","status":"publish","type":"page","link":"https:\/\/www.mwm.net\/es\/servicios\/otros-productos-de-servicio-mwm\/deposito-de-aceite-externo-para-el-motor-de-gas-tcg-2020\/","title":{"rendered":"Dep\u00f3sito de aceite externo para el motor de gas TCG 2020"},"content":{"rendered":"<div class=\"patch-content\">\n<h2 class=\"subheadline\">Para intervalos de mantenimiento mayores<\/h2>\n<ul>\n<li>Mayor volumen de lubricante<\/li>\n<li>Intervalos de cambio de aceite m\u00e1s largos<\/li>\n<li>Soluciones individuales en funci\u00f3n del espacio disponible<\/li>\n<li>Mantenimiento y seguridad mejorados<\/li>\n<li>Pintura personalizada seg\u00fan el color de la planta<\/li>\n<li>Acceso \u00f3ptimo para trabajos de servicio y mantenimiento gracias a una plataforma adicional para el motor de gas<\/li>\n<\/ul>\n<p>&nbsp;<\/p>\n<figure id=\"attachment_106680\" aria-describedby=\"caption-attachment-106680\" style=\"width: 800px\" class=\"wp-caption alignleft\"><img decoding=\"async\" class=\"wp-image-106680\" src=\"https:\/\/www.mwm.net\/wp-content\/uploads\/2024\/11\/Deposito-de-aceite-externe-TCG-2020-768x684.jpg\" alt=\"Dep\u00f3sito de aceite externo para TCG 2020\" width=\"800\" height=\"713\" srcset=\"https:\/\/www.mwm.net\/wp-content\/uploads\/2024\/11\/Deposito-de-aceite-externe-TCG-2020-768x684.jpg 768w, https:\/\/www.mwm.net\/wp-content\/uploads\/2024\/11\/Deposito-de-aceite-externe-TCG-2020-920x819.jpg 920w, https:\/\/www.mwm.net\/wp-content\/uploads\/2024\/11\/Deposito-de-aceite-externe-TCG-2020-1536x1368.jpg 1536w, https:\/\/www.mwm.net\/wp-content\/uploads\/2024\/11\/Deposito-de-aceite-externe-TCG-2020.jpg 1600w\" sizes=\"(max-width: 767px) 89vw, (max-width: 1000px) 54vw, (max-width: 1071px) 543px, 580px\" \/><figcaption id=\"caption-attachment-106680\" class=\"wp-caption-text\">Para la integraci\u00f3n del dep\u00f3sito de aceite, MWM ofrece soluciones personalizadas que tienen en cuenta el espacio disponible.<\/figcaption><\/figure>\n<\/div>\n<p>&nbsp;<\/p>\n<div class=\"patch-content\">\n<h2 class=\"subheadline\">Benef\u00edciese de las ventajas del dep\u00f3sito de aceite externo MWM<\/h2>\n<p>El dep\u00f3sito de aceite externo MWM le proporciona un mayor volumen de dep\u00f3sito de aceite e intervalos de cambio de aceite m\u00e1s largos. El dep\u00f3sito de aceite ha sido sometido a pruebas extensas y se puede acoplar f\u00e1cilmente al <a href=\"https:\/\/www.mwm.net\/en\/gas-engines-gensets\/gas-engine-tcg-2020\/\">motor de gas MWM TCG 2020<\/a> existente de su planta de energ\u00eda. Dependiendo de la configuraci\u00f3n de la planta y del espacio disponible, MWM ofrece dos soluciones para la instalaci\u00f3n del dep\u00f3sito de aceite externo. Para una planta con mucho espacio, MWM ofrece dep\u00f3sitos con una capacidad de hasta 700 l. Para plantas m\u00e1s peque\u00f1as con menos espacio, p. ej., en contenedores, se pueden utilizar dep\u00f3sitos con una capacidad de hasta 350 l. En ambos casos, los dep\u00f3sitos de aceite MWM cuentan con una plataforma para el motor de gas TCG 2020 de su planta, lo que facilita enormemente el acceso para trabajos de servicio y mantenimiento.<\/p>\n<\/div>\n<div class=\"pro_grphc\">\n<div class=\"cntct_rght\"><a href=\"https:\/\/www.mwm.net\/en\/contact\/contact-form\/\">SERVICIO DE CONTACTO <strong>HAGA CLIC AQU\u00cd<\/strong><\/a><\/div>\n<\/div>\n","protected":false},"excerpt":{"rendered":"<p>Utilice el dep\u00f3sito de aceite MWM para el motor de gas TCG 2020 para beneficiarse de un mayor volumen de lubricante e intervalos de cambio de aceite m\u00e1s largos.<\/p>\n","protected":false},"author":19,"featured_media":103905,"parent":105006,"menu_order":0,"comment_status":"closed","ping_status":"closed","template":"page-sidebar-template.php","meta":{"_acf_changed":false,"footnotes":""},"tags":[1826,1438],"class_list":["post-105437","page","type-page","status-publish","has-post-thumbnail","hentry","tag-contenedor-es","tag-tcg-2020-en-es"],"acf":[],"yoast_head":"<!-- This site is optimized with the Yoast SEO Premium plugin v27.2 (Yoast SEO v27.2) - https:\/\/yoast.com\/product\/yoast-seo-premium-wordpress\/ -->\n<title>Dep\u00f3sito de aceite externo para el motor de gas TCG 2020 - MWM<\/title>\n<meta name=\"description\" content=\"Utilice el dep\u00f3sito de aceite MWM para el motor de gas TCG 2020 para beneficiarse de un mayor volumen de lubricante e intervalos de cambio de aceite m\u00e1s largos.\" \/>\n<meta name=\"robots\" content=\"index, follow, max-snippet:-1, max-image-preview:large, max-video-preview:-1\" \/>\n<link rel=\"canonical\" href=\"https:\/\/www.mwm.net\/es\/servicios\/otros-productos-de-servicio-mwm\/deposito-de-aceite-externo-para-el-motor-de-gas-tcg-2020\/\" \/>\n<meta property=\"og:locale\" content=\"es_ES\" \/>\n<meta property=\"og:type\" content=\"article\" \/>\n<meta property=\"og:title\" content=\"Dep\u00f3sito de aceite externo para el motor de gas TCG 2020\" \/>\n<meta property=\"og:description\" content=\"Utilice el dep\u00f3sito de aceite MWM para el motor de gas TCG 2020 para beneficiarse de un mayor volumen de lubricante e intervalos de cambio de aceite m\u00e1s largos.\" \/>\n<meta property=\"og:url\" content=\"https:\/\/www.mwm.net\/es\/servicios\/otros-productos-de-servicio-mwm\/deposito-de-aceite-externo-para-el-motor-de-gas-tcg-2020\/\" \/>\n<meta property=\"og:site_name\" content=\"MWM\" \/>\n<meta property=\"article:modified_time\" content=\"2024-11-27T12:42:13+00:00\" \/>\n<meta property=\"og:image\" content=\"https:\/\/www.mwm.net\/wp-content\/uploads\/2022\/10\/mwm_tank_icon_rgb.jpg\" \/>\n\t<meta property=\"og:image:width\" content=\"1260\" \/>\n\t<meta property=\"og:image:height\" content=\"1260\" \/>\n\t<meta property=\"og:image:type\" content=\"image\/jpeg\" \/>\n<meta name=\"twitter:card\" content=\"summary_large_image\" \/>\n<meta name=\"twitter:label1\" content=\"Tiempo de lectura\" \/>\n\t<meta name=\"twitter:data1\" content=\"3 minutos\" \/>\n<script type=\"application\/ld+json\" class=\"yoast-schema-graph\">{\"@context\":\"https:\/\/schema.org\",\"@graph\":[{\"@type\":\"WebPage\",\"@id\":\"https:\/\/www.mwm.net\/es\/servicios\/otros-productos-de-servicio-mwm\/deposito-de-aceite-externo-para-el-motor-de-gas-tcg-2020\/\",\"url\":\"https:\/\/www.mwm.net\/es\/servicios\/otros-productos-de-servicio-mwm\/deposito-de-aceite-externo-para-el-motor-de-gas-tcg-2020\/\",\"name\":\"Dep\u00f3sito de aceite externo para el motor de gas TCG 2020 - MWM\",\"isPartOf\":{\"@id\":\"https:\/\/www.mwm.net\/es\/#website\"},\"primaryImageOfPage\":{\"@id\":\"https:\/\/www.mwm.net\/es\/servicios\/otros-productos-de-servicio-mwm\/deposito-de-aceite-externo-para-el-motor-de-gas-tcg-2020\/#primaryimage\"},\"image\":{\"@id\":\"https:\/\/www.mwm.net\/es\/servicios\/otros-productos-de-servicio-mwm\/deposito-de-aceite-externo-para-el-motor-de-gas-tcg-2020\/#primaryimage\"},\"thumbnailUrl\":\"https:\/\/www.mwm.net\/wp-content\/uploads\/2022\/10\/mwm_tank_icon_rgb.jpg\",\"datePublished\":\"2024-11-06T15:25:52+00:00\",\"dateModified\":\"2024-11-27T12:42:13+00:00\",\"description\":\"Utilice el dep\u00f3sito de aceite MWM para el motor de gas TCG 2020 para beneficiarse de un mayor volumen de lubricante e intervalos de cambio de aceite m\u00e1s largos.\",\"breadcrumb\":{\"@id\":\"https:\/\/www.mwm.net\/es\/servicios\/otros-productos-de-servicio-mwm\/deposito-de-aceite-externo-para-el-motor-de-gas-tcg-2020\/#breadcrumb\"},\"inLanguage\":\"es\",\"potentialAction\":[{\"@type\":\"ReadAction\",\"target\":[\"https:\/\/www.mwm.net\/es\/servicios\/otros-productos-de-servicio-mwm\/deposito-de-aceite-externo-para-el-motor-de-gas-tcg-2020\/\"]}]},{\"@type\":\"ImageObject\",\"inLanguage\":\"es\",\"@id\":\"https:\/\/www.mwm.net\/es\/servicios\/otros-productos-de-servicio-mwm\/deposito-de-aceite-externo-para-el-motor-de-gas-tcg-2020\/#primaryimage\",\"url\":\"https:\/\/www.mwm.net\/wp-content\/uploads\/2022\/10\/mwm_tank_icon_rgb.jpg\",\"contentUrl\":\"https:\/\/www.mwm.net\/wp-content\/uploads\/2022\/10\/mwm_tank_icon_rgb.jpg\",\"width\":1260,\"height\":1260},{\"@type\":\"BreadcrumbList\",\"@id\":\"https:\/\/www.mwm.net\/es\/servicios\/otros-productos-de-servicio-mwm\/deposito-de-aceite-externo-para-el-motor-de-gas-tcg-2020\/#breadcrumb\",\"itemListElement\":[{\"@type\":\"ListItem\",\"position\":1,\"name\":\"Home\",\"item\":\"https:\/\/www.mwm.net\/es\/\"},{\"@type\":\"ListItem\",\"position\":2,\"name\":\"Servicios\",\"item\":\"https:\/\/www.mwm.net\/es\/servicios\/\"},{\"@type\":\"ListItem\",\"position\":3,\"name\":\"Otros productos de servicio MWM\",\"item\":\"https:\/\/www.mwm.net\/es\/servicios\/otros-productos-de-servicio-mwm\/\"},{\"@type\":\"ListItem\",\"position\":4,\"name\":\"Dep\u00f3sito de aceite externo para el motor de gas TCG 2020\"}]},{\"@type\":\"WebSite\",\"@id\":\"https:\/\/www.mwm.net\/es\/#website\",\"url\":\"https:\/\/www.mwm.net\/es\/\",\"name\":\"MWM\",\"description\":\"\",\"publisher\":{\"@id\":\"https:\/\/www.mwm.net\/es\/#organization\"},\"potentialAction\":[{\"@type\":\"SearchAction\",\"target\":{\"@type\":\"EntryPoint\",\"urlTemplate\":\"https:\/\/www.mwm.net\/es\/?s={search_term_string}\"},\"query-input\":{\"@type\":\"PropertyValueSpecification\",\"valueRequired\":true,\"valueName\":\"search_term_string\"}}],\"inLanguage\":\"es\"},{\"@type\":\"Organization\",\"@id\":\"https:\/\/www.mwm.net\/es\/#organization\",\"name\":\"Caterpillar Energy Solutions GmbH\",\"url\":\"https:\/\/www.mwm.net\/es\/\",\"logo\":{\"@type\":\"ImageObject\",\"inLanguage\":\"es\",\"@id\":\"https:\/\/www.mwm.net\/es\/#\/schema\/logo\/image\/\",\"url\":\"https:\/\/www.mwm.net\/wp-content\/uploads\/2022\/02\/logo2.jpg\",\"contentUrl\":\"https:\/\/www.mwm.net\/wp-content\/uploads\/2022\/02\/logo2.jpg\",\"width\":260,\"height\":142,\"caption\":\"Caterpillar Energy Solutions GmbH\"},\"image\":{\"@id\":\"https:\/\/www.mwm.net\/es\/#\/schema\/logo\/image\/\"}}]}<\/script>\n<!-- \/ Yoast SEO Premium plugin. -->","yoast_head_json":{"title":"Dep\u00f3sito de aceite externo para el motor de gas TCG 2020 - MWM","description":"Utilice el dep\u00f3sito de aceite MWM para el motor de gas TCG 2020 para beneficiarse de un mayor volumen de lubricante e intervalos de cambio de aceite m\u00e1s largos.","robots":{"index":"index","follow":"follow","max-snippet":"max-snippet:-1","max-image-preview":"max-image-preview:large","max-video-preview":"max-video-preview:-1"},"canonical":"https:\/\/www.mwm.net\/es\/servicios\/otros-productos-de-servicio-mwm\/deposito-de-aceite-externo-para-el-motor-de-gas-tcg-2020\/","og_locale":"es_ES","og_type":"article","og_title":"Dep\u00f3sito de aceite externo para el motor de gas TCG 2020","og_description":"Utilice el dep\u00f3sito de aceite MWM para el motor de gas TCG 2020 para beneficiarse de un mayor volumen de lubricante e intervalos de cambio de aceite m\u00e1s largos.","og_url":"https:\/\/www.mwm.net\/es\/servicios\/otros-productos-de-servicio-mwm\/deposito-de-aceite-externo-para-el-motor-de-gas-tcg-2020\/","og_site_name":"MWM","article_modified_time":"2024-11-27T12:42:13+00:00","og_image":[{"width":1260,"height":1260,"url":"https:\/\/www.mwm.net\/wp-content\/uploads\/2022\/10\/mwm_tank_icon_rgb.jpg","type":"image\/jpeg"}],"twitter_card":"summary_large_image","twitter_misc":{"Tiempo de lectura":"3 minutos"},"schema":{"@context":"https:\/\/schema.org","@graph":[{"@type":"WebPage","@id":"https:\/\/www.mwm.net\/es\/servicios\/otros-productos-de-servicio-mwm\/deposito-de-aceite-externo-para-el-motor-de-gas-tcg-2020\/","url":"https:\/\/www.mwm.net\/es\/servicios\/otros-productos-de-servicio-mwm\/deposito-de-aceite-externo-para-el-motor-de-gas-tcg-2020\/","name":"Dep\u00f3sito de aceite externo para el motor de gas TCG 2020 - MWM","isPartOf":{"@id":"https:\/\/www.mwm.net\/es\/#website"},"primaryImageOfPage":{"@id":"https:\/\/www.mwm.net\/es\/servicios\/otros-productos-de-servicio-mwm\/deposito-de-aceite-externo-para-el-motor-de-gas-tcg-2020\/#primaryimage"},"image":{"@id":"https:\/\/www.mwm.net\/es\/servicios\/otros-productos-de-servicio-mwm\/deposito-de-aceite-externo-para-el-motor-de-gas-tcg-2020\/#primaryimage"},"thumbnailUrl":"https:\/\/www.mwm.net\/wp-content\/uploads\/2022\/10\/mwm_tank_icon_rgb.jpg","datePublished":"2024-11-06T15:25:52+00:00","dateModified":"2024-11-27T12:42:13+00:00","description":"Utilice el dep\u00f3sito de aceite MWM para el motor de gas TCG 2020 para beneficiarse de un mayor volumen de lubricante e intervalos de cambio de aceite m\u00e1s largos.","breadcrumb":{"@id":"https:\/\/www.mwm.net\/es\/servicios\/otros-productos-de-servicio-mwm\/deposito-de-aceite-externo-para-el-motor-de-gas-tcg-2020\/#breadcrumb"},"inLanguage":"es","potentialAction":[{"@type":"ReadAction","target":["https:\/\/www.mwm.net\/es\/servicios\/otros-productos-de-servicio-mwm\/deposito-de-aceite-externo-para-el-motor-de-gas-tcg-2020\/"]}]},{"@type":"ImageObject","inLanguage":"es","@id":"https:\/\/www.mwm.net\/es\/servicios\/otros-productos-de-servicio-mwm\/deposito-de-aceite-externo-para-el-motor-de-gas-tcg-2020\/#primaryimage","url":"https:\/\/www.mwm.net\/wp-content\/uploads\/2022\/10\/mwm_tank_icon_rgb.jpg","contentUrl":"https:\/\/www.mwm.net\/wp-content\/uploads\/2022\/10\/mwm_tank_icon_rgb.jpg","width":1260,"height":1260},{"@type":"BreadcrumbList","@id":"https:\/\/www.mwm.net\/es\/servicios\/otros-productos-de-servicio-mwm\/deposito-de-aceite-externo-para-el-motor-de-gas-tcg-2020\/#breadcrumb","itemListElement":[{"@type":"ListItem","position":1,"name":"Home","item":"https:\/\/www.mwm.net\/es\/"},{"@type":"ListItem","position":2,"name":"Servicios","item":"https:\/\/www.mwm.net\/es\/servicios\/"},{"@type":"ListItem","position":3,"name":"Otros productos de servicio MWM","item":"https:\/\/www.mwm.net\/es\/servicios\/otros-productos-de-servicio-mwm\/"},{"@type":"ListItem","position":4,"name":"Dep\u00f3sito de aceite externo para el motor de gas TCG 2020"}]},{"@type":"WebSite","@id":"https:\/\/www.mwm.net\/es\/#website","url":"https:\/\/www.mwm.net\/es\/","name":"MWM","description":"","publisher":{"@id":"https:\/\/www.mwm.net\/es\/#organization"},"potentialAction":[{"@type":"SearchAction","target":{"@type":"EntryPoint","urlTemplate":"https:\/\/www.mwm.net\/es\/?s={search_term_string}"},"query-input":{"@type":"PropertyValueSpecification","valueRequired":true,"valueName":"search_term_string"}}],"inLanguage":"es"},{"@type":"Organization","@id":"https:\/\/www.mwm.net\/es\/#organization","name":"Caterpillar Energy Solutions GmbH","url":"https:\/\/www.mwm.net\/es\/","logo":{"@type":"ImageObject","inLanguage":"es","@id":"https:\/\/www.mwm.net\/es\/#\/schema\/logo\/image\/","url":"https:\/\/www.mwm.net\/wp-content\/uploads\/2022\/02\/logo2.jpg","contentUrl":"https:\/\/www.mwm.net\/wp-content\/uploads\/2022\/02\/logo2.jpg","width":260,"height":142,"caption":"Caterpillar Energy Solutions GmbH"},"image":{"@id":"https:\/\/www.mwm.net\/es\/#\/schema\/logo\/image\/"}}]}},"_links":{"self":[{"href":"https:\/\/www.mwm.net\/es\/wp-json\/wp\/v2\/pages\/105437","targetHints":{"allow":["GET"]}}],"collection":[{"href":"https:\/\/www.mwm.net\/es\/wp-json\/wp\/v2\/pages"}],"about":[{"href":"https:\/\/www.mwm.net\/es\/wp-json\/wp\/v2\/types\/page"}],"author":[{"embeddable":true,"href":"https:\/\/www.mwm.net\/es\/wp-json\/wp\/v2\/users\/19"}],"replies":[{"embeddable":true,"href":"https:\/\/www.mwm.net\/es\/wp-json\/wp\/v2\/comments?post=105437"}],"version-history":[{"count":5,"href":"https:\/\/www.mwm.net\/es\/wp-json\/wp\/v2\/pages\/105437\/revisions"}],"predecessor-version":[{"id":106684,"href":"https:\/\/www.mwm.net\/es\/wp-json\/wp\/v2\/pages\/105437\/revisions\/106684"}],"up":[{"embeddable":true,"href":"https:\/\/www.mwm.net\/es\/wp-json\/wp\/v2\/pages\/105006"}],"wp:featuredmedia":[{"embeddable":true,"href":"https:\/\/www.mwm.net\/es\/wp-json\/wp\/v2\/media\/103905"}],"wp:attachment":[{"href":"https:\/\/www.mwm.net\/es\/wp-json\/wp\/v2\/media?parent=105437"}],"wp:term":[{"taxonomy":"post_tag","embeddable":true,"href":"https:\/\/www.mwm.net\/es\/wp-json\/wp\/v2\/tags?post=105437"}],"curies":[{"name":"wp","href":"https:\/\/api.w.org\/{rel}","templated":true}]}}