{"id":105449,"date":"2024-11-06T17:53:25","date_gmt":"2024-11-06T15:53:25","guid":{"rendered":"https:\/\/www.mwm.net\/?page_id=105449"},"modified":"2025-01-08T13:03:17","modified_gmt":"2025-01-08T11:03:17","slug":"separador-de-gases-y-suciedad-para-sistemas-de-refrigeracion-en-motores-de-gas-mwm","status":"publish","type":"page","link":"https:\/\/www.mwm.net\/es\/servicios\/otros-productos-de-servicio-mwm\/separador-de-gases-y-suciedad-para-sistemas-de-refrigeracion-en-motores-de-gas-mwm\/","title":{"rendered":"Separador de gases y suciedad para sistemas de refrigeraci\u00f3n en motores de gas MWM"},"content":{"rendered":"<div class=\"patch-content\">\n<h2 class=\"subheadline\">Haga que su planta sea a\u00fan m\u00e1s resistente<\/h2>\n<ul>\n<li>Ventilaci\u00f3n optimizada de aire y microburbujas de gas en comparaci\u00f3n con las ventilaciones convencionales<\/li>\n<li>Refrigerante limpio para reducir la suciedad en el sistema de refrigeraci\u00f3n<\/li>\n<li>Gracias al separador de gases y suciedad, no es necesario vaciar el sistema de refrigeraci\u00f3n al limpiar el refrigerante<\/li>\n<li>Mayor vida \u00fatil de los principales componentes del sistema de refrigeraci\u00f3n<\/li>\n<li>Mejor transferencia de calor<\/li>\n<\/ul>\n<\/div>\n<figure id=\"attachment_94557\" aria-describedby=\"caption-attachment-94557\" style=\"width: 800px\" class=\"wp-caption alignnone\"><img decoding=\"async\" class=\"wp-image-94557\" src=\"https:\/\/www.mwm.net\/wp-content\/uploads\/2022\/10\/Abscheider-Schnitt.jpg\" alt=\"El separador de gases y suciedad MWM\" width=\"800\" height=\"446\" srcset=\"https:\/\/www.mwm.net\/wp-content\/uploads\/2022\/10\/Abscheider-Schnitt.jpg 1257w, https:\/\/www.mwm.net\/wp-content\/uploads\/2022\/10\/Abscheider-Schnitt-768x428.jpg 768w\" sizes=\"(max-width: 767px) 89vw, (max-width: 1000px) 54vw, (max-width: 1071px) 543px, 580px\" \/><figcaption id=\"caption-attachment-94557\" class=\"wp-caption-text\">El separador de gases y suciedad MWM elimina las microburbujas y part\u00edculas de suciedad en el sistema de refrigeraci\u00f3n de la planta.<\/figcaption><\/figure>\n<p>&nbsp;<\/p>\n<div class=\"patch-content\">\n<h2 class=\"subheadline\">M\u00e1s seguridad con el separador de gases y suciedad MWM<\/h2>\n<p>A pesar de los elevados est\u00e1ndares de limpieza t\u00e9cnica, el complejo sistema de refrigeraci\u00f3n de la planta puede verse afectado por microburbujas y part\u00edculas de suciedad nocivas. En caso de cavitaci\u00f3n, es decir, la disoluci\u00f3n repentina de estas microburbujas de gas, los componentes del sistema de refrigeraci\u00f3n pueden sufrir da\u00f1os. Adem\u00e1s, la suciedad en el sistema de refrigeraci\u00f3n puede dificultar el buen funcionamiento de la planta. Con el separador de gases y suciedad MWM se pueden eliminar las part\u00edculas de suciedad y las microburbujas en una fase temprana, lo que prolonga considerablemente la vida \u00fatil del sistema de refrigeraci\u00f3n de la planta y de los dem\u00e1s componentes.<\/p>\n<\/div>\n<div class=\"patch-content\">\n<h2 class=\"subheadline\">Funci\u00f3n del separador de gases y suciedad para motores de gas<\/h2>\n<figure id=\"attachment_94560\" aria-describedby=\"caption-attachment-94560\" style=\"width: 800px\" class=\"wp-caption alignnone\"><img decoding=\"async\" class=\"wp-image-94560\" src=\"https:\/\/www.mwm.net\/wp-content\/uploads\/2022\/10\/Gas-Schmutzabscheider-Funktion.jpg\" alt=\"El separador de gases y suciedad para los motores de gas MWM\" width=\"800\" height=\"446\" srcset=\"https:\/\/www.mwm.net\/wp-content\/uploads\/2022\/10\/Gas-Schmutzabscheider-Funktion.jpg 1257w, https:\/\/www.mwm.net\/wp-content\/uploads\/2022\/10\/Gas-Schmutzabscheider-Funktion-768x428.jpg 768w\" sizes=\"(max-width: 767px) 89vw, (max-width: 1000px) 54vw, (max-width: 1071px) 543px, 580px\" \/><figcaption id=\"caption-attachment-94560\" class=\"wp-caption-text\">El separador de gases y suciedad para los <a href=\"https:\/\/www.mwm.net\/en\/gas-engines-gensets\/\">motores de gas MWM<\/a> separa los elementos gaseosos en el flujo de refrigerante, los recoge y los purga a trav\u00e9s de la v\u00e1lvula de ventilaci\u00f3n (1). Los residuos met\u00e1licos son atra\u00eddos por el im\u00e1n (2). Cuando se extrae el im\u00e1n, caen en el colector de suciedad (3). Las materias en suspensi\u00f3n y todo tipo de part\u00edculas de suciedad se recogen en el colector de suciedad (3) y delante de la v\u00e1lvula de drenaje (4). Los residuos met\u00e1licos y las part\u00edculas de suciedad depositados se pueden vaciar abriendo la v\u00e1lvula de drenaje.<\/figcaption><\/figure>\n<\/div>\n<div class=\"patch-content\">\n<h2 class=\"subheadline\">Instalaci\u00f3n y puesta en marcha del separador de gases y suciedad MWM<\/h2>\n<p>El tama\u00f1o del separador de gases y suciedad depende del caudal volum\u00e9trico en el circuito de refrigeraci\u00f3n del motor. Para instalar el separador de gases y suciedad, es necesario parar brevemente el motor de gas. El separador se coloca donde la presi\u00f3n del sistema es m\u00e1s baja, es decir, en la salida del motor en el lado de succi\u00f3n de la bomba de refrigerante. La longitud del tubo horizontal recto antes de la entrada del separador debe ser de al menos 30 cm. El separador de gases y suciedad est\u00e1 disponible para todas las series de motores de gas MWM. La puesta en marcha la lleva a cabo personal cualificado del servicio MWM.<\/p>\n<\/div>\n<div class=\"pro_grphc\">\n<div class=\"cntct_rght\"><a href=\"https:\/\/www.mwm.net\/en\/contact\/contact-form\/\">SERVICIO DE CONTACTO <strong>HAGA CLIC AQU\u00cd<\/strong><\/a><\/div>\n<\/div>\n","protected":false},"excerpt":{"rendered":"<p>Aumente f\u00e1cilmente la resistencia de los sistemas de refrigeraci\u00f3n de las plantas con el separador de gases y suciedad MWM.<\/p>\n","protected":false},"author":19,"featured_media":103906,"parent":105006,"menu_order":0,"comment_status":"closed","ping_status":"closed","template":"page-sidebar-template.php","meta":{"_acf_changed":false,"footnotes":""},"tags":[],"class_list":["post-105449","page","type-page","status-publish","has-post-thumbnail","hentry"],"acf":[],"yoast_head":"<!-- This site is optimized with the Yoast SEO Premium plugin v27.2 (Yoast SEO v27.2) - https:\/\/yoast.com\/product\/yoast-seo-premium-wordpress\/ -->\n<title>Separador de gases y suciedad para sistemas de refrigeraci\u00f3n en motores de gas MWM - MWM<\/title>\n<meta name=\"description\" content=\"Aumente f\u00e1cilmente la resistencia de los sistemas de refrigeraci\u00f3n de las plantas con el separador de gases y suciedad MWM.\" \/>\n<meta name=\"robots\" content=\"index, follow, max-snippet:-1, max-image-preview:large, max-video-preview:-1\" \/>\n<link rel=\"canonical\" href=\"https:\/\/www.mwm.net\/es\/servicios\/otros-productos-de-servicio-mwm\/separador-de-gases-y-suciedad-para-sistemas-de-refrigeracion-en-motores-de-gas-mwm\/\" \/>\n<meta property=\"og:locale\" content=\"es_ES\" \/>\n<meta property=\"og:type\" content=\"article\" \/>\n<meta property=\"og:title\" content=\"Separador de gases y suciedad para sistemas de refrigeraci\u00f3n en motores de gas MWM\" \/>\n<meta property=\"og:description\" content=\"Aumente f\u00e1cilmente la resistencia de los sistemas de refrigeraci\u00f3n de las plantas con el separador de gases y suciedad MWM.\" \/>\n<meta property=\"og:url\" content=\"https:\/\/www.mwm.net\/es\/servicios\/otros-productos-de-servicio-mwm\/separador-de-gases-y-suciedad-para-sistemas-de-refrigeracion-en-motores-de-gas-mwm\/\" \/>\n<meta property=\"og:site_name\" content=\"MWM\" \/>\n<meta property=\"article:modified_time\" content=\"2025-01-08T11:03:17+00:00\" \/>\n<meta property=\"og:image\" content=\"https:\/\/www.mwm.net\/wp-content\/uploads\/2022\/10\/mwm_separator_icon_rgb.jpg\" \/>\n\t<meta property=\"og:image:width\" content=\"1254\" \/>\n\t<meta property=\"og:image:height\" content=\"1257\" \/>\n\t<meta property=\"og:image:type\" content=\"image\/jpeg\" \/>\n<meta name=\"twitter:card\" content=\"summary_large_image\" \/>\n<meta name=\"twitter:label1\" content=\"Tiempo de lectura\" \/>\n\t<meta name=\"twitter:data1\" content=\"4 minutos\" \/>\n<script type=\"application\/ld+json\" class=\"yoast-schema-graph\">{\"@context\":\"https:\/\/schema.org\",\"@graph\":[{\"@type\":\"WebPage\",\"@id\":\"https:\/\/www.mwm.net\/es\/servicios\/otros-productos-de-servicio-mwm\/separador-de-gases-y-suciedad-para-sistemas-de-refrigeracion-en-motores-de-gas-mwm\/\",\"url\":\"https:\/\/www.mwm.net\/es\/servicios\/otros-productos-de-servicio-mwm\/separador-de-gases-y-suciedad-para-sistemas-de-refrigeracion-en-motores-de-gas-mwm\/\",\"name\":\"Separador de gases y suciedad para sistemas de refrigeraci\u00f3n en motores de gas MWM - MWM\",\"isPartOf\":{\"@id\":\"https:\/\/www.mwm.net\/es\/#website\"},\"primaryImageOfPage\":{\"@id\":\"https:\/\/www.mwm.net\/es\/servicios\/otros-productos-de-servicio-mwm\/separador-de-gases-y-suciedad-para-sistemas-de-refrigeracion-en-motores-de-gas-mwm\/#primaryimage\"},\"image\":{\"@id\":\"https:\/\/www.mwm.net\/es\/servicios\/otros-productos-de-servicio-mwm\/separador-de-gases-y-suciedad-para-sistemas-de-refrigeracion-en-motores-de-gas-mwm\/#primaryimage\"},\"thumbnailUrl\":\"https:\/\/www.mwm.net\/wp-content\/uploads\/2022\/10\/mwm_separator_icon_rgb.jpg\",\"datePublished\":\"2024-11-06T15:53:25+00:00\",\"dateModified\":\"2025-01-08T11:03:17+00:00\",\"description\":\"Aumente f\u00e1cilmente la resistencia de los sistemas de refrigeraci\u00f3n de las plantas con el separador de gases y suciedad MWM.\",\"breadcrumb\":{\"@id\":\"https:\/\/www.mwm.net\/es\/servicios\/otros-productos-de-servicio-mwm\/separador-de-gases-y-suciedad-para-sistemas-de-refrigeracion-en-motores-de-gas-mwm\/#breadcrumb\"},\"inLanguage\":\"es\",\"potentialAction\":[{\"@type\":\"ReadAction\",\"target\":[\"https:\/\/www.mwm.net\/es\/servicios\/otros-productos-de-servicio-mwm\/separador-de-gases-y-suciedad-para-sistemas-de-refrigeracion-en-motores-de-gas-mwm\/\"]}]},{\"@type\":\"ImageObject\",\"inLanguage\":\"es\",\"@id\":\"https:\/\/www.mwm.net\/es\/servicios\/otros-productos-de-servicio-mwm\/separador-de-gases-y-suciedad-para-sistemas-de-refrigeracion-en-motores-de-gas-mwm\/#primaryimage\",\"url\":\"https:\/\/www.mwm.net\/wp-content\/uploads\/2022\/10\/mwm_separator_icon_rgb.jpg\",\"contentUrl\":\"https:\/\/www.mwm.net\/wp-content\/uploads\/2022\/10\/mwm_separator_icon_rgb.jpg\",\"width\":1254,\"height\":1257},{\"@type\":\"BreadcrumbList\",\"@id\":\"https:\/\/www.mwm.net\/es\/servicios\/otros-productos-de-servicio-mwm\/separador-de-gases-y-suciedad-para-sistemas-de-refrigeracion-en-motores-de-gas-mwm\/#breadcrumb\",\"itemListElement\":[{\"@type\":\"ListItem\",\"position\":1,\"name\":\"Home\",\"item\":\"https:\/\/www.mwm.net\/es\/\"},{\"@type\":\"ListItem\",\"position\":2,\"name\":\"Servicios\",\"item\":\"https:\/\/www.mwm.net\/es\/servicios\/\"},{\"@type\":\"ListItem\",\"position\":3,\"name\":\"Otros productos de servicio MWM\",\"item\":\"https:\/\/www.mwm.net\/es\/servicios\/otros-productos-de-servicio-mwm\/\"},{\"@type\":\"ListItem\",\"position\":4,\"name\":\"Separador de gases y suciedad para sistemas de refrigeraci\u00f3n en motores de gas MWM\"}]},{\"@type\":\"WebSite\",\"@id\":\"https:\/\/www.mwm.net\/es\/#website\",\"url\":\"https:\/\/www.mwm.net\/es\/\",\"name\":\"MWM\",\"description\":\"\",\"publisher\":{\"@id\":\"https:\/\/www.mwm.net\/es\/#organization\"},\"potentialAction\":[{\"@type\":\"SearchAction\",\"target\":{\"@type\":\"EntryPoint\",\"urlTemplate\":\"https:\/\/www.mwm.net\/es\/?s={search_term_string}\"},\"query-input\":{\"@type\":\"PropertyValueSpecification\",\"valueRequired\":true,\"valueName\":\"search_term_string\"}}],\"inLanguage\":\"es\"},{\"@type\":\"Organization\",\"@id\":\"https:\/\/www.mwm.net\/es\/#organization\",\"name\":\"Caterpillar Energy Solutions GmbH\",\"url\":\"https:\/\/www.mwm.net\/es\/\",\"logo\":{\"@type\":\"ImageObject\",\"inLanguage\":\"es\",\"@id\":\"https:\/\/www.mwm.net\/es\/#\/schema\/logo\/image\/\",\"url\":\"https:\/\/www.mwm.net\/wp-content\/uploads\/2022\/02\/logo2.jpg\",\"contentUrl\":\"https:\/\/www.mwm.net\/wp-content\/uploads\/2022\/02\/logo2.jpg\",\"width\":260,\"height\":142,\"caption\":\"Caterpillar Energy Solutions GmbH\"},\"image\":{\"@id\":\"https:\/\/www.mwm.net\/es\/#\/schema\/logo\/image\/\"}}]}<\/script>\n<!-- \/ Yoast SEO Premium plugin. -->","yoast_head_json":{"title":"Separador de gases y suciedad para sistemas de refrigeraci\u00f3n en motores de gas MWM - MWM","description":"Aumente f\u00e1cilmente la resistencia de los sistemas de refrigeraci\u00f3n de las plantas con el separador de gases y suciedad MWM.","robots":{"index":"index","follow":"follow","max-snippet":"max-snippet:-1","max-image-preview":"max-image-preview:large","max-video-preview":"max-video-preview:-1"},"canonical":"https:\/\/www.mwm.net\/es\/servicios\/otros-productos-de-servicio-mwm\/separador-de-gases-y-suciedad-para-sistemas-de-refrigeracion-en-motores-de-gas-mwm\/","og_locale":"es_ES","og_type":"article","og_title":"Separador de gases y suciedad para sistemas de refrigeraci\u00f3n en motores de gas MWM","og_description":"Aumente f\u00e1cilmente la resistencia de los sistemas de refrigeraci\u00f3n de las plantas con el separador de gases y suciedad MWM.","og_url":"https:\/\/www.mwm.net\/es\/servicios\/otros-productos-de-servicio-mwm\/separador-de-gases-y-suciedad-para-sistemas-de-refrigeracion-en-motores-de-gas-mwm\/","og_site_name":"MWM","article_modified_time":"2025-01-08T11:03:17+00:00","og_image":[{"width":1254,"height":1257,"url":"https:\/\/www.mwm.net\/wp-content\/uploads\/2022\/10\/mwm_separator_icon_rgb.jpg","type":"image\/jpeg"}],"twitter_card":"summary_large_image","twitter_misc":{"Tiempo de lectura":"4 minutos"},"schema":{"@context":"https:\/\/schema.org","@graph":[{"@type":"WebPage","@id":"https:\/\/www.mwm.net\/es\/servicios\/otros-productos-de-servicio-mwm\/separador-de-gases-y-suciedad-para-sistemas-de-refrigeracion-en-motores-de-gas-mwm\/","url":"https:\/\/www.mwm.net\/es\/servicios\/otros-productos-de-servicio-mwm\/separador-de-gases-y-suciedad-para-sistemas-de-refrigeracion-en-motores-de-gas-mwm\/","name":"Separador de gases y suciedad para sistemas de refrigeraci\u00f3n en motores de gas MWM - MWM","isPartOf":{"@id":"https:\/\/www.mwm.net\/es\/#website"},"primaryImageOfPage":{"@id":"https:\/\/www.mwm.net\/es\/servicios\/otros-productos-de-servicio-mwm\/separador-de-gases-y-suciedad-para-sistemas-de-refrigeracion-en-motores-de-gas-mwm\/#primaryimage"},"image":{"@id":"https:\/\/www.mwm.net\/es\/servicios\/otros-productos-de-servicio-mwm\/separador-de-gases-y-suciedad-para-sistemas-de-refrigeracion-en-motores-de-gas-mwm\/#primaryimage"},"thumbnailUrl":"https:\/\/www.mwm.net\/wp-content\/uploads\/2022\/10\/mwm_separator_icon_rgb.jpg","datePublished":"2024-11-06T15:53:25+00:00","dateModified":"2025-01-08T11:03:17+00:00","description":"Aumente f\u00e1cilmente la resistencia de los sistemas de refrigeraci\u00f3n de las plantas con el separador de gases y suciedad MWM.","breadcrumb":{"@id":"https:\/\/www.mwm.net\/es\/servicios\/otros-productos-de-servicio-mwm\/separador-de-gases-y-suciedad-para-sistemas-de-refrigeracion-en-motores-de-gas-mwm\/#breadcrumb"},"inLanguage":"es","potentialAction":[{"@type":"ReadAction","target":["https:\/\/www.mwm.net\/es\/servicios\/otros-productos-de-servicio-mwm\/separador-de-gases-y-suciedad-para-sistemas-de-refrigeracion-en-motores-de-gas-mwm\/"]}]},{"@type":"ImageObject","inLanguage":"es","@id":"https:\/\/www.mwm.net\/es\/servicios\/otros-productos-de-servicio-mwm\/separador-de-gases-y-suciedad-para-sistemas-de-refrigeracion-en-motores-de-gas-mwm\/#primaryimage","url":"https:\/\/www.mwm.net\/wp-content\/uploads\/2022\/10\/mwm_separator_icon_rgb.jpg","contentUrl":"https:\/\/www.mwm.net\/wp-content\/uploads\/2022\/10\/mwm_separator_icon_rgb.jpg","width":1254,"height":1257},{"@type":"BreadcrumbList","@id":"https:\/\/www.mwm.net\/es\/servicios\/otros-productos-de-servicio-mwm\/separador-de-gases-y-suciedad-para-sistemas-de-refrigeracion-en-motores-de-gas-mwm\/#breadcrumb","itemListElement":[{"@type":"ListItem","position":1,"name":"Home","item":"https:\/\/www.mwm.net\/es\/"},{"@type":"ListItem","position":2,"name":"Servicios","item":"https:\/\/www.mwm.net\/es\/servicios\/"},{"@type":"ListItem","position":3,"name":"Otros productos de servicio MWM","item":"https:\/\/www.mwm.net\/es\/servicios\/otros-productos-de-servicio-mwm\/"},{"@type":"ListItem","position":4,"name":"Separador de gases y suciedad para sistemas de refrigeraci\u00f3n en motores de gas MWM"}]},{"@type":"WebSite","@id":"https:\/\/www.mwm.net\/es\/#website","url":"https:\/\/www.mwm.net\/es\/","name":"MWM","description":"","publisher":{"@id":"https:\/\/www.mwm.net\/es\/#organization"},"potentialAction":[{"@type":"SearchAction","target":{"@type":"EntryPoint","urlTemplate":"https:\/\/www.mwm.net\/es\/?s={search_term_string}"},"query-input":{"@type":"PropertyValueSpecification","valueRequired":true,"valueName":"search_term_string"}}],"inLanguage":"es"},{"@type":"Organization","@id":"https:\/\/www.mwm.net\/es\/#organization","name":"Caterpillar Energy Solutions GmbH","url":"https:\/\/www.mwm.net\/es\/","logo":{"@type":"ImageObject","inLanguage":"es","@id":"https:\/\/www.mwm.net\/es\/#\/schema\/logo\/image\/","url":"https:\/\/www.mwm.net\/wp-content\/uploads\/2022\/02\/logo2.jpg","contentUrl":"https:\/\/www.mwm.net\/wp-content\/uploads\/2022\/02\/logo2.jpg","width":260,"height":142,"caption":"Caterpillar Energy Solutions GmbH"},"image":{"@id":"https:\/\/www.mwm.net\/es\/#\/schema\/logo\/image\/"}}]}},"_links":{"self":[{"href":"https:\/\/www.mwm.net\/es\/wp-json\/wp\/v2\/pages\/105449","targetHints":{"allow":["GET"]}}],"collection":[{"href":"https:\/\/www.mwm.net\/es\/wp-json\/wp\/v2\/pages"}],"about":[{"href":"https:\/\/www.mwm.net\/es\/wp-json\/wp\/v2\/types\/page"}],"author":[{"embeddable":true,"href":"https:\/\/www.mwm.net\/es\/wp-json\/wp\/v2\/users\/19"}],"replies":[{"embeddable":true,"href":"https:\/\/www.mwm.net\/es\/wp-json\/wp\/v2\/comments?post=105449"}],"version-history":[{"count":2,"href":"https:\/\/www.mwm.net\/es\/wp-json\/wp\/v2\/pages\/105449\/revisions"}],"predecessor-version":[{"id":107265,"href":"https:\/\/www.mwm.net\/es\/wp-json\/wp\/v2\/pages\/105449\/revisions\/107265"}],"up":[{"embeddable":true,"href":"https:\/\/www.mwm.net\/es\/wp-json\/wp\/v2\/pages\/105006"}],"wp:featuredmedia":[{"embeddable":true,"href":"https:\/\/www.mwm.net\/es\/wp-json\/wp\/v2\/media\/103906"}],"wp:attachment":[{"href":"https:\/\/www.mwm.net\/es\/wp-json\/wp\/v2\/media?parent=105449"}],"wp:term":[{"taxonomy":"post_tag","embeddable":true,"href":"https:\/\/www.mwm.net\/es\/wp-json\/wp\/v2\/tags?post=105449"}],"curies":[{"name":"wp","href":"https:\/\/api.w.org\/{rel}","templated":true}]}}