{"id":105454,"date":"2024-11-07T09:32:30","date_gmt":"2024-11-07T07:32:30","guid":{"rendered":"https:\/\/www.mwm.net\/?page_id=105454"},"modified":"2024-11-07T09:32:30","modified_gmt":"2024-11-07T07:32:30","slug":"mwm-premium-u-32-5-para-el-reequipamiento-de-catalizadores-scr","status":"publish","type":"page","link":"https:\/\/www.mwm.net\/es\/servicios\/otros-productos-de-servicio-mwm\/mwm-premium-u-32-5-para-el-reequipamiento-de-catalizadores-scr\/","title":{"rendered":"MWM Premium U 32.5 para el reequipamiento de catalizadores SCR"},"content":{"rendered":"<div class=\"patch-content\">\n<h2 class=\"subheadline\">Funcionamiento ecol\u00f3gico de los motores de gas<\/h2>\n<ul>\n<li>Soluci\u00f3n de urea de alta pureza al 32,5 %<\/li>\n<li>Adecuada para el tratamiento de gases de escape SCR<\/li>\n<li>Para uso en plantas con producci\u00f3n simultanea de calor y electricidad y centrales el\u00e9ctricas de cogeneraci\u00f3n con sistemas SCR<\/li>\n<li>Permite la reducci\u00f3n fiable de las emisiones de NO<sub>x<\/sub><\/li>\n<li>Producto certificado conforme a la especificaci\u00f3n ISO 22241-1<\/li>\n<li>Disponible en tres tama\u00f1os<\/li>\n<\/ul>\n<\/div>\n<p><img decoding=\"async\" class=\"alignnone wp-image-93610\" src=\"https:\/\/www.mwm.net\/wp-content\/uploads\/2022\/03\/MWM-Premium-U-325.jpg\" alt=\"MWM Premium U 32.5\" width=\"800\" height=\"468\" srcset=\"https:\/\/www.mwm.net\/wp-content\/uploads\/2022\/03\/MWM-Premium-U-325.jpg 1600w, https:\/\/www.mwm.net\/wp-content\/uploads\/2022\/03\/MWM-Premium-U-325-768x449.jpg 768w, https:\/\/www.mwm.net\/wp-content\/uploads\/2022\/03\/MWM-Premium-U-325-1536x898.jpg 1536w\" sizes=\"(max-width: 767px) 89vw, (max-width: 1000px) 54vw, (max-width: 1071px) 543px, 580px\" \/><\/p>\n<div class=\"patch-content\">\n<h2 class=\"subheadline\">Soluci\u00f3n de urea aprobada para la reducci\u00f3n de emisiones de NO<sub>x<\/sub><\/h2>\n<p>MWM ofrece la soluci\u00f3n de urea de alta pureza MWM Premium U 32.5 para plantas con producci\u00f3n simultanea de calor y electricidad (<a href=\"https:\/\/www.mwm.net\/en\/distributed-power-plants\/\">plantas de CHP<\/a>) y <a href=\"https:\/\/www.mwm.net\/en\/distributed-power-plants\/cogeneration-power-plant-solutions\/\">centrales el\u00e9ctricas de cogeneraci\u00f3n<\/a> con motores de gas reequipados con <a href=\"https:\/\/www.mwm.net\/en\/services\/scr-catalyst-retrofitting\/\">catalizadores SCR<\/a>, La soluci\u00f3n de urea comprobada se utiliza para reducir las emisiones de NO<sub>x<\/sub> y est\u00e1 aprobada para plantas CHP y centrales el\u00e9ctricas de cogeneraci\u00f3n MWM de acuerdo con la especificaci\u00f3n ISO 22241-1. Gracias a la oferta integral de MWM Service, que incluye el catalizador SCR y MWM Premium U 32.5, operadores pueden garantizar sin grandes esfuerzos un funcionamiento limpio de las plantas de acuerdo con la 44<sub>a<\/sub> Ordenanza Federal de Control de Inmisiones (44<sub>a<\/sub> BImSchV).<\/p>\n<\/div>\n<div class=\"pro_grphc\">\n<div class=\"cntct_rght\"><a href=\"https:\/\/www.mwm.net\/en\/contact\/contact-form\/\">SERVICIO DE CONTACTO <strong>HAGA CLIC AQU\u00cd<\/strong><\/a><\/div>\n<\/div>\n","protected":false},"excerpt":{"rendered":"<p>Adem\u00e1s del reequipamiento de las plantas existentes con catalizadores SCR, MWM ofrece la urea MWM Premium U 32.5 para permitir un funcionamiento respetuoso con el medio ambiente de acuerdo con la 44\u00aa Ordenanza Federal de Control de Inmisiones (44\u00aa BImSchV) en Alemania.<\/p>\n","protected":false},"author":19,"featured_media":103904,"parent":105006,"menu_order":0,"comment_status":"closed","ping_status":"closed","template":"page-sidebar-template.php","meta":{"_acf_changed":false,"footnotes":""},"tags":[1454,1455],"class_list":["post-105454","page","type-page","status-publish","has-post-thumbnail","hentry","tag-premium-u-32-5-es","tag-scr-kat-es"],"acf":[],"yoast_head":"<!-- This site is optimized with the Yoast SEO Premium plugin v27.2 (Yoast SEO v27.2) - https:\/\/yoast.com\/product\/yoast-seo-premium-wordpress\/ -->\n<title>MWM Premium U 32.5 para el reequipamiento de catalizadores SCR<\/title>\n<meta name=\"description\" content=\"Adem\u00e1s del reequipamiento de las plantas existentes con catalizadores SCR, MWM ofrece la urea MWM Premium U 32.5 para permitir el funcionamiento de acuerdo con la 44\u00aa Ordenanza Federal de Control de Inmisiones (44\u00aa BImSchV) en Alemania.\" \/>\n<meta name=\"robots\" content=\"index, follow, max-snippet:-1, max-image-preview:large, max-video-preview:-1\" \/>\n<link rel=\"canonical\" href=\"https:\/\/www.mwm.net\/es\/servicios\/otros-productos-de-servicio-mwm\/mwm-premium-u-32-5-para-el-reequipamiento-de-catalizadores-scr\/\" \/>\n<meta property=\"og:locale\" content=\"es_ES\" \/>\n<meta property=\"og:type\" content=\"article\" \/>\n<meta property=\"og:title\" content=\"MWM Premium U 32.5 para el reequipamiento de catalizadores SCR\" \/>\n<meta property=\"og:description\" content=\"Adem\u00e1s del reequipamiento de las plantas existentes con catalizadores SCR, MWM ofrece la urea MWM Premium U 32.5 para permitir el funcionamiento de acuerdo con la 44\u00aa Ordenanza Federal de Control de Inmisiones (44\u00aa BImSchV) en Alemania.\" \/>\n<meta property=\"og:url\" content=\"https:\/\/www.mwm.net\/es\/servicios\/otros-productos-de-servicio-mwm\/mwm-premium-u-32-5-para-el-reequipamiento-de-catalizadores-scr\/\" \/>\n<meta property=\"og:site_name\" content=\"MWM\" \/>\n<meta property=\"og:image\" content=\"https:\/\/www.mwm.net\/wp-content\/uploads\/2022\/10\/mwm_U325_icon_rgb.jpg\" \/>\n\t<meta property=\"og:image:width\" content=\"1263\" \/>\n\t<meta property=\"og:image:height\" content=\"1263\" \/>\n\t<meta property=\"og:image:type\" content=\"image\/jpeg\" \/>\n<meta name=\"twitter:card\" content=\"summary_large_image\" \/>\n<script type=\"application\/ld+json\" class=\"yoast-schema-graph\">{\"@context\":\"https:\/\/schema.org\",\"@graph\":[{\"@type\":\"WebPage\",\"@id\":\"https:\/\/www.mwm.net\/es\/servicios\/otros-productos-de-servicio-mwm\/mwm-premium-u-32-5-para-el-reequipamiento-de-catalizadores-scr\/\",\"url\":\"https:\/\/www.mwm.net\/es\/servicios\/otros-productos-de-servicio-mwm\/mwm-premium-u-32-5-para-el-reequipamiento-de-catalizadores-scr\/\",\"name\":\"MWM Premium U 32.5 para el reequipamiento de catalizadores SCR\",\"isPartOf\":{\"@id\":\"https:\/\/www.mwm.net\/es\/#website\"},\"primaryImageOfPage\":{\"@id\":\"https:\/\/www.mwm.net\/es\/servicios\/otros-productos-de-servicio-mwm\/mwm-premium-u-32-5-para-el-reequipamiento-de-catalizadores-scr\/#primaryimage\"},\"image\":{\"@id\":\"https:\/\/www.mwm.net\/es\/servicios\/otros-productos-de-servicio-mwm\/mwm-premium-u-32-5-para-el-reequipamiento-de-catalizadores-scr\/#primaryimage\"},\"thumbnailUrl\":\"https:\/\/www.mwm.net\/wp-content\/uploads\/2022\/10\/mwm_U325_icon_rgb.jpg\",\"datePublished\":\"2024-11-07T07:32:30+00:00\",\"description\":\"Adem\u00e1s del reequipamiento de las plantas existentes con catalizadores SCR, MWM ofrece la urea MWM Premium U 32.5 para permitir el funcionamiento de acuerdo con la 44\u00aa Ordenanza Federal de Control de Inmisiones (44\u00aa BImSchV) en Alemania.\",\"breadcrumb\":{\"@id\":\"https:\/\/www.mwm.net\/es\/servicios\/otros-productos-de-servicio-mwm\/mwm-premium-u-32-5-para-el-reequipamiento-de-catalizadores-scr\/#breadcrumb\"},\"inLanguage\":\"es\",\"potentialAction\":[{\"@type\":\"ReadAction\",\"target\":[\"https:\/\/www.mwm.net\/es\/servicios\/otros-productos-de-servicio-mwm\/mwm-premium-u-32-5-para-el-reequipamiento-de-catalizadores-scr\/\"]}]},{\"@type\":\"ImageObject\",\"inLanguage\":\"es\",\"@id\":\"https:\/\/www.mwm.net\/es\/servicios\/otros-productos-de-servicio-mwm\/mwm-premium-u-32-5-para-el-reequipamiento-de-catalizadores-scr\/#primaryimage\",\"url\":\"https:\/\/www.mwm.net\/wp-content\/uploads\/2022\/10\/mwm_U325_icon_rgb.jpg\",\"contentUrl\":\"https:\/\/www.mwm.net\/wp-content\/uploads\/2022\/10\/mwm_U325_icon_rgb.jpg\",\"width\":1263,\"height\":1263},{\"@type\":\"BreadcrumbList\",\"@id\":\"https:\/\/www.mwm.net\/es\/servicios\/otros-productos-de-servicio-mwm\/mwm-premium-u-32-5-para-el-reequipamiento-de-catalizadores-scr\/#breadcrumb\",\"itemListElement\":[{\"@type\":\"ListItem\",\"position\":1,\"name\":\"Home\",\"item\":\"https:\/\/www.mwm.net\/es\/\"},{\"@type\":\"ListItem\",\"position\":2,\"name\":\"Servicios\",\"item\":\"https:\/\/www.mwm.net\/es\/servicios\/\"},{\"@type\":\"ListItem\",\"position\":3,\"name\":\"Otros productos de servicio MWM\",\"item\":\"https:\/\/www.mwm.net\/es\/servicios\/otros-productos-de-servicio-mwm\/\"},{\"@type\":\"ListItem\",\"position\":4,\"name\":\"MWM Premium U 32.5 para el reequipamiento de catalizadores SCR\"}]},{\"@type\":\"WebSite\",\"@id\":\"https:\/\/www.mwm.net\/es\/#website\",\"url\":\"https:\/\/www.mwm.net\/es\/\",\"name\":\"MWM\",\"description\":\"\",\"publisher\":{\"@id\":\"https:\/\/www.mwm.net\/es\/#organization\"},\"potentialAction\":[{\"@type\":\"SearchAction\",\"target\":{\"@type\":\"EntryPoint\",\"urlTemplate\":\"https:\/\/www.mwm.net\/es\/?s={search_term_string}\"},\"query-input\":{\"@type\":\"PropertyValueSpecification\",\"valueRequired\":true,\"valueName\":\"search_term_string\"}}],\"inLanguage\":\"es\"},{\"@type\":\"Organization\",\"@id\":\"https:\/\/www.mwm.net\/es\/#organization\",\"name\":\"Caterpillar Energy Solutions GmbH\",\"url\":\"https:\/\/www.mwm.net\/es\/\",\"logo\":{\"@type\":\"ImageObject\",\"inLanguage\":\"es\",\"@id\":\"https:\/\/www.mwm.net\/es\/#\/schema\/logo\/image\/\",\"url\":\"https:\/\/www.mwm.net\/wp-content\/uploads\/2022\/02\/logo2.jpg\",\"contentUrl\":\"https:\/\/www.mwm.net\/wp-content\/uploads\/2022\/02\/logo2.jpg\",\"width\":260,\"height\":142,\"caption\":\"Caterpillar Energy Solutions GmbH\"},\"image\":{\"@id\":\"https:\/\/www.mwm.net\/es\/#\/schema\/logo\/image\/\"}}]}<\/script>\n<!-- \/ Yoast SEO Premium plugin. -->","yoast_head_json":{"title":"MWM Premium U 32.5 para el reequipamiento de catalizadores SCR","description":"Adem\u00e1s del reequipamiento de las plantas existentes con catalizadores SCR, MWM ofrece la urea MWM Premium U 32.5 para permitir el funcionamiento de acuerdo con la 44\u00aa Ordenanza Federal de Control de Inmisiones (44\u00aa BImSchV) en Alemania.","robots":{"index":"index","follow":"follow","max-snippet":"max-snippet:-1","max-image-preview":"max-image-preview:large","max-video-preview":"max-video-preview:-1"},"canonical":"https:\/\/www.mwm.net\/es\/servicios\/otros-productos-de-servicio-mwm\/mwm-premium-u-32-5-para-el-reequipamiento-de-catalizadores-scr\/","og_locale":"es_ES","og_type":"article","og_title":"MWM Premium U 32.5 para el reequipamiento de catalizadores SCR","og_description":"Adem\u00e1s del reequipamiento de las plantas existentes con catalizadores SCR, MWM ofrece la urea MWM Premium U 32.5 para permitir el funcionamiento de acuerdo con la 44\u00aa Ordenanza Federal de Control de Inmisiones (44\u00aa BImSchV) en Alemania.","og_url":"https:\/\/www.mwm.net\/es\/servicios\/otros-productos-de-servicio-mwm\/mwm-premium-u-32-5-para-el-reequipamiento-de-catalizadores-scr\/","og_site_name":"MWM","og_image":[{"width":1263,"height":1263,"url":"https:\/\/www.mwm.net\/wp-content\/uploads\/2022\/10\/mwm_U325_icon_rgb.jpg","type":"image\/jpeg"}],"twitter_card":"summary_large_image","schema":{"@context":"https:\/\/schema.org","@graph":[{"@type":"WebPage","@id":"https:\/\/www.mwm.net\/es\/servicios\/otros-productos-de-servicio-mwm\/mwm-premium-u-32-5-para-el-reequipamiento-de-catalizadores-scr\/","url":"https:\/\/www.mwm.net\/es\/servicios\/otros-productos-de-servicio-mwm\/mwm-premium-u-32-5-para-el-reequipamiento-de-catalizadores-scr\/","name":"MWM Premium U 32.5 para el reequipamiento de catalizadores SCR","isPartOf":{"@id":"https:\/\/www.mwm.net\/es\/#website"},"primaryImageOfPage":{"@id":"https:\/\/www.mwm.net\/es\/servicios\/otros-productos-de-servicio-mwm\/mwm-premium-u-32-5-para-el-reequipamiento-de-catalizadores-scr\/#primaryimage"},"image":{"@id":"https:\/\/www.mwm.net\/es\/servicios\/otros-productos-de-servicio-mwm\/mwm-premium-u-32-5-para-el-reequipamiento-de-catalizadores-scr\/#primaryimage"},"thumbnailUrl":"https:\/\/www.mwm.net\/wp-content\/uploads\/2022\/10\/mwm_U325_icon_rgb.jpg","datePublished":"2024-11-07T07:32:30+00:00","description":"Adem\u00e1s del reequipamiento de las plantas existentes con catalizadores SCR, MWM ofrece la urea MWM Premium U 32.5 para permitir el funcionamiento de acuerdo con la 44\u00aa Ordenanza Federal de Control de Inmisiones (44\u00aa BImSchV) en Alemania.","breadcrumb":{"@id":"https:\/\/www.mwm.net\/es\/servicios\/otros-productos-de-servicio-mwm\/mwm-premium-u-32-5-para-el-reequipamiento-de-catalizadores-scr\/#breadcrumb"},"inLanguage":"es","potentialAction":[{"@type":"ReadAction","target":["https:\/\/www.mwm.net\/es\/servicios\/otros-productos-de-servicio-mwm\/mwm-premium-u-32-5-para-el-reequipamiento-de-catalizadores-scr\/"]}]},{"@type":"ImageObject","inLanguage":"es","@id":"https:\/\/www.mwm.net\/es\/servicios\/otros-productos-de-servicio-mwm\/mwm-premium-u-32-5-para-el-reequipamiento-de-catalizadores-scr\/#primaryimage","url":"https:\/\/www.mwm.net\/wp-content\/uploads\/2022\/10\/mwm_U325_icon_rgb.jpg","contentUrl":"https:\/\/www.mwm.net\/wp-content\/uploads\/2022\/10\/mwm_U325_icon_rgb.jpg","width":1263,"height":1263},{"@type":"BreadcrumbList","@id":"https:\/\/www.mwm.net\/es\/servicios\/otros-productos-de-servicio-mwm\/mwm-premium-u-32-5-para-el-reequipamiento-de-catalizadores-scr\/#breadcrumb","itemListElement":[{"@type":"ListItem","position":1,"name":"Home","item":"https:\/\/www.mwm.net\/es\/"},{"@type":"ListItem","position":2,"name":"Servicios","item":"https:\/\/www.mwm.net\/es\/servicios\/"},{"@type":"ListItem","position":3,"name":"Otros productos de servicio MWM","item":"https:\/\/www.mwm.net\/es\/servicios\/otros-productos-de-servicio-mwm\/"},{"@type":"ListItem","position":4,"name":"MWM Premium U 32.5 para el reequipamiento de catalizadores SCR"}]},{"@type":"WebSite","@id":"https:\/\/www.mwm.net\/es\/#website","url":"https:\/\/www.mwm.net\/es\/","name":"MWM","description":"","publisher":{"@id":"https:\/\/www.mwm.net\/es\/#organization"},"potentialAction":[{"@type":"SearchAction","target":{"@type":"EntryPoint","urlTemplate":"https:\/\/www.mwm.net\/es\/?s={search_term_string}"},"query-input":{"@type":"PropertyValueSpecification","valueRequired":true,"valueName":"search_term_string"}}],"inLanguage":"es"},{"@type":"Organization","@id":"https:\/\/www.mwm.net\/es\/#organization","name":"Caterpillar Energy Solutions GmbH","url":"https:\/\/www.mwm.net\/es\/","logo":{"@type":"ImageObject","inLanguage":"es","@id":"https:\/\/www.mwm.net\/es\/#\/schema\/logo\/image\/","url":"https:\/\/www.mwm.net\/wp-content\/uploads\/2022\/02\/logo2.jpg","contentUrl":"https:\/\/www.mwm.net\/wp-content\/uploads\/2022\/02\/logo2.jpg","width":260,"height":142,"caption":"Caterpillar Energy Solutions GmbH"},"image":{"@id":"https:\/\/www.mwm.net\/es\/#\/schema\/logo\/image\/"}}]}},"_links":{"self":[{"href":"https:\/\/www.mwm.net\/es\/wp-json\/wp\/v2\/pages\/105454","targetHints":{"allow":["GET"]}}],"collection":[{"href":"https:\/\/www.mwm.net\/es\/wp-json\/wp\/v2\/pages"}],"about":[{"href":"https:\/\/www.mwm.net\/es\/wp-json\/wp\/v2\/types\/page"}],"author":[{"embeddable":true,"href":"https:\/\/www.mwm.net\/es\/wp-json\/wp\/v2\/users\/19"}],"replies":[{"embeddable":true,"href":"https:\/\/www.mwm.net\/es\/wp-json\/wp\/v2\/comments?post=105454"}],"version-history":[{"count":1,"href":"https:\/\/www.mwm.net\/es\/wp-json\/wp\/v2\/pages\/105454\/revisions"}],"predecessor-version":[{"id":105455,"href":"https:\/\/www.mwm.net\/es\/wp-json\/wp\/v2\/pages\/105454\/revisions\/105455"}],"up":[{"embeddable":true,"href":"https:\/\/www.mwm.net\/es\/wp-json\/wp\/v2\/pages\/105006"}],"wp:featuredmedia":[{"embeddable":true,"href":"https:\/\/www.mwm.net\/es\/wp-json\/wp\/v2\/media\/103904"}],"wp:attachment":[{"href":"https:\/\/www.mwm.net\/es\/wp-json\/wp\/v2\/media?parent=105454"}],"wp:term":[{"taxonomy":"post_tag","embeddable":true,"href":"https:\/\/www.mwm.net\/es\/wp-json\/wp\/v2\/tags?post=105454"}],"curies":[{"name":"wp","href":"https:\/\/api.w.org\/{rel}","templated":true}]}}