{"id":105464,"date":"2024-11-07T10:39:42","date_gmt":"2024-11-07T08:39:42","guid":{"rendered":"https:\/\/www.mwm.net\/?page_id=105464"},"modified":"2025-01-08T13:08:57","modified_gmt":"2025-01-08T11:08:57","slug":"sistema-automatico-de-reengrase-de-cojinetes-de-generador-agrgs","status":"publish","type":"page","link":"https:\/\/www.mwm.net\/es\/servicios\/sistema-automatico-de-reengrase-de-cojinetes-de-generador-agrgs\/","title":{"rendered":"Sistema autom\u00e1tico de reengrase de cojinetes de generador (AGRGS)"},"content":{"rendered":"<div class=\"patch-content\">\n<h2 class=\"subheadline noborder\">Sistema autom\u00e1tico de reengrase de cojinetes de generador (AGRGS)<\/h2>\n<h3>Lubricaci\u00f3n autom\u00e1tica y continua para minimizar la carga de trabajo y los costos<\/h3>\n<div class=\"spcl_blts\">\n<ul style=\"margin-top:10px;\">\n<li>Lubricaci\u00f3n precisa y continua<\/li>\n<li>Distribuci\u00f3n uniforme de las temperaturas de los cojinetes<\/li>\n<li>Reducci\u00f3n de costos y esfuerzo<\/li>\n<li>Sistema de f\u00e1cil mantenimiento<\/li>\n<li>Mayor seguridad para personas y m\u00e1quinas<\/li>\n<li>Dise\u00f1ado seg\u00fan la larga experiencia de campo<\/li>\n<\/ul>\n<\/div>\n<\/div>\n<p>&nbsp;<\/p>\n<div class=\"blu_sec\" style=\"margin: 0; padding: 0;\">\n<h4>En esta p\u00e1gina<\/h4>\n<p><a href=\"#components\">Componentes del AGRGS<\/a><br \/>\n<a href=\"#offer\">\u00bfQu\u00e9 ofrece MWM AGRGS a los usuarios?<\/a><br \/>\n<a href=\"#benefits\">Ventajas t\u00e9cnicas<\/a><br \/>\n<a href=\"#requirements\">Requisitos para su kit AGRGS<\/a>\n<\/div>\n<p>&nbsp;<\/p>\n<div class=\"patch-content\">\n<p>El sistema autom\u00e1tico de reengrase de cojinetes de generador (AGRGS) es un sistema de lubricaci\u00f3n independiente para cojinetes de generadores, que proporciona lubricaci\u00f3n autom\u00e1tica continua y elimina la necesidad de engrase manual durante los intervalos de servicio. El objetivo principal del sistema es evitar una lubricaci\u00f3n inadecuada y optimizar los costos de servicio. Como resultado, se extiende la vida \u00fatil del equipo correspondiente y, en consecuencia, se reducen los costos asociados de desplazamiento y mano de obra. El sistema es aplicable a todos los generadores Marelli con clase de grasa NLGI-2 o superior. Se puede utilizar tanto en los modelos de 50 Hz como de 60 Hz.<\/p>\n<\/div>\n<div class=\"pro_grphc\">\n<div class=\"cntct_rght\"><a href=\"https:\/\/www.mwm.net\/en\/contact\/contact-form\/\">Servicio de contacto <strong>Haga clic aqu\u00ed<\/strong><\/a><\/div>\n<\/div>\n<div class=\"patch-content\">\n<h2 class=\"subheadline noborder\"><a name=\"components\"><\/a>El sistema autom\u00e1tico de reengrase de cojinetes de generador consta de los siguientes componentes:<\/h2>\n<ul>\n<li>Bomba de pist\u00f3n con dep\u00f3sito y mangueras de alta presi\u00f3n<\/li>\n<li>Distribuidor (relaci\u00f3n: 1:1, 1:2, 1:3)<\/li>\n<li>Placa de montaje<\/li>\n<li>Componentes el\u00e9ctricos para conexi\u00f3n TEM\/TPEM<\/li>\n<li>Herramienta de llenado (opcional)<\/li>\n<li>Material de montaje incluido soporte (opcional)<\/li>\n<\/ul>\n<figure id=\"attachment_92594\" aria-describedby=\"caption-attachment-92594\" style=\"width: 731px\" class=\"wp-caption aligncenter\"><img decoding=\"async\" class=\"wp-image-92594 size-full\" src=\"https:\/\/www.mwm.net\/wp-content\/uploads\/2021\/11\/AGRGS-components-2.jpg\" alt=\"Componentes AGRGS\" width=\"731\" height=\"555\" \/><figcaption id=\"caption-attachment-92594\" class=\"wp-caption-text\">(1)Distribuidor (2) L\u00ednea principal (3) Bomba de pist\u00f3n (4) L\u00edneas de lubricaci\u00f3n (5) Cojinete del generador (6) Armario de control TPEM CC (solo para sistema TPEM) (7) Armario de equipos auxiliares (HAS) (8) Armario de control del grupo electr\u00f3geno (solo para sistema TEM)<\/figcaption><\/figure>\n<p>La bomba de pist\u00f3n (3) presiona el lubricante en la l\u00ednea principal (2) que est\u00e1 conectada al distribuidor (1). Dentro del distribuidor, la grasa se dirige a los cojinetes del generador seg\u00fan la relaci\u00f3n de distribuci\u00f3n seleccionada. El lubricador llega a los cojinetes del generador (5) a trav\u00e9s de las l\u00edneas de lubricaci\u00f3n (4). La bomba de pist\u00f3n recibe energ\u00eda el\u00e9ctrica a trav\u00e9s del armario de equipos auxiliares (HAS) (7). El HAS tambi\u00e9n garantiza la conexi\u00f3n entre el AGRGS y el sistema de control de la planta (tanto TEM como TPEM).<\/p>\n<\/div>\n<div class=\"patch-content\">\n<h2 class=\"subheadline\"><a name=\"offer\"><\/a>\u00bfQu\u00e9 ofrece MWM AGRGS a los usuarios?<\/h2>\n<p>El sistema de reengrase autom\u00e1tico de cojinetes de generador garantiza una lubricaci\u00f3n regular y precisa con reducci\u00f3n de costos gracias a un proceso autom\u00e1tico. Una lubricaci\u00f3n inadecuada puede, en el peor de los casos, provocar da\u00f1os en los cojinetes, lo que a su vez provoca costos imprevistos y tiempos de inactividad no programados.<\/p>\n<\/div>\n<div class=\"patch-content\">\n<h2 class=\"subheadline\"><a name=\"benefits\"><\/a>Ventajas t\u00e9cnicas:<\/h2>\n<ul>\n<li>Lubricaci\u00f3n precisa y continua, sin sobrecarga manual<\/li>\n<li>Reducci\u00f3n de costos y carga de trabajo<\/li>\n<li>Sistema de f\u00e1cil mantenimiento<\/li>\n<li>Distribuci\u00f3n m\u00e1s uniforme de las temperaturas de los cojinetes<\/li>\n<li>Mayor seguridad para personas y m\u00e1quinas<\/li>\n<li>Sistema comprobado<\/li>\n<\/ul>\n<\/div>\n<div class=\"pro_grphc\">\n<div class=\"cntct_rght\"><a href=\"https:\/\/www.mwm.net\/en\/contact\/contact-form\/\">Servicio de contacto <strong>Haga clic aqu\u00ed<\/strong><\/a><\/div>\n<\/div>\n<div class=\"patch-content\">\n<h2 class=\"subheadline noborder\"><a name=\"requirements\"><\/a>Requisitos para su kit AGRGS:<\/h2>\n<p>Se debe leer la informaci\u00f3n en la placa de caracter\u00edsticas del generador para garantizar la configuraci\u00f3n correcta del sistema.<\/p>\n<p>Para obtener m\u00e1s informaci\u00f3n, p\u00f3ngase en contacto con su <a href=\"https:\/\/www.mwm.net\/en\/locations\/\">socio de servicios MWM<\/a>.<br \/>\n&nbsp;<br \/>\n&nbsp;<\/p>\n<h3>Solicite su kit AGRGS en el taller de servicio o p\u00f3ngase en contacto con su socio de servicio responsable.<\/h3>\n<p>&nbsp;<br \/>\n&nbsp;<br \/>\nPara consultas generales sobre productos de servicio, p\u00f3ngase en contacto con <a href=\"mailto:serviceproducts@mwm.net\">serviceproducts@mwm.net<\/a>.<\/p>\n<\/div>\n<div class=\"pro_grphc\">\n<div class=\"cntct_rght\"><a href=\"https:\/\/www.mwm.net\/en\/contact\/contact-form\/\">SERVICIO DE CONTACTO <strong>HAGA CLIC AQU\u00cd<\/strong><\/a><\/div>\n<\/div>\n","protected":false},"excerpt":{"rendered":"<p>El sistema autom\u00e1tico de reengrase de cojinetes de generador (AGRGS) evita la lubricaci\u00f3n inadecuada y reduce los costos y la carga de trabajo.<\/p>\n","protected":false},"author":19,"featured_media":103731,"parent":103099,"menu_order":0,"comment_status":"closed","ping_status":"closed","template":"product-template.php","meta":{"_acf_changed":false,"footnotes":""},"tags":[],"class_list":["post-105464","page","type-page","status-publish","has-post-thumbnail","hentry"],"acf":[],"yoast_head":"<!-- This site is optimized with the Yoast SEO Premium plugin v27.2 (Yoast SEO v27.2) - https:\/\/yoast.com\/product\/yoast-seo-premium-wordpress\/ -->\n<title>Sistema autom\u00e1tico de reengrase de cojinetes de generador (AGRGS)<\/title>\n<meta name=\"description\" content=\"El sistema autom\u00e1tico de reengrase de cojinetes de generador (AGRGS) evita la lubricaci\u00f3n inadecuada y reduce los costos y la carga de trabajo.\" \/>\n<meta name=\"robots\" content=\"index, follow, max-snippet:-1, max-image-preview:large, max-video-preview:-1\" \/>\n<link rel=\"canonical\" href=\"https:\/\/www.mwm.net\/es\/servicios\/sistema-automatico-de-reengrase-de-cojinetes-de-generador-agrgs\/\" \/>\n<meta property=\"og:locale\" content=\"es_ES\" \/>\n<meta property=\"og:type\" content=\"article\" \/>\n<meta property=\"og:title\" content=\"Sistema autom\u00e1tico de reengrase de cojinetes de generador (AGRGS)\" \/>\n<meta property=\"og:description\" content=\"El sistema autom\u00e1tico de reengrase de cojinetes de generador (AGRGS) evita la lubricaci\u00f3n inadecuada y reduce los costos y la carga de trabajo.\" \/>\n<meta property=\"og:url\" content=\"https:\/\/www.mwm.net\/es\/servicios\/sistema-automatico-de-reengrase-de-cojinetes-de-generador-agrgs\/\" \/>\n<meta property=\"og:site_name\" content=\"MWM\" \/>\n<meta property=\"article:modified_time\" content=\"2025-01-08T11:08:57+00:00\" \/>\n<meta property=\"og:image\" content=\"https:\/\/www.mwm.net\/wp-content\/uploads\/2021\/11\/MWM-AGLS.jpg\" \/>\n\t<meta property=\"og:image:width\" content=\"1600\" \/>\n\t<meta property=\"og:image:height\" content=\"1346\" \/>\n\t<meta property=\"og:image:type\" content=\"image\/jpeg\" \/>\n<meta name=\"twitter:card\" content=\"summary_large_image\" \/>\n<meta name=\"twitter:label1\" content=\"Tiempo de lectura\" \/>\n\t<meta name=\"twitter:data1\" content=\"4 minutos\" \/>\n<script type=\"application\/ld+json\" class=\"yoast-schema-graph\">{\"@context\":\"https:\/\/schema.org\",\"@graph\":[{\"@type\":\"WebPage\",\"@id\":\"https:\/\/www.mwm.net\/es\/servicios\/sistema-automatico-de-reengrase-de-cojinetes-de-generador-agrgs\/\",\"url\":\"https:\/\/www.mwm.net\/es\/servicios\/sistema-automatico-de-reengrase-de-cojinetes-de-generador-agrgs\/\",\"name\":\"Sistema autom\u00e1tico de reengrase de cojinetes de generador (AGRGS)\",\"isPartOf\":{\"@id\":\"https:\/\/www.mwm.net\/es\/#website\"},\"primaryImageOfPage\":{\"@id\":\"https:\/\/www.mwm.net\/es\/servicios\/sistema-automatico-de-reengrase-de-cojinetes-de-generador-agrgs\/#primaryimage\"},\"image\":{\"@id\":\"https:\/\/www.mwm.net\/es\/servicios\/sistema-automatico-de-reengrase-de-cojinetes-de-generador-agrgs\/#primaryimage\"},\"thumbnailUrl\":\"https:\/\/www.mwm.net\/wp-content\/uploads\/2021\/11\/MWM-AGLS.jpg\",\"datePublished\":\"2024-11-07T08:39:42+00:00\",\"dateModified\":\"2025-01-08T11:08:57+00:00\",\"description\":\"El sistema autom\u00e1tico de reengrase de cojinetes de generador (AGRGS) evita la lubricaci\u00f3n inadecuada y reduce los costos y la carga de trabajo.\",\"breadcrumb\":{\"@id\":\"https:\/\/www.mwm.net\/es\/servicios\/sistema-automatico-de-reengrase-de-cojinetes-de-generador-agrgs\/#breadcrumb\"},\"inLanguage\":\"es\",\"potentialAction\":[{\"@type\":\"ReadAction\",\"target\":[\"https:\/\/www.mwm.net\/es\/servicios\/sistema-automatico-de-reengrase-de-cojinetes-de-generador-agrgs\/\"]}]},{\"@type\":\"ImageObject\",\"inLanguage\":\"es\",\"@id\":\"https:\/\/www.mwm.net\/es\/servicios\/sistema-automatico-de-reengrase-de-cojinetes-de-generador-agrgs\/#primaryimage\",\"url\":\"https:\/\/www.mwm.net\/wp-content\/uploads\/2021\/11\/MWM-AGLS.jpg\",\"contentUrl\":\"https:\/\/www.mwm.net\/wp-content\/uploads\/2021\/11\/MWM-AGLS.jpg\",\"width\":1600,\"height\":1346},{\"@type\":\"BreadcrumbList\",\"@id\":\"https:\/\/www.mwm.net\/es\/servicios\/sistema-automatico-de-reengrase-de-cojinetes-de-generador-agrgs\/#breadcrumb\",\"itemListElement\":[{\"@type\":\"ListItem\",\"position\":1,\"name\":\"Home\",\"item\":\"https:\/\/www.mwm.net\/es\/\"},{\"@type\":\"ListItem\",\"position\":2,\"name\":\"Servicios\",\"item\":\"https:\/\/www.mwm.net\/es\/servicios\/\"},{\"@type\":\"ListItem\",\"position\":3,\"name\":\"Sistema autom\u00e1tico de reengrase de cojinetes de generador (AGRGS)\"}]},{\"@type\":\"WebSite\",\"@id\":\"https:\/\/www.mwm.net\/es\/#website\",\"url\":\"https:\/\/www.mwm.net\/es\/\",\"name\":\"MWM\",\"description\":\"\",\"publisher\":{\"@id\":\"https:\/\/www.mwm.net\/es\/#organization\"},\"potentialAction\":[{\"@type\":\"SearchAction\",\"target\":{\"@type\":\"EntryPoint\",\"urlTemplate\":\"https:\/\/www.mwm.net\/es\/?s={search_term_string}\"},\"query-input\":{\"@type\":\"PropertyValueSpecification\",\"valueRequired\":true,\"valueName\":\"search_term_string\"}}],\"inLanguage\":\"es\"},{\"@type\":\"Organization\",\"@id\":\"https:\/\/www.mwm.net\/es\/#organization\",\"name\":\"Caterpillar Energy Solutions GmbH\",\"url\":\"https:\/\/www.mwm.net\/es\/\",\"logo\":{\"@type\":\"ImageObject\",\"inLanguage\":\"es\",\"@id\":\"https:\/\/www.mwm.net\/es\/#\/schema\/logo\/image\/\",\"url\":\"https:\/\/www.mwm.net\/wp-content\/uploads\/2022\/02\/logo2.jpg\",\"contentUrl\":\"https:\/\/www.mwm.net\/wp-content\/uploads\/2022\/02\/logo2.jpg\",\"width\":260,\"height\":142,\"caption\":\"Caterpillar Energy Solutions GmbH\"},\"image\":{\"@id\":\"https:\/\/www.mwm.net\/es\/#\/schema\/logo\/image\/\"}}]}<\/script>\n<!-- \/ Yoast SEO Premium plugin. -->","yoast_head_json":{"title":"Sistema autom\u00e1tico de reengrase de cojinetes de generador (AGRGS)","description":"El sistema autom\u00e1tico de reengrase de cojinetes de generador (AGRGS) evita la lubricaci\u00f3n inadecuada y reduce los costos y la carga de trabajo.","robots":{"index":"index","follow":"follow","max-snippet":"max-snippet:-1","max-image-preview":"max-image-preview:large","max-video-preview":"max-video-preview:-1"},"canonical":"https:\/\/www.mwm.net\/es\/servicios\/sistema-automatico-de-reengrase-de-cojinetes-de-generador-agrgs\/","og_locale":"es_ES","og_type":"article","og_title":"Sistema autom\u00e1tico de reengrase de cojinetes de generador (AGRGS)","og_description":"El sistema autom\u00e1tico de reengrase de cojinetes de generador (AGRGS) evita la lubricaci\u00f3n inadecuada y reduce los costos y la carga de trabajo.","og_url":"https:\/\/www.mwm.net\/es\/servicios\/sistema-automatico-de-reengrase-de-cojinetes-de-generador-agrgs\/","og_site_name":"MWM","article_modified_time":"2025-01-08T11:08:57+00:00","og_image":[{"width":1600,"height":1346,"url":"https:\/\/www.mwm.net\/wp-content\/uploads\/2021\/11\/MWM-AGLS.jpg","type":"image\/jpeg"}],"twitter_card":"summary_large_image","twitter_misc":{"Tiempo de lectura":"4 minutos"},"schema":{"@context":"https:\/\/schema.org","@graph":[{"@type":"WebPage","@id":"https:\/\/www.mwm.net\/es\/servicios\/sistema-automatico-de-reengrase-de-cojinetes-de-generador-agrgs\/","url":"https:\/\/www.mwm.net\/es\/servicios\/sistema-automatico-de-reengrase-de-cojinetes-de-generador-agrgs\/","name":"Sistema autom\u00e1tico de reengrase de cojinetes de generador (AGRGS)","isPartOf":{"@id":"https:\/\/www.mwm.net\/es\/#website"},"primaryImageOfPage":{"@id":"https:\/\/www.mwm.net\/es\/servicios\/sistema-automatico-de-reengrase-de-cojinetes-de-generador-agrgs\/#primaryimage"},"image":{"@id":"https:\/\/www.mwm.net\/es\/servicios\/sistema-automatico-de-reengrase-de-cojinetes-de-generador-agrgs\/#primaryimage"},"thumbnailUrl":"https:\/\/www.mwm.net\/wp-content\/uploads\/2021\/11\/MWM-AGLS.jpg","datePublished":"2024-11-07T08:39:42+00:00","dateModified":"2025-01-08T11:08:57+00:00","description":"El sistema autom\u00e1tico de reengrase de cojinetes de generador (AGRGS) evita la lubricaci\u00f3n inadecuada y reduce los costos y la carga de trabajo.","breadcrumb":{"@id":"https:\/\/www.mwm.net\/es\/servicios\/sistema-automatico-de-reengrase-de-cojinetes-de-generador-agrgs\/#breadcrumb"},"inLanguage":"es","potentialAction":[{"@type":"ReadAction","target":["https:\/\/www.mwm.net\/es\/servicios\/sistema-automatico-de-reengrase-de-cojinetes-de-generador-agrgs\/"]}]},{"@type":"ImageObject","inLanguage":"es","@id":"https:\/\/www.mwm.net\/es\/servicios\/sistema-automatico-de-reengrase-de-cojinetes-de-generador-agrgs\/#primaryimage","url":"https:\/\/www.mwm.net\/wp-content\/uploads\/2021\/11\/MWM-AGLS.jpg","contentUrl":"https:\/\/www.mwm.net\/wp-content\/uploads\/2021\/11\/MWM-AGLS.jpg","width":1600,"height":1346},{"@type":"BreadcrumbList","@id":"https:\/\/www.mwm.net\/es\/servicios\/sistema-automatico-de-reengrase-de-cojinetes-de-generador-agrgs\/#breadcrumb","itemListElement":[{"@type":"ListItem","position":1,"name":"Home","item":"https:\/\/www.mwm.net\/es\/"},{"@type":"ListItem","position":2,"name":"Servicios","item":"https:\/\/www.mwm.net\/es\/servicios\/"},{"@type":"ListItem","position":3,"name":"Sistema autom\u00e1tico de reengrase de cojinetes de generador (AGRGS)"}]},{"@type":"WebSite","@id":"https:\/\/www.mwm.net\/es\/#website","url":"https:\/\/www.mwm.net\/es\/","name":"MWM","description":"","publisher":{"@id":"https:\/\/www.mwm.net\/es\/#organization"},"potentialAction":[{"@type":"SearchAction","target":{"@type":"EntryPoint","urlTemplate":"https:\/\/www.mwm.net\/es\/?s={search_term_string}"},"query-input":{"@type":"PropertyValueSpecification","valueRequired":true,"valueName":"search_term_string"}}],"inLanguage":"es"},{"@type":"Organization","@id":"https:\/\/www.mwm.net\/es\/#organization","name":"Caterpillar Energy Solutions GmbH","url":"https:\/\/www.mwm.net\/es\/","logo":{"@type":"ImageObject","inLanguage":"es","@id":"https:\/\/www.mwm.net\/es\/#\/schema\/logo\/image\/","url":"https:\/\/www.mwm.net\/wp-content\/uploads\/2022\/02\/logo2.jpg","contentUrl":"https:\/\/www.mwm.net\/wp-content\/uploads\/2022\/02\/logo2.jpg","width":260,"height":142,"caption":"Caterpillar Energy Solutions GmbH"},"image":{"@id":"https:\/\/www.mwm.net\/es\/#\/schema\/logo\/image\/"}}]}},"_links":{"self":[{"href":"https:\/\/www.mwm.net\/es\/wp-json\/wp\/v2\/pages\/105464","targetHints":{"allow":["GET"]}}],"collection":[{"href":"https:\/\/www.mwm.net\/es\/wp-json\/wp\/v2\/pages"}],"about":[{"href":"https:\/\/www.mwm.net\/es\/wp-json\/wp\/v2\/types\/page"}],"author":[{"embeddable":true,"href":"https:\/\/www.mwm.net\/es\/wp-json\/wp\/v2\/users\/19"}],"replies":[{"embeddable":true,"href":"https:\/\/www.mwm.net\/es\/wp-json\/wp\/v2\/comments?post=105464"}],"version-history":[{"count":4,"href":"https:\/\/www.mwm.net\/es\/wp-json\/wp\/v2\/pages\/105464\/revisions"}],"predecessor-version":[{"id":107267,"href":"https:\/\/www.mwm.net\/es\/wp-json\/wp\/v2\/pages\/105464\/revisions\/107267"}],"up":[{"embeddable":true,"href":"https:\/\/www.mwm.net\/es\/wp-json\/wp\/v2\/pages\/103099"}],"wp:featuredmedia":[{"embeddable":true,"href":"https:\/\/www.mwm.net\/es\/wp-json\/wp\/v2\/media\/103731"}],"wp:attachment":[{"href":"https:\/\/www.mwm.net\/es\/wp-json\/wp\/v2\/media?parent=105464"}],"wp:term":[{"taxonomy":"post_tag","embeddable":true,"href":"https:\/\/www.mwm.net\/es\/wp-json\/wp\/v2\/tags?post=105464"}],"curies":[{"name":"wp","href":"https:\/\/api.w.org\/{rel}","templated":true}]}}