{"id":105472,"date":"2024-11-07T11:32:38","date_gmt":"2024-11-07T09:32:38","guid":{"rendered":"https:\/\/www.mwm.net\/?page_id=105472"},"modified":"2025-12-23T13:26:40","modified_gmt":"2025-12-23T11:26:40","slug":"aceite-premium-mwm-para-motores-de-gas","status":"publish","type":"page","link":"https:\/\/www.mwm.net\/es\/servicios\/aceite-premium-mwm-para-motores-de-gas\/","title":{"rendered":"Aceite premium MWM para motores de gas"},"content":{"rendered":"<div class=\"blu_sec\" style=\"margin:0;padding:0;\"><\/div>\n<div class=\"patch-content\">\n<h2 class=\"subheadline noborder\">Alto rendimiento y niveles de eficiencia continuos gracias al aceite Premium MWM para motores de gas<\/h2>\n<p>Los <a href=\"https:\/\/www.mwm.net\/en\/gas-engines-gensets\/\">motores MWM<\/a> est\u00e1n dise\u00f1ados para ofrecer un alto rendimiento a largo plazo con el m\u00e1ximo nivel de eficiencia y la m\u00e1xima vida \u00fatil, y son la base del \u00e9xito econ\u00f3mico y ecol\u00f3gico de una planta de cogeneraci\u00f3n. En combinaci\u00f3n con el aceite de motor adecuado, el grupo electr\u00f3geno de gas consigue altos niveles de rendimiento y eficiencia constantes, teniendo en cuenta el gas combustible disponible y el modo de funcionamiento del motor. Con el aumento de la potencia del motor y los mayores niveles de eficiencia, la selecci\u00f3n de un aceite de motor de excelente calidad y el apoyo de una gesti\u00f3n cualificada del mismo, adquieren cada vez m\u00e1s importancia para la durabilidad de un motor de gas. Por este motivo, MWM ofrece a sus clientes no s\u00f3lo un an\u00e1lisis detallado del aceite lubricante, sino tambi\u00e9n aceites originales MWM Premium para motores de gas, que aumentan el \u00e9xito econ\u00f3mico de toda la planta gracias a intervalos de cambio de aceite mayores y un menor consumo de lubricante.<\/p>\n<\/div>\n<div class=\"patch-content\">\n<h2 class=\"subheadline\">Aceite de motor Premium desarrollado por expertos en motores MWM<\/h2>\n<p>En pruebas de campo intensivas, los aceites de motor se eval\u00faan y aprueban para su uso en funci\u00f3n del an\u00e1lisis del aceite lubricante y la inspecci\u00f3n de los componentes desmontados. Bas\u00e1ndonos en la larga experiencia de nuestros ingenieros en este campo, as\u00ed como en una evaluaci\u00f3n exhaustiva de las experiencias de campo de la organizaci\u00f3n de servicios MWM, se han seleccionado, junto con socios estrat\u00e9gicos, aceites de motor que protegen de forma \u00f3ptima su motor y aumentan su eficiencia.<\/p>\n<\/div>\n<div class=\"patch-content\">\n<h2 class=\"subheadline\">La selecci\u00f3n \u00f3ptima del lubricante: alto nivel de limpieza y protecci\u00f3n contra el desgaste<\/h2>\n<p>Adem\u00e1s de la m\u00e1xima protecci\u00f3n contra el desgaste y los largos intervalos de cambio de aceite, al seleccionar los aceites de motor MWM Premium se prest\u00f3 especial atenci\u00f3n en el alto nivel de limpieza de la primera ranura del anillo del pist\u00f3n. La formaci\u00f3n de dep\u00f3sitos en esta zona tiene efectos adversos sobre el funcionamiento del paquete de anillos, lo que provoca un aumento del consumo de aceite. MWM Premium GMO 240 y 440 se caracterizan por una excelente limpieza del pist\u00f3n. El uso de aceites de motor Premium aumenta la disponibilidad y rentabilidad de la planta.<\/p>\n<\/div>\n<div class=\"pro_grphc\">\n<div class=\"cntct_rght\"><a href=\"https:\/\/www.mwm.net\/en\/contact\/contact-form\/\">Servicio de contacto <strong>Haga clic aqu\u00ed<\/strong><\/a><\/div>\n<\/div>\n<div class=\"patch-content\">\n<h2 class=\"subheadline noborder\">MWM Premium GMO 240<\/h2>\n<p>MWM Premium OMG 240 garantiza un excelente equilibrio entre rendimiento y costos. Debido a su TBN estable, a pesar del contenido limitado de cenizas de sulfato, no s\u00f3lo es adecuado para el funcionamiento con gas natural, sino tambi\u00e9n expl\u00edcitamente para su uso en aplicaciones de biog\u00e1s, incluido el postratamiento de gases de escape.<\/p>\n<ul>\n<li>Aceite de motor de gas con bajo contenido en cenizas<\/li>\n<li>Aceite base de alta calidad y aditivos especialmente dise\u00f1ados<\/li>\n<li>Contenido de cenizas de sulfato 0,55 % en peso<\/li>\n<li>Protecci\u00f3n fiable contra el desgaste<\/li>\n<li>Alto nivel de limpieza del pist\u00f3n<\/li>\n<li>Alta estabilidad del n\u00famero base incluso con una calidad de gas cambiante<\/li>\n<\/ul>\n<\/div>\n<div class=\"patch-content\">\n<h2 class=\"subheadline\">MWM Premium GMO 340<\/h2>\n<p>MWM Premium GMO 340 es un nuevo aceite mineral para motores de gas con \u00e9mbolos de acero y alta densidad de rendimiento. Gracias a su estabilidad t\u00e9rmica mejorada, ofrece para estas aplicaciones unos intervalos m\u00e1s largos de cambio de aceite.<\/p>\n<ul>\n<li>Aceite de motor de gas con contenido medio en cenizas<\/li>\n<li>Aceite base de alta calidad y aditivos especialmente dise\u00f1ados para intervalos de cambio m\u00e1s largos<\/li>\n<li>Clase SAE 40<\/li>\n<li>Contenido de cenizas de sulfato 0,69 % en peso<\/li>\n<li>Protecci\u00f3n fiable contra el desgaste<\/li>\n<li>Excelente nivel de limpieza del pist\u00f3n<\/li>\n<li>Estabilidad mejorada de viscosidad y oxidaci\u00f3n<\/li>\n<\/ul>\n<\/div>\n<div class=\"patch-content\">\n<h2 class=\"subheadline\">MWM Premium GMO 440<\/h2>\n<p>MWM Premium GMO 440 se adapta perfectamente a todas las aplicaciones. Las mayores ventajas sobre un aceite mineral convencional se aprecian sobre todo a altas temperaturas del aceite y con un volumen de aceite espec\u00edficamente bajo (litros\/kW). En este caso, suele haber varios intervalos de cambio de aceite. El GMO 440 es especialmente adecuado para potencias de metano bajas y un funcionamiento econ\u00f3mico.<\/p>\n<ul>\n<li>Aceite de motor de gas con muy bajo contenido de cenizas<\/li>\n<li>Aceite base sint\u00e9tico para intervalos de cambio m\u00e1ximos<\/li>\n<li>Clase SAE 40<\/li>\n<li>Contenido de cenizas de sulfato 0,49 % en peso<\/li>\n<li>Protecci\u00f3n fiable contra el desgaste<\/li>\n<li>Nivel de limpieza del pist\u00f3n muy alto<\/li>\n<li>Peque\u00f1os dep\u00f3sitos en los componentes que conducen los gases de escape, como los intercambiadores de calor de escape<\/li>\n<li>Mayor estabilidad de la combusti\u00f3n<\/li>\n<\/ul>\n<\/div>\n<div class=\"pro_grphc\">\n<div class=\"cntct_rght\"><a href=\"https:\/\/www.mwm.net\/en\/contact\/contact-form\/\">Servicio de contacto <strong>Haga clic aqu\u00ed<\/strong><\/a><\/div>\n<\/div>\n<div class=\"patch-content tbl_cntnt\">\n<h2 class=\"subheadline noborder\">Caracter\u00edsticas t\u00edpicas de las sustancias de aceite premium MWM<\/h2>\n<table width=\"100%\" cellspacing=\"0\" cellpadding=\"0\">\n<thead>\n<tr>\n<th class=\"border\">Caracter\u00edsticas t\u00edpicas de las sustancias<\/th>\n<th class=\"border\">Premium GMO 240<\/th>\n<th>Premium GMO 440<\/th>\n<\/tr>\n<\/thead>\n<tbody>\n<tr class=\"odd\">\n<td class=\"border\">Clase SAE<\/td>\n<td class=\"border\">40<\/td>\n<td>40<\/td>\n<\/tr>\n<tr class=\"even\">\n<td class=\"border\">Contenido de cenizas de sulfato<\/td>\n<td class=\"border\">0,55 wt. %<\/td>\n<td>0,49 wt. %<\/td>\n<\/tr>\n<tr class=\"odd\">\n<td class=\"border\">TBN<\/td>\n<td class=\"border\">5,2 mgKOH\/g<\/td>\n<td>6,0 mgKOH\/g<\/td>\n<\/tr>\n<tr class=\"even\">\n<td class=\"border\">Viscosidad cinem\u00e1tica a 40 \u00b0C<\/td>\n<td class=\"border\">122 mm<sup>2<\/sup>\/s<\/td>\n<td>127 mm<sup>2<\/sup>\/s<\/td>\n<\/tr>\n<tr class=\"odd\">\n<td class=\"border\">Viscosidad cinem\u00e1tica a 100 \u00b0C<\/td>\n<td class=\"border\">13,3 mm<sup>2<\/sup>\/s<\/td>\n<td>13,5 mm<sup>2<\/sup>\/s<\/td>\n<\/tr>\n<tr class=\"even\">\n<td class=\"border\">\u00cfndice de viscosidad<\/td>\n<td class=\"border\">104<\/td>\n<td>100<\/td>\n<\/tr>\n<tr class=\"odd\">\n<td class=\"border\">Densidad<\/td>\n<td class=\"border\">885 kg\/m<sup>3<\/sup><\/td>\n<td>950 kg\/m<sup>3<\/sup><\/td>\n<\/tr>\n<tr class=\"even\">\n<td class=\"border\">Punto de fluidez<\/td>\n<td class=\"border\">-18\u00b0C<\/td>\n<td>-25\u00b0C<\/td>\n<\/tr>\n<tr class=\"odd\">\n<td class=\"border\">Punto de inflamaci\u00f3n<\/td>\n<td class=\"border\">227\u00b0C<\/td>\n<td>245\u00b0C<\/td>\n<\/tr>\n<\/tbody>\n<\/table>\n<\/div>\n<div class=\"patch-content tbl_cntnt\">\n<h2 class=\"subheadline noborder\">Rango de aplicaci\u00f3n de los aceites para motores de gas MWM Premium<\/h2>\n<table width=\"100%\" cellspacing=\"0\" cellpadding=\"0\">\n<thead>\n<tr>\n<th class=\"border\">Aceites para motores de gas<\/th>\n<th class=\"border\">Gas de alta calidad<\/th>\n<th class=\"border\">Gas de calidad media<\/th>\n<th>Gas de baja calidad<\/th>\n<\/tr>\n<\/thead>\n<tbody>\n<tr class=\"odd\">\n<td class=\"border\">GMO 240<\/td>\n<td class=\"border\">++<\/td>\n<td class=\"border\">+++<\/td>\n<td>++<\/td>\n<\/tr>\n<tr class=\"even\">\n<td class=\"border\">GMO 440<\/td>\n<td class=\"border\">+++<\/td>\n<td class=\"border\">++<\/td>\n<td>+<\/td>\n<\/tr>\n<\/tbody>\n<\/table>\n<\/div>\n<div class=\"pro_grphc\">\n<div class=\"cntct_rght\"><a href=\"https:\/\/www.mwm.net\/en\/contact\/contact-form\/\">Servicio de contacto <strong>Haga clic aqu\u00ed<\/strong><\/a><\/div>\n<\/div>\n<div class=\"patch-content\">\n<h2 class=\"subheadline noborder\">Aceite Premium para motores de gas MWM \u2013 Folleto y ficha t\u00e9cnica del producto<\/h2>\n<h3>Aceite de motor de alto rendimiento MWM \u2013 Folleto<\/h3>\n<p>M\u00e1ximo rendimiento, m\u00e1xima disponibilidad gracias a una gesti\u00f3n optimizada de la planta.<\/p>\n<div class=\"issue-image-section\">\n<div class=\"image-issuu\"><a href=\"https:\/\/issuu.com\/mwm_energy\/docs\/mwm_oil_onepager_en?fr=sMjc0YTY0MDY1NTY\" target=\"_blank\" rel=\"noopener\"><br \/>\n                        <img decoding=\"async\" title=\"Folleto en issuu.com.com\" src=\"\/files\/upload\/image\/8942_48_MWM_High_Performance_Engine_Oil_Brochure_EN.jpg\" alt=\"Folleto en issuu.com.com\" \/><br \/>\n                    <\/a><\/div>\n<div class=\"right-issuu\">\n<p>                    Haga clic en este folleto para acceder a la plataforma de publicaci\u00f3n digital issuu.com Este sitio web se rige por la <a href=\"https:\/\/issuu.com\/legal\/privacy\" target=\"_blank\" rel=\"noopener nofollow\">Pol\u00edtica de privacidad de issuu<\/a>.<\/p><\/div>\n<\/p><\/div>\n<p>            Todos los idiomas en issuu: <a title=\"MWM Aceite de motor en issuu.com (DE)\" href=\"https:\/\/issuu.com\/mwm_energy\/docs\/mwm15024_mwm_oil_onepager_a4_rgb_7_?fr=sYTQwZDY0MDY1NTY\" target=\"_blank\" rel=\"noopener\">DE<\/a> | <a title=\"MWM Aceite premium MWM para motores de gas en issuu.com (EN)\" href=\"https:\/\/issuu.com\/mwm_energy\/docs\/mwm_oil_onepager_en?fr=sMjc0YTY0MDY1NTY\" target=\"_blank\" rel=\"noopener\">EN<\/a><br \/>\n            Descargar as PDF: <a title=\"MWM Aceite de motor DE\" href=\"https:\/\/www.mwm.net\/files\/upload\/mwm\/issuu\/MWM_Oil_Onepager.pdf\" target=\"_blank\" rel=\"noopener\">DE<\/a> | <a title=\"MWM Aceite de motor EN\" href=\"https:\/\/www.mwm.net\/files\/upload\/mwm\/issuu\/MWM_Oil_Onepager_EN.pdf\" target=\"_blank\" rel=\"noopener\">EN<\/a><\/p>\n<\/div>\n<hr class=\"blue\" \/>\n<div class=\"patch-content\">\n<h3>MWM Premium GMO 240 \u2013 Ficha t\u00e9cnica del producto<\/h3>\n<p>            Aceite de motor de alta calidad a base de aceite mineral.<\/p>\n<div class=\"issue-image-section\">\n<div class=\"image-issuu\"><a href=\"https:\/\/issuu.com\/mwm_energy\/docs\/mwm_oil_produktdatenblatt_en_gmo240?fr=sMmQ2MDY0MDY1NTY\" target=\"_blank\" rel=\"noopener\"><br \/>\n                        <img decoding=\"async\" title=\"Folleto en issuu.com.com\" src=\"\/files\/upload\/image\/CES22004-Update-Datenblatt-GMO240_A4_EN_2_0_RZ_sm_screen_teaser.jpg\" alt=\"Folleto en issuu.com.com\" \/><br \/>\n                    <\/a><\/div>\n<div class=\"right-issuu\">\n<p>                    Haga clic en este folleto para acceder a la plataforma de publicaci\u00f3n digital issuu.com Este sitio web se rige por la <a href=\"https:\/\/issuu.com\/legal\/privacy\" target=\"_blank\" rel=\"noopener nofollow\">Pol\u00edtica de privacidad de issuu<\/a>.<\/p><\/div>\n<\/p><\/div>\n<p>            Todos los idiomas en issuu: <a title=\"MWM Premium GMO 240 - Folleto en issuu.com (DE)\" href=\"https:\/\/issuu.com\/mwm_energy\/docs\/mwm_oil_produktdatenblatt_de_gmo240?fr=sZTFmYjY0MDY1NTY\" target=\"_blank\" rel=\"noopener\">DE<\/a> | <a title=\"MWM Premium GMO 240 - Folleto en issuu.com (EN)\" href=\"https:\/\/issuu.com\/mwm_energy\/docs\/mwm_oil_produktdatenblatt_en_gmo240?fr=sMmQ2MDY0MDY1NTY\" target=\"_blank\" rel=\"noopener\">EN<\/a><br \/>\n            Descargar as PDF: <a title=\"Descargar MWM Premium GMO 240 - Folleto DE\" href=\"\/files\/upload\/mwm\/issuu\/CES25017-Update-Datenblatt-GMO240_A4_DE_1_001_RZ_ue_screen.pdf\" target=\"_blank\" rel=\"noopener\">DE<\/a> | <a title=\"Descargar MWM Premium GMO 240 - Folleto EN\" href=\"\/files\/upload\/mwm\/issuu\/CES25017-Update-Datenblatt-GMO240_A4_EN_1_001_RZ_ue_screen.pdf\" target=\"_blank\" rel=\"noopener\">EN<\/a><\/p>\n<\/div>\n<hr class=\"blue\" \/>\n<div class=\"patch-content\">\n<h3>MWM Premium GMO 440 \u2013 Ficha t\u00e9cnica del producto<\/h3>\n<p>            La soluci\u00f3n econ\u00f3mica en una amplia gama.<\/p>\n<div class=\"issue-image-section\">\n<div class=\"image-issuu\"><a href=\"https:\/\/issuu.com\/mwm_energy\/docs\/mwm_oil_produktdatenblatt_en_gmo440?fr=sNWI4YzY0MDY1NTY\" target=\"_blank\" rel=\"noopener\"><br \/>\n                        <img decoding=\"async\" title=\"Folleto en issuu.com.com\" src=\"\/files\/upload\/image\/9126_48_MWM_Premium_GMO_440_Product_data_sheet_EN.jpg\" alt=\"Folleto en issuu.com.com\" \/><br \/>\n                    <\/a><\/div>\n<div class=\"right-issuu\">\n<p>                    Haga clic en este folleto para acceder a la plataforma de publicaci\u00f3n digital issuu.com Este sitio web se rige por la <a href=\"https:\/\/issuu.com\/legal\/privacy\" target=\"_blank\" rel=\"noopener nofollow\">Pol\u00edtica de privacidad de issuu<\/a>.<\/p><\/div>\n<\/p><\/div>\n<p>            Todos los idiomas en issuu: <a title=\"MWM Premium GMO 440 - Folleto en issuu.com (EN)\" href=\"https:\/\/issuu.com\/mwm_energy\/docs\/mwm_oil_produktdatenblatt_de_gmo440?fr=sODlkMzY0MDY1NTY\" target=\"_blank\" rel=\"noopener\">DE<\/a> | <a title=\"MWM Premium GMO 440 - Folleto en issuu.com (EN)\" href=\"https:\/\/issuu.com\/mwm_energy\/docs\/mwm_oil_produktdatenblatt_en_gmo440?fr=sNWI4YzY0MDY1NTY\" target=\"_blank\" rel=\"noopener\">EN <\/a><br \/>\n            Descargar PDF: <a title=\"Descargar MWM Premium GMO 440 - Folleto DE\" href=\"\/files\/upload\/mwm\/issuu\/CES25014-Update-MWM-Premium-GMO-440-Flyer_210x297mm_DE_1_0_RZ_sm_screen.pdf\" target=\"_blank\" rel=\"noopener\">DE<\/a> | <a title=\"Descargar MWM Premium GMO 440 - Folleto EN\" href=\"https:\/\/www.mwm.net\/files\/upload\/mwm\/issuu\/CES25014-Update-MWM-Premium-GMO-440-Flyer_210x297mm_EN_1_0_RZ_sm_screen.pdf\" target=\"_blank\" rel=\"noopener\">EN<\/a><\/p>\n<\/div>\n<div class=\"pro_grphc\">\n<div class=\"cntct_rght\"><a href=\"https:\/\/www.mwm.net\/en\/contact\/contact-form\/\">Servicio de contacto <strong>Haga clic aqu\u00ed<\/strong><\/a><\/div>\n<\/div>\n","protected":false},"excerpt":{"rendered":"<p>Los aceites Premium para motores de gas MWM garantizan altos niveles de rendimiento y eficiencia a largo plazo.<\/p>\n","protected":false},"author":19,"featured_media":103456,"parent":103099,"menu_order":0,"comment_status":"closed","ping_status":"closed","template":"product-template.php","meta":{"_acf_changed":false,"footnotes":""},"tags":[2308,2309,2310,2311,1494],"class_list":["post-105472","page","type-page","status-publish","has-post-thumbnail","hentry","tag-aceite-premium-mwm","tag-premium-gmo-240","tag-premium-gmo-340","tag-premium-gmo-440","tag-premium-oil-es"],"acf":[],"yoast_head":"<!-- This site is optimized with the Yoast SEO Premium plugin v27.2 (Yoast SEO v27.2) - https:\/\/yoast.com\/product\/yoast-seo-premium-wordpress\/ -->\n<title>Aceite premium MWM para motores de gas - MWM<\/title>\n<meta name=\"description\" content=\"Los aceites Premium para motores de gas MWM garantizan altos niveles de rendimiento y eficiencia a largo plazo.\" \/>\n<meta name=\"robots\" content=\"index, follow, max-snippet:-1, max-image-preview:large, max-video-preview:-1\" \/>\n<link rel=\"canonical\" href=\"https:\/\/www.mwm.net\/es\/servicios\/aceite-premium-mwm-para-motores-de-gas\/\" \/>\n<meta property=\"og:locale\" content=\"es_ES\" \/>\n<meta property=\"og:type\" content=\"article\" \/>\n<meta property=\"og:title\" content=\"Aceite premium MWM para motores de gas\" \/>\n<meta property=\"og:description\" content=\"Los aceites Premium para motores de gas MWM garantizan altos niveles de rendimiento y eficiencia a largo plazo.\" \/>\n<meta property=\"og:url\" content=\"https:\/\/www.mwm.net\/es\/servicios\/aceite-premium-mwm-para-motores-de-gas\/\" \/>\n<meta property=\"og:site_name\" content=\"MWM\" \/>\n<meta property=\"article:modified_time\" content=\"2025-12-23T11:26:40+00:00\" \/>\n<meta property=\"og:image\" content=\"https:\/\/www.mwm.net\/wp-content\/uploads\/2021\/05\/MWM-Premium-Oel-fuer-Gasmotoren.jpg\" \/>\n\t<meta property=\"og:image:width\" content=\"800\" \/>\n\t<meta property=\"og:image:height\" content=\"533\" \/>\n\t<meta property=\"og:image:type\" content=\"image\/jpeg\" \/>\n<meta name=\"twitter:card\" content=\"summary_large_image\" \/>\n<meta name=\"twitter:label1\" content=\"Tiempo de lectura\" \/>\n\t<meta name=\"twitter:data1\" content=\"7 minutos\" \/>\n<script type=\"application\/ld+json\" class=\"yoast-schema-graph\">{\"@context\":\"https:\/\/schema.org\",\"@graph\":[{\"@type\":\"WebPage\",\"@id\":\"https:\/\/www.mwm.net\/es\/servicios\/aceite-premium-mwm-para-motores-de-gas\/\",\"url\":\"https:\/\/www.mwm.net\/es\/servicios\/aceite-premium-mwm-para-motores-de-gas\/\",\"name\":\"Aceite premium MWM para motores de gas - MWM\",\"isPartOf\":{\"@id\":\"https:\/\/www.mwm.net\/es\/#website\"},\"primaryImageOfPage\":{\"@id\":\"https:\/\/www.mwm.net\/es\/servicios\/aceite-premium-mwm-para-motores-de-gas\/#primaryimage\"},\"image\":{\"@id\":\"https:\/\/www.mwm.net\/es\/servicios\/aceite-premium-mwm-para-motores-de-gas\/#primaryimage\"},\"thumbnailUrl\":\"https:\/\/www.mwm.net\/wp-content\/uploads\/2021\/05\/MWM-Premium-Oel-fuer-Gasmotoren.jpg\",\"datePublished\":\"2024-11-07T09:32:38+00:00\",\"dateModified\":\"2025-12-23T11:26:40+00:00\",\"description\":\"Los aceites Premium para motores de gas MWM garantizan altos niveles de rendimiento y eficiencia a largo plazo.\",\"breadcrumb\":{\"@id\":\"https:\/\/www.mwm.net\/es\/servicios\/aceite-premium-mwm-para-motores-de-gas\/#breadcrumb\"},\"inLanguage\":\"es\",\"potentialAction\":[{\"@type\":\"ReadAction\",\"target\":[\"https:\/\/www.mwm.net\/es\/servicios\/aceite-premium-mwm-para-motores-de-gas\/\"]}]},{\"@type\":\"ImageObject\",\"inLanguage\":\"es\",\"@id\":\"https:\/\/www.mwm.net\/es\/servicios\/aceite-premium-mwm-para-motores-de-gas\/#primaryimage\",\"url\":\"https:\/\/www.mwm.net\/wp-content\/uploads\/2021\/05\/MWM-Premium-Oel-fuer-Gasmotoren.jpg\",\"contentUrl\":\"https:\/\/www.mwm.net\/wp-content\/uploads\/2021\/05\/MWM-Premium-Oel-fuer-Gasmotoren.jpg\",\"width\":800,\"height\":533},{\"@type\":\"BreadcrumbList\",\"@id\":\"https:\/\/www.mwm.net\/es\/servicios\/aceite-premium-mwm-para-motores-de-gas\/#breadcrumb\",\"itemListElement\":[{\"@type\":\"ListItem\",\"position\":1,\"name\":\"Home\",\"item\":\"https:\/\/www.mwm.net\/es\/\"},{\"@type\":\"ListItem\",\"position\":2,\"name\":\"Servicios\",\"item\":\"https:\/\/www.mwm.net\/es\/servicios\/\"},{\"@type\":\"ListItem\",\"position\":3,\"name\":\"Aceite premium MWM para motores de gas\"}]},{\"@type\":\"WebSite\",\"@id\":\"https:\/\/www.mwm.net\/es\/#website\",\"url\":\"https:\/\/www.mwm.net\/es\/\",\"name\":\"MWM\",\"description\":\"\",\"publisher\":{\"@id\":\"https:\/\/www.mwm.net\/es\/#organization\"},\"potentialAction\":[{\"@type\":\"SearchAction\",\"target\":{\"@type\":\"EntryPoint\",\"urlTemplate\":\"https:\/\/www.mwm.net\/es\/?s={search_term_string}\"},\"query-input\":{\"@type\":\"PropertyValueSpecification\",\"valueRequired\":true,\"valueName\":\"search_term_string\"}}],\"inLanguage\":\"es\"},{\"@type\":\"Organization\",\"@id\":\"https:\/\/www.mwm.net\/es\/#organization\",\"name\":\"Caterpillar Energy Solutions GmbH\",\"url\":\"https:\/\/www.mwm.net\/es\/\",\"logo\":{\"@type\":\"ImageObject\",\"inLanguage\":\"es\",\"@id\":\"https:\/\/www.mwm.net\/es\/#\/schema\/logo\/image\/\",\"url\":\"https:\/\/www.mwm.net\/wp-content\/uploads\/2022\/02\/logo2.jpg\",\"contentUrl\":\"https:\/\/www.mwm.net\/wp-content\/uploads\/2022\/02\/logo2.jpg\",\"width\":260,\"height\":142,\"caption\":\"Caterpillar Energy Solutions GmbH\"},\"image\":{\"@id\":\"https:\/\/www.mwm.net\/es\/#\/schema\/logo\/image\/\"}}]}<\/script>\n<!-- \/ Yoast SEO Premium plugin. -->","yoast_head_json":{"title":"Aceite premium MWM para motores de gas - MWM","description":"Los aceites Premium para motores de gas MWM garantizan altos niveles de rendimiento y eficiencia a largo plazo.","robots":{"index":"index","follow":"follow","max-snippet":"max-snippet:-1","max-image-preview":"max-image-preview:large","max-video-preview":"max-video-preview:-1"},"canonical":"https:\/\/www.mwm.net\/es\/servicios\/aceite-premium-mwm-para-motores-de-gas\/","og_locale":"es_ES","og_type":"article","og_title":"Aceite premium MWM para motores de gas","og_description":"Los aceites Premium para motores de gas MWM garantizan altos niveles de rendimiento y eficiencia a largo plazo.","og_url":"https:\/\/www.mwm.net\/es\/servicios\/aceite-premium-mwm-para-motores-de-gas\/","og_site_name":"MWM","article_modified_time":"2025-12-23T11:26:40+00:00","og_image":[{"width":800,"height":533,"url":"https:\/\/www.mwm.net\/wp-content\/uploads\/2021\/05\/MWM-Premium-Oel-fuer-Gasmotoren.jpg","type":"image\/jpeg"}],"twitter_card":"summary_large_image","twitter_misc":{"Tiempo de lectura":"7 minutos"},"schema":{"@context":"https:\/\/schema.org","@graph":[{"@type":"WebPage","@id":"https:\/\/www.mwm.net\/es\/servicios\/aceite-premium-mwm-para-motores-de-gas\/","url":"https:\/\/www.mwm.net\/es\/servicios\/aceite-premium-mwm-para-motores-de-gas\/","name":"Aceite premium MWM para motores de gas - MWM","isPartOf":{"@id":"https:\/\/www.mwm.net\/es\/#website"},"primaryImageOfPage":{"@id":"https:\/\/www.mwm.net\/es\/servicios\/aceite-premium-mwm-para-motores-de-gas\/#primaryimage"},"image":{"@id":"https:\/\/www.mwm.net\/es\/servicios\/aceite-premium-mwm-para-motores-de-gas\/#primaryimage"},"thumbnailUrl":"https:\/\/www.mwm.net\/wp-content\/uploads\/2021\/05\/MWM-Premium-Oel-fuer-Gasmotoren.jpg","datePublished":"2024-11-07T09:32:38+00:00","dateModified":"2025-12-23T11:26:40+00:00","description":"Los aceites Premium para motores de gas MWM garantizan altos niveles de rendimiento y eficiencia a largo plazo.","breadcrumb":{"@id":"https:\/\/www.mwm.net\/es\/servicios\/aceite-premium-mwm-para-motores-de-gas\/#breadcrumb"},"inLanguage":"es","potentialAction":[{"@type":"ReadAction","target":["https:\/\/www.mwm.net\/es\/servicios\/aceite-premium-mwm-para-motores-de-gas\/"]}]},{"@type":"ImageObject","inLanguage":"es","@id":"https:\/\/www.mwm.net\/es\/servicios\/aceite-premium-mwm-para-motores-de-gas\/#primaryimage","url":"https:\/\/www.mwm.net\/wp-content\/uploads\/2021\/05\/MWM-Premium-Oel-fuer-Gasmotoren.jpg","contentUrl":"https:\/\/www.mwm.net\/wp-content\/uploads\/2021\/05\/MWM-Premium-Oel-fuer-Gasmotoren.jpg","width":800,"height":533},{"@type":"BreadcrumbList","@id":"https:\/\/www.mwm.net\/es\/servicios\/aceite-premium-mwm-para-motores-de-gas\/#breadcrumb","itemListElement":[{"@type":"ListItem","position":1,"name":"Home","item":"https:\/\/www.mwm.net\/es\/"},{"@type":"ListItem","position":2,"name":"Servicios","item":"https:\/\/www.mwm.net\/es\/servicios\/"},{"@type":"ListItem","position":3,"name":"Aceite premium MWM para motores de gas"}]},{"@type":"WebSite","@id":"https:\/\/www.mwm.net\/es\/#website","url":"https:\/\/www.mwm.net\/es\/","name":"MWM","description":"","publisher":{"@id":"https:\/\/www.mwm.net\/es\/#organization"},"potentialAction":[{"@type":"SearchAction","target":{"@type":"EntryPoint","urlTemplate":"https:\/\/www.mwm.net\/es\/?s={search_term_string}"},"query-input":{"@type":"PropertyValueSpecification","valueRequired":true,"valueName":"search_term_string"}}],"inLanguage":"es"},{"@type":"Organization","@id":"https:\/\/www.mwm.net\/es\/#organization","name":"Caterpillar Energy Solutions GmbH","url":"https:\/\/www.mwm.net\/es\/","logo":{"@type":"ImageObject","inLanguage":"es","@id":"https:\/\/www.mwm.net\/es\/#\/schema\/logo\/image\/","url":"https:\/\/www.mwm.net\/wp-content\/uploads\/2022\/02\/logo2.jpg","contentUrl":"https:\/\/www.mwm.net\/wp-content\/uploads\/2022\/02\/logo2.jpg","width":260,"height":142,"caption":"Caterpillar Energy Solutions GmbH"},"image":{"@id":"https:\/\/www.mwm.net\/es\/#\/schema\/logo\/image\/"}}]}},"_links":{"self":[{"href":"https:\/\/www.mwm.net\/es\/wp-json\/wp\/v2\/pages\/105472","targetHints":{"allow":["GET"]}}],"collection":[{"href":"https:\/\/www.mwm.net\/es\/wp-json\/wp\/v2\/pages"}],"about":[{"href":"https:\/\/www.mwm.net\/es\/wp-json\/wp\/v2\/types\/page"}],"author":[{"embeddable":true,"href":"https:\/\/www.mwm.net\/es\/wp-json\/wp\/v2\/users\/19"}],"replies":[{"embeddable":true,"href":"https:\/\/www.mwm.net\/es\/wp-json\/wp\/v2\/comments?post=105472"}],"version-history":[{"count":4,"href":"https:\/\/www.mwm.net\/es\/wp-json\/wp\/v2\/pages\/105472\/revisions"}],"predecessor-version":[{"id":111942,"href":"https:\/\/www.mwm.net\/es\/wp-json\/wp\/v2\/pages\/105472\/revisions\/111942"}],"up":[{"embeddable":true,"href":"https:\/\/www.mwm.net\/es\/wp-json\/wp\/v2\/pages\/103099"}],"wp:featuredmedia":[{"embeddable":true,"href":"https:\/\/www.mwm.net\/es\/wp-json\/wp\/v2\/media\/103456"}],"wp:attachment":[{"href":"https:\/\/www.mwm.net\/es\/wp-json\/wp\/v2\/media?parent=105472"}],"wp:term":[{"taxonomy":"post_tag","embeddable":true,"href":"https:\/\/www.mwm.net\/es\/wp-json\/wp\/v2\/tags?post=105472"}],"curies":[{"name":"wp","href":"https:\/\/api.w.org\/{rel}","templated":true}]}}