{"id":105800,"date":"2021-06-08T15:07:23","date_gmt":"2021-06-08T13:07:23","guid":{"rendered":"https:\/\/www.mwm.net\/notice-on-leaving-this-website-youtube\/"},"modified":"2024-11-13T15:25:51","modified_gmt":"2024-11-13T13:25:51","slug":"nota-sobre-como-salir-de-este-pagina-web-youtube","status":"publish","type":"page","link":"https:\/\/www.mwm.net\/es\/nota-sobre-como-salir-de-este-pagina-web-youtube\/","title":{"rendered":"Nota sobre c\u00f3mo Salir de este P\u00e1gina Web \u2013 Youtube Bangladesh V\u00eddeo"},"content":{"rendered":"<p>Puede usar el enlace de la parte inferior si desea salir de la p\u00e1gina web de MWM y entrar en la p\u00e1gina web externa de otro proveedor (Google Ireland Limited). Las regulaciones sobre protecci\u00f3n de datos de dicho proveedor son aplicables en dicha p\u00e1gina y es posible que las cookies sean configuradas por este, pues ello est\u00e1 fuera de nuestro control.<\/p>\n<p><strong>YouTobe V\u00eddeo \u00ab60 MW Around the World\u00bb, documentaci\u00f3n de un proyecto de planta MWM en Bangladesh:<\/strong><br \/>\n<a href=\"https:\/\/www.youtube.com\/watch?v=GzSl9kQMH20\" rel=\"noopener\" target=\"_blank\">https:\/\/www.youtube.com\/watch?v=GzSl9kQMH20<\/a><\/p>\n<p>Podr\u00e1 encontrar m\u00e1s informaci\u00f3n en <a title=\"Pol\u00edtica de privacidad\" href=\"https:\/\/www.mwm.net\/es\/privacidad\/\">nuestra declaraci\u00f3n sobre protecci\u00f3n de datos<\/a> as\u00ed como en la informaci\u00f3n sobre protecci\u00f3n de datos ubicada en YouTube: <a href=\"https:\/\/policies.google.com\/privacy\" rel=\"noopener\" target=\"_blank\">https:\/\/policies.google.com\/privacy<\/a><\/p>\n<div class=\"pro_grphc\">\n<div class=\"cntct_rght\"><a href=\"https:\/\/www.mwm.net\/en\/contact\/contact-sales\/\">Contacto con ventas <strong>Haga clic aqui<\/strong><\/a><\/div>\n<\/div>\n","protected":false},"excerpt":{"rendered":"<p>Hinweis zum Verlassen dieser Website \u2013 YouTube<\/p>\n","protected":false},"author":2,"featured_media":0,"parent":0,"menu_order":0,"comment_status":"closed","ping_status":"closed","template":"page-sidebar-template.php","meta":{"_acf_changed":false,"footnotes":""},"tags":[],"class_list":["post-105800","page","type-page","status-publish","hentry"],"acf":[],"yoast_head":"<!-- This site is optimized with the Yoast SEO Premium plugin v27.2 (Yoast SEO v27.2) - https:\/\/yoast.com\/product\/yoast-seo-premium-wordpress\/ -->\n<title>Notice on Leaving this Website \u2013 YouTube<\/title>\n<meta name=\"robots\" content=\"index, follow, max-snippet:-1, max-image-preview:large, max-video-preview:-1\" \/>\n<link rel=\"canonical\" href=\"https:\/\/www.mwm.net\/es\/nota-sobre-como-salir-de-este-pagina-web-youtube\/\" \/>\n<meta property=\"og:locale\" content=\"es_ES\" \/>\n<meta property=\"og:type\" content=\"article\" \/>\n<meta property=\"og:title\" content=\"Nota sobre c\u00f3mo Salir de este P\u00e1gina Web \u2013 Youtube Bangladesh V\u00eddeo\" \/>\n<meta property=\"og:description\" content=\"Hinweis zum Verlassen dieser Website \u2013 YouTube\" \/>\n<meta property=\"og:url\" content=\"https:\/\/www.mwm.net\/es\/nota-sobre-como-salir-de-este-pagina-web-youtube\/\" \/>\n<meta property=\"og:site_name\" content=\"MWM\" \/>\n<meta property=\"article:modified_time\" content=\"2024-11-13T13:25:51+00:00\" \/>\n<meta name=\"twitter:card\" content=\"summary_large_image\" \/>\n<meta name=\"twitter:label1\" content=\"Tiempo de lectura\" \/>\n\t<meta name=\"twitter:data1\" content=\"1 minuto\" \/>\n<script type=\"application\/ld+json\" class=\"yoast-schema-graph\">{\"@context\":\"https:\/\/schema.org\",\"@graph\":[{\"@type\":\"WebPage\",\"@id\":\"https:\/\/www.mwm.net\/es\/nota-sobre-como-salir-de-este-pagina-web-youtube\/\",\"url\":\"https:\/\/www.mwm.net\/es\/nota-sobre-como-salir-de-este-pagina-web-youtube\/\",\"name\":\"Notice on Leaving this Website \u2013 YouTube\",\"isPartOf\":{\"@id\":\"https:\/\/www.mwm.net\/es\/#website\"},\"datePublished\":\"2021-06-08T13:07:23+00:00\",\"dateModified\":\"2024-11-13T13:25:51+00:00\",\"breadcrumb\":{\"@id\":\"https:\/\/www.mwm.net\/es\/nota-sobre-como-salir-de-este-pagina-web-youtube\/#breadcrumb\"},\"inLanguage\":\"es\",\"potentialAction\":[{\"@type\":\"ReadAction\",\"target\":[\"https:\/\/www.mwm.net\/es\/nota-sobre-como-salir-de-este-pagina-web-youtube\/\"]}]},{\"@type\":\"BreadcrumbList\",\"@id\":\"https:\/\/www.mwm.net\/es\/nota-sobre-como-salir-de-este-pagina-web-youtube\/#breadcrumb\",\"itemListElement\":[{\"@type\":\"ListItem\",\"position\":1,\"name\":\"Home\",\"item\":\"https:\/\/www.mwm.net\/es\/\"},{\"@type\":\"ListItem\",\"position\":2,\"name\":\"Nota sobre c\u00f3mo Salir de este P\u00e1gina Web \u2013 Youtube Bangladesh V\u00eddeo\"}]},{\"@type\":\"WebSite\",\"@id\":\"https:\/\/www.mwm.net\/es\/#website\",\"url\":\"https:\/\/www.mwm.net\/es\/\",\"name\":\"MWM\",\"description\":\"\",\"publisher\":{\"@id\":\"https:\/\/www.mwm.net\/es\/#organization\"},\"potentialAction\":[{\"@type\":\"SearchAction\",\"target\":{\"@type\":\"EntryPoint\",\"urlTemplate\":\"https:\/\/www.mwm.net\/es\/?s={search_term_string}\"},\"query-input\":{\"@type\":\"PropertyValueSpecification\",\"valueRequired\":true,\"valueName\":\"search_term_string\"}}],\"inLanguage\":\"es\"},{\"@type\":\"Organization\",\"@id\":\"https:\/\/www.mwm.net\/es\/#organization\",\"name\":\"Caterpillar Energy Solutions GmbH\",\"url\":\"https:\/\/www.mwm.net\/es\/\",\"logo\":{\"@type\":\"ImageObject\",\"inLanguage\":\"es\",\"@id\":\"https:\/\/www.mwm.net\/es\/#\/schema\/logo\/image\/\",\"url\":\"https:\/\/www.mwm.net\/wp-content\/uploads\/2022\/02\/logo2.jpg\",\"contentUrl\":\"https:\/\/www.mwm.net\/wp-content\/uploads\/2022\/02\/logo2.jpg\",\"width\":260,\"height\":142,\"caption\":\"Caterpillar Energy Solutions GmbH\"},\"image\":{\"@id\":\"https:\/\/www.mwm.net\/es\/#\/schema\/logo\/image\/\"}}]}<\/script>\n<!-- \/ Yoast SEO Premium plugin. -->","yoast_head_json":{"title":"Notice on Leaving this Website \u2013 YouTube","robots":{"index":"index","follow":"follow","max-snippet":"max-snippet:-1","max-image-preview":"max-image-preview:large","max-video-preview":"max-video-preview:-1"},"canonical":"https:\/\/www.mwm.net\/es\/nota-sobre-como-salir-de-este-pagina-web-youtube\/","og_locale":"es_ES","og_type":"article","og_title":"Nota sobre c\u00f3mo Salir de este P\u00e1gina Web \u2013 Youtube Bangladesh V\u00eddeo","og_description":"Hinweis zum Verlassen dieser Website \u2013 YouTube","og_url":"https:\/\/www.mwm.net\/es\/nota-sobre-como-salir-de-este-pagina-web-youtube\/","og_site_name":"MWM","article_modified_time":"2024-11-13T13:25:51+00:00","twitter_card":"summary_large_image","twitter_misc":{"Tiempo de lectura":"1 minuto"},"schema":{"@context":"https:\/\/schema.org","@graph":[{"@type":"WebPage","@id":"https:\/\/www.mwm.net\/es\/nota-sobre-como-salir-de-este-pagina-web-youtube\/","url":"https:\/\/www.mwm.net\/es\/nota-sobre-como-salir-de-este-pagina-web-youtube\/","name":"Notice on Leaving this Website \u2013 YouTube","isPartOf":{"@id":"https:\/\/www.mwm.net\/es\/#website"},"datePublished":"2021-06-08T13:07:23+00:00","dateModified":"2024-11-13T13:25:51+00:00","breadcrumb":{"@id":"https:\/\/www.mwm.net\/es\/nota-sobre-como-salir-de-este-pagina-web-youtube\/#breadcrumb"},"inLanguage":"es","potentialAction":[{"@type":"ReadAction","target":["https:\/\/www.mwm.net\/es\/nota-sobre-como-salir-de-este-pagina-web-youtube\/"]}]},{"@type":"BreadcrumbList","@id":"https:\/\/www.mwm.net\/es\/nota-sobre-como-salir-de-este-pagina-web-youtube\/#breadcrumb","itemListElement":[{"@type":"ListItem","position":1,"name":"Home","item":"https:\/\/www.mwm.net\/es\/"},{"@type":"ListItem","position":2,"name":"Nota sobre c\u00f3mo Salir de este P\u00e1gina Web \u2013 Youtube Bangladesh V\u00eddeo"}]},{"@type":"WebSite","@id":"https:\/\/www.mwm.net\/es\/#website","url":"https:\/\/www.mwm.net\/es\/","name":"MWM","description":"","publisher":{"@id":"https:\/\/www.mwm.net\/es\/#organization"},"potentialAction":[{"@type":"SearchAction","target":{"@type":"EntryPoint","urlTemplate":"https:\/\/www.mwm.net\/es\/?s={search_term_string}"},"query-input":{"@type":"PropertyValueSpecification","valueRequired":true,"valueName":"search_term_string"}}],"inLanguage":"es"},{"@type":"Organization","@id":"https:\/\/www.mwm.net\/es\/#organization","name":"Caterpillar Energy Solutions GmbH","url":"https:\/\/www.mwm.net\/es\/","logo":{"@type":"ImageObject","inLanguage":"es","@id":"https:\/\/www.mwm.net\/es\/#\/schema\/logo\/image\/","url":"https:\/\/www.mwm.net\/wp-content\/uploads\/2022\/02\/logo2.jpg","contentUrl":"https:\/\/www.mwm.net\/wp-content\/uploads\/2022\/02\/logo2.jpg","width":260,"height":142,"caption":"Caterpillar Energy Solutions GmbH"},"image":{"@id":"https:\/\/www.mwm.net\/es\/#\/schema\/logo\/image\/"}}]}},"_links":{"self":[{"href":"https:\/\/www.mwm.net\/es\/wp-json\/wp\/v2\/pages\/105800","targetHints":{"allow":["GET"]}}],"collection":[{"href":"https:\/\/www.mwm.net\/es\/wp-json\/wp\/v2\/pages"}],"about":[{"href":"https:\/\/www.mwm.net\/es\/wp-json\/wp\/v2\/types\/page"}],"author":[{"embeddable":true,"href":"https:\/\/www.mwm.net\/es\/wp-json\/wp\/v2\/users\/2"}],"replies":[{"embeddable":true,"href":"https:\/\/www.mwm.net\/es\/wp-json\/wp\/v2\/comments?post=105800"}],"version-history":[{"count":5,"href":"https:\/\/www.mwm.net\/es\/wp-json\/wp\/v2\/pages\/105800\/revisions"}],"predecessor-version":[{"id":105811,"href":"https:\/\/www.mwm.net\/es\/wp-json\/wp\/v2\/pages\/105800\/revisions\/105811"}],"wp:attachment":[{"href":"https:\/\/www.mwm.net\/es\/wp-json\/wp\/v2\/media?parent=105800"}],"wp:term":[{"taxonomy":"post_tag","embeddable":true,"href":"https:\/\/www.mwm.net\/es\/wp-json\/wp\/v2\/tags?post=105800"}],"curies":[{"name":"wp","href":"https:\/\/api.w.org\/{rel}","templated":true}]}}