{"id":106234,"date":"2024-11-21T17:54:56","date_gmt":"2024-11-21T15:54:56","guid":{"rendered":"https:\/\/www.mwm.net\/?page_id=106234"},"modified":"2024-11-22T16:19:46","modified_gmt":"2024-11-22T14:19:46","slug":"gas-engine-tcg-3016-v16","status":"publish","type":"page","link":"https:\/\/www.mwm.net\/es\/motores-de-gas-grupos-electrogenos\/gas-engine-tcg-3016-v16\/","title":{"rendered":"Motor de gas TCG 3016 V16"},"content":{"rendered":"<h2 class=\"subheadline noborder\">Motor de gas MWM TCG 3016 V16 (S = Alta densidad) \u2013 Un megavatio.<\/h2>\n<h3>M\u00e1s rendimiento a un precio imbatible.<\/h3>\n<div class=\"spcl_blts\">\n<ul>\n<li>Para todas las aplicaciones de gas natural con redes de 50 Hz<\/li>\n<li>Potencia: 1.000 kW<sup>el<\/sub> y 1.100 kW<sub>th<\/sub><\/li>\n<li>Bajos costos de inversi\u00f3n y mantenimiento, alto rendimiento el\u00e9ctrico de hasta el 41,5 por ciento<\/li>\n<li>Alta densidad de potencia, menor espacio de instalaci\u00f3n<\/li>\n<li>Los bajos costos de inversi\u00f3n en planta garantizan una r\u00e1pida amortizaci\u00f3n<\/li>\n<li>El menor consumo de aceite lubricante de su clase, sencilla gesti\u00f3n del aceite gracias a intervalos de cambio mayores y dep\u00f3sitos de aceite lubricante integrados<\/li>\n<\/ul>\n<\/div>\n<div class=\"pro_grphc\">\n<div class=\"cntct_rght\"><a href=\"https:\/\/www.mwm.net\/es\/contacto\/contacto-con-ventas\/\">Contacto con ventas <strong>Haga clic aqui<\/strong><\/a><\/div>\n<\/div>\n<div class=\"blu_sec\">\n<h4>EN ESTA P\u00c1GINA<\/h4>\n<p><a href=\"#gas_engine_TCG-3016_v16_desc\">Descripci\u00f3n \u2013 Motor de gas MWM TCG 3016 V16 S<\/a><br \/>\n<a href=\"#gas_engine_TCG-3016_v16_performance\">Datos de rendimiento \u2013 Motor de gas MWM TCG 3016 V16 S<\/a><br \/>\n<a href=\"#gas_engine-tgc-3016_v16_specifications\">Especificaciones e Intervalos de servicio \u2013 Motor de gas MWM TCG 3016 V16 S<\/a><br \/>\n<a href=\"#gas_engine-TCG-3016-v16_download\">Folleto \u2013 Motor de gas MWM TCG 3016 V16 S<\/a>\n<\/div>\n<div class=\"patch-content\">\n<h2 class=\"subheadline noborder\"><a name=\"gas_engine_TCG-3016_v16_desc\"><\/a>Descripci\u00f3n \u2013 Motor de gas MWM TCG 3016 V16  <br \/><span style=\"font-size:.8em;\">S = Alta densidad<\/span><\/h2>\n<h3>Excelente relaci\u00f3n precio-rendimiento<\/h3>\n<ul>\n<li>Bajos costos de inversi\u00f3n y mantenimiento, alto rendimiento el\u00e9ctrico del 41,5 por ciento<\/li>\n<li>R\u00e1pido periodo de amortizaci\u00f3n de la planta CHP (producci\u00f3n simult\u00e1nea de calor y electricidad) gracias a los menores costos de inversi\u00f3n<\/li>\n<li>Grupo electr\u00f3geno compacto con alta densidad de potencia y menor espacio de instalaci\u00f3n gracias a los dep\u00f3sitos de aceite lubricante integrados<\/li>\n<li>Bancada desacoplada de las vibraciones (concepto de grupo electr\u00f3geno embridado) para reducir los costos de instalaci\u00f3n y garantizar un funcionamiento fiable<\/li>\n<\/ul>\n<h3>Mayor disponibilidad y vida \u00fatil<\/h3>\n<ul>\n<li>Combusti\u00f3n optimizada gracias a un sistema de carga mejorado<\/li>\n<li>TCG 3016 V16 (S = Alta densidad): grupo electr\u00f3geno de marcha suave y baja vibraci\u00f3n con menores fluctuaciones de presi\u00f3n m\u00e1xima<\/li>\n<li>Turbocompresor mejorado con mayores intervalos de mantenimiento y una mayor ventana de temperatura del aire de admisi\u00f3n para una amplia gama de aplicaciones<\/li>\n<\/ul>\n<h3>Gesti\u00f3n optimizada del aceite lubricante<\/h3>\n<ul>\n<li>El menor consumo de aceite de su clase 0,1 g\/kWh<sub>el<\/sub><\/li>\n<li>El gran volumen de aceite lubricante integrado y la baja contaminaci\u00f3n del mismo prolongan considerablemente los intervalos de cambio de aceite y facilitan su gesti\u00f3n<\/li>\n<\/ul>\n<\/div>\n<div class=\"patch-content\">\n<h2 class=\"subheadline\" name=\"tpem\">TPEM (Total Plant &#038; Energy Management) \u2013 El nuevo sistema para soluciones MWM<\/h2>\n<ul>\n<li>Sistema integrado para grupo electr\u00f3geno, grupo electr\u00f3geno auxiliar y control de planta<\/li>\n<li>Uso intuitivo, local o mediante acceso remoto integrado<\/li>\n<li>Informes de estado y vistas de registro bien estructurados y detallados<\/li>\n<li>Puede conmutarse de funcionamiento en paralelo a funcionamiento aislado, incluida la sincronizaci\u00f3n de red\/equilibrio de carga<\/li>\n<\/ul>\n<p><strong>M\u00e1s informaci\u00f3n sobre TPEM: <a href=\"https:\/\/www.mwm.net\/es\/plantas-de-energia-distribuida\/soluciones-de-sistemas\/tpem-control-digital-de-plantas\/\">Total Plant &amp; Energy Management<\/a><\/strong>\n<\/div>\n<div class=\"pro_grphc\">\n<div class=\"cntct_rght\"><a href=\"https:\/\/www.mwm.net\/es\/contacto\/contacto-con-ventas\/\">Contacto con ventas <strong>Haga clic aqui<\/strong><\/a><\/div>\n<\/div>\n<div class=\"patch-content tbl_cntnt\">\n<h2 class=\"subheadline noborder\"><a name=\"gas_engine_TCG-3016_v16_performance\">Datos de rendimiento \u2013 Motor de gas MWM  TCG 3016 V16<br \/><span style=\"font-size:.8em;\">S = Alta densidad<\/span><\/h2>\n<h3>Aplicaciones de gas natural, NO<sub>x<\/sub> \u2264 500 mg\/Nm<sup>3<\/sup>*<\/h3>\n<table cellpadding=\"0\" cellspacing=\"0\" width=\"100%\">\n<colgroup>\n<col width=\"50%\" \/>\n<col width=\"10%\" \/>\n<col width=\"40%\" \/>\n    <\/colgroup>\n<thead>\n<tr>\n<th colspan=\"2\" class=\"border\"><\/th>\n<th>TCG 3016 V16 <br \/><span>S = Alta densidad<\/span><\/th>\n<\/tr>\n<tr>\n<th colspan=\"2\" rowspan=\"1\" class=\"border\">Tipo de motor<\/th>\n<th>50 Hz<\/th>\n<\/tr>\n<\/thead>\n<tbody>\n<tr class=\"odd\">\n<td>Potencia el\u00e9ctrica<\/td>\n<td class=\"border\">kW<\/td>\n<td>1.000<\/td>\n<\/tr>\n<tr class=\"even\">\n<td>Presi\u00f3n efectiva media<\/td>\n<td class=\"border\">bar<\/td>\n<td>23,5<\/td>\n<\/tr>\n<tr class=\"odd\">\n<td>Potencia t\u00e9rmica \u00b1 8%<\/td>\n<td class=\"border\">kW<\/td>\n<td>1.123<\/td>\n<\/tr>\n<tr class=\"even\">\n<td>Rendimiento el\u00e9ctrico<\/td>\n<td class=\"border\">%<\/td>\n<td>41,5<\/td>\n<\/tr>\n<tr class=\"odd\">\n<td>Rendimiento t\u00e9rmico<\/td>\n<td class=\"border\">%<\/td>\n<td>46,6<\/td>\n<\/tr>\n<tr class=\"even\">\n<td>Rendimiento total<\/td>\n<td class=\"border\">%<\/td>\n<td>88,1<\/td>\n<\/tr>\n<tr class=\"odd\">\n<td class=\"border\" colspan=\"2\">Relaci\u00f3n entre electricidad y calor **<\/td>\n<td>0,89<\/td>\n<\/tr>\n<\/tbody>\n<\/table>\n<p>* Con 5% de O<sub>2<\/sub> y gas de escape seco<br \/>\n** La relaci\u00f3n entre electricidad y calor se calcula dividiendo el rendimiento el\u00e9ctrico por el rendimiento t\u00e9rmico. No obstante, le rogamos que recuerde que este es un valor te\u00f3rico que podr\u00eda diferir de los valores medidos.<\/p>\n<\/div>\n<div class=\"patch-content tbl_cntnt\">\n<h2 class=\"subheadline\"><a name=\"gas_engine-tgc-3016_v16_specifications\">Especificaciones e Intervalos de servicio \u2013 Motor de gas MWM TCG 3016 V16  <br \/><span style=\"font-size:.8em;\">S = Alta densidad<\/span><\/h2>\n<h3>Dimensiones y Pesos<\/h3>\n<table cellpadding=\"0\" cellspacing=\"0\" width=\"100%\">\n<colgroup>\n<col width=\"50%\" \/>\n<col width=\"10%\" \/>\n<col width=\"40%\" \/>\n    <\/colgroup>\n<thead>\n<tr>\n<th colspan=\"2\" class=\"border\"><\/th>\n<th>TCG 3016 V16 <br \/><span>S = Alta densidad<\/span><\/th>\n<\/tr>\n<tr>\n<th colspan=\"2\" rowspan=\"1\" class=\"border\">Tipo de motor<\/th>\n<th>50 Hz<\/th>\n<\/tr>\n<\/thead>\n<tbody>\n<tr class=\"odd\">\n<td>Di\u00e1metro \/ carrera<\/td>\n<td class=\"border\">mm<\/td>\n<td>132\/160<\/td>\n<\/tr>\n<tr class=\"even\">\n<td>Cilindrada<\/td>\n<td class=\"border\">dm<sup>3<\/sup><\/td>\n<td>35,0<\/td>\n<\/tr>\n<tr class=\"odd\">\n<td>Revoluciones<\/td>\n<td class=\"border\">min<sup>-1<\/sup><\/td>\n<td>1.500<\/td>\n<\/tr>\n<tr class=\"even\">\n<td>Velocidad media del pist\u00f3n<\/td>\n<td class=\"border\">m\/s<\/td>\n<td>8,0<\/td>\n<\/tr>\n<tr class=\"odd\">\n<td>Longitud<\/td>\n<td class=\"border\">mm<\/td>\n<td>4.200<\/td>\n<\/tr>\n<tr class=\"even\">\n<td>Ancho<\/td>\n<td class=\"border\">mm<\/td>\n<td>1.780<\/td>\n<\/tr>\n<tr class=\"odd\">\n<td>Alto<\/td>\n<td class=\"border\">mm<\/td>\n<td>2.150<\/td>\n<\/tr>\n<tr class=\"even\">\n<td>Peso en vac\u00edo del grupo<\/td>\n<td class=\"border\">kg<\/td>\n<td rowspan=\"1\">8.560<\/td>\n<\/tr>\n<\/tbody>\n<\/table>\n<p>&nbsp;<\/p>\n<h3>Intervalos de servicio<\/h3>\n<table cellpadding=\"0\" cellspacing=\"0\" width=\"100%\">\n<colgroup>\n<col width=\"20%\" \/>\n<col width=\"20%\" \/>\n<col width=\"20%\" \/>\n<col width=\"20%\" \/>\n<col width=\"20%\" \/>\n    <\/colgroup>\n<thead>\n<tr>\n<th class=\"border\">&nbsp;<\/th>\n<th class=\"border\">Primer<br \/>Servicio *<\/th>\n<th class=\"border\">Cambio de<br \/>buj\u00edas<\/th>\n<th class=\"border\">Inspecci\u00f3n de<br \/>culata de cilindro<\/th>\n<th>Revisi\u00f3n<br \/>general<\/th>\n<\/tr>\n<\/thead>\n<tbody>\n<tr class=\"odd\">\n<td class=\"border\">Gas natural<\/td>\n<td class=\"border\">2.000 Oh ***<\/td>\n<td class=\"border\">4.000 Oh<\/td>\n<td class=\"border\">32.000 Oh **<\/td>\n<td>64.000 Oh<\/td>\n<\/tr>\n<\/tbody>\n<\/table>\n<p>* \u201cdespu\u00e9s de la puesta en servicio (E10)\u201d<br \/>\n** \u201ca m\u00e1s tardar\u201d<br \/>\n*** \u201ccalidad del gas Alta\u201c<\/p>\n<\/div>\n<div class=\"patch-content\">\n<h2 class=\"subheadline\"><a name=\"gas_engine-TCG-3016-v16_download\">Folleto \u2013 Motor de gas MWM TCG 3016 V16 <br \/><span style=\"font-size:.8em;\">S = Alta densidad<\/span><\/h2>\n<p>M\u00e1s informaci\u00f3n sobre los motores de gas TCG 3016 V16 (S = Alta densidad) disponible aqu\u00ed. <\/p>\n<h3>Motor de gas MWM TCG 3016 V16 <span style=\"font-size:.8em;\">S = Alta densidad<\/span><\/h3>\n<div class=\"issue-image-section\">\n<div class=\"image-issuu\"><a href=\"https:\/\/issuu.com\/mwm_energy\/docs\/mwm18010-onepager_mwm_tcg_3016_es_4?fr=xKAE9_4xkJA\" target=\"_blank\" rel=\"noopener\"><br \/>\n<img decoding=\"async\" title=\"Caso referencia en issuu.com\" src=\"\/files\/upload\/image\/MWM-TCG-3016-V16-S_Thumbnail_ES.jpg\" alt=\"Folleto en issuu.com\" \/><br \/>\n<\/a><\/div>\n<div class=\"right-issuu\">\n<p>Haga clic en este folleto para acceder a la plataforma de publicaci\u00f3n digital issuu.com Este sitio web se rige por la <a href=\"https:\/\/issuu.com\/legal\/privacy\" target=\"_blank\" rel=\"noopener\">Pol\u00edtica de privacidad de issuu<\/a>.<\/p>\n<\/div>\n<\/div>\n<p>Todos los idiomas en issuu: <a title=\"MWM Motor de gas TCG 3016 V16 S Folleto en issuu.com (DE)\" href=\"https:\/\/issuu.com\/mwm_energy\/docs\/mwm18010-onepager-mwm-tcg-3016_de_5?fr=xKAE9_4xkJA\" target=\"_blank\" rel=\"noopener\">DE<\/a> | <a title=\"MWM Motor de gas TCG 3016 V16 S Folleto en issuu.com (EN)\" href=\"https:\/\/issuu.com\/mwm_energy\/docs\/mwm18010-onepager-mwm-tcg-3016_en_1?fr=xKAE9_4xkJA\" target=\"_blank\" rel=\"noopener\">EN<\/a> | <a title=\"MWM Motor de gas TCG 3016 V16 S Folleto en issuu.com (FR)\" href=\"https:\/\/issuu.com\/mwm_energy\/docs\/mwm18010-onepager_mwm_tcg_3016_fr_3?fr=xKAE9_4xkJA\" target=\"_blank\" rel=\"noopener\">FR<\/a> | <a title=\"MWM Motor de gas TCG 3016 V16 S Folleto en issuu.com (ES)\" href=\"https:\/\/issuu.com\/mwm_energy\/docs\/mwm18010-onepager_mwm_tcg_3016_es_4?fr=xKAE9_4xkJA\" target=\"_blank\" rel=\"noopener\">ES<\/a> | <a title=\"MWM Motor de gas TCG 3016 V16 S Folleto en issuu.com (TR)\" href=\"https:\/\/issuu.com\/mwm_energy\/docs\/mwm18010-onepager_mwm_tcg_3016_tr_6?fr=xKAE9_4xkJA\" target=\"_blank\" rel=\"noopener\">TR<\/a> | <a title=\"MWM Motor de gas TCG 3016 V16 S Folleto en issuu.com (CN)\" href=\"https:\/\/issuu.com\/mwm_energy\/docs\/mwm18010-onepager_mwm_tcg_3016_cn_5?fr=xKAE9_4xkJA\" target=\"_blank\" rel=\"noopener\">CN<\/a><br \/>\nDescargar PDF: <a title=\"Descargar MWM Motor de gas TCG 3016 V16 S Folleto (DE)\" href=\"\/files\/upload\/mwm\/issuu\/MWM18010-OnePager-MWM-TCG-3016_DE_5_screen_dv.pdf\" target=\"_blank\" rel=\"noopener\">DE<\/a> | <a title=\"Descargar MWM Motor de gas TCG 3016 V16 S Folleto (EN)\" href=\"\/files\/upload\/mwm\/issuu\/MWM18010-OnePager-MWM-TCG-3016_EN_10_screen_dv.pdf\" target=\"_blank\" rel=\"noopener\">EN<\/a> | <a title=\"Descargar MWM Motor de gas TCG 3016 V16 S Folleto (FR)\" href=\"\/files\/upload\/mwm\/issuu\/MWM18010-OnePager-MWM-TCG-3016_FR_3_screen_dv.pdf\" target=\"_blank\" rel=\"noopener\">FR<\/a> | <a title=\"Descargar MWM Motor de gas TCG 3016 V16 S Folleto (ES)\" href=\"\/files\/upload\/mwm\/issuu\/MWM18010-OnePager-MWM-TCG-3016_ES_4_screen_dv.pdf\" target=\"_blank\" rel=\"noopener\">ES<\/a> | <a title=\"Descargar MWM Motor de gas TCG 3016 V16 S Folleto (TR)\" href=\"\/files\/upload\/mwm\/issuu\/MWM18010-OnePager-MWM-TCG-3016_TR_6_screen_dv.pdf\" target=\"_blank\" rel=\"noopener\">TR<\/a> | <a title=\"Descargar MWM Motor de gas TCG 3016 V16 S Folleto (CN)\" href=\"\/files\/upload\/mwm\/issuu\/MWM18010-OnePager-MWM-TCG-3016_CN_5_screen_dv.pdf\" target=\"_blank\" rel=\"noopener\">CN<\/a><\/p>\n<\/div>\n","protected":false},"excerpt":{"rendered":"<p>Excelente relaci\u00f3n precio-rendimiento: La mayor densidad de potencia de su clase. Alta resistencia, \u00f3ptima disponibilidad y larga vida \u00fatil.<\/p>\n","protected":false},"author":17,"featured_media":103154,"parent":103072,"menu_order":0,"comment_status":"closed","ping_status":"closed","template":"product-template.php","meta":{"_acf_changed":false,"footnotes":""},"tags":[1827,1828,1434],"class_list":["post-106234","page","type-page","status-publish","has-post-thumbnail","hentry","tag-gasmotoren-es","tag-motores-de-gas-es","tag-tcg-3016-en-es"],"acf":[],"yoast_head":"<!-- This site is optimized with the Yoast SEO Premium plugin v27.4 (Yoast SEO v27.4) - https:\/\/yoast.com\/product\/yoast-seo-premium-wordpress\/ -->\n<title>Motor de gas TCG 3016 V16 - MWM<\/title>\n<meta name=\"description\" content=\"Excelente relaci\u00f3n precio-rendimiento: La mayor densidad de potencia de su clase. Alta resistencia, \u00f3ptima disponibilidad y larga vida \u00fatil.\" \/>\n<meta name=\"robots\" content=\"index, follow, max-snippet:-1, max-image-preview:large, max-video-preview:-1\" \/>\n<link rel=\"canonical\" href=\"https:\/\/www.mwm.net\/es\/motores-de-gas-grupos-electrogenos\/gas-engine-tcg-3016-v16\/\" \/>\n<meta property=\"og:locale\" content=\"es_ES\" \/>\n<meta property=\"og:type\" content=\"article\" \/>\n<meta property=\"og:title\" content=\"Motor de gas TCG 3016 V16\" \/>\n<meta property=\"og:description\" content=\"Excelente relaci\u00f3n precio-rendimiento: La mayor densidad de potencia de su clase. Alta resistencia, \u00f3ptima disponibilidad y larga vida \u00fatil.\" \/>\n<meta property=\"og:url\" content=\"https:\/\/www.mwm.net\/es\/motores-de-gas-grupos-electrogenos\/gas-engine-tcg-3016-v16\/\" \/>\n<meta property=\"og:site_name\" content=\"MWM\" \/>\n<meta property=\"article:modified_time\" content=\"2024-11-22T14:19:46+00:00\" \/>\n<meta property=\"og:image\" content=\"https:\/\/www.mwm.net\/wp-content\/uploads\/2021\/03\/h2-2.png\" \/>\n\t<meta property=\"og:image:width\" content=\"600\" \/>\n\t<meta property=\"og:image:height\" content=\"505\" \/>\n\t<meta property=\"og:image:type\" content=\"image\/png\" \/>\n<meta name=\"twitter:card\" content=\"summary_large_image\" \/>\n<meta name=\"twitter:label1\" content=\"Tiempo de lectura\" \/>\n\t<meta name=\"twitter:data1\" content=\"5 minutos\" \/>\n<script type=\"application\/ld+json\" class=\"yoast-schema-graph\">{\"@context\":\"https:\\\/\\\/schema.org\",\"@graph\":[{\"@type\":\"WebPage\",\"@id\":\"https:\\\/\\\/www.mwm.net\\\/es\\\/motores-de-gas-grupos-electrogenos\\\/gas-engine-tcg-3016-v16\\\/\",\"url\":\"https:\\\/\\\/www.mwm.net\\\/es\\\/motores-de-gas-grupos-electrogenos\\\/gas-engine-tcg-3016-v16\\\/\",\"name\":\"Motor de gas TCG 3016 V16 - MWM\",\"isPartOf\":{\"@id\":\"https:\\\/\\\/www.mwm.net\\\/es\\\/#website\"},\"primaryImageOfPage\":{\"@id\":\"https:\\\/\\\/www.mwm.net\\\/es\\\/motores-de-gas-grupos-electrogenos\\\/gas-engine-tcg-3016-v16\\\/#primaryimage\"},\"image\":{\"@id\":\"https:\\\/\\\/www.mwm.net\\\/es\\\/motores-de-gas-grupos-electrogenos\\\/gas-engine-tcg-3016-v16\\\/#primaryimage\"},\"thumbnailUrl\":\"https:\\\/\\\/www.mwm.net\\\/wp-content\\\/uploads\\\/2021\\\/03\\\/h2-2.png\",\"datePublished\":\"2024-11-21T15:54:56+00:00\",\"dateModified\":\"2024-11-22T14:19:46+00:00\",\"description\":\"Excelente relaci\u00f3n precio-rendimiento: La mayor densidad de potencia de su clase. Alta resistencia, \u00f3ptima disponibilidad y larga vida \u00fatil.\",\"breadcrumb\":{\"@id\":\"https:\\\/\\\/www.mwm.net\\\/es\\\/motores-de-gas-grupos-electrogenos\\\/gas-engine-tcg-3016-v16\\\/#breadcrumb\"},\"inLanguage\":\"es\",\"potentialAction\":[{\"@type\":\"ReadAction\",\"target\":[\"https:\\\/\\\/www.mwm.net\\\/es\\\/motores-de-gas-grupos-electrogenos\\\/gas-engine-tcg-3016-v16\\\/\"]}]},{\"@type\":\"ImageObject\",\"inLanguage\":\"es\",\"@id\":\"https:\\\/\\\/www.mwm.net\\\/es\\\/motores-de-gas-grupos-electrogenos\\\/gas-engine-tcg-3016-v16\\\/#primaryimage\",\"url\":\"https:\\\/\\\/www.mwm.net\\\/wp-content\\\/uploads\\\/2021\\\/03\\\/h2-2.png\",\"contentUrl\":\"https:\\\/\\\/www.mwm.net\\\/wp-content\\\/uploads\\\/2021\\\/03\\\/h2-2.png\",\"width\":600,\"height\":505},{\"@type\":\"BreadcrumbList\",\"@id\":\"https:\\\/\\\/www.mwm.net\\\/es\\\/motores-de-gas-grupos-electrogenos\\\/gas-engine-tcg-3016-v16\\\/#breadcrumb\",\"itemListElement\":[{\"@type\":\"ListItem\",\"position\":1,\"name\":\"Home\",\"item\":\"https:\\\/\\\/www.mwm.net\\\/es\\\/\"},{\"@type\":\"ListItem\",\"position\":2,\"name\":\"Motores de gas \\\/ Grupos electr\u00f3genos\",\"item\":\"https:\\\/\\\/www.mwm.net\\\/es\\\/motores-de-gas-grupos-electrogenos\\\/\"},{\"@type\":\"ListItem\",\"position\":3,\"name\":\"Motor de gas TCG 3016 V16\"}]},{\"@type\":\"WebSite\",\"@id\":\"https:\\\/\\\/www.mwm.net\\\/es\\\/#website\",\"url\":\"https:\\\/\\\/www.mwm.net\\\/es\\\/\",\"name\":\"MWM\",\"description\":\"\",\"publisher\":{\"@id\":\"https:\\\/\\\/www.mwm.net\\\/es\\\/#organization\"},\"potentialAction\":[{\"@type\":\"SearchAction\",\"target\":{\"@type\":\"EntryPoint\",\"urlTemplate\":\"https:\\\/\\\/www.mwm.net\\\/es\\\/?s={search_term_string}\"},\"query-input\":{\"@type\":\"PropertyValueSpecification\",\"valueRequired\":true,\"valueName\":\"search_term_string\"}}],\"inLanguage\":\"es\"},{\"@type\":\"Organization\",\"@id\":\"https:\\\/\\\/www.mwm.net\\\/es\\\/#organization\",\"name\":\"Caterpillar Energy Solutions GmbH\",\"url\":\"https:\\\/\\\/www.mwm.net\\\/es\\\/\",\"logo\":{\"@type\":\"ImageObject\",\"inLanguage\":\"es\",\"@id\":\"https:\\\/\\\/www.mwm.net\\\/es\\\/#\\\/schema\\\/logo\\\/image\\\/\",\"url\":\"https:\\\/\\\/www.mwm.net\\\/wp-content\\\/uploads\\\/2022\\\/02\\\/logo2.jpg\",\"contentUrl\":\"https:\\\/\\\/www.mwm.net\\\/wp-content\\\/uploads\\\/2022\\\/02\\\/logo2.jpg\",\"width\":260,\"height\":142,\"caption\":\"Caterpillar Energy Solutions GmbH\"},\"image\":{\"@id\":\"https:\\\/\\\/www.mwm.net\\\/es\\\/#\\\/schema\\\/logo\\\/image\\\/\"}}]}<\/script>\n<!-- \/ Yoast SEO Premium plugin. -->","yoast_head_json":{"title":"Motor de gas TCG 3016 V16 - MWM","description":"Excelente relaci\u00f3n precio-rendimiento: La mayor densidad de potencia de su clase. Alta resistencia, \u00f3ptima disponibilidad y larga vida \u00fatil.","robots":{"index":"index","follow":"follow","max-snippet":"max-snippet:-1","max-image-preview":"max-image-preview:large","max-video-preview":"max-video-preview:-1"},"canonical":"https:\/\/www.mwm.net\/es\/motores-de-gas-grupos-electrogenos\/gas-engine-tcg-3016-v16\/","og_locale":"es_ES","og_type":"article","og_title":"Motor de gas TCG 3016 V16","og_description":"Excelente relaci\u00f3n precio-rendimiento: La mayor densidad de potencia de su clase. Alta resistencia, \u00f3ptima disponibilidad y larga vida \u00fatil.","og_url":"https:\/\/www.mwm.net\/es\/motores-de-gas-grupos-electrogenos\/gas-engine-tcg-3016-v16\/","og_site_name":"MWM","article_modified_time":"2024-11-22T14:19:46+00:00","og_image":[{"width":600,"height":505,"url":"https:\/\/www.mwm.net\/wp-content\/uploads\/2021\/03\/h2-2.png","type":"image\/png"}],"twitter_card":"summary_large_image","twitter_misc":{"Tiempo de lectura":"5 minutos"},"schema":{"@context":"https:\/\/schema.org","@graph":[{"@type":"WebPage","@id":"https:\/\/www.mwm.net\/es\/motores-de-gas-grupos-electrogenos\/gas-engine-tcg-3016-v16\/","url":"https:\/\/www.mwm.net\/es\/motores-de-gas-grupos-electrogenos\/gas-engine-tcg-3016-v16\/","name":"Motor de gas TCG 3016 V16 - MWM","isPartOf":{"@id":"https:\/\/www.mwm.net\/es\/#website"},"primaryImageOfPage":{"@id":"https:\/\/www.mwm.net\/es\/motores-de-gas-grupos-electrogenos\/gas-engine-tcg-3016-v16\/#primaryimage"},"image":{"@id":"https:\/\/www.mwm.net\/es\/motores-de-gas-grupos-electrogenos\/gas-engine-tcg-3016-v16\/#primaryimage"},"thumbnailUrl":"https:\/\/www.mwm.net\/wp-content\/uploads\/2021\/03\/h2-2.png","datePublished":"2024-11-21T15:54:56+00:00","dateModified":"2024-11-22T14:19:46+00:00","description":"Excelente relaci\u00f3n precio-rendimiento: La mayor densidad de potencia de su clase. Alta resistencia, \u00f3ptima disponibilidad y larga vida \u00fatil.","breadcrumb":{"@id":"https:\/\/www.mwm.net\/es\/motores-de-gas-grupos-electrogenos\/gas-engine-tcg-3016-v16\/#breadcrumb"},"inLanguage":"es","potentialAction":[{"@type":"ReadAction","target":["https:\/\/www.mwm.net\/es\/motores-de-gas-grupos-electrogenos\/gas-engine-tcg-3016-v16\/"]}]},{"@type":"ImageObject","inLanguage":"es","@id":"https:\/\/www.mwm.net\/es\/motores-de-gas-grupos-electrogenos\/gas-engine-tcg-3016-v16\/#primaryimage","url":"https:\/\/www.mwm.net\/wp-content\/uploads\/2021\/03\/h2-2.png","contentUrl":"https:\/\/www.mwm.net\/wp-content\/uploads\/2021\/03\/h2-2.png","width":600,"height":505},{"@type":"BreadcrumbList","@id":"https:\/\/www.mwm.net\/es\/motores-de-gas-grupos-electrogenos\/gas-engine-tcg-3016-v16\/#breadcrumb","itemListElement":[{"@type":"ListItem","position":1,"name":"Home","item":"https:\/\/www.mwm.net\/es\/"},{"@type":"ListItem","position":2,"name":"Motores de gas \/ Grupos electr\u00f3genos","item":"https:\/\/www.mwm.net\/es\/motores-de-gas-grupos-electrogenos\/"},{"@type":"ListItem","position":3,"name":"Motor de gas TCG 3016 V16"}]},{"@type":"WebSite","@id":"https:\/\/www.mwm.net\/es\/#website","url":"https:\/\/www.mwm.net\/es\/","name":"MWM","description":"","publisher":{"@id":"https:\/\/www.mwm.net\/es\/#organization"},"potentialAction":[{"@type":"SearchAction","target":{"@type":"EntryPoint","urlTemplate":"https:\/\/www.mwm.net\/es\/?s={search_term_string}"},"query-input":{"@type":"PropertyValueSpecification","valueRequired":true,"valueName":"search_term_string"}}],"inLanguage":"es"},{"@type":"Organization","@id":"https:\/\/www.mwm.net\/es\/#organization","name":"Caterpillar Energy Solutions GmbH","url":"https:\/\/www.mwm.net\/es\/","logo":{"@type":"ImageObject","inLanguage":"es","@id":"https:\/\/www.mwm.net\/es\/#\/schema\/logo\/image\/","url":"https:\/\/www.mwm.net\/wp-content\/uploads\/2022\/02\/logo2.jpg","contentUrl":"https:\/\/www.mwm.net\/wp-content\/uploads\/2022\/02\/logo2.jpg","width":260,"height":142,"caption":"Caterpillar Energy Solutions GmbH"},"image":{"@id":"https:\/\/www.mwm.net\/es\/#\/schema\/logo\/image\/"}}]}},"_links":{"self":[{"href":"https:\/\/www.mwm.net\/es\/wp-json\/wp\/v2\/pages\/106234","targetHints":{"allow":["GET"]}}],"collection":[{"href":"https:\/\/www.mwm.net\/es\/wp-json\/wp\/v2\/pages"}],"about":[{"href":"https:\/\/www.mwm.net\/es\/wp-json\/wp\/v2\/types\/page"}],"author":[{"embeddable":true,"href":"https:\/\/www.mwm.net\/es\/wp-json\/wp\/v2\/users\/17"}],"replies":[{"embeddable":true,"href":"https:\/\/www.mwm.net\/es\/wp-json\/wp\/v2\/comments?post=106234"}],"version-history":[{"count":4,"href":"https:\/\/www.mwm.net\/es\/wp-json\/wp\/v2\/pages\/106234\/revisions"}],"predecessor-version":[{"id":106314,"href":"https:\/\/www.mwm.net\/es\/wp-json\/wp\/v2\/pages\/106234\/revisions\/106314"}],"up":[{"embeddable":true,"href":"https:\/\/www.mwm.net\/es\/wp-json\/wp\/v2\/pages\/103072"}],"wp:featuredmedia":[{"embeddable":true,"href":"https:\/\/www.mwm.net\/es\/wp-json\/wp\/v2\/media\/103154"}],"wp:attachment":[{"href":"https:\/\/www.mwm.net\/es\/wp-json\/wp\/v2\/media?parent=106234"}],"wp:term":[{"taxonomy":"post_tag","embeddable":true,"href":"https:\/\/www.mwm.net\/es\/wp-json\/wp\/v2\/tags?post=106234"}],"curies":[{"name":"wp","href":"https:\/\/api.w.org\/{rel}","templated":true}]}}