{"id":106424,"date":"2021-08-27T14:32:05","date_gmt":"2021-08-27T12:32:05","guid":{"rendered":"https:\/\/www.mwm.net\/soluciones-de-ventas-mwm\/mwm-solutions-provider\/"},"modified":"2024-11-24T14:38:36","modified_gmt":"2024-11-24T12:38:36","slug":"proveedor-de-soluciones-mwm","status":"publish","type":"page","link":"https:\/\/www.mwm.net\/es\/soluciones-de-ventas-mwm\/proveedor-de-soluciones-mwm\/","title":{"rendered":"Proveedor de soluciones MWM"},"content":{"rendered":"<h2>Nuestros experimentados contactos para sus centrales el\u00e9ctricas con motores de gas y grupos electr\u00f3genos MWM<\/h2>\n<p>Como proveedores de soluciones MWM, nuestros socios experimentados implementan proyectos con productos MWM llave en mano y EPC (planificaci\u00f3n, adquisici\u00f3n, construcci\u00f3n). La atenci\u00f3n se centra en las regiones en las que se van a implementar y mantener proyectos de plantas a medida con grupos electr\u00f3genos de gas innovadores para la generaci\u00f3n de energ\u00eda distribuida.<\/p>\n<p>Gracias a su dilatada experiencia en ventas y servicios, los proveedores de soluciones MWM est\u00e1n especializados en la implementaci\u00f3n de conceptos complejos, as\u00ed como en el mantenimiento programado y ad hoc. Los recursos internos de ingenier\u00eda y gesti\u00f3n de proyectos, as\u00ed como la capacitaci\u00f3n peri\u00f3dica, convierten al proveedor de soluciones MWM en el contacto preferido para un paquete integral en todos los proyectos.<\/p>\n<p>Mediante nuestros proveedores de soluciones ampliamos considerablemente la gama y la oferta de MWM en lo que respecta al soporte de proyectos energ\u00e9ticos individuales. Los proveedores de soluciones MWM garantizan as\u00ed una adaptaci\u00f3n perfecta y una planificaci\u00f3n exacta de su proyecto energ\u00e9tico.<\/p>\n<p><img decoding=\"async\" class=\"alignleft wp-image-91335 size-full\" src=\"https:\/\/www.mwm.net\/wp-content\/uploads\/2021\/08\/MWM-Solutions-Provider-teaser.jpg\" alt=\"Proveedor de soluciones MWM\" width=\"800\" height=\"521\" \/><\/p>\n<p>Los proveedores de soluciones MWM Green Power International (Private) Ltd. e \u0130ltekno \u0130leri Teknoloji M\u00fchendislik ve Ticaret A.\u015e. son l\u00edderes en la implementaci\u00f3n de proyectos individuales llave en mano y EPC. En las regiones en las que operan, ambos proveedores de soluciones tienen d\u00e9cadas de experiencia en la implementaci\u00f3n de proyectos y la prestaci\u00f3n de servicios. <\/p>\n<p>Green Power International (Private) Ltd. implementa soluciones innovadoras de centrales el\u00e9ctricas MWM para el suministro de energ\u00eda distribuida en India y \u00c1frica, especialmente en las regiones de Nigeria, Angola, Rep\u00fablica Democr\u00e1tica del Congo, Mozambique, Namibia, Camer\u00fan y Gab\u00f3n. La empresa se fund\u00f3 a principios de 2002 en estrecha colaboraci\u00f3n con MWM. Desde entonces, la empresa ha instalado grupos electr\u00f3genos de gas MWM con una potencia total de m\u00e1s de 900 MW. El proveedor de soluciones est\u00e1 especializado en soluciones EPC llave en mano para centrales el\u00e9ctricas de gas y combustible l\u00edquido con una potencia de hasta 100 MW, as\u00ed como soluciones de recuperaci\u00f3n de calor y procesamiento de energ\u00eda. Las competencias principales de Green Power International (Private) Ltd. incluyen la planificaci\u00f3n de centrales el\u00e9ctricas, ingenier\u00eda, construcci\u00f3n de plantas y operaci\u00f3n y mantenimiento. Como proveedor de soluciones, Green Power International (Private) Ltd. ha implementado varios proyectos de centrales el\u00e9ctricas MWM con una capacidad superior a 100 MW. Actualmente se est\u00e1n construyendo otros proyectos.<\/p>\n<p>\u0130ltekno \u0130leri Teknoloji M\u00fchendislik ve Ticaret A.\u015e. implementa soluciones de centrales el\u00e9ctricas llave en mano con motores de gas MWM en las regiones de Marruecos, Argelia, T\u00fanez, Egipto e Israel, as\u00ed como en Asia Central, Uzbekist\u00e1n. Desde su fundaci\u00f3n en 1989, la empresa ha instalado una potencia total de m\u00e1s de 2.000 MW en m\u00e1s de 300 proyectos en el \u00e1rea de generaci\u00f3n de energ\u00eda distribuida haciendo uso de la generaci\u00f3n simult\u00e1nea de calor y electricidad. De estos proyectos, 150 se han ejecutado sobre la base de EPC. Como proveedor de soluciones MWM, \u0130ltekno ha implementado proyectos con una producci\u00f3n total de m\u00e1s de 70 MW en las regiones clave desde 2021. Actualmente, se est\u00e1n construyendo m\u00e1s soluciones para centrales el\u00e9ctricas.<\/p>\n<p>Desde 2020, los dos proveedores de soluciones MWM, Green Power e \u0130ltekno, han firmado contratos y han implementado soluciones llave en mano para centrales el\u00e9ctricas MWM con una producci\u00f3n total de m\u00e1s de 200 MW en las respectivas regiones. <\/p>\n","protected":false},"excerpt":{"rendered":"<p>Los proveedores de soluciones MWM dise\u00f1an y planifican proyectos de centrales el\u00e9ctricas en determinadas regiones y est\u00e1n especializados en el mantenimiento programado y ad hoc de centrales el\u00e9ctricas con grupos electr\u00f3genos de gas MWM.<\/p>\n","protected":false},"author":2,"featured_media":103562,"parent":104930,"menu_order":0,"comment_status":"closed","ping_status":"closed","template":"page-sidebar-template.php","meta":{"_acf_changed":false,"footnotes":""},"tags":[],"class_list":["post-106424","page","type-page","status-publish","has-post-thumbnail","hentry"],"acf":[],"yoast_head":"<!-- This site is optimized with the Yoast SEO Premium plugin v27.2 (Yoast SEO v27.2) - https:\/\/yoast.com\/product\/yoast-seo-premium-wordpress\/ -->\n<title>Proveedor de soluciones MWM - MWM<\/title>\n<meta name=\"description\" content=\"Los proveedores de soluciones MWM dise\u00f1an y planifican proyectos de centrales el\u00e9ctricas y est\u00e1n especializados en el mantenimiento programado y ad hoc de centrales el\u00e9ctricas con grupos electr\u00f3genos de gas MWM.\" \/>\n<meta name=\"robots\" content=\"index, follow, max-snippet:-1, max-image-preview:large, max-video-preview:-1\" \/>\n<link rel=\"canonical\" href=\"https:\/\/www.mwm.net\/es\/soluciones-de-ventas-mwm\/proveedor-de-soluciones-mwm\/\" \/>\n<meta property=\"og:locale\" content=\"es_ES\" \/>\n<meta property=\"og:type\" content=\"article\" \/>\n<meta property=\"og:title\" content=\"MWM Solutions Provider\" \/>\n<meta property=\"og:description\" content=\"The MWM Solutions Providers design and plan power plant projects in certain regions and are specialized in the scheduled and ad-hoc maintenance of power plants with MWM gas gensets.\" \/>\n<meta property=\"og:url\" content=\"https:\/\/www.mwm.net\/es\/soluciones-de-ventas-mwm\/proveedor-de-soluciones-mwm\/\" \/>\n<meta property=\"og:site_name\" content=\"MWM\" \/>\n<meta property=\"article:modified_time\" content=\"2024-11-24T12:38:36+00:00\" \/>\n<meta property=\"og:image\" content=\"https:\/\/www.mwm.net\/wp-content\/uploads\/2021\/08\/MWM-Solutions-Provider-teaser-1.jpg\" \/>\n<meta name=\"twitter:card\" content=\"summary_large_image\" \/>\n<meta name=\"twitter:title\" content=\"Proveedor de soluciones MWM\" \/>\n<meta name=\"twitter:label1\" content=\"Tiempo de lectura\" \/>\n\t<meta name=\"twitter:data1\" content=\"4 minutos\" \/>\n<script type=\"application\/ld+json\" class=\"yoast-schema-graph\">{\"@context\":\"https:\/\/schema.org\",\"@graph\":[{\"@type\":\"WebPage\",\"@id\":\"https:\/\/www.mwm.net\/es\/soluciones-de-ventas-mwm\/proveedor-de-soluciones-mwm\/\",\"url\":\"https:\/\/www.mwm.net\/es\/soluciones-de-ventas-mwm\/proveedor-de-soluciones-mwm\/\",\"name\":\"Proveedor de soluciones MWM - MWM\",\"isPartOf\":{\"@id\":\"https:\/\/www.mwm.net\/es\/#website\"},\"primaryImageOfPage\":{\"@id\":\"https:\/\/www.mwm.net\/es\/soluciones-de-ventas-mwm\/proveedor-de-soluciones-mwm\/#primaryimage\"},\"image\":{\"@id\":\"https:\/\/www.mwm.net\/es\/soluciones-de-ventas-mwm\/proveedor-de-soluciones-mwm\/#primaryimage\"},\"thumbnailUrl\":\"https:\/\/www.mwm.net\/wp-content\/uploads\/2021\/08\/MWM-Solutions-Provider-teaser-1.jpg\",\"datePublished\":\"2021-08-27T12:32:05+00:00\",\"dateModified\":\"2024-11-24T12:38:36+00:00\",\"description\":\"Los proveedores de soluciones MWM dise\u00f1an y planifican proyectos de centrales el\u00e9ctricas y est\u00e1n especializados en el mantenimiento programado y ad hoc de centrales el\u00e9ctricas con grupos electr\u00f3genos de gas MWM.\",\"breadcrumb\":{\"@id\":\"https:\/\/www.mwm.net\/es\/soluciones-de-ventas-mwm\/proveedor-de-soluciones-mwm\/#breadcrumb\"},\"inLanguage\":\"es\",\"potentialAction\":[{\"@type\":\"ReadAction\",\"target\":[\"https:\/\/www.mwm.net\/es\/soluciones-de-ventas-mwm\/proveedor-de-soluciones-mwm\/\"]}]},{\"@type\":\"ImageObject\",\"inLanguage\":\"es\",\"@id\":\"https:\/\/www.mwm.net\/es\/soluciones-de-ventas-mwm\/proveedor-de-soluciones-mwm\/#primaryimage\",\"url\":\"https:\/\/www.mwm.net\/wp-content\/uploads\/2021\/08\/MWM-Solutions-Provider-teaser-1.jpg\",\"contentUrl\":\"https:\/\/www.mwm.net\/wp-content\/uploads\/2021\/08\/MWM-Solutions-Provider-teaser-1.jpg\",\"width\":800,\"height\":521},{\"@type\":\"BreadcrumbList\",\"@id\":\"https:\/\/www.mwm.net\/es\/soluciones-de-ventas-mwm\/proveedor-de-soluciones-mwm\/#breadcrumb\",\"itemListElement\":[{\"@type\":\"ListItem\",\"position\":1,\"name\":\"Home\",\"item\":\"https:\/\/www.mwm.net\/es\/\"},{\"@type\":\"ListItem\",\"position\":2,\"name\":\"Soluciones de ventas MWM\",\"item\":\"https:\/\/www.mwm.net\/es\/soluciones-de-ventas-mwm\/\"},{\"@type\":\"ListItem\",\"position\":3,\"name\":\"Proveedor de soluciones MWM\"}]},{\"@type\":\"WebSite\",\"@id\":\"https:\/\/www.mwm.net\/es\/#website\",\"url\":\"https:\/\/www.mwm.net\/es\/\",\"name\":\"MWM\",\"description\":\"\",\"publisher\":{\"@id\":\"https:\/\/www.mwm.net\/es\/#organization\"},\"potentialAction\":[{\"@type\":\"SearchAction\",\"target\":{\"@type\":\"EntryPoint\",\"urlTemplate\":\"https:\/\/www.mwm.net\/es\/?s={search_term_string}\"},\"query-input\":{\"@type\":\"PropertyValueSpecification\",\"valueRequired\":true,\"valueName\":\"search_term_string\"}}],\"inLanguage\":\"es\"},{\"@type\":\"Organization\",\"@id\":\"https:\/\/www.mwm.net\/es\/#organization\",\"name\":\"Caterpillar Energy Solutions GmbH\",\"url\":\"https:\/\/www.mwm.net\/es\/\",\"logo\":{\"@type\":\"ImageObject\",\"inLanguage\":\"es\",\"@id\":\"https:\/\/www.mwm.net\/es\/#\/schema\/logo\/image\/\",\"url\":\"https:\/\/www.mwm.net\/wp-content\/uploads\/2022\/02\/logo2.jpg\",\"contentUrl\":\"https:\/\/www.mwm.net\/wp-content\/uploads\/2022\/02\/logo2.jpg\",\"width\":260,\"height\":142,\"caption\":\"Caterpillar Energy Solutions GmbH\"},\"image\":{\"@id\":\"https:\/\/www.mwm.net\/es\/#\/schema\/logo\/image\/\"}}]}<\/script>\n<!-- \/ Yoast SEO Premium plugin. -->","yoast_head_json":{"title":"Proveedor de soluciones MWM - MWM","description":"Los proveedores de soluciones MWM dise\u00f1an y planifican proyectos de centrales el\u00e9ctricas y est\u00e1n especializados en el mantenimiento programado y ad hoc de centrales el\u00e9ctricas con grupos electr\u00f3genos de gas MWM.","robots":{"index":"index","follow":"follow","max-snippet":"max-snippet:-1","max-image-preview":"max-image-preview:large","max-video-preview":"max-video-preview:-1"},"canonical":"https:\/\/www.mwm.net\/es\/soluciones-de-ventas-mwm\/proveedor-de-soluciones-mwm\/","og_locale":"es_ES","og_type":"article","og_title":"MWM Solutions Provider","og_description":"The MWM Solutions Providers design and plan power plant projects in certain regions and are specialized in the scheduled and ad-hoc maintenance of power plants with MWM gas gensets.","og_url":"https:\/\/www.mwm.net\/es\/soluciones-de-ventas-mwm\/proveedor-de-soluciones-mwm\/","og_site_name":"MWM","article_modified_time":"2024-11-24T12:38:36+00:00","og_image":[{"url":"https:\/\/www.mwm.net\/wp-content\/uploads\/2021\/08\/MWM-Solutions-Provider-teaser-1.jpg","type":"","width":"","height":""}],"twitter_card":"summary_large_image","twitter_title":"Proveedor de soluciones MWM","twitter_misc":{"Tiempo de lectura":"4 minutos"},"schema":{"@context":"https:\/\/schema.org","@graph":[{"@type":"WebPage","@id":"https:\/\/www.mwm.net\/es\/soluciones-de-ventas-mwm\/proveedor-de-soluciones-mwm\/","url":"https:\/\/www.mwm.net\/es\/soluciones-de-ventas-mwm\/proveedor-de-soluciones-mwm\/","name":"Proveedor de soluciones MWM - MWM","isPartOf":{"@id":"https:\/\/www.mwm.net\/es\/#website"},"primaryImageOfPage":{"@id":"https:\/\/www.mwm.net\/es\/soluciones-de-ventas-mwm\/proveedor-de-soluciones-mwm\/#primaryimage"},"image":{"@id":"https:\/\/www.mwm.net\/es\/soluciones-de-ventas-mwm\/proveedor-de-soluciones-mwm\/#primaryimage"},"thumbnailUrl":"https:\/\/www.mwm.net\/wp-content\/uploads\/2021\/08\/MWM-Solutions-Provider-teaser-1.jpg","datePublished":"2021-08-27T12:32:05+00:00","dateModified":"2024-11-24T12:38:36+00:00","description":"Los proveedores de soluciones MWM dise\u00f1an y planifican proyectos de centrales el\u00e9ctricas y est\u00e1n especializados en el mantenimiento programado y ad hoc de centrales el\u00e9ctricas con grupos electr\u00f3genos de gas MWM.","breadcrumb":{"@id":"https:\/\/www.mwm.net\/es\/soluciones-de-ventas-mwm\/proveedor-de-soluciones-mwm\/#breadcrumb"},"inLanguage":"es","potentialAction":[{"@type":"ReadAction","target":["https:\/\/www.mwm.net\/es\/soluciones-de-ventas-mwm\/proveedor-de-soluciones-mwm\/"]}]},{"@type":"ImageObject","inLanguage":"es","@id":"https:\/\/www.mwm.net\/es\/soluciones-de-ventas-mwm\/proveedor-de-soluciones-mwm\/#primaryimage","url":"https:\/\/www.mwm.net\/wp-content\/uploads\/2021\/08\/MWM-Solutions-Provider-teaser-1.jpg","contentUrl":"https:\/\/www.mwm.net\/wp-content\/uploads\/2021\/08\/MWM-Solutions-Provider-teaser-1.jpg","width":800,"height":521},{"@type":"BreadcrumbList","@id":"https:\/\/www.mwm.net\/es\/soluciones-de-ventas-mwm\/proveedor-de-soluciones-mwm\/#breadcrumb","itemListElement":[{"@type":"ListItem","position":1,"name":"Home","item":"https:\/\/www.mwm.net\/es\/"},{"@type":"ListItem","position":2,"name":"Soluciones de ventas MWM","item":"https:\/\/www.mwm.net\/es\/soluciones-de-ventas-mwm\/"},{"@type":"ListItem","position":3,"name":"Proveedor de soluciones MWM"}]},{"@type":"WebSite","@id":"https:\/\/www.mwm.net\/es\/#website","url":"https:\/\/www.mwm.net\/es\/","name":"MWM","description":"","publisher":{"@id":"https:\/\/www.mwm.net\/es\/#organization"},"potentialAction":[{"@type":"SearchAction","target":{"@type":"EntryPoint","urlTemplate":"https:\/\/www.mwm.net\/es\/?s={search_term_string}"},"query-input":{"@type":"PropertyValueSpecification","valueRequired":true,"valueName":"search_term_string"}}],"inLanguage":"es"},{"@type":"Organization","@id":"https:\/\/www.mwm.net\/es\/#organization","name":"Caterpillar Energy Solutions GmbH","url":"https:\/\/www.mwm.net\/es\/","logo":{"@type":"ImageObject","inLanguage":"es","@id":"https:\/\/www.mwm.net\/es\/#\/schema\/logo\/image\/","url":"https:\/\/www.mwm.net\/wp-content\/uploads\/2022\/02\/logo2.jpg","contentUrl":"https:\/\/www.mwm.net\/wp-content\/uploads\/2022\/02\/logo2.jpg","width":260,"height":142,"caption":"Caterpillar Energy Solutions GmbH"},"image":{"@id":"https:\/\/www.mwm.net\/es\/#\/schema\/logo\/image\/"}}]}},"_links":{"self":[{"href":"https:\/\/www.mwm.net\/es\/wp-json\/wp\/v2\/pages\/106424","targetHints":{"allow":["GET"]}}],"collection":[{"href":"https:\/\/www.mwm.net\/es\/wp-json\/wp\/v2\/pages"}],"about":[{"href":"https:\/\/www.mwm.net\/es\/wp-json\/wp\/v2\/types\/page"}],"author":[{"embeddable":true,"href":"https:\/\/www.mwm.net\/es\/wp-json\/wp\/v2\/users\/2"}],"replies":[{"embeddable":true,"href":"https:\/\/www.mwm.net\/es\/wp-json\/wp\/v2\/comments?post=106424"}],"version-history":[{"count":2,"href":"https:\/\/www.mwm.net\/es\/wp-json\/wp\/v2\/pages\/106424\/revisions"}],"predecessor-version":[{"id":106426,"href":"https:\/\/www.mwm.net\/es\/wp-json\/wp\/v2\/pages\/106424\/revisions\/106426"}],"up":[{"embeddable":true,"href":"https:\/\/www.mwm.net\/es\/wp-json\/wp\/v2\/pages\/104930"}],"wp:featuredmedia":[{"embeddable":true,"href":"https:\/\/www.mwm.net\/es\/wp-json\/wp\/v2\/media\/103562"}],"wp:attachment":[{"href":"https:\/\/www.mwm.net\/es\/wp-json\/wp\/v2\/media?parent=106424"}],"wp:term":[{"taxonomy":"post_tag","embeddable":true,"href":"https:\/\/www.mwm.net\/es\/wp-json\/wp\/v2\/tags?post=106424"}],"curies":[{"name":"wp","href":"https:\/\/api.w.org\/{rel}","templated":true}]}}