{"id":107243,"date":"2025-01-13T15:02:53","date_gmt":"2025-01-13T13:02:53","guid":{"rendered":"https:\/\/www.mwm.net\/?page_id=107243"},"modified":"2025-03-10T12:39:23","modified_gmt":"2025-03-10T10:39:23","slug":"excelencia-en-gas","status":"publish","type":"page","link":"https:\/\/www.mwm.net\/es\/excelencia-en-gas\/","title":{"rendered":"Excelencia en gas"},"content":{"rendered":"<div class=\"text_sec\">\n<h2>Competencias de MWM en el suministro de energ\u00eda descentralizada: Eficiencia, ecolog\u00eda y rentabilidad<\/h2>\n<p>MWM es la marca l\u00edder en el campo de suministro de energ\u00eda descentralizada. Con sus soluciones energ\u00e9ticas altamente eficientes y progresistas en cuanto a su sostenibilidad ecol\u00f3gica, MWM garantiza a sus clientes un valor a\u00f1adido real y duradero. La cartera de MWM comprende sistemas y centrales el\u00e9ctricas de 400 kW<sub>el<\/sub> a 100 MW<sub>el<\/sub> y m\u00e1s. Abarca desde el dise\u00f1o integral de plantas hasta la implementaci\u00f3n completa de proyectos y plantas llave en mano. El uso de <a href=\"https:\/\/www.mwm.net\/es\/excelencia-en-gas\/cogeneracion-y-trigeneracion\/\">sistemas de cogeneraci\u00f3n y trigeneraci\u00f3n<\/a> permite alcanzar eficiencias de hasta el 95%. De este modo, las plantas MWM aprovechan los escasos recursos energ\u00e9ticos considerablemente mejor que las tecnolog\u00edas convencionales para generar electricidad.<\/p>\n<h2>En MWM, la innovaci\u00f3n es un valor tradicional<\/h2>\n<p>Para una empresa con una historia de 150 a\u00f1os, la innovaci\u00f3n es el fundamento clave para la continuidad y la competitividad. El desarrollo continuo y la investigaci\u00f3n intensa son fundamentales para poder garantizar la mayor calidad de los productos y, por tanto, su eficiencia y superioridad a largo plazo en el mercado.<\/p>\n<\/div>\n<div class=\"cntct_rght\"><a href=\"https:\/\/www.mwm.net\/es\/contacto\/contacto-con-ventas\/\">contacto con ventas <br \/><b>Haga clic aqu\u00ed<\/b><\/a><\/div>\n<div class=\"sprtr\"><\/div>\n","protected":false},"excerpt":{"rendered":"<p>Competencias de MWM en el suministro de energ\u00eda descentralizada con cogeneraci\u00f3n, plantas CHP, centrales el\u00e9ctricas con gas natural y biog\u00e1s.<\/p>\n","protected":false},"author":6,"featured_media":102758,"parent":0,"menu_order":6,"comment_status":"closed","ping_status":"closed","template":"listing-template.php","meta":{"_acf_changed":false,"footnotes":""},"tags":[],"class_list":["post-107243","page","type-page","status-publish","has-post-thumbnail","hentry"],"acf":[],"yoast_head":"<!-- This site is optimized with the Yoast SEO Premium plugin v27.2 (Yoast SEO v27.2) - https:\/\/yoast.com\/product\/yoast-seo-premium-wordpress\/ -->\n<title>Excelencia en gas - MWM Innovaci\u00f3n y tecnolog\u00eda<\/title>\n<meta name=\"description\" content=\"Competencias de MWM en el suministro de energ\u00eda descentralizada con cogeneraci\u00f3n, plantas CHP, centrales el\u00e9ctricas con gas natural y biog\u00e1s.\" \/>\n<meta name=\"robots\" content=\"index, follow, max-snippet:-1, max-image-preview:large, max-video-preview:-1\" \/>\n<link rel=\"canonical\" href=\"https:\/\/www.mwm.net\/es\/excelencia-en-gas\/\" \/>\n<meta property=\"og:locale\" content=\"es_ES\" \/>\n<meta property=\"og:type\" content=\"article\" \/>\n<meta property=\"og:title\" content=\"Excelencia en gas\" \/>\n<meta property=\"og:description\" content=\"Competencias de MWM en el suministro de energ\u00eda descentralizada con cogeneraci\u00f3n, plantas CHP, centrales el\u00e9ctricas con gas natural y biog\u00e1s.\" \/>\n<meta property=\"og:url\" content=\"https:\/\/www.mwm.net\/es\/excelencia-en-gas\/\" \/>\n<meta property=\"og:site_name\" content=\"MWM\" \/>\n<meta property=\"article:modified_time\" content=\"2025-03-10T10:39:23+00:00\" \/>\n<meta property=\"og:image\" content=\"https:\/\/www.mwm.net\/wp-content\/uploads\/2021\/06\/measurement_room.jpg\" \/>\n\t<meta property=\"og:image:width\" content=\"1201\" \/>\n\t<meta property=\"og:image:height\" content=\"671\" \/>\n\t<meta property=\"og:image:type\" content=\"image\/jpeg\" \/>\n<meta name=\"twitter:card\" content=\"summary_large_image\" \/>\n<meta name=\"twitter:label1\" content=\"Tiempo de lectura\" \/>\n\t<meta name=\"twitter:data1\" content=\"2 minutos\" \/>\n<script type=\"application\/ld+json\" class=\"yoast-schema-graph\">{\"@context\":\"https:\/\/schema.org\",\"@graph\":[{\"@type\":\"WebPage\",\"@id\":\"https:\/\/www.mwm.net\/es\/excelencia-en-gas\/\",\"url\":\"https:\/\/www.mwm.net\/es\/excelencia-en-gas\/\",\"name\":\"Excelencia en gas - MWM Innovaci\u00f3n y tecnolog\u00eda\",\"isPartOf\":{\"@id\":\"https:\/\/www.mwm.net\/es\/#website\"},\"primaryImageOfPage\":{\"@id\":\"https:\/\/www.mwm.net\/es\/excelencia-en-gas\/#primaryimage\"},\"image\":{\"@id\":\"https:\/\/www.mwm.net\/es\/excelencia-en-gas\/#primaryimage\"},\"thumbnailUrl\":\"https:\/\/www.mwm.net\/wp-content\/uploads\/2021\/06\/measurement_room.jpg\",\"datePublished\":\"2025-01-13T13:02:53+00:00\",\"dateModified\":\"2025-03-10T10:39:23+00:00\",\"description\":\"Competencias de MWM en el suministro de energ\u00eda descentralizada con cogeneraci\u00f3n, plantas CHP, centrales el\u00e9ctricas con gas natural y biog\u00e1s.\",\"breadcrumb\":{\"@id\":\"https:\/\/www.mwm.net\/es\/excelencia-en-gas\/#breadcrumb\"},\"inLanguage\":\"es\",\"potentialAction\":[{\"@type\":\"ReadAction\",\"target\":[\"https:\/\/www.mwm.net\/es\/excelencia-en-gas\/\"]}]},{\"@type\":\"ImageObject\",\"inLanguage\":\"es\",\"@id\":\"https:\/\/www.mwm.net\/es\/excelencia-en-gas\/#primaryimage\",\"url\":\"https:\/\/www.mwm.net\/wp-content\/uploads\/2021\/06\/measurement_room.jpg\",\"contentUrl\":\"https:\/\/www.mwm.net\/wp-content\/uploads\/2021\/06\/measurement_room.jpg\",\"width\":1201,\"height\":671},{\"@type\":\"BreadcrumbList\",\"@id\":\"https:\/\/www.mwm.net\/es\/excelencia-en-gas\/#breadcrumb\",\"itemListElement\":[{\"@type\":\"ListItem\",\"position\":1,\"name\":\"Home\",\"item\":\"https:\/\/www.mwm.net\/es\/\"},{\"@type\":\"ListItem\",\"position\":2,\"name\":\"Excelencia en gas\"}]},{\"@type\":\"WebSite\",\"@id\":\"https:\/\/www.mwm.net\/es\/#website\",\"url\":\"https:\/\/www.mwm.net\/es\/\",\"name\":\"MWM\",\"description\":\"\",\"publisher\":{\"@id\":\"https:\/\/www.mwm.net\/es\/#organization\"},\"potentialAction\":[{\"@type\":\"SearchAction\",\"target\":{\"@type\":\"EntryPoint\",\"urlTemplate\":\"https:\/\/www.mwm.net\/es\/?s={search_term_string}\"},\"query-input\":{\"@type\":\"PropertyValueSpecification\",\"valueRequired\":true,\"valueName\":\"search_term_string\"}}],\"inLanguage\":\"es\"},{\"@type\":\"Organization\",\"@id\":\"https:\/\/www.mwm.net\/es\/#organization\",\"name\":\"Caterpillar Energy Solutions GmbH\",\"url\":\"https:\/\/www.mwm.net\/es\/\",\"logo\":{\"@type\":\"ImageObject\",\"inLanguage\":\"es\",\"@id\":\"https:\/\/www.mwm.net\/es\/#\/schema\/logo\/image\/\",\"url\":\"https:\/\/www.mwm.net\/wp-content\/uploads\/2022\/02\/logo2.jpg\",\"contentUrl\":\"https:\/\/www.mwm.net\/wp-content\/uploads\/2022\/02\/logo2.jpg\",\"width\":260,\"height\":142,\"caption\":\"Caterpillar Energy Solutions GmbH\"},\"image\":{\"@id\":\"https:\/\/www.mwm.net\/es\/#\/schema\/logo\/image\/\"}}]}<\/script>\n<!-- \/ Yoast SEO Premium plugin. -->","yoast_head_json":{"title":"Excelencia en gas - MWM Innovaci\u00f3n y tecnolog\u00eda","description":"Competencias de MWM en el suministro de energ\u00eda descentralizada con cogeneraci\u00f3n, plantas CHP, centrales el\u00e9ctricas con gas natural y biog\u00e1s.","robots":{"index":"index","follow":"follow","max-snippet":"max-snippet:-1","max-image-preview":"max-image-preview:large","max-video-preview":"max-video-preview:-1"},"canonical":"https:\/\/www.mwm.net\/es\/excelencia-en-gas\/","og_locale":"es_ES","og_type":"article","og_title":"Excelencia en gas","og_description":"Competencias de MWM en el suministro de energ\u00eda descentralizada con cogeneraci\u00f3n, plantas CHP, centrales el\u00e9ctricas con gas natural y biog\u00e1s.","og_url":"https:\/\/www.mwm.net\/es\/excelencia-en-gas\/","og_site_name":"MWM","article_modified_time":"2025-03-10T10:39:23+00:00","og_image":[{"width":1201,"height":671,"url":"https:\/\/www.mwm.net\/wp-content\/uploads\/2021\/06\/measurement_room.jpg","type":"image\/jpeg"}],"twitter_card":"summary_large_image","twitter_misc":{"Tiempo de lectura":"2 minutos"},"schema":{"@context":"https:\/\/schema.org","@graph":[{"@type":"WebPage","@id":"https:\/\/www.mwm.net\/es\/excelencia-en-gas\/","url":"https:\/\/www.mwm.net\/es\/excelencia-en-gas\/","name":"Excelencia en gas - MWM Innovaci\u00f3n y tecnolog\u00eda","isPartOf":{"@id":"https:\/\/www.mwm.net\/es\/#website"},"primaryImageOfPage":{"@id":"https:\/\/www.mwm.net\/es\/excelencia-en-gas\/#primaryimage"},"image":{"@id":"https:\/\/www.mwm.net\/es\/excelencia-en-gas\/#primaryimage"},"thumbnailUrl":"https:\/\/www.mwm.net\/wp-content\/uploads\/2021\/06\/measurement_room.jpg","datePublished":"2025-01-13T13:02:53+00:00","dateModified":"2025-03-10T10:39:23+00:00","description":"Competencias de MWM en el suministro de energ\u00eda descentralizada con cogeneraci\u00f3n, plantas CHP, centrales el\u00e9ctricas con gas natural y biog\u00e1s.","breadcrumb":{"@id":"https:\/\/www.mwm.net\/es\/excelencia-en-gas\/#breadcrumb"},"inLanguage":"es","potentialAction":[{"@type":"ReadAction","target":["https:\/\/www.mwm.net\/es\/excelencia-en-gas\/"]}]},{"@type":"ImageObject","inLanguage":"es","@id":"https:\/\/www.mwm.net\/es\/excelencia-en-gas\/#primaryimage","url":"https:\/\/www.mwm.net\/wp-content\/uploads\/2021\/06\/measurement_room.jpg","contentUrl":"https:\/\/www.mwm.net\/wp-content\/uploads\/2021\/06\/measurement_room.jpg","width":1201,"height":671},{"@type":"BreadcrumbList","@id":"https:\/\/www.mwm.net\/es\/excelencia-en-gas\/#breadcrumb","itemListElement":[{"@type":"ListItem","position":1,"name":"Home","item":"https:\/\/www.mwm.net\/es\/"},{"@type":"ListItem","position":2,"name":"Excelencia en gas"}]},{"@type":"WebSite","@id":"https:\/\/www.mwm.net\/es\/#website","url":"https:\/\/www.mwm.net\/es\/","name":"MWM","description":"","publisher":{"@id":"https:\/\/www.mwm.net\/es\/#organization"},"potentialAction":[{"@type":"SearchAction","target":{"@type":"EntryPoint","urlTemplate":"https:\/\/www.mwm.net\/es\/?s={search_term_string}"},"query-input":{"@type":"PropertyValueSpecification","valueRequired":true,"valueName":"search_term_string"}}],"inLanguage":"es"},{"@type":"Organization","@id":"https:\/\/www.mwm.net\/es\/#organization","name":"Caterpillar Energy Solutions GmbH","url":"https:\/\/www.mwm.net\/es\/","logo":{"@type":"ImageObject","inLanguage":"es","@id":"https:\/\/www.mwm.net\/es\/#\/schema\/logo\/image\/","url":"https:\/\/www.mwm.net\/wp-content\/uploads\/2022\/02\/logo2.jpg","contentUrl":"https:\/\/www.mwm.net\/wp-content\/uploads\/2022\/02\/logo2.jpg","width":260,"height":142,"caption":"Caterpillar Energy Solutions GmbH"},"image":{"@id":"https:\/\/www.mwm.net\/es\/#\/schema\/logo\/image\/"}}]}},"_links":{"self":[{"href":"https:\/\/www.mwm.net\/es\/wp-json\/wp\/v2\/pages\/107243","targetHints":{"allow":["GET"]}}],"collection":[{"href":"https:\/\/www.mwm.net\/es\/wp-json\/wp\/v2\/pages"}],"about":[{"href":"https:\/\/www.mwm.net\/es\/wp-json\/wp\/v2\/types\/page"}],"author":[{"embeddable":true,"href":"https:\/\/www.mwm.net\/es\/wp-json\/wp\/v2\/users\/6"}],"replies":[{"embeddable":true,"href":"https:\/\/www.mwm.net\/es\/wp-json\/wp\/v2\/comments?post=107243"}],"version-history":[{"count":2,"href":"https:\/\/www.mwm.net\/es\/wp-json\/wp\/v2\/pages\/107243\/revisions"}],"predecessor-version":[{"id":108905,"href":"https:\/\/www.mwm.net\/es\/wp-json\/wp\/v2\/pages\/107243\/revisions\/108905"}],"wp:featuredmedia":[{"embeddable":true,"href":"https:\/\/www.mwm.net\/es\/wp-json\/wp\/v2\/media\/102758"}],"wp:attachment":[{"href":"https:\/\/www.mwm.net\/es\/wp-json\/wp\/v2\/media?parent=107243"}],"wp:term":[{"taxonomy":"post_tag","embeddable":true,"href":"https:\/\/www.mwm.net\/es\/wp-json\/wp\/v2\/tags?post=107243"}],"curies":[{"name":"wp","href":"https:\/\/api.w.org\/{rel}","templated":true}]}}