{"id":111656,"date":"2025-12-15T22:32:44","date_gmt":"2025-12-15T20:32:44","guid":{"rendered":"https:\/\/www.mwm.net\/?page_id=111656"},"modified":"2026-02-09T11:48:55","modified_gmt":"2026-02-09T09:48:55","slug":"tcg-2032-modular-power-plant-mpp","status":"publish","type":"page","link":"https:\/\/www.mwm.net\/es\/plantas-de-energia-distribuida\/tcg-2032-modular-power-plant-mpp\/","title":{"rendered":"TCG 2032 Modular Power Plant (MPP)"},"content":{"rendered":"<h2 class=\"subheadline noborder\">El sistema contenerizado para aplicaciones m\u00f3viles<\/h2>\n<p>Con la TCG 2032 Modular Power Plant (MPP), MWM ofrece una soluci\u00f3n energ\u00e9tica potente de hasta 4,5 MW<sub>el<\/sub> en un sistema modular contenerizado. Esta planta est\u00e1 lista en solo 20 d\u00edas y permite ser ampliada flexiblemente.<\/p>\n<div class=\"spcl_blts\">\n<ul>\n<li>Pr\u00e1ctica soluci\u00f3n contenerizada modular<\/li>\n<li>Fabricada exclusivamente para MWM por RSE s.r.o. en Br\u00fcnn, Rep\u00fablica Checa<\/li>\n<li>Lista en solo 20 d\u00edas para el montaje de m\u00f3dulos, el arranque y la puesta en marcha<\/li>\n<li>Especialmente desarrollada para la serie TCG 2032 con hasta 4,5 MW<sub>el<\/sub> por unidad<\/li>\n<li>Para aplicaciones de gas natural y biog\u00e1s, as\u00ed como otros gases especiales<\/li>\n<li>Posibilidad de ampliar flexiblemente desde una unidad MPP hasta la construcci\u00f3n de un parque energ\u00e9tico entero<\/li>\n<li>Generaci\u00f3n descentralizada de energ\u00eda para el abastecimiento de plantas industriales o consumidores de dimensiones comparables<\/li>\n<li>Equipamiento completo con mando de planta energ\u00e9tica TEM\/TPEM y armarios de control HAS y FUS<\/li>\n<li>Disponible en variante de 50 Hz y 60 Hz<\/li>\n<\/ul>\n<p>&nbsp;<\/p>\n<p>Con la Modular Power Plant (MPP), MWM ofrece una soluci\u00f3n contenerizada modular para la serie TCG 2032. El sistema contenerizado es un dise\u00f1o del fabricante de instalaciones energ\u00e9ticas descentralizadas RSE s.r.o. en la Rep\u00fablica Checa, realizado en exclusiva para MWM. Con este sistema contenerizado, los clientes de MWM se benefician de una soluci\u00f3n a medida para la generaci\u00f3n de electricidad y calor descentralizada. En comparaci\u00f3n con sistemas convencionales, este sistema de cogeneraci\u00f3n ofrece una puesta en marcha mucho m\u00e1s r\u00e1pida, as\u00ed como gastos de inversi\u00f3n m\u00e1s bajos sin perder ni un \u00e1pice en funcionalidad y rendimiento. El montaje en su ubicaci\u00f3n final no requiere una construcci\u00f3n especial gracias a su dise\u00f1o como sistema modular en contenedores. La instalaci\u00f3n, la puesta en marcha y el mantenimiento corren a cargo del mismo proveedor.<\/p>\n<\/div>\n<div class=\"pro_grphc\">\n<div class=\"cntct_rght\"><a href=\"https:\/\/www.mwm.net\/es\/contacto\/contacto-con-ventas\/\">Contacto con ventas <strong>Haga clic aqui<\/strong><\/a><\/div>\n<\/div>\n<div class=\"blu_sec\">\n<h4>En esta p\u00e1gina:<\/h4>\n<p><a href=\"#video\">V\u00eddeo: TCG 2032 Modular Power Plant<\/a><br \/>\n<a href=\"#leistung\">El alto rendimiento del motor de gas MWM TCG 2032 V16 en un contenedor modular<\/a><br \/>\n<a href=\"#produktdetails\">Detalles del producto<\/a><br \/>\n<a href=\"#energieloesung\">Soluci\u00f3n energ\u00e9tica de r\u00e1pida aplicaci\u00f3n, flexible y de bajo coste.<\/a><br \/>\n<a href=\"#faq\">FAQ<\/a><br \/>\n<a href=\"#vorteile\">Ventajas para operadores de plantas<\/a><br \/>\n<a href=\"#kontakt\">Contacto y soporte t\u00e9cnico<\/a><\/p>\n<\/div>\n<div class=\"vdo_sec patch-content\">\n<h2 class=\"subheadline noborder\"><a name=\"video\"><\/a>V\u00eddeo: TCG 2032 Modular Power Plant<\/h2>\n<div class=\"lyte-wrapper\" style=\"width:853px;max-width:100%;margin:5px;\"><div class=\"lyMe hidef\" id=\"WYL_gQL37m3mj-I\"><div id=\"lyte_gQL37m3mj-I\" data-src=\"https:\/\/www.mwm.net\/wp-content\/plugins\/wp-youtube-lyte\/lyteCache.php?origThumbUrl=%2F%2Fi.ytimg.com%2Fvi%2FgQL37m3mj-I%2Fmaxresdefault.jpg\" class=\"pL\"><div class=\"tC\"><div class=\"tT\"><\/div><\/div><div class=\"play\"><\/div><div class=\"ctrl\"><div class=\"Lctrl\"><\/div><div class=\"Rctrl\"><\/div><\/div><\/div><noscript><a href=\"https:\/\/youtu.be\/gQL37m3mj-I\" rel=\"nofollow\"><img decoding=\"async\" src=\"https:\/\/www.mwm.net\/wp-content\/plugins\/wp-youtube-lyte\/lyteCache.php?origThumbUrl=https%3A%2F%2Fi.ytimg.com%2Fvi%2FgQL37m3mj-I%2F0.jpg\" alt=\"YouTube video thumbnail\" width=\"853\" height=\"460\" \/><br \/>Mire este video en YouTube<\/a><\/noscript><\/div><\/div><div class=\"lL\" style=\"max-width:100%;width:853px;margin:5px;\"><br\/><span class=\"lyte_disclaimer\"><strong>AVISO DE PRIVACIDAD:<\/strong> Al reproducir un v\u00eddeo, se aplican las <a href=\"https:\/\/policies.google.com\/privacy?hl=es&amp;gl=es\">normas de privacidad de YouTube<\/a>.<\/span><\/div><\/p>\n<\/div>\n<div class=\"patch-content\">\n<h2 class=\"subheadline\"><a name=\"leistung\"><\/a>El alto rendimiento del motor de gas MWM TCG 2032 V16 en un contenedor modular<\/h2>\n<p>Con una potencia de hasta 4,5 MW<sub>el<\/sub> por unidad, este sistema contenerizado modular puede utilizarse de forma fiable en todas las aplicaciones con gas natural y biog\u00e1s. La planta de cogeneraci\u00f3n ofrece una eficiencia el\u00e9ctrica de hasta el 44,6 por ciento y una eficiencia t\u00e9rmica de hasta el 42,7 por ciento, y est\u00e1 disponible en variantes de 50 Hz y 60 Hz. La TCG 2032 Modular Power Plant accionada por gas natural puede equiparse adicionalmente con la opci\u00f3n de Fast Ramp-Up, que permite un arranque r\u00e1pido. La TCG 2032 Modular Power Plant incluye un aislamiento t\u00e9rmico mineral completo, que tambi\u00e9n act\u00faa como aislamiento ac\u00fastico. El suelo del contenedor est\u00e1 recubierto con pintura esmaltada resistente a aceites y gasolina. El sistema trabaja de forma totalmente autom\u00e1tica, por lo que puede reducirse la intervenci\u00f3n continuada de personal.<\/p>\n<\/div>\n<div class=\"patch-content\">\n<h2 class=\"subheadline\"><a name=\"produktdetails\"><\/a>La TCG 2032 Modular Power Plant: Detalles del producto<\/h2>\n<p><img decoding=\"async\" class=\"alignnone size-medium wp-image-111667\" src=\"https:\/\/www.mwm.net\/wp-content\/uploads\/2025\/12\/MPP-Ansicht-768x423.jpg\" alt=\"MPP \u00c1reas separadas\" width=\"768\" height=\"423\" srcset=\"https:\/\/www.mwm.net\/wp-content\/uploads\/2025\/12\/MPP-Ansicht-768x423.jpg 768w, https:\/\/www.mwm.net\/wp-content\/uploads\/2025\/12\/MPP-Ansicht.jpg 800w\" sizes=\"(max-width: 767px) 89vw, (max-width: 1000px) 54vw, (max-width: 1071px) 543px, 580px\" \/><\/p>\n<h3>\u00c1reas separadas<\/h3>\n<ul>\n<li>\u00c1rea del motor y auxiliar<\/li>\n<li>Armario de media tensi\u00f3n<\/li>\n<li>Zona de conmutadores con aislamiento ac\u00fastico<\/li>\n<li>Equipos de aire comprimido<\/li>\n<li>Almac\u00e9n de recambios y sala de mantenimiento<\/li>\n<\/ul>\n<div class=\"pro_grphc\">\n<div class=\"cntct_rght\"><a href=\"https:\/\/www.mwm.net\/es\/contacto\/contacto-con-ventas\/\">Contacto con ventas <strong>Haga clic aqui<\/strong><\/a><\/div>\n<\/div>\n<h3>La TCG 2032 Modular Power Plant: \u00c1rea del motor y auxiliar<\/h3>\n<p><img decoding=\"async\" class=\"alignnone size-medium wp-image-111668\" src=\"https:\/\/www.mwm.net\/wp-content\/uploads\/2025\/12\/MPP-Motorbereich-Hilfsbereich-768x462.jpg\" alt=\"MPP \u00c1rea del motor y auxiliar\" width=\"768\" height=\"462\" srcset=\"https:\/\/www.mwm.net\/wp-content\/uploads\/2025\/12\/MPP-Motorbereich-Hilfsbereich-768x462.jpg 768w, https:\/\/www.mwm.net\/wp-content\/uploads\/2025\/12\/MPP-Motorbereich-Hilfsbereich.jpg 800w\" sizes=\"(max-width: 767px) 89vw, (max-width: 1000px) 54vw, (max-width: 1071px) 543px, 580px\" \/><\/p>\n<ul>\n<li>Motogenerador TCG 2032<\/li>\n<li>M\u00f3dulo premontado de distribuci\u00f3n t\u00e9rmica<\/li>\n<li>Alimentaci\u00f3n de gas<\/li>\n<li>Ventilaci\u00f3n\/aireaci\u00f3n<\/li>\n<li>Gr\u00faas de instalaci\u00f3n fija<\/li>\n<li>Tanque opcional de aceite limpio<\/li>\n<\/ul>\n<p>Solo en los \u00faltimos 15 a\u00f1os, MWM ha suministrado en todo el mundo motores de gas y motogeneradores con una potencia total de m\u00e1s de 10,2 GW. Con la TCG 2032 Modular Power Plant, MWM ofrece una soluci\u00f3n a medida especialmente para industrias y sectores que pueden beneficiarse de un sistema energ\u00e9tico m\u00f3vil y de r\u00e1pida instalaci\u00f3n.<\/p>\n<p><img decoding=\"async\" class=\"alignnone size-medium wp-image-111669\" src=\"https:\/\/www.mwm.net\/wp-content\/uploads\/2025\/12\/MPP-TCG-2032-Aggregat-768x516.jpg\" alt=\"MPP TCG 2032\" width=\"768\" height=\"516\" srcset=\"https:\/\/www.mwm.net\/wp-content\/uploads\/2025\/12\/MPP-TCG-2032-Aggregat-768x516.jpg 768w, https:\/\/www.mwm.net\/wp-content\/uploads\/2025\/12\/MPP-TCG-2032-Aggregat.jpg 800w\" sizes=\"(max-width: 767px) 89vw, (max-width: 1000px) 54vw, (max-width: 1071px) 543px, 580px\" \/><\/p>\n<\/div>\n<div class=\"patch-content\">\n<h2 class=\"subheadline\"><a name=\"energieloesung\"><\/a>Soluci\u00f3n energ\u00e9tica flexible, de r\u00e1pida aplicaci\u00f3n y eficiente en costes<\/h2>\n<p>El dise\u00f1o compacto y funcional de la TCG 2032 Modular Power Plant es la soluci\u00f3n ideal para los operadores que desean una instalaci\u00f3n flexible, r\u00e1pida y de bajo coste. En lugar de la instalaci\u00f3n de dos motores MWM de 2,3 MW cada uno, la planta de cogeneraci\u00f3n ofrece un \u00fanico sistema contenerizado para la generaci\u00f3n de electricidad y calor de hasta 4,5 MWel de potencia. El sistema MPP est\u00e1 listo para servicio en solo 20 d\u00edas para el montaje de m\u00f3dulos, el arranque y la puesta en marcha; lo que para los operadores significa un claro ahorro en tiempo y costes. Adem\u00e1s, esta soluci\u00f3n energ\u00e9tica como unidad MPP individual puede convertirse en un parque energ\u00e9tico completo con gran flexibilidad.<\/p>\n<\/div>\n<div class=\"pro_grphc\">\n<div class=\"cntct_rght\"><a href=\"https:\/\/www.mwm.net\/es\/contacto\/contacto-con-ventas\/\">Contacto con ventas <strong>Haga clic aqui<\/strong><\/a><\/div>\n<\/div>\n<div class=\"clear\"><\/div>\n<h2 class=\"subheadline noborder\"><a name=\"faq\"><\/a>FAQ<\/h2>\n<div id=\"accordion\" class=\"ui-accordion ui-widget ui-helper-reset\">\n<h3 id=\"ui-id-1\" class=\"ui-accordion-header ui-corner-top ui-state-default ui-accordion-header-active ui-state-active ui-accordion-icons\" tabindex=\"0\" role=\"tab\" aria-controls=\"ui-id-2\" aria-selected=\"true\" aria-expanded=\"true\">\u00bfQu\u00e9 hace que la TCG 2032 Modular Power Plant sea tan especial en la generaci\u00f3n descentralizada de energ\u00eda?<\/h3>\n<div id=\"ui-id-2\" class=\"ui-accordion-content ui-corner-bottom ui-helper-reset ui-widget-content ui-accordion-content-active\" style=\"height: 143.4px;\" aria-labelledby=\"ui-id-1\" aria-hidden=\"false\">\n<div class=\"patch-content\">\n<p>Esta planta de cogeneraci\u00f3n de hasta 4,5 MW<sub>el<\/sub> de potencia es un sistema contenerizado modular e individual para la generaci\u00f3n de electricidad y calor, que permite una instalaci\u00f3n r\u00e1pida y de bajo coste.<\/p>\n<\/div>\n<\/div>\n<h3 id=\"ui-id-3\" class=\"ui-accordion-header ui-corner-top ui-state-default ui-accordion-header-active ui-state-active ui-accordion-icons\" tabindex=\"0\" role=\"tab\" aria-controls=\"ui-id-4\" aria-selected=\"true\" aria-expanded=\"true\">\u00bfRequiere la TCG 2032 Modular Power Plant medidas constructivas adicionales para poder realizar su instalaci\u00f3n?<\/h3>\n<div id=\"ui-id-4\" class=\"ui-accordion-content ui-corner-bottom ui-helper-reset ui-widget-content ui-accordion-content-active\" style=\"height: 143.4px;\" aria-labelledby=\"ui-id-3\" aria-hidden=\"false\">\n<div class=\"patch-content\">\n<p>No; el sistema TCG 2032 MPP es una soluci\u00f3n completa y acabada, que puede instalarse in situ con rapidez y sin complicaciones.<\/p>\n<\/div>\n<\/div>\n<h3 id=\"ui-id-5\" class=\"ui-accordion-header ui-corner-top ui-state-default ui-accordion-header-active ui-state-active ui-accordion-icons\" tabindex=\"0\" role=\"tab\" aria-controls=\"ui-id-6\" aria-selected=\"true\" aria-expanded=\"true\">\u00bfPuedo ampliar mi Modular Power Plant si me hiciera falta?<\/h3>\n<div id=\"ui-id-6\" class=\"ui-accordion-content ui-corner-bottom ui-helper-reset ui-widget-content ui-accordion-content-active\" style=\"height: 143.4px;\" aria-labelledby=\"ui-id-5\" aria-hidden=\"false\">\n<div class=\"patch-content\">\n<p>S\u00ed, la generaci\u00f3n de energ\u00eda puede ampliarse de forma flexible desde una \u00fanica unidad MPP hasta un parque energ\u00e9tico completo.<\/p>\n<\/div>\n<\/div>\n<h3 id=\"ui-id-7\" class=\"ui-accordion-header ui-corner-top ui-state-default ui-accordion-header-active ui-state-active ui-accordion-icons\" tabindex=\"0\" role=\"tab\" aria-controls=\"ui-id-8\" aria-selected=\"true\" aria-expanded=\"true\">\u00bfCu\u00e1nto se tarda en instalar una TCG 2032 Modular Power Plant y en producir energ\u00eda con ella?<\/h3>\n<div id=\"ui-id-8\" class=\"ui-accordion-content ui-corner-bottom ui-helper-reset ui-widget-content ui-accordion-content-active\" style=\"height: 143.4px;\" aria-labelledby=\"ui-id-7\" aria-hidden=\"false\">\n<div class=\"patch-content\">\n<p>La TCG 2032 Modular Power Plant se instala en solo diez d\u00edas y puede ponerse en marcha tras otro diez d\u00edas m\u00e1s.<\/p>\n<\/div>\n<\/div>\n<h3 id=\"ui-id-9\" class=\"ui-accordion-header ui-corner-top ui-state-default ui-accordion-header-active ui-state-active ui-accordion-icons\" tabindex=\"0\" role=\"tab\" aria-controls=\"ui-id-10\" aria-selected=\"true\" aria-expanded=\"true\">\u00bfPara qu\u00e9 sectores es m\u00e1s adecuada la TCG 2032 Modular Power Plant?<\/h3>\n<div id=\"ui-id-10\" class=\"ui-accordion-content ui-corner-bottom ui-helper-reset ui-widget-content ui-accordion-content-active\" style=\"height: 143.4px;\" aria-labelledby=\"ui-id-9\" aria-hidden=\"false\">\n<div class=\"patch-content\">\n<p>La TCG 2032 Modular Power Plant es especialmente adecuada para industrias y operadores que requieren una soluci\u00f3n energ\u00e9tica flexible y de r\u00e1pida instalaci\u00f3n.<\/p>\n<\/div>\n<\/div>\n<\/div>\n<div class=\"patch-content\">\n<h2 class=\"subheadline\"><a name=\"vorteile\"><\/a>Ventajas para operadores de plantas<\/h2>\n<ul>\n<li>Un \u00fanico sistema contenerizado, sin medidas constructivas ni obras adicionales<\/li>\n<li>Reducci\u00f3n en tiempo y recursos empleados en su instalaci\u00f3n<\/li>\n<li>Soluci\u00f3n energ\u00e9tica r\u00e1pida, de alta eficiencia y bajo coste<\/li>\n<li>Ideal para regiones sin infraestructura existente<\/li>\n<li>Ampliaci\u00f3n flexible de una unidad MPP individual hasta un parque energ\u00e9tico completo<\/li>\n<li>Planificaci\u00f3n sencilla y bajos costes de realizaci\u00f3n; no requiere la construcci\u00f3n de un edificio<\/li>\n<li>Precisa poco espacio<\/li>\n<li>La instalaci\u00f3n y puesta en marcha en menos tiempo permiten una r\u00e1pida amortizaci\u00f3n<\/li>\n<\/ul>\n<\/div>\n<div class=\"patch-content\">\n<h2 class=\"subheadline\"><a name=\"kontakt\"><\/a>Le ayudamos en la instalaci\u00f3n de su TCG 2032 MPP<\/h2>\n<p>\u00bfDesea una soluci\u00f3n energ\u00e9tica moderna, que pueda realizarse en poco tiempo y a un coste menor? \u00a1Cont\u00e1ctenos para un asesoramiento personalizado:<br \/>\n<a href=\"https:\/\/www.mwm.net\/es\/contacto\/contacto-con-ventas\/\">https:\/\/www.mwm.net\/es\/contacto\/contacto-con-ventas\/<\/a><\/p>\n<p>\u00bfQuiere saber tambi\u00e9n m\u00e1s sobre los motores de gas, las plantas de cogeneraci\u00f3n y las soluciones contenerizadas de MWM? Aqu\u00ed encontrar\u00e1 informaci\u00f3n importante sobre generaci\u00f3n descentralizada de energ\u00eda con instalaciones nuevas y otras ofertas de servicio t\u00e9cnico:<br \/>\n<a href=\"https:\/\/www.mwm.net\/es\/plantas-de-energia-distribuida\/\">https:\/\/www.mwm.net\/es\/plantas-de-energia-distribuida\/<\/a><\/p>\n<\/div>\n<div class=\"pro_grphc\">\n<div class=\"cntct_rght\"><a href=\"https:\/\/www.mwm.net\/es\/contacto\/contacto-con-ventas\/\">Contacto con ventas <strong>Haga clic aqui<\/strong><\/a><\/div>\n<\/div>\n","protected":false},"excerpt":{"rendered":"<p>La TCG 2032 Modular Power Plant combina el alto rendimiento de la serie de motor MWM TCG 2032 en un sistema contenerizado modular y flexible.  <\/p>\n","protected":false},"author":6,"featured_media":111660,"parent":103032,"menu_order":3,"comment_status":"closed","ping_status":"closed","template":"product-template.php","meta":{"_acf_changed":false,"footnotes":""},"tags":[1826,1905,2265,2266,1812,2261,2263,2223,2264],"class_list":["post-111656","page","type-page","status-publish","has-post-thumbnail","hentry","tag-contenedor-es","tag-kwk-anlage-es","tag-mpp","tag-mwm-tcg-2032b-v16","tag-planta-de-cogeneracion","tag-serie-tcg-2032","tag-sistema-de-contenedores","tag-soluciones-contenerizadas","tag-tcg-2032-modular-power-plant"],"acf":[],"yoast_head":"<!-- This site is optimized with the Yoast SEO Premium plugin v27.2 (Yoast SEO v27.2) - https:\/\/yoast.com\/product\/yoast-seo-premium-wordpress\/ -->\n<title>TCG 2032 Modular Power Plant (MPP)<\/title>\n<meta name=\"description\" content=\"La TCG 2032 Modular Power Plant combina el alto rendimiento de la serie de motor MWM TCG 2032 en un sistema contenerizado modular y flexible.\" \/>\n<meta name=\"robots\" content=\"index, follow, max-snippet:-1, max-image-preview:large, max-video-preview:-1\" \/>\n<link rel=\"canonical\" href=\"https:\/\/www.mwm.net\/es\/plantas-de-energia-distribuida\/tcg-2032-modular-power-plant-mpp\/\" \/>\n<meta property=\"og:locale\" content=\"es_ES\" \/>\n<meta property=\"og:type\" content=\"article\" \/>\n<meta property=\"og:title\" content=\"TCG 2032 Modular Power Plant (MPP)\" \/>\n<meta property=\"og:description\" content=\"La TCG 2032 Modular Power Plant combina el alto rendimiento de la serie de motor MWM TCG 2032 en un sistema contenerizado modular y flexible.\" \/>\n<meta property=\"og:url\" content=\"https:\/\/www.mwm.net\/es\/plantas-de-energia-distribuida\/tcg-2032-modular-power-plant-mpp\/\" \/>\n<meta property=\"og:site_name\" content=\"MWM\" \/>\n<meta property=\"article:modified_time\" content=\"2026-02-09T09:48:55+00:00\" \/>\n<meta property=\"og:image\" content=\"https:\/\/www.mwm.net\/wp-content\/uploads\/2025\/12\/TCG-2032-MPP.jpg\" \/>\n\t<meta property=\"og:image:width\" content=\"1920\" \/>\n\t<meta property=\"og:image:height\" content=\"1237\" \/>\n\t<meta property=\"og:image:type\" content=\"image\/jpeg\" \/>\n<meta name=\"twitter:card\" content=\"summary_large_image\" \/>\n<meta name=\"twitter:label1\" content=\"Tiempo de lectura\" \/>\n\t<meta name=\"twitter:data1\" content=\"8 minutos\" \/>\n<script type=\"application\/ld+json\" class=\"yoast-schema-graph\">{\"@context\":\"https:\/\/schema.org\",\"@graph\":[{\"@type\":\"WebPage\",\"@id\":\"https:\/\/www.mwm.net\/es\/plantas-de-energia-distribuida\/tcg-2032-modular-power-plant-mpp\/\",\"url\":\"https:\/\/www.mwm.net\/es\/plantas-de-energia-distribuida\/tcg-2032-modular-power-plant-mpp\/\",\"name\":\"TCG 2032 Modular Power Plant (MPP)\",\"isPartOf\":{\"@id\":\"https:\/\/www.mwm.net\/es\/#website\"},\"primaryImageOfPage\":{\"@id\":\"https:\/\/www.mwm.net\/es\/plantas-de-energia-distribuida\/tcg-2032-modular-power-plant-mpp\/#primaryimage\"},\"image\":{\"@id\":\"https:\/\/www.mwm.net\/es\/plantas-de-energia-distribuida\/tcg-2032-modular-power-plant-mpp\/#primaryimage\"},\"thumbnailUrl\":\"https:\/\/www.mwm.net\/wp-content\/uploads\/2025\/12\/TCG-2032-MPP.jpg\",\"datePublished\":\"2025-12-15T20:32:44+00:00\",\"dateModified\":\"2026-02-09T09:48:55+00:00\",\"description\":\"La TCG 2032 Modular Power Plant combina el alto rendimiento de la serie de motor MWM TCG 2032 en un sistema contenerizado modular y flexible.\",\"breadcrumb\":{\"@id\":\"https:\/\/www.mwm.net\/es\/plantas-de-energia-distribuida\/tcg-2032-modular-power-plant-mpp\/#breadcrumb\"},\"inLanguage\":\"es\",\"potentialAction\":[{\"@type\":\"ReadAction\",\"target\":[\"https:\/\/www.mwm.net\/es\/plantas-de-energia-distribuida\/tcg-2032-modular-power-plant-mpp\/\"]}]},{\"@type\":\"ImageObject\",\"inLanguage\":\"es\",\"@id\":\"https:\/\/www.mwm.net\/es\/plantas-de-energia-distribuida\/tcg-2032-modular-power-plant-mpp\/#primaryimage\",\"url\":\"https:\/\/www.mwm.net\/wp-content\/uploads\/2025\/12\/TCG-2032-MPP.jpg\",\"contentUrl\":\"https:\/\/www.mwm.net\/wp-content\/uploads\/2025\/12\/TCG-2032-MPP.jpg\",\"width\":1920,\"height\":1237,\"caption\":\"TCG 2032 MPP\"},{\"@type\":\"BreadcrumbList\",\"@id\":\"https:\/\/www.mwm.net\/es\/plantas-de-energia-distribuida\/tcg-2032-modular-power-plant-mpp\/#breadcrumb\",\"itemListElement\":[{\"@type\":\"ListItem\",\"position\":1,\"name\":\"Home\",\"item\":\"https:\/\/www.mwm.net\/es\/\"},{\"@type\":\"ListItem\",\"position\":2,\"name\":\"Plantas de energ\u00eda distribuida\",\"item\":\"https:\/\/www.mwm.net\/es\/plantas-de-energia-distribuida\/\"},{\"@type\":\"ListItem\",\"position\":3,\"name\":\"TCG 2032 Modular Power Plant (MPP)\"}]},{\"@type\":\"WebSite\",\"@id\":\"https:\/\/www.mwm.net\/es\/#website\",\"url\":\"https:\/\/www.mwm.net\/es\/\",\"name\":\"MWM\",\"description\":\"\",\"publisher\":{\"@id\":\"https:\/\/www.mwm.net\/es\/#organization\"},\"potentialAction\":[{\"@type\":\"SearchAction\",\"target\":{\"@type\":\"EntryPoint\",\"urlTemplate\":\"https:\/\/www.mwm.net\/es\/?s={search_term_string}\"},\"query-input\":{\"@type\":\"PropertyValueSpecification\",\"valueRequired\":true,\"valueName\":\"search_term_string\"}}],\"inLanguage\":\"es\"},{\"@type\":\"Organization\",\"@id\":\"https:\/\/www.mwm.net\/es\/#organization\",\"name\":\"Caterpillar Energy Solutions GmbH\",\"url\":\"https:\/\/www.mwm.net\/es\/\",\"logo\":{\"@type\":\"ImageObject\",\"inLanguage\":\"es\",\"@id\":\"https:\/\/www.mwm.net\/es\/#\/schema\/logo\/image\/\",\"url\":\"https:\/\/www.mwm.net\/wp-content\/uploads\/2022\/02\/logo2.jpg\",\"contentUrl\":\"https:\/\/www.mwm.net\/wp-content\/uploads\/2022\/02\/logo2.jpg\",\"width\":260,\"height\":142,\"caption\":\"Caterpillar Energy Solutions GmbH\"},\"image\":{\"@id\":\"https:\/\/www.mwm.net\/es\/#\/schema\/logo\/image\/\"}}]}<\/script>\n<!-- \/ Yoast SEO Premium plugin. -->","yoast_head_json":{"title":"TCG 2032 Modular Power Plant (MPP)","description":"La TCG 2032 Modular Power Plant combina el alto rendimiento de la serie de motor MWM TCG 2032 en un sistema contenerizado modular y flexible.","robots":{"index":"index","follow":"follow","max-snippet":"max-snippet:-1","max-image-preview":"max-image-preview:large","max-video-preview":"max-video-preview:-1"},"canonical":"https:\/\/www.mwm.net\/es\/plantas-de-energia-distribuida\/tcg-2032-modular-power-plant-mpp\/","og_locale":"es_ES","og_type":"article","og_title":"TCG 2032 Modular Power Plant (MPP)","og_description":"La TCG 2032 Modular Power Plant combina el alto rendimiento de la serie de motor MWM TCG 2032 en un sistema contenerizado modular y flexible.","og_url":"https:\/\/www.mwm.net\/es\/plantas-de-energia-distribuida\/tcg-2032-modular-power-plant-mpp\/","og_site_name":"MWM","article_modified_time":"2026-02-09T09:48:55+00:00","og_image":[{"width":1920,"height":1237,"url":"https:\/\/www.mwm.net\/wp-content\/uploads\/2025\/12\/TCG-2032-MPP.jpg","type":"image\/jpeg"}],"twitter_card":"summary_large_image","twitter_misc":{"Tiempo de lectura":"8 minutos"},"schema":{"@context":"https:\/\/schema.org","@graph":[{"@type":"WebPage","@id":"https:\/\/www.mwm.net\/es\/plantas-de-energia-distribuida\/tcg-2032-modular-power-plant-mpp\/","url":"https:\/\/www.mwm.net\/es\/plantas-de-energia-distribuida\/tcg-2032-modular-power-plant-mpp\/","name":"TCG 2032 Modular Power Plant (MPP)","isPartOf":{"@id":"https:\/\/www.mwm.net\/es\/#website"},"primaryImageOfPage":{"@id":"https:\/\/www.mwm.net\/es\/plantas-de-energia-distribuida\/tcg-2032-modular-power-plant-mpp\/#primaryimage"},"image":{"@id":"https:\/\/www.mwm.net\/es\/plantas-de-energia-distribuida\/tcg-2032-modular-power-plant-mpp\/#primaryimage"},"thumbnailUrl":"https:\/\/www.mwm.net\/wp-content\/uploads\/2025\/12\/TCG-2032-MPP.jpg","datePublished":"2025-12-15T20:32:44+00:00","dateModified":"2026-02-09T09:48:55+00:00","description":"La TCG 2032 Modular Power Plant combina el alto rendimiento de la serie de motor MWM TCG 2032 en un sistema contenerizado modular y flexible.","breadcrumb":{"@id":"https:\/\/www.mwm.net\/es\/plantas-de-energia-distribuida\/tcg-2032-modular-power-plant-mpp\/#breadcrumb"},"inLanguage":"es","potentialAction":[{"@type":"ReadAction","target":["https:\/\/www.mwm.net\/es\/plantas-de-energia-distribuida\/tcg-2032-modular-power-plant-mpp\/"]}]},{"@type":"ImageObject","inLanguage":"es","@id":"https:\/\/www.mwm.net\/es\/plantas-de-energia-distribuida\/tcg-2032-modular-power-plant-mpp\/#primaryimage","url":"https:\/\/www.mwm.net\/wp-content\/uploads\/2025\/12\/TCG-2032-MPP.jpg","contentUrl":"https:\/\/www.mwm.net\/wp-content\/uploads\/2025\/12\/TCG-2032-MPP.jpg","width":1920,"height":1237,"caption":"TCG 2032 MPP"},{"@type":"BreadcrumbList","@id":"https:\/\/www.mwm.net\/es\/plantas-de-energia-distribuida\/tcg-2032-modular-power-plant-mpp\/#breadcrumb","itemListElement":[{"@type":"ListItem","position":1,"name":"Home","item":"https:\/\/www.mwm.net\/es\/"},{"@type":"ListItem","position":2,"name":"Plantas de energ\u00eda distribuida","item":"https:\/\/www.mwm.net\/es\/plantas-de-energia-distribuida\/"},{"@type":"ListItem","position":3,"name":"TCG 2032 Modular Power Plant (MPP)"}]},{"@type":"WebSite","@id":"https:\/\/www.mwm.net\/es\/#website","url":"https:\/\/www.mwm.net\/es\/","name":"MWM","description":"","publisher":{"@id":"https:\/\/www.mwm.net\/es\/#organization"},"potentialAction":[{"@type":"SearchAction","target":{"@type":"EntryPoint","urlTemplate":"https:\/\/www.mwm.net\/es\/?s={search_term_string}"},"query-input":{"@type":"PropertyValueSpecification","valueRequired":true,"valueName":"search_term_string"}}],"inLanguage":"es"},{"@type":"Organization","@id":"https:\/\/www.mwm.net\/es\/#organization","name":"Caterpillar Energy Solutions GmbH","url":"https:\/\/www.mwm.net\/es\/","logo":{"@type":"ImageObject","inLanguage":"es","@id":"https:\/\/www.mwm.net\/es\/#\/schema\/logo\/image\/","url":"https:\/\/www.mwm.net\/wp-content\/uploads\/2022\/02\/logo2.jpg","contentUrl":"https:\/\/www.mwm.net\/wp-content\/uploads\/2022\/02\/logo2.jpg","width":260,"height":142,"caption":"Caterpillar Energy Solutions GmbH"},"image":{"@id":"https:\/\/www.mwm.net\/es\/#\/schema\/logo\/image\/"}}]}},"_links":{"self":[{"href":"https:\/\/www.mwm.net\/es\/wp-json\/wp\/v2\/pages\/111656","targetHints":{"allow":["GET"]}}],"collection":[{"href":"https:\/\/www.mwm.net\/es\/wp-json\/wp\/v2\/pages"}],"about":[{"href":"https:\/\/www.mwm.net\/es\/wp-json\/wp\/v2\/types\/page"}],"author":[{"embeddable":true,"href":"https:\/\/www.mwm.net\/es\/wp-json\/wp\/v2\/users\/6"}],"replies":[{"embeddable":true,"href":"https:\/\/www.mwm.net\/es\/wp-json\/wp\/v2\/comments?post=111656"}],"version-history":[{"count":4,"href":"https:\/\/www.mwm.net\/es\/wp-json\/wp\/v2\/pages\/111656\/revisions"}],"predecessor-version":[{"id":112141,"href":"https:\/\/www.mwm.net\/es\/wp-json\/wp\/v2\/pages\/111656\/revisions\/112141"}],"up":[{"embeddable":true,"href":"https:\/\/www.mwm.net\/es\/wp-json\/wp\/v2\/pages\/103032"}],"wp:featuredmedia":[{"embeddable":true,"href":"https:\/\/www.mwm.net\/es\/wp-json\/wp\/v2\/media\/111660"}],"wp:attachment":[{"href":"https:\/\/www.mwm.net\/es\/wp-json\/wp\/v2\/media?parent=111656"}],"wp:term":[{"taxonomy":"post_tag","embeddable":true,"href":"https:\/\/www.mwm.net\/es\/wp-json\/wp\/v2\/tags?post=111656"}],"curies":[{"name":"wp","href":"https:\/\/api.w.org\/{rel}","templated":true}]}}