{"id":112235,"date":"2026-03-18T10:37:44","date_gmt":"2026-03-18T08:37:44","guid":{"rendered":"https:\/\/www.mwm.net\/?page_id=112235"},"modified":"2026-03-18T10:37:44","modified_gmt":"2026-03-18T08:37:44","slug":"visionlink-para-plantas-energeticas","status":"publish","type":"page","link":"https:\/\/www.mwm.net\/es\/plantas-de-energia-distribuida\/soluciones-de-sistemas\/visionlink-para-plantas-energeticas\/","title":{"rendered":"VisionLink\u00ae para plantas energ\u00e9ticas"},"content":{"rendered":"<h2 class=\"subheadline noborder\">An\u00e1lisis, supervisi\u00f3n y planificaci\u00f3n digitales<\/h2>\n<div class=\"spcl_blts\">\n<ul>\n<li>Supervisi\u00f3n remota y digital de tu instalaci\u00f3n siempre y no importa d\u00f3nde est\u00e9s<\/li>\n<li>Planificar mejor los trabajos de mantenimiento<\/li>\n<li>Para un mejor rentabilidad, eficiencia y una reducci\u00f3n de costes de operaci\u00f3n<\/li>\n<li>Gran selecci\u00f3n de funciones para el an\u00e1lisis de datos<\/li>\n<li>Mensajes push en caso de alarmas, avisos y fallos de servicio<\/li>\n<li>Valorar los costes de reparaci\u00f3n y mantenimiento con m\u00e1s precisi\u00f3n<\/li>\n<li>Sistema de seguridad de varias capas para proteger el el sistema contra accesos no autorizados<\/li>\n<li>Maximizar la disponibilidad de tu planta<\/li>\n<\/ul>\n<\/div>\n<p>&nbsp;<br \/>\nGracias a la aplicaci\u00f3n digital VisionLink<sup>\u00ae<\/sup> puedes supervisar tus plantas y tiempo real y independientemente del lugar donde te encuentres. Puedes reaccionar de forma directa y proactiva ante eventuales problemas en tu planta instalaci\u00f3n. Adem\u00e1s, VisionLink<sup>\u00ae<\/sup> te ayuda a encontrar potenciales da\u00f1os a tiempo, antes de que lleguen a causar un fallo de tu <a href=\"https:\/\/www.mwm.net\/blockheizkraftwerke\/kwk-anlagen\/\" data-auto-event-observed=\"true\">planta de cogeneraci\u00f3n<\/a>. Esto lleva a una reducci\u00f3n considerable de los costes de reparaci\u00f3n y la planta r\u00e1pidamente vuelva a est\u00e1r disponible gracias a la detecci\u00f3n a tiempo.<\/p>\n<div class=\"pro_grphc\">\n<div class=\"cntct_rght\"><a href=\"https:\/\/www.mwm.net\/es\/contacto\/contacto-general\/\">Contacto servicio. <strong>Haz clic aqu\u00ed<\/strong><\/a><\/div>\n<\/div>\n<div class=\"blu_sec\">\n<h4>En esta p\u00e1gina<\/h4>\n<p><a href=\"#WasIstVL\">\u00bfQu\u00e9 es VisionLink<sup>\u00ae<\/sup>?<\/a><br \/>\n<a href=\"#Anlagenbetreiber\">\u00bfQu\u00e9 ofrece VisionLink<sup>\u00ae<\/sup> a los operadores de plantas?<\/a><br \/>\n<a href=\"#TechnischeVorteile\">Ventajas t\u00e9cnicas de VisionLink<sup>\u00ae<\/sup> en un vistazo<\/a><br \/>\n<a href=\"#FAQ\">FAQ<\/a><\/p>\n<\/div>\n<div class=\"patch-content\">\n<h2 class=\"subheadline noborder\"><a name=\"WasIstVL\"><\/a>VisionLink<sup>\u00ae<\/sup> para un control total de los datos de planta<\/h2>\n<p>VisionLink<sup>\u00ae<\/sup> es un sistema completo de gesti\u00f3n de flotas que ayuda al operador de plantas en el an\u00e1lisis cont\u00ednuo de datos permiti\u00e9ndole mantener el control permanente. <\/p>\n<p>Gracias al sistema se mejora la planificaci\u00f3n de los trabajos de mantenimiento, se optimizan los procesos de operaci\u00f3n y de soporte, minimizando as\u00ed fallos inesperados. VisionLink<sup>\u00ae<\/sup> est\u00e1 pensado para procesar grandes cantidades de datos y ha sido optimizado para sistemas complejos. Gracias a VisionLink<sup>\u00ae<\/sup> es posible detectar a tiempo cualquier fallo o da\u00f1o potencial en el motor de gas, antes de que llegue a causar la parada de la planta, ayudando as\u00ed a lograr un mejor control de los costes de reparaci\u00f3n.<\/p>\n<p><img decoding=\"async\" src=\"https:\/\/www.mwm.net\/wp-content\/uploads\/2026\/02\/VisionLink-MWM-Image-3-e1773217915139.jpg\" alt=\"Par\u00e1metros de imagen de VisionLink&reg;\" width=\"768\" height=\"465\" class=\"alignnone size-medium wp-image-111840\" \/><\/p>\n<p>La tecnolog\u00eda fue desarrollada, adem\u00e1s, con controles y medidas de seguridad de varias capas para proteger la planta contra accesos no autorizados.<\/p>\n<\/div>\n<div class=\"pro_grphc\">\n<div class=\"cntct_rght\"><a href=\"https:\/\/www.mwm.net\/es\/contacto\/contacto-general\/\">Contacto servicio. <strong>Haz clic aqu\u00ed<\/strong><\/a><\/div>\n<\/div>\n<div class=\"patch-content\">\n<h2 class=\"subheadline noborder\"><a name=\"Anlagenbetreiber\"><\/a>\u00bfQu\u00e9 ofrece VisionLink<sup>\u00ae<\/sup> al operador de planta?<\/h2>\n<ul>\n<li>Una soluci\u00f3n completa para el control remoto en tiempo real<\/li>\n<li>Procesos de operaci\u00f3n m\u00e1s eficientes<\/li>\n<li>Optimizaci\u00f3n del mantenimiento del motor de gas<\/li>\n<li>Sistema de monitorizaci\u00f3n que no requiere arquitectura de TI propia<\/li>\n<\/ul>\n<h4>Mayor rendimiento de planta<\/h4>\n<ul>\n<li>Facilita una mayor disponibilidad de tu planta de cogeneraci\u00f3n o trigeneraci\u00f3n<\/li>\n<li>Tiempos de parada menores que se puedan planificar mejor<\/li>\n<li>Mejora en la intervenci\u00f3n de personal t\u00e9cnico<\/li>\n<\/ul>\n<h4>Menor riesgo<\/h4>\n<ul>\n<li>Detecci\u00f3n a tiempo de problemas en el funcionamiento del motor de gas y de posibles fallos<\/li>\n<li>Notificaci\u00f3n autom\u00e1tica en caso de alarmas<\/li>\n<\/ul>\n<h4>Mayor satisfacci\u00f3n del cliente<\/h4>\n<ul>\n<li>Diagn\u00f3stico remoto y r\u00e1pido y soporte t\u00e9cnico<\/li>\n<li>Gesti\u00f3n y soluciones proactivas<\/li>\n<\/ul>\n<h4>Mayor transparencia<\/h4>\n<ul>\n<li>VisionLink<sup>\u00ae<\/sup> para siempre estar informado sobre el rendimiento pasado y actual del motor de gas y de toda la planta<\/li>\n<\/ul>\n<h4>Notificaciones push<\/h4>\n<ul>\n<li>Notificaciones en caso de problemas y fallos imprevistos<\/li>\n<\/ul>\n<\/div>\n<figure id=\"attachment_92392\" aria-describedby=\"caption-attachment-92392\" style=\"width: 800px\" class=\"wp-caption alignleft\"><img decoding=\"async\" class=\"wp-image-92392\" src=\"https:\/\/www.mwm.net\/wp-content\/uploads\/2026\/02\/VisionLink-MWM-Image-2-e1773217893283.jpg\" alt=\"Mapa general de VisionLink&reg;\" width=\"800\" height=\"535\" \/><figcaption id=\"caption-attachment-92392\" class=\"wp-caption-text\">La inferfaz de usuario de VisionLink<sup>\u00ae<\/sup> es accesible en cualquier momento a trav\u00e9s de un navegador de internet convencional o mediante una app m\u00f3vil.<\/figcaption><\/figure>\n<div class=\"pro_grphc\">\n<div class=\"cntct_rght\"><a href=\"https:\/\/www.mwm.net\/es\/contacto\/contacto-general\/\">Contacto servicio. <strong>Haz clic aqu\u00ed<\/strong><\/a><\/div>\n<\/div>\n<div class=\"patch-content\">\n<h2 class=\"subheadline noborder\"><a name=\"TechnischeVorteile\"><\/a>Ventajas t\u00e9cnicas de VisionLink<sup>\u00ae<\/sup> en un vistazo<\/h2>\n<div class=\"spcl_blts\">\n<ul>\n<li>Notificaciones individualmente configurables para eventos (alarmas, advertencias, superaciones de valores, parada de la planta, etc.)<\/li>\n<li>Datos hist\u00f3ricos<\/li>\n<li>Alarmas, advertencias, mensajes de error<\/li>\n<li>Informes autom\u00e1ticos (rendimiento, tiempo de servicio)<\/li>\n<li>Mapa de la flota completa<\/li>\n<li>Mensajes\/notificaciones push<\/li>\n<li>N\u00famero ilimitado de usuarios en la aplicaci\u00f3n<\/li>\n<li>Acceso a 24 meses de datos hist\u00f3ricos mediante la interfaz de usuario<\/li>\n<li>Adecuado para todos los tipos de gases y distintas aplicaciones<\/li>\n<\/ul>\n<\/div>\n<p><img decoding=\"async\" src=\"https:\/\/www.mwm.net\/wp-content\/uploads\/2026\/02\/VisionLink-MWM-Image-1-e1773217929529.jpg\" alt=\"Cronolog\u00eda general de VisionLink&reg;\" width=\"768\" height=\"465\" class=\"alignnone size-medium wp-image-111840\" \/><\/p>\n<\/div>\n<div class=\"patch-content\">\n<h2 class=\"subheadline noborder\">VisionLink&reg; para motores de gas MWM<\/h2>\n<p>VisionLink<sup>\u00ae<\/sup> puede utilizarse con todos los motores de MWM. Los motores con mando TPEM o TCS vienen ya de f\u00e1brica equipados para el uso de VisionLink&reg;; los equipados con mando TEM pueden adaptarse f\u00e1cilmente con un kit de actualizaci\u00f3n.  <\/p>\n<p>VisionLink<sup>\u00ae<\/sup> adicionalmente ofrece una seguridad inform\u00e1tica al m\u00e1s alto nivel mediante comunicaci\u00f3n cifrada de extremo a extremo y seguridad de informaci\u00f3n certificada.\n<\/div>\n<div class=\"pro_grphc\">\n<div class=\"cntct_rght\"><a href=\"https:\/\/www.mwm.net\/es\/contacto\/contacto-general\/\">Contacto servicio. <strong>Haz clic aqu\u00ed<\/strong><\/a><\/div>\n<\/div>\n<div class=\"clear\"><\/div>\n<h2 class=\"subheadline noborder\"><a name=\"FAQ\"><\/a>FAQ<\/h2>\n<div id=\"accordion\" class=\"ui-accordion ui-widget ui-helper-reset\">\n<h3 id=\"ui-id-1\" class=\"ui-accordion-header ui-corner-top ui-state-default ui-accordion-header-active ui-state-active ui-accordion-icons\" tabindex=\"0\" role=\"tab\" aria-controls=\"ui-id-2\" aria-selected=\"true\" aria-expanded=\"true\">\u00bfQu\u00e9 es VisionLink<sup>\u00ae<\/sup>?<\/h3>\n<div id=\"ui-id-2\" class=\"ui-accordion-content ui-corner-bottom ui-helper-reset ui-widget-content ui-accordion-content-active\" style=\"height: 143.4px;\" aria-labelledby=\"ui-id-1\" aria-hidden=\"false\">\n<div class=\"patch-content\">\n<p>VisionLink<sup>\u00ae<\/sup> es un sistema digital de gesti\u00f3n de flotas que permite la supervisi\u00f3n a distancia de tu planta de cogeneraci\u00f3n en tiempo real.<\/p>\n<\/div>\n<\/div>\n<h3 id=\"ui-id-3\" class=\"ui-accordion-header ui-corner-top ui-state-default ui-accordion-header-active ui-state-active ui-accordion-icons\" tabindex=\"0\" role=\"tab\" aria-controls=\"ui-id-4\" aria-selected=\"true\" aria-expanded=\"true\">\u00bfQu\u00e9 ventajas me ofrece VisionLink<sup>\u00ae<\/sup> como operador de plantas?<\/h3>\n<div id=\"ui-id-4\" class=\"ui-accordion-content ui-corner-bottom ui-helper-reset ui-widget-content ui-accordion-content-active\" style=\"height: 143.4px;\" aria-labelledby=\"ui-id-3\" aria-hidden=\"false\">\n<div class=\"patch-content\">\n<p>Gracias a VisionLink<sup>\u00ae<\/sup>, puedes optimizar los procesos de servicio y de soporte de tu planta , reduciendo el riesgo de fallos inesperados y permitiendo una mejor planificaci\u00f3n de los trabajos de mantenimiento.<\/p>\n<\/div>\n<\/div>\n<h3 id=\"ui-id-5\" class=\"ui-accordion-header ui-corner-top ui-state-default ui-accordion-header-active ui-state-active ui-accordion-icons\" tabindex=\"0\" role=\"tab\" aria-controls=\"ui-id-6\" aria-selected=\"true\" aria-expanded=\"true\">\u00bfQu\u00e9 caracter\u00edsticas t\u00e9cnicas ofrece VisionLink<sup>\u00ae<\/sup>?<\/h3>\n<div id=\"ui-id-6\" class=\"ui-accordion-content ui-corner-bottom ui-helper-reset ui-widget-content ui-accordion-content-active\" style=\"height: 143.4px;\" aria-labelledby=\"ui-id-5\" aria-hidden=\"false\">\n<div class=\"patch-content\">\n<p>La aplicaci\u00f3n digital VisionLink<sup>\u00ae<\/sup> ofrece, entre otros, un mapa de la flota entera, acceso a 24 meses de datos hist\u00f3ricos, informes autom\u00e1ticos y un sistema personalizable de notificaci\u00f3n de eventos.<\/p>\n<\/div>\n<\/div>\n<h3 id=\"ui-id-7\" class=\"ui-accordion-header ui-corner-top ui-state-default ui-accordion-header-active ui-state-active ui-accordion-icons\" tabindex=\"0\" role=\"tab\" aria-controls=\"ui-id-8\" aria-selected=\"true\" aria-expanded=\"true\">\u00bfEst\u00e1n protegidos mis datos con VisionLink<sup>\u00ae<\/sup>?<\/h3>\n<div id=\"ui-id-8\" class=\"ui-accordion-content ui-corner-bottom ui-helper-reset ui-widget-content ui-accordion-content-active\" style=\"height: 143.4px;\" aria-labelledby=\"ui-id-7\" aria-hidden=\"false\">\n<div class=\"patch-content\">\n<p>S\u00ed, el sistema cuenta con controles de seguridad con varias capas y protege de forma efectiva tus datos contra cualquier acceso no autorizado.<\/p>\n<\/div>\n<\/div>\n<\/div>\n<div class=\"patch-content\">\n<h2 class=\"subheadline\">Incremente la disponibilidad de tu planta de cogeneraci\u00f3n con VisionLink<sup>\u00ae<\/sup> \u2013 \u00a1Cont\u00e1ctenos ahora!<\/h2>\n<\/div>\n","protected":false},"excerpt":{"rendered":"<p>Optimizaci\u00f3n de plantas de cogeneraci\u00f3n con VisionLink\u00ae: mayor disponibilidad, menores costes de servicio y mantenimiento, y un m\u00e1ximo rendimiento de las instalaciones.<\/p>\n","protected":false},"author":6,"featured_media":0,"parent":103050,"menu_order":0,"comment_status":"closed","ping_status":"closed","template":"page-sidebar-template.php","meta":{"_acf_changed":false,"footnotes":""},"tags":[2326,1905,2300,1812,2328,2327],"class_list":["post-112235","page","type-page","status-publish","hentry","tag-gestion-digital-de-flotas","tag-kwk-anlage-es","tag-operadores-de-plantas","tag-planta-de-cogeneracion","tag-visionlink","tag-visualizacion-digital-de-datos-de-motor"],"acf":[],"yoast_head":"<!-- This site is optimized with the Yoast SEO Premium plugin v27.2 (Yoast SEO v27.2) - https:\/\/yoast.com\/product\/yoast-seo-premium-wordpress\/ -->\n<title>VisionLink\u00ae para plantas energ\u00e9ticas<\/title>\n<meta name=\"description\" content=\"Optimizaci\u00f3n de plantas de cogeneraci\u00f3n con VisionLink\u00ae: mayor disponibilidad, menores costes de servicio y mantenimiento, y un m\u00e1ximo rendimiento de las instalaciones.\" \/>\n<meta name=\"robots\" content=\"index, follow, max-snippet:-1, max-image-preview:large, max-video-preview:-1\" \/>\n<link rel=\"canonical\" href=\"https:\/\/www.mwm.net\/es\/plantas-de-energia-distribuida\/soluciones-de-sistemas\/visionlink-para-plantas-energeticas\/\" \/>\n<meta property=\"og:locale\" content=\"es_ES\" \/>\n<meta property=\"og:type\" content=\"article\" \/>\n<meta property=\"og:title\" content=\"VisionLink\u00ae para plantas energ\u00e9ticas\" \/>\n<meta property=\"og:description\" content=\"Optimizaci\u00f3n de plantas de cogeneraci\u00f3n con VisionLink\u00ae: mayor disponibilidad, menores costes de servicio y mantenimiento, y un m\u00e1ximo rendimiento de las instalaciones.\" \/>\n<meta property=\"og:url\" content=\"https:\/\/www.mwm.net\/es\/plantas-de-energia-distribuida\/soluciones-de-sistemas\/visionlink-para-plantas-energeticas\/\" \/>\n<meta property=\"og:site_name\" content=\"MWM\" \/>\n<meta property=\"og:image\" content=\"https:\/\/www.mwm.net\/wp-content\/uploads\/2026\/02\/VisionLink-MWM-Image-3-e1773217915139.jpg\" \/>\n\t<meta property=\"og:image:width\" content=\"1200\" \/>\n\t<meta property=\"og:image:height\" content=\"664\" \/>\n\t<meta property=\"og:image:type\" content=\"image\/jpeg\" \/>\n<meta name=\"twitter:card\" content=\"summary_large_image\" \/>\n<meta name=\"twitter:label1\" content=\"Tiempo de lectura\" \/>\n\t<meta name=\"twitter:data1\" content=\"6 minutos\" \/>\n<script type=\"application\/ld+json\" class=\"yoast-schema-graph\">{\"@context\":\"https:\/\/schema.org\",\"@graph\":[{\"@type\":\"WebPage\",\"@id\":\"https:\/\/www.mwm.net\/es\/plantas-de-energia-distribuida\/soluciones-de-sistemas\/visionlink-para-plantas-energeticas\/\",\"url\":\"https:\/\/www.mwm.net\/es\/plantas-de-energia-distribuida\/soluciones-de-sistemas\/visionlink-para-plantas-energeticas\/\",\"name\":\"VisionLink\u00ae para plantas energ\u00e9ticas\",\"isPartOf\":{\"@id\":\"https:\/\/www.mwm.net\/es\/#website\"},\"primaryImageOfPage\":{\"@id\":\"https:\/\/www.mwm.net\/es\/plantas-de-energia-distribuida\/soluciones-de-sistemas\/visionlink-para-plantas-energeticas\/#primaryimage\"},\"image\":{\"@id\":\"https:\/\/www.mwm.net\/es\/plantas-de-energia-distribuida\/soluciones-de-sistemas\/visionlink-para-plantas-energeticas\/#primaryimage\"},\"thumbnailUrl\":\"https:\/\/www.mwm.net\/wp-content\/uploads\/2026\/02\/VisionLink-MWM-Image-3-e1773217915139.jpg\",\"datePublished\":\"2026-03-18T08:37:44+00:00\",\"description\":\"Optimizaci\u00f3n de plantas de cogeneraci\u00f3n con VisionLink\u00ae: mayor disponibilidad, menores costes de servicio y mantenimiento, y un m\u00e1ximo rendimiento de las instalaciones.\",\"breadcrumb\":{\"@id\":\"https:\/\/www.mwm.net\/es\/plantas-de-energia-distribuida\/soluciones-de-sistemas\/visionlink-para-plantas-energeticas\/#breadcrumb\"},\"inLanguage\":\"es\",\"potentialAction\":[{\"@type\":\"ReadAction\",\"target\":[\"https:\/\/www.mwm.net\/es\/plantas-de-energia-distribuida\/soluciones-de-sistemas\/visionlink-para-plantas-energeticas\/\"]}]},{\"@type\":\"ImageObject\",\"inLanguage\":\"es\",\"@id\":\"https:\/\/www.mwm.net\/es\/plantas-de-energia-distribuida\/soluciones-de-sistemas\/visionlink-para-plantas-energeticas\/#primaryimage\",\"url\":\"https:\/\/www.mwm.net\/wp-content\/uploads\/2026\/02\/VisionLink-MWM-Image-3-e1773217915139.jpg\",\"contentUrl\":\"https:\/\/www.mwm.net\/wp-content\/uploads\/2026\/02\/VisionLink-MWM-Image-3-e1773217915139.jpg\"},{\"@type\":\"BreadcrumbList\",\"@id\":\"https:\/\/www.mwm.net\/es\/plantas-de-energia-distribuida\/soluciones-de-sistemas\/visionlink-para-plantas-energeticas\/#breadcrumb\",\"itemListElement\":[{\"@type\":\"ListItem\",\"position\":1,\"name\":\"Home\",\"item\":\"https:\/\/www.mwm.net\/es\/\"},{\"@type\":\"ListItem\",\"position\":2,\"name\":\"Plantas de energ\u00eda distribuida\",\"item\":\"https:\/\/www.mwm.net\/es\/plantas-de-energia-distribuida\/\"},{\"@type\":\"ListItem\",\"position\":3,\"name\":\"Soluciones de sistemas\",\"item\":\"https:\/\/www.mwm.net\/es\/plantas-de-energia-distribuida\/soluciones-de-sistemas\/\"},{\"@type\":\"ListItem\",\"position\":4,\"name\":\"VisionLink\u00ae para plantas energ\u00e9ticas\"}]},{\"@type\":\"WebSite\",\"@id\":\"https:\/\/www.mwm.net\/es\/#website\",\"url\":\"https:\/\/www.mwm.net\/es\/\",\"name\":\"MWM\",\"description\":\"\",\"publisher\":{\"@id\":\"https:\/\/www.mwm.net\/es\/#organization\"},\"potentialAction\":[{\"@type\":\"SearchAction\",\"target\":{\"@type\":\"EntryPoint\",\"urlTemplate\":\"https:\/\/www.mwm.net\/es\/?s={search_term_string}\"},\"query-input\":{\"@type\":\"PropertyValueSpecification\",\"valueRequired\":true,\"valueName\":\"search_term_string\"}}],\"inLanguage\":\"es\"},{\"@type\":\"Organization\",\"@id\":\"https:\/\/www.mwm.net\/es\/#organization\",\"name\":\"Caterpillar Energy Solutions GmbH\",\"url\":\"https:\/\/www.mwm.net\/es\/\",\"logo\":{\"@type\":\"ImageObject\",\"inLanguage\":\"es\",\"@id\":\"https:\/\/www.mwm.net\/es\/#\/schema\/logo\/image\/\",\"url\":\"https:\/\/www.mwm.net\/wp-content\/uploads\/2022\/02\/logo2.jpg\",\"contentUrl\":\"https:\/\/www.mwm.net\/wp-content\/uploads\/2022\/02\/logo2.jpg\",\"width\":260,\"height\":142,\"caption\":\"Caterpillar Energy Solutions GmbH\"},\"image\":{\"@id\":\"https:\/\/www.mwm.net\/es\/#\/schema\/logo\/image\/\"}}]}<\/script>\n<!-- \/ Yoast SEO Premium plugin. -->","yoast_head_json":{"title":"VisionLink\u00ae para plantas energ\u00e9ticas","description":"Optimizaci\u00f3n de plantas de cogeneraci\u00f3n con VisionLink\u00ae: mayor disponibilidad, menores costes de servicio y mantenimiento, y un m\u00e1ximo rendimiento de las instalaciones.","robots":{"index":"index","follow":"follow","max-snippet":"max-snippet:-1","max-image-preview":"max-image-preview:large","max-video-preview":"max-video-preview:-1"},"canonical":"https:\/\/www.mwm.net\/es\/plantas-de-energia-distribuida\/soluciones-de-sistemas\/visionlink-para-plantas-energeticas\/","og_locale":"es_ES","og_type":"article","og_title":"VisionLink\u00ae para plantas energ\u00e9ticas","og_description":"Optimizaci\u00f3n de plantas de cogeneraci\u00f3n con VisionLink\u00ae: mayor disponibilidad, menores costes de servicio y mantenimiento, y un m\u00e1ximo rendimiento de las instalaciones.","og_url":"https:\/\/www.mwm.net\/es\/plantas-de-energia-distribuida\/soluciones-de-sistemas\/visionlink-para-plantas-energeticas\/","og_site_name":"MWM","og_image":[{"width":1200,"height":664,"url":"https:\/\/www.mwm.net\/wp-content\/uploads\/2026\/02\/VisionLink-MWM-Image-3-e1773217915139.jpg","type":"image\/jpeg"}],"twitter_card":"summary_large_image","twitter_misc":{"Tiempo de lectura":"6 minutos"},"schema":{"@context":"https:\/\/schema.org","@graph":[{"@type":"WebPage","@id":"https:\/\/www.mwm.net\/es\/plantas-de-energia-distribuida\/soluciones-de-sistemas\/visionlink-para-plantas-energeticas\/","url":"https:\/\/www.mwm.net\/es\/plantas-de-energia-distribuida\/soluciones-de-sistemas\/visionlink-para-plantas-energeticas\/","name":"VisionLink\u00ae para plantas energ\u00e9ticas","isPartOf":{"@id":"https:\/\/www.mwm.net\/es\/#website"},"primaryImageOfPage":{"@id":"https:\/\/www.mwm.net\/es\/plantas-de-energia-distribuida\/soluciones-de-sistemas\/visionlink-para-plantas-energeticas\/#primaryimage"},"image":{"@id":"https:\/\/www.mwm.net\/es\/plantas-de-energia-distribuida\/soluciones-de-sistemas\/visionlink-para-plantas-energeticas\/#primaryimage"},"thumbnailUrl":"https:\/\/www.mwm.net\/wp-content\/uploads\/2026\/02\/VisionLink-MWM-Image-3-e1773217915139.jpg","datePublished":"2026-03-18T08:37:44+00:00","description":"Optimizaci\u00f3n de plantas de cogeneraci\u00f3n con VisionLink\u00ae: mayor disponibilidad, menores costes de servicio y mantenimiento, y un m\u00e1ximo rendimiento de las instalaciones.","breadcrumb":{"@id":"https:\/\/www.mwm.net\/es\/plantas-de-energia-distribuida\/soluciones-de-sistemas\/visionlink-para-plantas-energeticas\/#breadcrumb"},"inLanguage":"es","potentialAction":[{"@type":"ReadAction","target":["https:\/\/www.mwm.net\/es\/plantas-de-energia-distribuida\/soluciones-de-sistemas\/visionlink-para-plantas-energeticas\/"]}]},{"@type":"ImageObject","inLanguage":"es","@id":"https:\/\/www.mwm.net\/es\/plantas-de-energia-distribuida\/soluciones-de-sistemas\/visionlink-para-plantas-energeticas\/#primaryimage","url":"https:\/\/www.mwm.net\/wp-content\/uploads\/2026\/02\/VisionLink-MWM-Image-3-e1773217915139.jpg","contentUrl":"https:\/\/www.mwm.net\/wp-content\/uploads\/2026\/02\/VisionLink-MWM-Image-3-e1773217915139.jpg"},{"@type":"BreadcrumbList","@id":"https:\/\/www.mwm.net\/es\/plantas-de-energia-distribuida\/soluciones-de-sistemas\/visionlink-para-plantas-energeticas\/#breadcrumb","itemListElement":[{"@type":"ListItem","position":1,"name":"Home","item":"https:\/\/www.mwm.net\/es\/"},{"@type":"ListItem","position":2,"name":"Plantas de energ\u00eda distribuida","item":"https:\/\/www.mwm.net\/es\/plantas-de-energia-distribuida\/"},{"@type":"ListItem","position":3,"name":"Soluciones de sistemas","item":"https:\/\/www.mwm.net\/es\/plantas-de-energia-distribuida\/soluciones-de-sistemas\/"},{"@type":"ListItem","position":4,"name":"VisionLink\u00ae para plantas energ\u00e9ticas"}]},{"@type":"WebSite","@id":"https:\/\/www.mwm.net\/es\/#website","url":"https:\/\/www.mwm.net\/es\/","name":"MWM","description":"","publisher":{"@id":"https:\/\/www.mwm.net\/es\/#organization"},"potentialAction":[{"@type":"SearchAction","target":{"@type":"EntryPoint","urlTemplate":"https:\/\/www.mwm.net\/es\/?s={search_term_string}"},"query-input":{"@type":"PropertyValueSpecification","valueRequired":true,"valueName":"search_term_string"}}],"inLanguage":"es"},{"@type":"Organization","@id":"https:\/\/www.mwm.net\/es\/#organization","name":"Caterpillar Energy Solutions GmbH","url":"https:\/\/www.mwm.net\/es\/","logo":{"@type":"ImageObject","inLanguage":"es","@id":"https:\/\/www.mwm.net\/es\/#\/schema\/logo\/image\/","url":"https:\/\/www.mwm.net\/wp-content\/uploads\/2022\/02\/logo2.jpg","contentUrl":"https:\/\/www.mwm.net\/wp-content\/uploads\/2022\/02\/logo2.jpg","width":260,"height":142,"caption":"Caterpillar Energy Solutions GmbH"},"image":{"@id":"https:\/\/www.mwm.net\/es\/#\/schema\/logo\/image\/"}}]}},"_links":{"self":[{"href":"https:\/\/www.mwm.net\/es\/wp-json\/wp\/v2\/pages\/112235","targetHints":{"allow":["GET"]}}],"collection":[{"href":"https:\/\/www.mwm.net\/es\/wp-json\/wp\/v2\/pages"}],"about":[{"href":"https:\/\/www.mwm.net\/es\/wp-json\/wp\/v2\/types\/page"}],"author":[{"embeddable":true,"href":"https:\/\/www.mwm.net\/es\/wp-json\/wp\/v2\/users\/6"}],"replies":[{"embeddable":true,"href":"https:\/\/www.mwm.net\/es\/wp-json\/wp\/v2\/comments?post=112235"}],"version-history":[{"count":4,"href":"https:\/\/www.mwm.net\/es\/wp-json\/wp\/v2\/pages\/112235\/revisions"}],"predecessor-version":[{"id":112434,"href":"https:\/\/www.mwm.net\/es\/wp-json\/wp\/v2\/pages\/112235\/revisions\/112434"}],"up":[{"embeddable":true,"href":"https:\/\/www.mwm.net\/es\/wp-json\/wp\/v2\/pages\/103050"}],"wp:attachment":[{"href":"https:\/\/www.mwm.net\/es\/wp-json\/wp\/v2\/media?parent=112235"}],"wp:term":[{"taxonomy":"post_tag","embeddable":true,"href":"https:\/\/www.mwm.net\/es\/wp-json\/wp\/v2\/tags?post=112235"}],"curies":[{"name":"wp","href":"https:\/\/api.w.org\/{rel}","templated":true}]}}